{"id":7174,"date":"2022-11-29T23:41:24","date_gmt":"2022-11-29T21:41:24","guid":{"rendered":"https:\/\/hartaum.hu\/?page_id=7174"},"modified":"2022-11-29T23:49:22","modified_gmt":"2022-11-29T21:49:22","slug":"informacio","status":"publish","type":"page","link":"https:\/\/hartaum.hu\/en\/informacio\/","title":{"rendered":"Inform\u00e1ci\u00f3"},"content":{"rendered":"<div data-elementor-type=\"wp-page\" data-elementor-id=\"7174\" class=\"elementor elementor-7174\" data-elementor-post-type=\"page\">\n\t\t\t\t\t\t<section class=\"elementor-section elementor-top-section elementor-element elementor-element-556262c elementor-section-height-min-height elementor-section-items-top elementor-section-boxed elementor-section-height-default\" data-id=\"556262c\" data-element_type=\"section\">\n\t\t\t\t\t\t<div class=\"elementor-container elementor-column-gap-default\">\n\t\t\t\t\t<div class=\"elementor-column elementor-col-100 elementor-top-column elementor-element elementor-element-128bd72\" data-id=\"128bd72\" data-element_type=\"column\">\n\t\t\t<div class=\"elementor-widget-wrap elementor-element-populated\">\n\t\t\t\t\t\t<div class=\"elementor-element elementor-element-774a085 elementor-widget elementor-widget-text-editor\" data-id=\"774a085\" data-element_type=\"widget\" data-widget_type=\"text-editor.default\">\n\t\t\t\t<div class=\"elementor-widget-container\">\n\t\t\t\t\t\t\t\t\t<p style=\"font-size: 18px;\">A fa\u00fcltet\u00e9ssel, \u00e9s az \u00e9letfa v\u00e1s\u00e1rl\u00e1ssal kapcsolatos projekt m\u00e1rciusban indul, addig el\u0151rend\u00e9leseket felvesz\u00fcnk, ezzel kapcsolatban \u00e9rdekl\u0151dj a megadott el\u00e9rhet\u0151s\u00e9geinken: <a href=\"https:\/\/hartaum.hu\/en\/kapcsolat\/\" rel=\"noopener\">Kapcsolat<\/a><\/p><p>\u00a0<\/p><p style=\"font-size: 18px;\">A social m\u00e9dia fel\u00fcleletek is ebben az id\u0151szakban indulnak.<\/p><p>\u00a0<\/p><p style=\"font-size: 16px;\">Hamarosan \u00faj inform\u00e1ci\u00f3kkal jelentkez\u00fcnk:<\/p><p style=\"font-size: 16px;\">A Hartaum csapata.<\/p>\t\t\t\t\t\t\t\t<\/div>\n\t\t\t\t<\/div>\n\t\t\t\t\t<\/div>\n\t\t<\/div>\n\t\t\t\t\t<\/div>\n\t\t<\/section>\n\t\t\t\t<\/div>","protected":false},"excerpt":{"rendered":"<p>A fa\u00fcltet\u00e9ssel, \u00e9s az \u00e9letfa v\u00e1s\u00e1rl\u00e1ssal kapcsolatos projekt m\u00e1rciusban indul, addig el\u0151rend\u00e9leseket felvesz\u00fcnk, ezzel kapcsolatban \u00e9rdekl\u0151dj a megadott el\u00e9rhet\u0151s\u00e9geinken: Kapcsolat \u00a0 A social m\u00e9dia fel\u00fcleletek is ebben az id\u0151szakban indulnak. \u00a0 Hamarosan \u00faj inform\u00e1ci\u00f3kkal jelentkez\u00fcnk: A Hartaum csapata.<\/p>","protected":false},"author":1,"featured_media":0,"parent":0,"menu_order":0,"comment_status":"closed","ping_status":"closed","template":"","meta":{"site-sidebar-layout":"no-sidebar","site-content-layout":"page-builder","ast-site-content-layout":"default","site-content-style":"default","site-sidebar-style":"default","ast-global-header-display":"","ast-banner-title-visibility":"","ast-main-header-display":"","ast-hfb-above-header-display":"","ast-hfb-below-header-display":"","ast-hfb-mobile-header-display":"","site-post-title":"disabled","ast-breadcrumbs-content":"","ast-featured-img":"disabled","footer-sml-layout":"","theme-transparent-header-meta":"","adv-header-id-meta":"","stick-header-meta":"","header-above-stick-meta":"","header-main-stick-meta":"","header-below-stick-meta":"","astra-migrate-meta-layouts":"default","ast-page-background-enabled":"default","ast-page-background-meta":{"desktop":{"background-color":"","background-image":"","background-repeat":"repeat","background-position":"center center","background-size":"auto","background-attachment":"scroll","background-type":"","background-media":"","overlay-type":"","overlay-color":"","overlay-opacity":"","overlay-gradient":""},"tablet":{"background-color":"","background-image":"","background-repeat":"repeat","background-position":"center center","background-size":"auto","background-attachment":"scroll","background-type":"","background-media":"","overlay-type":"","overlay-color":"","overlay-opacity":"","overlay-gradient":""},"mobile":{"background-color":"","background-image":"","background-repeat":"repeat","background-position":"center center","background-size":"auto","background-attachment":"scroll","background-type":"","background-media":"","overlay-type":"","overlay-color":"","overlay-opacity":"","overlay-gradient":""}},"ast-content-background-meta":{"desktop":{"background-color":"var(--ast-global-color-5)","background-image":"","background-repeat":"repeat","background-position":"center center","background-size":"auto","background-attachment":"scroll","background-type":"","background-media":"","overlay-type":"","overlay-color":"","overlay-opacity":"","overlay-gradient":""},"tablet":{"background-color":"var(--ast-global-color-5)","background-image":"","background-repeat":"repeat","background-position":"center center","background-size":"auto","background-attachment":"scroll","background-type":"","background-media":"","overlay-type":"","overlay-color":"","overlay-opacity":"","overlay-gradient":""},"mobile":{"background-color":"var(--ast-global-color-5)","background-image":"","background-repeat":"repeat","background-position":"center center","background-size":"auto","background-attachment":"scroll","background-type":"","background-media":"","overlay-type":"","overlay-color":"","overlay-opacity":"","overlay-gradient":""}},"footnotes":""},"class_list":["post-7174","page","type-page","status-publish","hentry"],"_links":{"self":[{"href":"https:\/\/hartaum.hu\/en\/wp-json\/wp\/v2\/pages\/7174","targetHints":{"allow":["GET"]}}],"collection":[{"href":"https:\/\/hartaum.hu\/en\/wp-json\/wp\/v2\/pages"}],"about":[{"href":"https:\/\/hartaum.hu\/en\/wp-json\/wp\/v2\/types\/page"}],"author":[{"embeddable":true,"href":"https:\/\/hartaum.hu\/en\/wp-json\/wp\/v2\/users\/1"}],"replies":[{"embeddable":true,"href":"https:\/\/hartaum.hu\/en\/wp-json\/wp\/v2\/comments?post=7174"}],"version-history":[{"count":14,"href":"https:\/\/hartaum.hu\/en\/wp-json\/wp\/v2\/pages\/7174\/revisions"}],"predecessor-version":[{"id":7190,"href":"https:\/\/hartaum.hu\/en\/wp-json\/wp\/v2\/pages\/7174\/revisions\/7190"}],"wp:attachment":[{"href":"https:\/\/hartaum.hu\/en\/wp-json\/wp\/v2\/media?parent=7174"}],"curies":[{"name":"wp","href":"https:\/\/api.w.org\/{rel}","templated":true}]}}