{"id":10464,"date":"2024-12-08T13:53:16","date_gmt":"2024-12-08T12:53:16","guid":{"rendered":"https:\/\/hartaum.hu\/?post_type=product&#038;p=10464"},"modified":"2025-12-07T09:41:34","modified_gmt":"2025-12-07T08:41:34","slug":"hialuronos-szemkornyekapolo","status":"publish","type":"product","link":"https:\/\/hartaum.hu\/en\/webshop\/naturkozmetikum\/arcapolas\/hialuronos-szemkornyekapolo\/","title":{"rendered":"Hialuronos szemk\u00f6rny\u00e9k\u00e1pol\u00f3"},"content":{"rendered":"<p>Szeretn\u00e9l <strong>friss \u00e9s fiatalos tekintetet<\/strong>? A <strong>hialuronsav<\/strong> m\u00e9lyen <strong>hidrat\u00e1lja<\/strong> a b\u0151rt, el\u0151seg\u00edtve a <strong>sejtregener\u00e1l\u00f3d\u00e1st<\/strong>. A <strong>csipkebogy\u00f3 olaj<\/strong> serkenti a <strong>kollag\u00e9n<\/strong> \u00e9s <strong>elasztin termel\u00e9s\u00e9t<\/strong>, feszes\u00edti a b\u0151rt, \u00e9s kisim\u00edtja a <strong>r\u00e1ncokat<\/strong>. K\u00f6nnyed \u00e1llag\u00e1nak k\u00f6sz\u00f6nhet\u0151en a kr\u00e9m <strong>gyorsan felsz\u00edv\u00f3dik<\/strong>, \u00e9s nem hagy zs\u00edros \u00e9rzetet.<\/p>\n<p><strong>Haszn\u00e1lata<\/strong>: Finoman massz\u00edrozd be a <strong>szem k\u00f6rny\u00e9k\u00e9re<\/strong> minden este lefekv\u00e9s el\u0151tt.<\/p>","protected":false},"excerpt":{"rendered":"<p><strong>Hat\u00e9kony megold\u00e1s a r\u00e1ncok ellen<\/strong><\/p>\n<p>Szeretn\u00e9l <strong>friss \u00e9s fiatalos tekintetet<\/strong>, de az apr\u00f3 <strong>szemk\u00f6rny\u00e9ki r\u00e1ncok<\/strong> miatt nem \u00e9rzed magabiztosnak magad? A <strong>hialuronsav<\/strong> bizony\u00edtottan <strong>m\u00e9lyrehat\u00f3 hidrat\u00e1l\u00e1st<\/strong> biztos\u00edt, mik\u00f6zben el\u0151seg\u00edti a <strong>sejtregener\u00e1l\u00f3d\u00e1st<\/strong>. A k\u00fcl\u00f6nlegesen <strong>selymes text\u00fara<\/strong> k\u00edm\u00e9letesen \u00e1polja az <strong>\u00e9rz\u00e9keny, v\u00e9kony b\u0151rt<\/strong>, m\u00edg a <strong>csipkebogy\u00f3 olaj<\/strong> serkenti a <strong>kollag\u00e9n<\/strong> \u00e9s <strong>elasztin termel\u00e9s\u00e9t<\/strong>. Ez\u00e1ltal a b\u0151r <strong>feszesebb\u00e9 v\u00e1lik<\/strong>, a <strong>r\u00e1ncok pedig kisimulnak<\/strong>. K\u00f6nnyed \u00e1llag\u00e1nak k\u00f6sz\u00f6nhet\u0151en a kr\u00e9m <strong>gyorsan felsz\u00edv\u00f3dik<\/strong>, \u00e9s nem hagy zs\u00edros \u00e9rzetet.<\/p>\n<p><strong>Haszn\u00e1lata<\/strong>: A <strong>szem k\u00f6rny\u00e9k\u00e9n<\/strong> finoman massz\u00edrozd be <strong>k\u00f6rk\u00f6r\u00f6s mozdulatokkal<\/strong>, am\u00edg teljesen felsz\u00edv\u00f3dik. <strong>Minden este lefekv\u00e9s el\u0151tt<\/strong> alkalmazd a maxim\u00e1lis hat\u00e1s \u00e9rdek\u00e9ben.<\/p>\n<p>&nbsp;<\/p>","protected":false},"featured_media":10413,"template":"","meta":{"site-sidebar-layout":"default","site-content-layout":"","ast-site-content-layout":"default","site-content-style":"default","site-sidebar-style":"default","ast-global-header-display":"","ast-banner-title-visibility":"","ast-main-header-display":"","ast-hfb-above-header-display":"","ast-hfb-below-header-display":"","ast-hfb-mobile-header-display":"","site-post-title":"","ast-breadcrumbs-content":"","ast-featured-img":"","footer-sml-layout":"","theme-transparent-header-meta":"default","adv-header-id-meta":"","stick-header-meta":"","header-above-stick-meta":"","header-main-stick-meta":"","header-below-stick-meta":"","astra-migrate-meta-layouts":"set","ast-page-background-enabled":"default","ast-page-background-meta":{"desktop":{"background-color":"","background-image":"","background-repeat":"repeat","background-position":"center center","background-size":"auto","background-attachment":"scroll","background-type":"","background-media":"","overlay-type":"","overlay-color":"","overlay-opacity":"","overlay-gradient":""},"tablet":{"background-color":"","background-image":"","background-repeat":"repeat","background-position":"center center","background-size":"auto","background-attachment":"scroll","background-type":"","background-media":"","overlay-type":"","overlay-color":"","overlay-opacity":"","overlay-gradient":""},"mobile":{"background-color":"","background-image":"","background-repeat":"repeat","background-position":"center center","background-size":"auto","background-attachment":"scroll","background-type":"","background-media":"","overlay-type":"","overlay-color":"","overlay-opacity":"","overlay-gradient":""}},"ast-content-background-meta":{"desktop":{"background-color":"var(--ast-global-color-5)","background-image":"","background-repeat":"repeat","background-position":"center center","background-size":"auto","background-attachment":"scroll","background-type":"","background-media":"","overlay-type":"","overlay-color":"","overlay-opacity":"","overlay-gradient":""},"tablet":{"background-color":"var(--ast-global-color-5)","background-image":"","background-repeat":"repeat","background-position":"center center","background-size":"auto","background-attachment":"scroll","background-type":"","background-media":"","overlay-type":"","overlay-color":"","overlay-opacity":"","overlay-gradient":""},"mobile":{"background-color":"var(--ast-global-color-5)","background-image":"","background-repeat":"repeat","background-position":"center center","background-size":"auto","background-attachment":"scroll","background-type":"","background-media":"","overlay-type":"","overlay-color":"","overlay-opacity":"","overlay-gradient":""}}},"product_brand":[],"product_cat":[202,100],"product_tag":[120,139],"class_list":{"0":"post-10464","1":"product","2":"type-product","3":"status-publish","4":"has-post-thumbnail","6":"product_cat-arcapolas","7":"product_cat-naturkozmetikum","8":"product_tag-fenntarthato","9":"product_tag-naturkozmetikum","10":"desktop-align-left","11":"tablet-align-left","12":"mobile-align-left","14":"first","15":"outofstock","16":"shipping-taxable","17":"purchasable","18":"product-type-simple"},"supplier_id":null,"supplier_sku":"","barcode":null,"atum_controlled":true,"out_stock_date":"2025-12-07 09:41:34","out_stock_threshold":null,"inheritable":false,"inbound_stock":0,"stock_on_hold":0,"sold_today":0,"sales_last_days":0,"reserved_stock":0,"customer_returns":0,"warehouse_damage":0,"lost_in_post":0,"other_logs":0,"out_stock_days":157,"lost_sales":125599,"has_location":true,"update_date":"2026-05-13T21:19:54","atum_locations":[{"id":181,"name":"1185 Budapest G\u00f6mbak\u00e1c utca 39.","slug":"1185-budapest-gombakac-utca-39"}],"atum_stock_status":"outofstock","restock_status":false,"low_stock_amount":2,"sales_update_date":"2026-05-13T21:19:54","calc_backorders":null,"_links":{"self":[{"href":"https:\/\/hartaum.hu\/en\/wp-json\/wp\/v2\/product\/10464","targetHints":{"allow":["GET"]}}],"collection":[{"href":"https:\/\/hartaum.hu\/en\/wp-json\/wp\/v2\/product"}],"about":[{"href":"https:\/\/hartaum.hu\/en\/wp-json\/wp\/v2\/types\/product"}],"wp:featuredmedia":[{"embeddable":true,"href":"https:\/\/hartaum.hu\/en\/wp-json\/wp\/v2\/media\/10413"}],"wp:attachment":[{"href":"https:\/\/hartaum.hu\/en\/wp-json\/wp\/v2\/media?parent=10464"}],"wp:term":[{"taxonomy":"product_brand","embeddable":true,"href":"https:\/\/hartaum.hu\/en\/wp-json\/wp\/v2\/product_brand?post=10464"},{"taxonomy":"product_cat","embeddable":true,"href":"https:\/\/hartaum.hu\/en\/wp-json\/wp\/v2\/product_cat?post=10464"},{"taxonomy":"product_tag","embeddable":true,"href":"https:\/\/hartaum.hu\/en\/wp-json\/wp\/v2\/product_tag?post=10464"}],"curies":[{"name":"wp","href":"https:\/\/api.w.org\/{rel}","templated":true}]}}