{"id":10466,"date":"2024-12-08T14:11:38","date_gmt":"2024-12-08T13:11:38","guid":{"rendered":"https:\/\/hartaum.hu\/?post_type=product&#038;p=10466"},"modified":"2025-11-05T16:14:25","modified_gmt":"2025-11-05T15:14:25","slug":"csodas-szerum","status":"publish","type":"product","link":"https:\/\/hartaum.hu\/en\/webshop\/naturkozmetikum\/szerum\/csodas-szerum\/","title":{"rendered":"Csod\u00e1s sz\u00e9rum"},"content":{"rendered":"<p>Egy term\u00e9kben minden hat\u00f3anyag.<\/p>\n<p>(Extr\u00e9m id\u0151j\u00e1r\u00e1s vagy k\u00f6rnyezeti hat\u00e1sok csodafegyvere. )<\/p>\n<p>Ez a sz\u00e9rum igazi megment\u0151, ha extr\u00e9m id\u0151j\u00e1r\u00e1snak vagy k\u00f6rnyezeti hat\u00e1soknak vagy kit\u00e9ve. A gazdag, olajokban b\u0151velked\u0151 formula v\u00e9di a b\u0151rt a naps\u00fct\u00e9s, UV-sug\u00e1rz\u00e1s, sz\u00e9l, hideg id\u0151 \u00e9s a kl\u00f3ros vagy tengerv\u00edz sz\u00e1r\u00edt\u00f3 hat\u00e1sait\u00f3l. E k\u00fcl\u00f6nleges aranyl\u00f3 kever\u00e9k a legfinomabb bio olajokb\u00f3l k\u00e9sz\u00fclt, \u00e9s t\u00f6k\u00e9letesen alkalmazhat\u00f3 arcb\u0151r\u00f6n \u00e9s hajtincseken egyar\u00e1nt!<\/p>\n<p>Arcra: Haszn\u00e1lj b\u00e1tran a sz\u00e9rumot sz\u00e1raz, \u00e9rz\u00e9keny vagy dehidrat\u00e1lt b\u0151r\u00f6dre. \u00c9jszaka m\u00e9lyen besz\u00edv\u00f3dik, reggelre pedig \u00fcde \u00e9s t\u00e1pl\u00e1lt arcb\u0151rrel \u00e9bredsz!<\/p>\n<p>Hajra: Csod\u00e1s f\u00e9nyt \u00e9s er\u0151t ad a tincseknek, mik\u00f6zben jav\u00edtja a hajszerkezetet. A s\u00e9r\u00fclt hajv\u00e9geket hidrat\u00e1lja \u00e9s ragyog\u00f3 \u00e1llapotba hozza, a viszket\u0151 fejb\u0151rt pedig \u00e1polja. Ha gyakran \u00e9ri k\u00e1ros behat\u00e1s (sz\u00e1r\u00edt\u00e1s, fest\u00e9s), ez az olaj v\u00e9delmet ny\u00fajt \u00e9s revitaliz\u00e1lja a hajad. A finom gard\u00e9nia illat\u00e1val pedig elvar\u00e1zsol!<\/p>\n<p>A squalane biztos\u00edtja a gyors felsz\u00edv\u00f3d\u00e1st, m\u00edg az avok\u00e1d\u00f3olaj vitaminokkal \u00e9s esszenci\u00e1lis zs\u00edrsavakkal t\u00e1pl\u00e1lja \u00e9s regener\u00e1lja a b\u0151rt \u00e9s a hajat. A ricinusolaj gazdag E-vitaminban \u00e9s \u00e1sv\u00e1nyi anyagokban, amely \u00e1polja \u00e9s hidrat\u00e1lja a sz\u00e1raz b\u0151rt, mik\u00f6zben f\u00e9nyesebb\u00e9 teszi a hajsz\u00e1lakat.<br \/>\nHaszn\u00e1lata: Vidd fel a megtiszt\u00edtott arcb\u0151rre \u00e9s k\u00f6rk\u00f6r\u00f6s mozdulatokkal massz\u00edrozd be.<\/p>","protected":false},"excerpt":{"rendered":"<p>Egy term\u00e9kben minden hat\u00f3anyag.<br \/>\n(Extr\u00e9m id\u0151j\u00e1r\u00e1s vagy k\u00f6rnyezeti hat\u00e1sok csodafegyvere. )<\/p>\n<p>Ez a sz\u00e9rum igazi megment\u0151, ha extr\u00e9m id\u0151j\u00e1r\u00e1snak vagy k\u00f6rnyezeti hat\u00e1soknak vagy kit\u00e9ve. A gazdag, olajokban b\u0151velked\u0151 formula v\u00e9di a b\u0151rt a naps\u00fct\u00e9s, UV-sug\u00e1rz\u00e1s, sz\u00e9l, hideg id\u0151 \u00e9s a kl\u00f3ros vagy tengerv\u00edz sz\u00e1r\u00edt\u00f3 hat\u00e1sait\u00f3l. E k\u00fcl\u00f6nleges aranyl\u00f3 kever\u00e9k a legfinomabb bio olajokb\u00f3l k\u00e9sz\u00fclt, \u00e9s t\u00f6k\u00e9letesen alkalmazhat\u00f3 arcb\u0151r\u00f6n \u00e9s hajtincseken egyar\u00e1nt!<\/p>\n<p>Arcra: Haszn\u00e1lj b\u00e1tran a sz\u00e9rumot sz\u00e1raz, \u00e9rz\u00e9keny vagy dehidrat\u00e1lt b\u0151r\u00f6dre. \u00c9jszaka m\u00e9lyen besz\u00edv\u00f3dik, reggelre pedig \u00fcde \u00e9s t\u00e1pl\u00e1lt arcb\u0151rrel \u00e9bredsz!<\/p>\n<p>Hajra: Csod\u00e1s f\u00e9nyt \u00e9s er\u0151t ad a tincseknek, mik\u00f6zben jav\u00edtja a hajszerkezetet. A s\u00e9r\u00fclt hajv\u00e9geket hidrat\u00e1lja \u00e9s ragyog\u00f3 \u00e1llapotba hozza, a viszket\u0151 fejb\u0151rt pedig \u00e1polja. Ha gyakran \u00e9ri k\u00e1ros behat\u00e1s (sz\u00e1r\u00edt\u00e1s, fest\u00e9s), ez az olaj v\u00e9delmet ny\u00fajt \u00e9s revitaliz\u00e1lja a hajad. A finom gard\u00e9nia illat\u00e1val pedig elvar\u00e1zsol!<\/p>\n<p>A squalane biztos\u00edtja a gyors felsz\u00edv\u00f3d\u00e1st, m\u00edg az avok\u00e1d\u00f3olaj vitaminokkal \u00e9s esszenci\u00e1lis zs\u00edrsavakkal t\u00e1pl\u00e1lja \u00e9s regener\u00e1lja a b\u0151rt \u00e9s a hajat. A ricinusolaj gazdag E-vitaminban \u00e9s \u00e1sv\u00e1nyi anyagokban, amely \u00e1polja \u00e9s hidrat\u00e1lja a sz\u00e1raz b\u0151rt, mik\u00f6zben f\u00e9nyesebb\u00e9 teszi a hajsz\u00e1lakat.<\/p>\n<p>Haszn\u00e1lata: Vidd fel a megtiszt\u00edtott arcb\u0151rre \u00e9s k\u00f6rk\u00f6r\u00f6s mozdulatokkal massz\u00edrozd be.<\/p>\n<p>&nbsp;<\/p>","protected":false},"featured_media":10396,"template":"","meta":{"site-sidebar-layout":"default","site-content-layout":"","ast-site-content-layout":"default","site-content-style":"default","site-sidebar-style":"default","ast-global-header-display":"","ast-banner-title-visibility":"","ast-main-header-display":"","ast-hfb-above-header-display":"","ast-hfb-below-header-display":"","ast-hfb-mobile-header-display":"","site-post-title":"","ast-breadcrumbs-content":"","ast-featured-img":"","footer-sml-layout":"","theme-transparent-header-meta":"default","adv-header-id-meta":"","stick-header-meta":"","header-above-stick-meta":"","header-main-stick-meta":"","header-below-stick-meta":"","astra-migrate-meta-layouts":"set","ast-page-background-enabled":"default","ast-page-background-meta":{"desktop":{"background-color":"","background-image":"","background-repeat":"repeat","background-position":"center center","background-size":"auto","background-attachment":"scroll","background-type":"","background-media":"","overlay-type":"","overlay-color":"","overlay-opacity":"","overlay-gradient":""},"tablet":{"background-color":"","background-image":"","background-repeat":"repeat","background-position":"center center","background-size":"auto","background-attachment":"scroll","background-type":"","background-media":"","overlay-type":"","overlay-color":"","overlay-opacity":"","overlay-gradient":""},"mobile":{"background-color":"","background-image":"","background-repeat":"repeat","background-position":"center center","background-size":"auto","background-attachment":"scroll","background-type":"","background-media":"","overlay-type":"","overlay-color":"","overlay-opacity":"","overlay-gradient":""}},"ast-content-background-meta":{"desktop":{"background-color":"var(--ast-global-color-5)","background-image":"","background-repeat":"repeat","background-position":"center center","background-size":"auto","background-attachment":"scroll","background-type":"","background-media":"","overlay-type":"","overlay-color":"","overlay-opacity":"","overlay-gradient":""},"tablet":{"background-color":"var(--ast-global-color-5)","background-image":"","background-repeat":"repeat","background-position":"center center","background-size":"auto","background-attachment":"scroll","background-type":"","background-media":"","overlay-type":"","overlay-color":"","overlay-opacity":"","overlay-gradient":""},"mobile":{"background-color":"var(--ast-global-color-5)","background-image":"","background-repeat":"repeat","background-position":"center center","background-size":"auto","background-attachment":"scroll","background-type":"","background-media":"","overlay-type":"","overlay-color":"","overlay-opacity":"","overlay-gradient":""}}},"product_brand":[],"product_cat":[100,207],"product_tag":[120,139],"class_list":{"0":"post-10466","1":"product","2":"type-product","3":"status-publish","4":"has-post-thumbnail","6":"product_cat-naturkozmetikum","7":"product_cat-szerum","8":"product_tag-fenntarthato","9":"product_tag-naturkozmetikum","10":"desktop-align-left","11":"tablet-align-left","12":"mobile-align-left","14":"first","15":"instock","16":"shipping-taxable","17":"purchasable","18":"product-type-simple"},"supplier_id":null,"supplier_sku":"","barcode":null,"atum_controlled":true,"out_stock_date":null,"out_stock_threshold":null,"inheritable":false,"inbound_stock":0,"stock_on_hold":0,"sold_today":0,"sales_last_days":0,"reserved_stock":0,"customer_returns":0,"warehouse_damage":0,"lost_in_post":0,"other_logs":0,"out_stock_days":0,"lost_sales":0,"has_location":true,"update_date":"2026-05-13T21:19:55","atum_locations":[{"id":181,"name":"1185 Budapest G\u00f6mbak\u00e1c utca 39.","slug":"1185-budapest-gombakac-utca-39"}],"atum_stock_status":"instock","restock_status":false,"low_stock_amount":"","sales_update_date":"2026-05-13T21:19:55","calc_backorders":null,"_links":{"self":[{"href":"https:\/\/hartaum.hu\/en\/wp-json\/wp\/v2\/product\/10466","targetHints":{"allow":["GET"]}}],"collection":[{"href":"https:\/\/hartaum.hu\/en\/wp-json\/wp\/v2\/product"}],"about":[{"href":"https:\/\/hartaum.hu\/en\/wp-json\/wp\/v2\/types\/product"}],"wp:featuredmedia":[{"embeddable":true,"href":"https:\/\/hartaum.hu\/en\/wp-json\/wp\/v2\/media\/10396"}],"wp:attachment":[{"href":"https:\/\/hartaum.hu\/en\/wp-json\/wp\/v2\/media?parent=10466"}],"wp:term":[{"taxonomy":"product_brand","embeddable":true,"href":"https:\/\/hartaum.hu\/en\/wp-json\/wp\/v2\/product_brand?post=10466"},{"taxonomy":"product_cat","embeddable":true,"href":"https:\/\/hartaum.hu\/en\/wp-json\/wp\/v2\/product_cat?post=10466"},{"taxonomy":"product_tag","embeddable":true,"href":"https:\/\/hartaum.hu\/en\/wp-json\/wp\/v2\/product_tag?post=10466"}],"curies":[{"name":"wp","href":"https:\/\/api.w.org\/{rel}","templated":true}]}}