{"id":10467,"date":"2024-12-08T14:19:57","date_gmt":"2024-12-08T13:19:57","guid":{"rendered":"https:\/\/hartaum.hu\/?post_type=product&#038;p=10467"},"modified":"2025-12-26T13:17:33","modified_gmt":"2025-12-26T12:17:33","slug":"hialuron-szerum","status":"publish","type":"product","link":"https:\/\/hartaum.hu\/en\/webshop\/naturkozmetikum\/szerum\/hialuron-szerum\/","title":{"rendered":"Hialuron sz\u00e9rum"},"content":{"rendered":"<p>K\u00fcl\u00f6nleges k\u00e9nyeztet\u00e9s b\u0151r\u00f6dnek.<\/p>\n<p>\u00dagy l\u00e1tod, hogy arcb\u0151r\u00f6d sz\u00e1raz \u00e9s sz\u00edntelen? Fesz\u00e9lyeznek a dehidrat\u00e1lts\u00e1g okozta apr\u00f3 reped\u00e9sek a b\u0151r\u00f6d\u00f6n?<br \/>\nHa puha \u00e9s ragyog\u00f3 arcb\u0151rre v\u00e1gysz, a hialuron sz\u00e9rumot neked tal\u00e1lt\u00e1k ki. Intenz\u00edv hidrat\u00e1l\u00e1st ny\u00fajt, felt\u00f6lti a b\u0151r lipidr\u00e9teg\u00e9t, \u00e9s m\u00e1r az els\u0151 haszn\u00e1lattal sim\u00e1v\u00e1 \u00e9s selymess\u00e9 teszi b\u0151r\u00f6det. Magas hat\u00f3anyagtartalm\u00e1nak k\u00f6sz\u00f6nhet\u0151en eg\u00e9sz nap frissess\u00e9get biztos\u00edt, \u00e9s hat\u00e9konyan v\u00e9di b\u0151r\u00f6det a sz\u00e9ls\u0151s\u00e9ges id\u0151j\u00e1r\u00e1s okozta probl\u00e9m\u00e1kt\u00f3l.<br \/>\nT\u00e9len-ny\u00e1ron egyar\u00e1nt luxus\u00e1pol\u00e1s minden b\u0151rt\u00edpusnak! Enyh\u00edti a kellemetlen, fesz\u00fcl\u0151 b\u0151r\u00e9rzetet, \u00e9s v\u00e9delmet ny\u00fajt a k\u00e1ros napsugarak ellen.<\/p>\n<p>Haszn\u00e1lata: Vigy\u00e9l fel 2-3 cseppet a sz\u00e1raz arcb\u0151r\u00f6dre, \u00e9s massz\u00edrozd be k\u00f6rk\u00f6r\u00f6s mozdulatokkal, am\u00edg teljesen felsz\u00edv\u00f3dik. Mag\u00e1ban is hat\u00e1sos, de kollag\u00e9nes arckr\u00e9mmel tov\u00e1bb fokozhatod a hidrat\u00e1l\u00e1st.<\/p>","protected":false},"excerpt":{"rendered":"<p>K\u00fcl\u00f6nleges k\u00e9nyeztet\u00e9s b\u0151r\u00f6dnek.<\/p>\n<p>\u00dagy l\u00e1tod, hogy arcb\u0151r\u00f6d sz\u00e1raz \u00e9s sz\u00edntelen? Fesz\u00e9lyeznek a dehidrat\u00e1lts\u00e1g okozta apr\u00f3 reped\u00e9sek a b\u0151r\u00f6d\u00f6n?<br \/>\nHa puha \u00e9s ragyog\u00f3 arcb\u0151rre v\u00e1gysz, a hialuron sz\u00e9rumot neked tal\u00e1lt\u00e1k ki. Intenz\u00edv hidrat\u00e1l\u00e1st ny\u00fajt, felt\u00f6lti a b\u0151r lipidr\u00e9teg\u00e9t, \u00e9s m\u00e1r az els\u0151 haszn\u00e1lattal sim\u00e1v\u00e1 \u00e9s selymess\u00e9 teszi b\u0151r\u00f6det. Magas hat\u00f3anyagtartalm\u00e1nak k\u00f6sz\u00f6nhet\u0151en eg\u00e9sz nap frissess\u00e9get biztos\u00edt, \u00e9s hat\u00e9konyan v\u00e9di b\u0151r\u00f6det a sz\u00e9ls\u0151s\u00e9ges id\u0151j\u00e1r\u00e1s okozta probl\u00e9m\u00e1kt\u00f3l.<br \/>\nT\u00e9len-ny\u00e1ron egyar\u00e1nt luxus\u00e1pol\u00e1s minden b\u0151rt\u00edpusnak! Enyh\u00edti a kellemetlen, fesz\u00fcl\u0151 b\u0151r\u00e9rzetet, \u00e9s v\u00e9delmet ny\u00fajt a k\u00e1ros napsugarak ellen.<\/p>\n<p>Haszn\u00e1lata: Vigy\u00e9l fel 2-3 cseppet a sz\u00e1raz arcb\u0151r\u00f6dre, \u00e9s massz\u00edrozd be k\u00f6rk\u00f6r\u00f6s mozdulatokkal, am\u00edg teljesen felsz\u00edv\u00f3dik. Mag\u00e1ban is hat\u00e1sos, de kollag\u00e9nes arckr\u00e9mmel tov\u00e1bb fokozhatod a hidrat\u00e1l\u00e1st.<\/p>\n<p>&nbsp;<\/p>","protected":false},"featured_media":10410,"template":"","meta":{"site-sidebar-layout":"default","site-content-layout":"","ast-site-content-layout":"default","site-content-style":"default","site-sidebar-style":"default","ast-global-header-display":"","ast-banner-title-visibility":"","ast-main-header-display":"","ast-hfb-above-header-display":"","ast-hfb-below-header-display":"","ast-hfb-mobile-header-display":"","site-post-title":"","ast-breadcrumbs-content":"","ast-featured-img":"","footer-sml-layout":"","theme-transparent-header-meta":"default","adv-header-id-meta":"","stick-header-meta":"","header-above-stick-meta":"","header-main-stick-meta":"","header-below-stick-meta":"","astra-migrate-meta-layouts":"set","ast-page-background-enabled":"default","ast-page-background-meta":{"desktop":{"background-color":"","background-image":"","background-repeat":"repeat","background-position":"center center","background-size":"auto","background-attachment":"scroll","background-type":"","background-media":"","overlay-type":"","overlay-color":"","overlay-opacity":"","overlay-gradient":""},"tablet":{"background-color":"","background-image":"","background-repeat":"repeat","background-position":"center center","background-size":"auto","background-attachment":"scroll","background-type":"","background-media":"","overlay-type":"","overlay-color":"","overlay-opacity":"","overlay-gradient":""},"mobile":{"background-color":"","background-image":"","background-repeat":"repeat","background-position":"center center","background-size":"auto","background-attachment":"scroll","background-type":"","background-media":"","overlay-type":"","overlay-color":"","overlay-opacity":"","overlay-gradient":""}},"ast-content-background-meta":{"desktop":{"background-color":"var(--ast-global-color-5)","background-image":"","background-repeat":"repeat","background-position":"center center","background-size":"auto","background-attachment":"scroll","background-type":"","background-media":"","overlay-type":"","overlay-color":"","overlay-opacity":"","overlay-gradient":""},"tablet":{"background-color":"var(--ast-global-color-5)","background-image":"","background-repeat":"repeat","background-position":"center center","background-size":"auto","background-attachment":"scroll","background-type":"","background-media":"","overlay-type":"","overlay-color":"","overlay-opacity":"","overlay-gradient":""},"mobile":{"background-color":"var(--ast-global-color-5)","background-image":"","background-repeat":"repeat","background-position":"center center","background-size":"auto","background-attachment":"scroll","background-type":"","background-media":"","overlay-type":"","overlay-color":"","overlay-opacity":"","overlay-gradient":""}}},"product_brand":[],"product_cat":[100,207],"product_tag":[120,139],"class_list":{"0":"post-10467","1":"product","2":"type-product","3":"status-publish","4":"has-post-thumbnail","6":"product_cat-naturkozmetikum","7":"product_cat-szerum","8":"product_tag-fenntarthato","9":"product_tag-naturkozmetikum","10":"desktop-align-left","11":"tablet-align-left","12":"mobile-align-left","14":"first","15":"instock","16":"shipping-taxable","17":"purchasable","18":"product-type-simple"},"supplier_id":null,"supplier_sku":"","barcode":null,"atum_controlled":true,"out_stock_date":null,"out_stock_threshold":null,"inheritable":false,"inbound_stock":0,"stock_on_hold":0,"sold_today":0,"sales_last_days":0,"reserved_stock":0,"customer_returns":0,"warehouse_damage":0,"lost_in_post":0,"other_logs":0,"out_stock_days":0,"lost_sales":0,"has_location":true,"update_date":"2026-05-14T21:33:23","atum_locations":[{"id":181,"name":"1185 Budapest G\u00f6mbak\u00e1c utca 39.","slug":"1185-budapest-gombakac-utca-39"}],"atum_stock_status":"instock","restock_status":false,"low_stock_amount":3,"sales_update_date":"2026-05-14T21:33:23","calc_backorders":null,"_links":{"self":[{"href":"https:\/\/hartaum.hu\/en\/wp-json\/wp\/v2\/product\/10467","targetHints":{"allow":["GET"]}}],"collection":[{"href":"https:\/\/hartaum.hu\/en\/wp-json\/wp\/v2\/product"}],"about":[{"href":"https:\/\/hartaum.hu\/en\/wp-json\/wp\/v2\/types\/product"}],"wp:featuredmedia":[{"embeddable":true,"href":"https:\/\/hartaum.hu\/en\/wp-json\/wp\/v2\/media\/10410"}],"wp:attachment":[{"href":"https:\/\/hartaum.hu\/en\/wp-json\/wp\/v2\/media?parent=10467"}],"wp:term":[{"taxonomy":"product_brand","embeddable":true,"href":"https:\/\/hartaum.hu\/en\/wp-json\/wp\/v2\/product_brand?post=10467"},{"taxonomy":"product_cat","embeddable":true,"href":"https:\/\/hartaum.hu\/en\/wp-json\/wp\/v2\/product_cat?post=10467"},{"taxonomy":"product_tag","embeddable":true,"href":"https:\/\/hartaum.hu\/en\/wp-json\/wp\/v2\/product_tag?post=10467"}],"curies":[{"name":"wp","href":"https:\/\/api.w.org\/{rel}","templated":true}]}}