{"id":10468,"date":"2024-12-08T14:28:52","date_gmt":"2024-12-08T13:28:52","guid":{"rendered":"https:\/\/hartaum.hu\/?post_type=product&#038;p=10468"},"modified":"2025-11-05T16:14:25","modified_gmt":"2025-11-05T15:14:25","slug":"aranyhaj-olaj","status":"publish","type":"product","link":"https:\/\/hartaum.hu\/en\/webshop\/naturkozmetikum\/hajapolas\/aranyhaj-olaj\/","title":{"rendered":"Aranyhaj olaj"},"content":{"rendered":"<p>Aj\u00e1nd\u00e9kozd meg hajad kiemelked\u0151 \u00e1pol\u00e1ssal!<\/p>\n<p>Az Aranyhaj olaj egy pr\u00e9mium haj\u00e1pol\u00f3 olaj, mely tiszta arg\u00e1n- \u00e9s k\u00f3kuszolajjal intenz\u00edven t\u00e1pl\u00e1lja \u00e9s v\u00e9di a hajat. Mentes a gy\u00fcm\u00f6lcssavakt\u00f3l, szilikont\u00f3l, parab\u00e9nt\u00f3l, alkoholt\u00f3l \u00e9s k\u0151olajsz\u00e1rmaz\u00e9kokt\u00f3l.<br \/>\nMind\u00f6ssze 2-3 csepp elegend\u0151 a teljes hajra, \u00edgy rendk\u00edv\u00fcl gazdas\u00e1gos. A haj puha, f\u00e9nyes \u00e9s k\u00f6nnyen kezelhet\u0151 lesz t\u0151le.<\/p>\n<p>Haszn\u00e1lata: Nedves vagy sz\u00e1raz hajon egyar\u00e1nt alkalmazhat\u00f3.<\/p>\n<p>&nbsp;<\/p>","protected":false},"excerpt":{"rendered":"<p>Aj\u00e1nd\u00e9kozd meg hajad kiemelked\u0151 \u00e1pol\u00e1ssal!<\/p>\n<p>Az Aranyhaj olaj egy pr\u00e9mium haj\u00e1pol\u00f3 olaj, mely tiszta arg\u00e1n- \u00e9s k\u00f3kuszolajjal intenz\u00edven t\u00e1pl\u00e1lja \u00e9s v\u00e9di a hajat. Mentes a gy\u00fcm\u00f6lcssavakt\u00f3l, szilikont\u00f3l, parab\u00e9nt\u00f3l, alkoholt\u00f3l \u00e9s k\u0151olajsz\u00e1rmaz\u00e9kokt\u00f3l.<br \/>\nMind\u00f6ssze 2-3 csepp elegend\u0151 a teljes hajra, \u00edgy rendk\u00edv\u00fcl gazdas\u00e1gos. A haj puha, f\u00e9nyes \u00e9s k\u00f6nnyen kezelhet\u0151 lesz t\u0151le.<\/p>\n<p>Haszn\u00e1lata: Nedves vagy sz\u00e1raz hajon egyar\u00e1nt alkalmazhat\u00f3.<\/p>\n<p>&nbsp;<\/p>","protected":false},"featured_media":10395,"template":"","meta":{"site-sidebar-layout":"default","site-content-layout":"","ast-site-content-layout":"default","site-content-style":"default","site-sidebar-style":"default","ast-global-header-display":"","ast-banner-title-visibility":"","ast-main-header-display":"","ast-hfb-above-header-display":"","ast-hfb-below-header-display":"","ast-hfb-mobile-header-display":"","site-post-title":"","ast-breadcrumbs-content":"","ast-featured-img":"","footer-sml-layout":"","theme-transparent-header-meta":"default","adv-header-id-meta":"","stick-header-meta":"","header-above-stick-meta":"","header-main-stick-meta":"","header-below-stick-meta":"","astra-migrate-meta-layouts":"set","ast-page-background-enabled":"default","ast-page-background-meta":{"desktop":{"background-color":"","background-image":"","background-repeat":"repeat","background-position":"center center","background-size":"auto","background-attachment":"scroll","background-type":"","background-media":"","overlay-type":"","overlay-color":"","overlay-opacity":"","overlay-gradient":""},"tablet":{"background-color":"","background-image":"","background-repeat":"repeat","background-position":"center center","background-size":"auto","background-attachment":"scroll","background-type":"","background-media":"","overlay-type":"","overlay-color":"","overlay-opacity":"","overlay-gradient":""},"mobile":{"background-color":"","background-image":"","background-repeat":"repeat","background-position":"center center","background-size":"auto","background-attachment":"scroll","background-type":"","background-media":"","overlay-type":"","overlay-color":"","overlay-opacity":"","overlay-gradient":""}},"ast-content-background-meta":{"desktop":{"background-color":"var(--ast-global-color-5)","background-image":"","background-repeat":"repeat","background-position":"center center","background-size":"auto","background-attachment":"scroll","background-type":"","background-media":"","overlay-type":"","overlay-color":"","overlay-opacity":"","overlay-gradient":""},"tablet":{"background-color":"var(--ast-global-color-5)","background-image":"","background-repeat":"repeat","background-position":"center center","background-size":"auto","background-attachment":"scroll","background-type":"","background-media":"","overlay-type":"","overlay-color":"","overlay-opacity":"","overlay-gradient":""},"mobile":{"background-color":"var(--ast-global-color-5)","background-image":"","background-repeat":"repeat","background-position":"center center","background-size":"auto","background-attachment":"scroll","background-type":"","background-media":"","overlay-type":"","overlay-color":"","overlay-opacity":"","overlay-gradient":""}}},"product_brand":[],"product_cat":[205,100],"product_tag":[120,139],"class_list":{"0":"post-10468","1":"product","2":"type-product","3":"status-publish","4":"has-post-thumbnail","6":"product_cat-hajapolas","7":"product_cat-naturkozmetikum","8":"product_tag-fenntarthato","9":"product_tag-naturkozmetikum","10":"desktop-align-left","11":"tablet-align-left","12":"mobile-align-left","14":"first","15":"instock","16":"shipping-taxable","17":"purchasable","18":"product-type-simple"},"supplier_id":null,"supplier_sku":"","barcode":null,"atum_controlled":true,"out_stock_date":null,"out_stock_threshold":null,"inheritable":false,"inbound_stock":0,"stock_on_hold":0,"sold_today":0,"sales_last_days":0,"reserved_stock":0,"customer_returns":0,"warehouse_damage":0,"lost_in_post":0,"other_logs":0,"out_stock_days":0,"lost_sales":0,"has_location":true,"update_date":"2026-05-13T21:19:54","atum_locations":[{"id":181,"name":"1185 Budapest G\u00f6mbak\u00e1c utca 39.","slug":"1185-budapest-gombakac-utca-39"}],"atum_stock_status":"instock","restock_status":false,"low_stock_amount":3,"sales_update_date":"2026-05-13T21:19:54","calc_backorders":null,"_links":{"self":[{"href":"https:\/\/hartaum.hu\/en\/wp-json\/wp\/v2\/product\/10468","targetHints":{"allow":["GET"]}}],"collection":[{"href":"https:\/\/hartaum.hu\/en\/wp-json\/wp\/v2\/product"}],"about":[{"href":"https:\/\/hartaum.hu\/en\/wp-json\/wp\/v2\/types\/product"}],"wp:featuredmedia":[{"embeddable":true,"href":"https:\/\/hartaum.hu\/en\/wp-json\/wp\/v2\/media\/10395"}],"wp:attachment":[{"href":"https:\/\/hartaum.hu\/en\/wp-json\/wp\/v2\/media?parent=10468"}],"wp:term":[{"taxonomy":"product_brand","embeddable":true,"href":"https:\/\/hartaum.hu\/en\/wp-json\/wp\/v2\/product_brand?post=10468"},{"taxonomy":"product_cat","embeddable":true,"href":"https:\/\/hartaum.hu\/en\/wp-json\/wp\/v2\/product_cat?post=10468"},{"taxonomy":"product_tag","embeddable":true,"href":"https:\/\/hartaum.hu\/en\/wp-json\/wp\/v2\/product_tag?post=10468"}],"curies":[{"name":"wp","href":"https:\/\/api.w.org\/{rel}","templated":true}]}}