{"id":10469,"date":"2024-12-08T15:36:52","date_gmt":"2024-12-08T14:36:52","guid":{"rendered":"https:\/\/hartaum.hu\/?post_type=product&#038;p=10469"},"modified":"2025-12-07T09:41:34","modified_gmt":"2025-12-07T08:41:34","slug":"kollagenes-arckrem","status":"publish","type":"product","link":"https:\/\/hartaum.hu\/en\/webshop\/naturkozmetikum\/arcapolas\/kollagenes-arckrem\/","title":{"rendered":"Kollag\u00e9nes arckr\u00e9m"},"content":{"rendered":"<p>Term\u00e9szetes \u00e9s hat\u00e9kony megold\u00e1s a fiatalos b\u0151r meg\u0151rz\u00e9s\u00e9hez.<\/p>\n<p>Szeretn\u00e9d, ha b\u0151r\u00f6d tov\u00e1bbra is \u00fcde \u00e9s fiatalos maradna? Gyeng\u00e9d \u00e9s hat\u00e9kony t\u00e1mogat\u00e1sra v\u00e1gysz, hogy visszaford\u00edtsd az \u00f6reged\u00e9s l\u00e1that\u00f3 jeleit? Akkor j\u00f3 helyen j\u00e1rsz!<\/p>\n<p>Az arckr\u00e9m kollag\u00e9n tartalma seg\u00edt meg\u0151rizni a b\u0151r rugalmass\u00e1g\u00e1t, mik\u00f6zben v\u00e9d a k\u00fcls\u0151 k\u00e1ros hat\u00e1sokt\u00f3l. A jojoba olaj kisim\u00edtja a b\u0151rfelsz\u00ednt, \u00e9s fokozza a hat\u00f3anyagok felsz\u00edv\u00f3d\u00e1s\u00e1t. Az \u00e9des s\u00e1rgabarackmag olaj A- \u00e9s E-vitaminban gazdag, ez\u00e1ltal regener\u00e1lja \u00e9s intenz\u00edven hidrat\u00e1lja a b\u0151rt. Haszn\u00e1lat\u00e1val b\u0151r\u00f6d feszesebb, ragyog\u00f3bb \u00e9s l\u00e1that\u00f3an sim\u00e1bb lesz.<\/p>\n<p>Haszn\u00e1lata: Vidd fel a megtiszt\u00edtott arcb\u0151rre, \u00e9s massz\u00edrozd be k\u00f6rk\u00f6r\u00f6s mozdulatokkal. Nappal \u00e9s \u00e9jjel egyar\u00e1nt haszn\u00e1lhat\u00f3, hat\u00e1sa hialuron sz\u00e9rummal egy\u00fctt m\u00e9g intenz\u00edvebb\u00e9 v\u00e1lik.<\/p>","protected":false},"excerpt":{"rendered":"<p>Term\u00e9szetes \u00e9s hat\u00e9kony megold\u00e1s a fiatalos b\u0151r meg\u0151rz\u00e9s\u00e9hez.<\/p>\n<p>Szeretn\u00e9d, ha b\u0151r\u00f6d tov\u00e1bbra is \u00fcde \u00e9s fiatalos maradna? Gyeng\u00e9d \u00e9s hat\u00e9kony t\u00e1mogat\u00e1sra v\u00e1gysz, hogy visszaford\u00edtsd az \u00f6reged\u00e9s l\u00e1that\u00f3 jeleit? Akkor j\u00f3 helyen j\u00e1rsz!<\/p>\n<p>Az arckr\u00e9m kollag\u00e9n tartalma seg\u00edt meg\u0151rizni a b\u0151r rugalmass\u00e1g\u00e1t, mik\u00f6zben v\u00e9d a k\u00fcls\u0151 k\u00e1ros hat\u00e1sokt\u00f3l. A jojoba olaj kisim\u00edtja a b\u0151rfelsz\u00ednt, \u00e9s fokozza a hat\u00f3anyagok felsz\u00edv\u00f3d\u00e1s\u00e1t. Az \u00e9des s\u00e1rgabarackmag olaj A- \u00e9s E-vitaminban gazdag, ez\u00e1ltal regener\u00e1lja \u00e9s intenz\u00edven hidrat\u00e1lja a b\u0151rt. Haszn\u00e1lat\u00e1val b\u0151r\u00f6d feszesebb, ragyog\u00f3bb \u00e9s l\u00e1that\u00f3an sim\u00e1bb lesz.<\/p>\n<p>Term\u00e9szetes \u00e9s hat\u00e9kony megold\u00e1s a fiatalos b\u0151r meg\u0151rz\u00e9s\u00e9hez.<\/p>\n<p>Szeretn\u00e9d, ha b\u0151r\u00f6d tov\u00e1bbra is \u00fcde \u00e9s fiatalos maradna? Gyeng\u00e9d \u00e9s hat\u00e9kony t\u00e1mogat\u00e1sra v\u00e1gysz, hogy visszaford\u00edtsd az \u00f6reged\u00e9s l\u00e1that\u00f3 jeleit? Akkor j\u00f3 helyen j\u00e1rsz!<\/p>\n<p>&nbsp;<\/p>","protected":false},"featured_media":10423,"template":"","meta":{"site-sidebar-layout":"default","site-content-layout":"","ast-site-content-layout":"default","site-content-style":"default","site-sidebar-style":"default","ast-global-header-display":"","ast-banner-title-visibility":"","ast-main-header-display":"","ast-hfb-above-header-display":"","ast-hfb-below-header-display":"","ast-hfb-mobile-header-display":"","site-post-title":"","ast-breadcrumbs-content":"","ast-featured-img":"","footer-sml-layout":"","theme-transparent-header-meta":"default","adv-header-id-meta":"","stick-header-meta":"","header-above-stick-meta":"","header-main-stick-meta":"","header-below-stick-meta":"","astra-migrate-meta-layouts":"set","ast-page-background-enabled":"default","ast-page-background-meta":{"desktop":{"background-color":"","background-image":"","background-repeat":"repeat","background-position":"center center","background-size":"auto","background-attachment":"scroll","background-type":"","background-media":"","overlay-type":"","overlay-color":"","overlay-opacity":"","overlay-gradient":""},"tablet":{"background-color":"","background-image":"","background-repeat":"repeat","background-position":"center center","background-size":"auto","background-attachment":"scroll","background-type":"","background-media":"","overlay-type":"","overlay-color":"","overlay-opacity":"","overlay-gradient":""},"mobile":{"background-color":"","background-image":"","background-repeat":"repeat","background-position":"center center","background-size":"auto","background-attachment":"scroll","background-type":"","background-media":"","overlay-type":"","overlay-color":"","overlay-opacity":"","overlay-gradient":""}},"ast-content-background-meta":{"desktop":{"background-color":"var(--ast-global-color-5)","background-image":"","background-repeat":"repeat","background-position":"center center","background-size":"auto","background-attachment":"scroll","background-type":"","background-media":"","overlay-type":"","overlay-color":"","overlay-opacity":"","overlay-gradient":""},"tablet":{"background-color":"var(--ast-global-color-5)","background-image":"","background-repeat":"repeat","background-position":"center center","background-size":"auto","background-attachment":"scroll","background-type":"","background-media":"","overlay-type":"","overlay-color":"","overlay-opacity":"","overlay-gradient":""},"mobile":{"background-color":"var(--ast-global-color-5)","background-image":"","background-repeat":"repeat","background-position":"center center","background-size":"auto","background-attachment":"scroll","background-type":"","background-media":"","overlay-type":"","overlay-color":"","overlay-opacity":"","overlay-gradient":""}}},"product_brand":[],"product_cat":[202,100],"product_tag":[120,139],"class_list":{"0":"post-10469","1":"product","2":"type-product","3":"status-publish","4":"has-post-thumbnail","6":"product_cat-arcapolas","7":"product_cat-naturkozmetikum","8":"product_tag-fenntarthato","9":"product_tag-naturkozmetikum","10":"desktop-align-left","11":"tablet-align-left","12":"mobile-align-left","14":"first","15":"instock","16":"shipping-taxable","17":"purchasable","18":"product-type-simple"},"supplier_id":null,"supplier_sku":"","barcode":null,"atum_controlled":true,"out_stock_date":null,"out_stock_threshold":null,"inheritable":false,"inbound_stock":0,"stock_on_hold":0,"sold_today":0,"sales_last_days":0,"reserved_stock":0,"customer_returns":0,"warehouse_damage":0,"lost_in_post":0,"other_logs":0,"out_stock_days":0,"lost_sales":0,"has_location":false,"update_date":"2026-05-13T21:19:54","atum_locations":[],"atum_stock_status":"instock","restock_status":false,"low_stock_amount":3,"sales_update_date":"2026-05-13T21:19:54","calc_backorders":null,"_links":{"self":[{"href":"https:\/\/hartaum.hu\/en\/wp-json\/wp\/v2\/product\/10469","targetHints":{"allow":["GET"]}}],"collection":[{"href":"https:\/\/hartaum.hu\/en\/wp-json\/wp\/v2\/product"}],"about":[{"href":"https:\/\/hartaum.hu\/en\/wp-json\/wp\/v2\/types\/product"}],"wp:featuredmedia":[{"embeddable":true,"href":"https:\/\/hartaum.hu\/en\/wp-json\/wp\/v2\/media\/10423"}],"wp:attachment":[{"href":"https:\/\/hartaum.hu\/en\/wp-json\/wp\/v2\/media?parent=10469"}],"wp:term":[{"taxonomy":"product_brand","embeddable":true,"href":"https:\/\/hartaum.hu\/en\/wp-json\/wp\/v2\/product_brand?post=10469"},{"taxonomy":"product_cat","embeddable":true,"href":"https:\/\/hartaum.hu\/en\/wp-json\/wp\/v2\/product_cat?post=10469"},{"taxonomy":"product_tag","embeddable":true,"href":"https:\/\/hartaum.hu\/en\/wp-json\/wp\/v2\/product_tag?post=10469"}],"curies":[{"name":"wp","href":"https:\/\/api.w.org\/{rel}","templated":true}]}}