{"id":10471,"date":"2024-12-08T15:52:49","date_gmt":"2024-12-08T14:52:49","guid":{"rendered":"https:\/\/hartaum.hu\/?post_type=product&#038;p=10471"},"modified":"2025-10-29T14:20:23","modified_gmt":"2025-10-29T13:20:23","slug":"viragos-arckrem","status":"publish","type":"product","link":"https:\/\/hartaum.hu\/en\/webshop\/naturkozmetikum\/arcapolas\/viragos-arckrem\/","title":{"rendered":"Vir\u00e1gos arckr\u00e9m"},"content":{"rendered":"<p>    <\/style>\n<p>&nbsp;<\/p>\n<h3>Hat\u00f3anyagok, amelyek t\u00f6k\u00e9letesen igazodnak minden b\u0151rt\u00edpus ig\u00e9nyeihez<\/h3>\n<p>Fedezd fel a <strong>Rosace\u00e1s, \u00e9rz\u00e9keny \u00e9s kipirosodott b\u0151r \u00e1pol\u00e1s\u00e1ra<\/strong> kifejlesztett arckr\u00e9m\u00fcnket, amelyet az allerg\u00e9nmentes Feh\u00e9r Tea illat \u00e9s gondosan v\u00e1logatott \u00f6sszetev\u0151k tesznek igaz\u00e1n k\u00fcl\u00f6nlegess\u00e9. Ez az arckr\u00e9m nemcsak hidrat\u00e1l, hanem k\u00edm\u00e9letesen nyugtatja \u00e9s v\u00e9di a b\u0151rt, mik\u00f6zben t\u00e1mogatja annak term\u00e9szetes regener\u00e1l\u00f3d\u00e1s\u00e1t.<\/p>\n<h3>5 k\u00fcl\u00f6nleges vir\u00e1gkivonattal, Q10 koenzimmel \u00e9s Niacinamide-dal gazdag\u00edtva:<\/h3>\n<ul>\n<li><strong>K\u00f6r\u00f6mvir\u00e1golaj:<\/strong> Ez a kiv\u00e9teles olaj hat\u00e9konyan cs\u00f6kkenti a gyullad\u00e1sokat \u00e9s megel\u0151zi a bakt\u00e9riumok okozta irrit\u00e1ci\u00f3t. Nyugtatja \u00e9s regener\u00e1lja a b\u0151rt, mik\u00f6zben seg\u00edti a term\u00e9szetes h\u00e1mosod\u00e1si folyamatokat.<\/li>\n<li><strong>Makad\u00e1mia olaj:<\/strong> Egyed\u00fcl\u00e1ll\u00f3 \u00f6sszetev\u0151, amely er\u0151s\u00edti a b\u0151r v\u00e9d\u0151r\u00e9teg\u00e9t \u00e9s m\u00e9lyen hidrat\u00e1lja a b\u0151r als\u00f3bb r\u00e9tegeit. Haszn\u00e1lat\u00e1val a b\u0151r selymesen sim\u00e1v\u00e1 \u00e9s rugalmass\u00e1 v\u00e1lik.<\/li>\n<li><strong>K\u00e9k kamilla (Bisabolol):<\/strong> A b\u0151r\u00e1pol\u00e1s gyeng\u00e9d bajnoka, amely kifejezetten az \u00e9rz\u00e9keny \u00e9s irrit\u00e1lt b\u0151r nyugtat\u00e1s\u00e1ra szolg\u00e1l. Hat\u00e9konyan cs\u00f6kkenti a b\u0151rp\u00edrt, mik\u00f6zben v\u00e9di a b\u0151rt a k\u00f6rnyezet k\u00e1ros hat\u00e1sait\u00f3l \u00e9s a nap okozta s\u00e9r\u00fcl\u00e9sekt\u0151l.<\/li>\n<li><strong>Z\u00f6ldtea kivonat:<\/strong> Rosace\u00e1s b\u0151r \u00e1pol\u00e1s\u00e1hoz ide\u00e1lis, mivel \u00f6sszeh\u00faz\u00f3 \u00e9s toniz\u00e1l\u00f3 hat\u00e1s\u00fa, valamint cs\u00f6kkenti a k\u00f6rnyezeti stressz \u00e9s az UV-sug\u00e1rz\u00e1s okozta k\u00e1rokat. T\u00e1mogatja a pigmentfoltok megel\u0151z\u00e9s\u00e9t \u00e9s a b\u0151r eg\u00e9szs\u00e9ges megjelen\u00e9s\u00e9t.<\/li>\n<li><strong>Damaszkuszi r\u00f3zsav\u00edz:<\/strong> Egy igazi anti-aging hat\u00f3anyag, amely hidrat\u00e1l, feszes\u00edt \u00e9s toniz\u00e1l. B\u00e1rsonyos puhas\u00e1got \u00e9s frissess\u00e9get k\u00f6lcs\u00f6n\u00f6z a b\u0151rnek, mik\u00f6zben seg\u00edt cs\u00f6kkenteni a r\u00e1ncokat \u00e9s \u00e9l\u00e9nk\u00edti az arcsz\u00ednt.<\/li>\n<\/ul>\n<h3>Hogyan haszn\u00e1ld?<\/h3>\n<ol>\n<li>Tiszt\u00edtsd meg alaposan az arcb\u0151r\u00f6det.<\/li>\n<li>Vidd fel a kr\u00e9met az arcodra.<\/li>\n<li>K\u00f6rk\u00f6r\u00f6s mozdulatokkal massz\u00edrozd be, am\u00edg teljesen felsz\u00edv\u00f3dik.<\/li>\n<\/ol>\n<h3>Mi\u00e9rt v\u00e1laszd ezt az arckr\u00e9met?<\/h3>\n<ul>\n<li><strong>K\u00edm\u00e9letes:<\/strong> Nem tartalmaz alkoholt, ez\u00e9rt nem sz\u00e1r\u00edtja a b\u0151rt.<\/li>\n<li><strong>Antiallerg\u00e9n:<\/strong> \u00d6sszetev\u0151i nem okoznak irrit\u00e1ci\u00f3t.<\/li>\n<li><strong>Veg\u00e1n \u00e9s \u00e1llatk\u00eds\u00e9rlet-mentes:<\/strong> Szeretj\u00fck az \u00e1llatokat, \u00edgy term\u00e9keink fejleszt\u00e9se sor\u00e1n nem v\u00e9gz\u00fcnk \u00e1llatk\u00eds\u00e9rleteket.<\/li>\n<\/ul>\n<p>&nbsp;<\/p>","protected":false},"excerpt":{"rendered":"<h3><strong>Hat\u00f3anyagok a t\u00f6k\u00e9letes b\u0151r\u00e9rt<\/strong><\/h3>\n<p><strong>5 k\u00fcl\u00f6nleges vir\u00e1gkivonat<\/strong>, <strong>Q10 koenzim<\/strong> \u00e9s <strong>Niacinamide<\/strong> az eg\u00e9szs\u00e9ges, ragyog\u00f3 b\u0151r\u00e9rt!<\/p>\n<ul>\n<li><strong>K\u00f6r\u00f6mvir\u00e1golaj<\/strong>: Nyugtatja \u00e9s regener\u00e1lja a b\u0151rt, cs\u00f6kkenti a gyullad\u00e1st \u00e9s az irrit\u00e1ci\u00f3t.<\/li>\n<li><strong>Makad\u00e1mia olaj<\/strong>: Er\u0151s\u00edti a b\u0151r v\u00e9d\u0151r\u00e9teg\u00e9t \u00e9s m\u00e9lyen hidrat\u00e1lja, hogy selymesen puha \u00e9s rugalmas legyen.<\/li>\n<li><strong>K\u00e9k kamilla<\/strong>: Nyugtatja az \u00e9rz\u00e9keny b\u0151rt, cs\u00f6kkenti a b\u0151rp\u00edrt, mik\u00f6zben v\u00e9di a k\u00f6rnyezeti k\u00e1ros hat\u00e1sokt\u00f3l.<\/li>\n<li><strong>Z\u00f6ldtea kivonat<\/strong>: Cs\u00f6kkenti az irrit\u00e1ci\u00f3t \u00e9s a pigmentfoltok kialakul\u00e1s\u00e1t, mik\u00f6zben toniz\u00e1lja a b\u0151rt.<\/li>\n<li><strong>Damaszkuszi r\u00f3zsav\u00edz<\/strong>: Feszes\u00edt, hidrat\u00e1l, \u00e9s b\u00e1rsonyos frissess\u00e9get biztos\u00edt a b\u0151rnek.<\/li>\n<\/ul>\n<p><strong>Tapasztald meg b\u0151r\u00f6d term\u00e9szetes ragyog\u00e1s\u00e1t ezzel az innovat\u00edv arckr\u00e9mmel!<\/strong> V\u00e1laszd a t\u00f6k\u00e9letes \u00e1pol\u00e1st most, \u00e9s hagyd, hogy b\u0151r\u00f6d h\u00e1l\u00e1san viszonozza a t\u00f6r\u0151d\u00e9st!<\/p>","protected":false},"featured_media":10457,"template":"","meta":{"site-sidebar-layout":"default","site-content-layout":"","ast-site-content-layout":"default","site-content-style":"default","site-sidebar-style":"default","ast-global-header-display":"","ast-banner-title-visibility":"","ast-main-header-display":"","ast-hfb-above-header-display":"","ast-hfb-below-header-display":"","ast-hfb-mobile-header-display":"","site-post-title":"","ast-breadcrumbs-content":"","ast-featured-img":"","footer-sml-layout":"","theme-transparent-header-meta":"default","adv-header-id-meta":"","stick-header-meta":"","header-above-stick-meta":"","header-main-stick-meta":"","header-below-stick-meta":"","astra-migrate-meta-layouts":"set","ast-page-background-enabled":"default","ast-page-background-meta":{"desktop":{"background-color":"","background-image":"","background-repeat":"repeat","background-position":"center center","background-size":"auto","background-attachment":"scroll","background-type":"","background-media":"","overlay-type":"","overlay-color":"","overlay-opacity":"","overlay-gradient":""},"tablet":{"background-color":"","background-image":"","background-repeat":"repeat","background-position":"center center","background-size":"auto","background-attachment":"scroll","background-type":"","background-media":"","overlay-type":"","overlay-color":"","overlay-opacity":"","overlay-gradient":""},"mobile":{"background-color":"","background-image":"","background-repeat":"repeat","background-position":"center center","background-size":"auto","background-attachment":"scroll","background-type":"","background-media":"","overlay-type":"","overlay-color":"","overlay-opacity":"","overlay-gradient":""}},"ast-content-background-meta":{"desktop":{"background-color":"var(--ast-global-color-5)","background-image":"","background-repeat":"repeat","background-position":"center center","background-size":"auto","background-attachment":"scroll","background-type":"","background-media":"","overlay-type":"","overlay-color":"","overlay-opacity":"","overlay-gradient":""},"tablet":{"background-color":"var(--ast-global-color-5)","background-image":"","background-repeat":"repeat","background-position":"center center","background-size":"auto","background-attachment":"scroll","background-type":"","background-media":"","overlay-type":"","overlay-color":"","overlay-opacity":"","overlay-gradient":""},"mobile":{"background-color":"var(--ast-global-color-5)","background-image":"","background-repeat":"repeat","background-position":"center center","background-size":"auto","background-attachment":"scroll","background-type":"","background-media":"","overlay-type":"","overlay-color":"","overlay-opacity":"","overlay-gradient":""}}},"product_brand":[],"product_cat":[202,100],"product_tag":[120,139],"class_list":{"0":"post-10471","1":"product","2":"type-product","3":"status-publish","4":"has-post-thumbnail","6":"product_cat-arcapolas","7":"product_cat-naturkozmetikum","8":"product_tag-fenntarthato","9":"product_tag-naturkozmetikum","10":"desktop-align-left","11":"tablet-align-left","12":"mobile-align-left","14":"first","15":"instock","16":"shipping-taxable","17":"purchasable","18":"product-type-simple"},"supplier_id":null,"supplier_sku":"","barcode":null,"atum_controlled":true,"out_stock_date":null,"out_stock_threshold":null,"inheritable":false,"inbound_stock":0,"stock_on_hold":0,"sold_today":0,"sales_last_days":0,"reserved_stock":0,"customer_returns":0,"warehouse_damage":0,"lost_in_post":0,"other_logs":0,"out_stock_days":0,"lost_sales":0,"has_location":true,"update_date":"2026-05-13T21:19:52","atum_locations":[{"id":181,"name":"1185 Budapest G\u00f6mbak\u00e1c utca 39.","slug":"1185-budapest-gombakac-utca-39"}],"atum_stock_status":"instock","restock_status":false,"low_stock_amount":1,"sales_update_date":"2026-05-13T21:19:52","calc_backorders":null,"_links":{"self":[{"href":"https:\/\/hartaum.hu\/en\/wp-json\/wp\/v2\/product\/10471","targetHints":{"allow":["GET"]}}],"collection":[{"href":"https:\/\/hartaum.hu\/en\/wp-json\/wp\/v2\/product"}],"about":[{"href":"https:\/\/hartaum.hu\/en\/wp-json\/wp\/v2\/types\/product"}],"wp:featuredmedia":[{"embeddable":true,"href":"https:\/\/hartaum.hu\/en\/wp-json\/wp\/v2\/media\/10457"}],"wp:attachment":[{"href":"https:\/\/hartaum.hu\/en\/wp-json\/wp\/v2\/media?parent=10471"}],"wp:term":[{"taxonomy":"product_brand","embeddable":true,"href":"https:\/\/hartaum.hu\/en\/wp-json\/wp\/v2\/product_brand?post=10471"},{"taxonomy":"product_cat","embeddable":true,"href":"https:\/\/hartaum.hu\/en\/wp-json\/wp\/v2\/product_cat?post=10471"},{"taxonomy":"product_tag","embeddable":true,"href":"https:\/\/hartaum.hu\/en\/wp-json\/wp\/v2\/product_tag?post=10471"}],"curies":[{"name":"wp","href":"https:\/\/api.w.org\/{rel}","templated":true}]}}