{"id":10472,"date":"2024-12-08T15:59:37","date_gmt":"2024-12-08T14:59:37","guid":{"rendered":"https:\/\/hartaum.hu\/?post_type=product&#038;p=10472"},"modified":"2025-12-26T13:17:33","modified_gmt":"2025-12-26T12:17:33","slug":"vitalizalo-arcradir","status":"publish","type":"product","link":"https:\/\/hartaum.hu\/en\/webshop\/naturkozmetikum\/arcapolas\/vitalizalo-arcradir\/","title":{"rendered":"Vitaliz\u00e1l\u00f3 arcrad\u00edr"},"content":{"rendered":"<p>Shea vajas b\u0151rrad\u00edr olajokkal gazdag\u00edtva.<\/p>\n<p>A rendszeres arctiszt\u00edt\u00e1s \u00e9s b\u0151r\u00e1pol\u00e1s minden \u00e9letkorban alapvet\u0151 fontoss\u00e1g\u00fa! Ahhoz, hogy a term\u00e9szetes hat\u00f3anyagok felsz\u00edv\u00f3djanak, \u00e9rdemes hetente legal\u00e1bb k\u00e9tszer arcrad\u00edrozni. A shea vaj m\u00e9lyen hidrat\u00e1lja \u00e9s regener\u00e1lja a b\u0151rt, a s\u00e1rgabarackmag olaj pedig \u00faj\u00e9letre kelti az \u00f6reged\u0151 h\u00e1msejteket. A szemcs\u00e9s \u00e1llag\u00e9rt a rizspor felel\u0151s, mely k\u00edm\u00e9letesen rad\u00edroz \u00e9s k\u00fcl\u00f6n\u00f6sen j\u00f3t tesz a v\u00edzhi\u00e1nyos b\u0151rnek. Az olajokkal \u00e9s van\u00edlia illattal f\u0171szerezett shea vajas b\u0151rrad\u00edr igazi \u00e9lm\u00e9nny\u00e9 var\u00e1zsolja a b\u0151r\u00e1pol\u00e1st!<\/p>\n<p>Haszn\u00e1lata: A nedves arcb\u0151rbe kis mennyis\u00e9g\u0171 term\u00e9ket k\u00f6rk\u00f6r\u00f6s mozdulatokkal massz\u00edrozz bele. Ezut\u00e1n langyos v\u00edzzel \u00e9s vattakoronggal \u00f6bl\u00edtsd le. \u00dcgyelj arra, hogy a szem k\u00f6rny\u00e9k\u00e9t elker\u00fcld!<\/p>","protected":false},"excerpt":{"rendered":"<p>Shea vajas b\u0151rrad\u00edr olajokkal gazdag\u00edtva.<\/p>\n<p>A rendszeres arctiszt\u00edt\u00e1s \u00e9s b\u0151r\u00e1pol\u00e1s minden \u00e9letkorban alapvet\u0151 fontoss\u00e1g\u00fa! Ahhoz, hogy a term\u00e9szetes hat\u00f3anyagok felsz\u00edv\u00f3djanak, \u00e9rdemes hetente legal\u00e1bb k\u00e9tszer arcrad\u00edrozni. A shea vaj m\u00e9lyen hidrat\u00e1lja \u00e9s regener\u00e1lja a b\u0151rt, a s\u00e1rgabarackmag olaj pedig \u00faj\u00e9letre kelti az \u00f6reged\u0151 h\u00e1msejteket. A szemcs\u00e9s \u00e1llag\u00e9rt a rizspor felel\u0151s, mely k\u00edm\u00e9letesen rad\u00edroz \u00e9s k\u00fcl\u00f6n\u00f6sen j\u00f3t tesz a v\u00edzhi\u00e1nyos b\u0151rnek. Az olajokkal \u00e9s van\u00edlia illattal f\u0171szerezett shea vajas b\u0151rrad\u00edr igazi \u00e9lm\u00e9nny\u00e9 var\u00e1zsolja a b\u0151r\u00e1pol\u00e1st!<\/p>\n<p>Haszn\u00e1lata: A nedves arcb\u0151rbe kis mennyis\u00e9g\u0171 term\u00e9ket k\u00f6rk\u00f6r\u00f6s mozdulatokkal massz\u00edrozz bele. Ezut\u00e1n langyos v\u00edzzel \u00e9s vattakoronggal \u00f6bl\u00edtsd le. \u00dcgyelj arra, hogy a szem k\u00f6rny\u00e9k\u00e9t elker\u00fcld!<\/p>\n<p>&nbsp;<\/p>","protected":false},"featured_media":10459,"template":"","meta":{"site-sidebar-layout":"default","site-content-layout":"","ast-site-content-layout":"default","site-content-style":"default","site-sidebar-style":"default","ast-global-header-display":"","ast-banner-title-visibility":"","ast-main-header-display":"","ast-hfb-above-header-display":"","ast-hfb-below-header-display":"","ast-hfb-mobile-header-display":"","site-post-title":"","ast-breadcrumbs-content":"","ast-featured-img":"","footer-sml-layout":"","theme-transparent-header-meta":"default","adv-header-id-meta":"","stick-header-meta":"","header-above-stick-meta":"","header-main-stick-meta":"","header-below-stick-meta":"","astra-migrate-meta-layouts":"set","ast-page-background-enabled":"default","ast-page-background-meta":{"desktop":{"background-color":"","background-image":"","background-repeat":"repeat","background-position":"center center","background-size":"auto","background-attachment":"scroll","background-type":"","background-media":"","overlay-type":"","overlay-color":"","overlay-opacity":"","overlay-gradient":""},"tablet":{"background-color":"","background-image":"","background-repeat":"repeat","background-position":"center center","background-size":"auto","background-attachment":"scroll","background-type":"","background-media":"","overlay-type":"","overlay-color":"","overlay-opacity":"","overlay-gradient":""},"mobile":{"background-color":"","background-image":"","background-repeat":"repeat","background-position":"center center","background-size":"auto","background-attachment":"scroll","background-type":"","background-media":"","overlay-type":"","overlay-color":"","overlay-opacity":"","overlay-gradient":""}},"ast-content-background-meta":{"desktop":{"background-color":"var(--ast-global-color-5)","background-image":"","background-repeat":"repeat","background-position":"center center","background-size":"auto","background-attachment":"scroll","background-type":"","background-media":"","overlay-type":"","overlay-color":"","overlay-opacity":"","overlay-gradient":""},"tablet":{"background-color":"var(--ast-global-color-5)","background-image":"","background-repeat":"repeat","background-position":"center center","background-size":"auto","background-attachment":"scroll","background-type":"","background-media":"","overlay-type":"","overlay-color":"","overlay-opacity":"","overlay-gradient":""},"mobile":{"background-color":"var(--ast-global-color-5)","background-image":"","background-repeat":"repeat","background-position":"center center","background-size":"auto","background-attachment":"scroll","background-type":"","background-media":"","overlay-type":"","overlay-color":"","overlay-opacity":"","overlay-gradient":""}}},"product_brand":[],"product_cat":[202,100],"product_tag":[120,139],"class_list":{"0":"post-10472","1":"product","2":"type-product","3":"status-publish","4":"has-post-thumbnail","6":"product_cat-arcapolas","7":"product_cat-naturkozmetikum","8":"product_tag-fenntarthato","9":"product_tag-naturkozmetikum","10":"desktop-align-left","11":"tablet-align-left","12":"mobile-align-left","14":"first","15":"instock","16":"shipping-taxable","17":"purchasable","18":"product-type-simple"},"supplier_id":null,"supplier_sku":"","barcode":null,"atum_controlled":true,"out_stock_date":null,"out_stock_threshold":null,"inheritable":false,"inbound_stock":0,"stock_on_hold":0,"sold_today":0,"sales_last_days":0,"reserved_stock":0,"customer_returns":0,"warehouse_damage":0,"lost_in_post":0,"other_logs":0,"out_stock_days":0,"lost_sales":0,"has_location":true,"update_date":"2026-05-13T21:19:52","atum_locations":[{"id":181,"name":"1185 Budapest G\u00f6mbak\u00e1c utca 39.","slug":"1185-budapest-gombakac-utca-39"}],"atum_stock_status":"instock","restock_status":false,"low_stock_amount":3,"sales_update_date":"2026-05-13T21:19:52","calc_backorders":null,"_links":{"self":[{"href":"https:\/\/hartaum.hu\/en\/wp-json\/wp\/v2\/product\/10472","targetHints":{"allow":["GET"]}}],"collection":[{"href":"https:\/\/hartaum.hu\/en\/wp-json\/wp\/v2\/product"}],"about":[{"href":"https:\/\/hartaum.hu\/en\/wp-json\/wp\/v2\/types\/product"}],"wp:featuredmedia":[{"embeddable":true,"href":"https:\/\/hartaum.hu\/en\/wp-json\/wp\/v2\/media\/10459"}],"wp:attachment":[{"href":"https:\/\/hartaum.hu\/en\/wp-json\/wp\/v2\/media?parent=10472"}],"wp:term":[{"taxonomy":"product_brand","embeddable":true,"href":"https:\/\/hartaum.hu\/en\/wp-json\/wp\/v2\/product_brand?post=10472"},{"taxonomy":"product_cat","embeddable":true,"href":"https:\/\/hartaum.hu\/en\/wp-json\/wp\/v2\/product_cat?post=10472"},{"taxonomy":"product_tag","embeddable":true,"href":"https:\/\/hartaum.hu\/en\/wp-json\/wp\/v2\/product_tag?post=10472"}],"curies":[{"name":"wp","href":"https:\/\/api.w.org\/{rel}","templated":true}]}}