{"id":10473,"date":"2024-12-08T16:06:41","date_gmt":"2024-12-08T15:06:41","guid":{"rendered":"https:\/\/hartaum.hu\/?post_type=product&#038;p=10473"},"modified":"2025-02-10T15:02:40","modified_gmt":"2025-02-10T14:02:40","slug":"nordikus-ferfi-arckrem","status":"publish","type":"product","link":"https:\/\/hartaum.hu\/en\/webshop\/naturkozmetikum\/arcapolas\/nordikus-ferfi-arckrem\/","title":{"rendered":"Nordikus F\u00e9rfi arckr\u00e9m"},"content":{"rendered":"<div class=\"flex-shrink-0 flex flex-col relative items-end\">\n<div>\n<div class=\"pt-0\">\n<div class=\"gizmo-bot-avatar flex h-8 w-8 items-center justify-center overflow-hidden rounded-full\">\n<div class=\"relative p-1 rounded-sm flex items-center justify-center bg-token-main-surface-primary text-token-text-primary h-8 w-8\"><\/div>\n<\/div>\n<\/div>\n<\/div>\n<div data-speechify-shadow-container=\"true\"><\/div>\n<\/div>\n<div class=\"group\/conversation-turn relative flex w-full min-w-0 flex-col agent-turn\">\n<div class=\"flex-col gap-1 md:gap-3\">\n<div class=\"flex max-w-full flex-col flex-grow\">\n<div class=\"min-h-8 text-message flex w-full flex-col items-end gap-2 whitespace-normal break-words text-start [.text-message+&amp;]:mt-5\" dir=\"auto\" data-message-author-role=\"assistant\" data-message-id=\"21639621-dbc0-4d6d-9125-4a30f4367352\" data-message-model-slug=\"gpt-4o\">\n<div class=\"flex w-full flex-col gap-1 empty:hidden first:pt-[3px]\">\n<div class=\"markdown prose w-full break-words dark:prose-invert light\">\n<h3><strong>Term\u00e9szetes b\u0151r\u00e1pol\u00e1s f\u00e9rfiaknak<\/strong><\/h3>\n<p>F\u00e9rfiaknak k\u00e9sz\u00fclt <strong>hidrat\u00e1l\u00f3 kr\u00e9m<\/strong>, amely \u00f6tv\u00f6zi a term\u00e9szet erej\u00e9t \u00e9s a modern \u00e1pol\u00e1s ig\u00e9nyeit. <strong>N\u00f6v\u00e9nyi \u00f6sszetev\u0151kkel<\/strong> gazdag\u00edtott formul\u00e1ja hat\u00e9konyan <strong>hidrat\u00e1lja<\/strong>, <strong>nyugtatja<\/strong> \u00e9s v\u00e9di a b\u0151rt, mik\u00f6zben friss \u00e9s <strong>energiz\u00e1l\u00f3 illata<\/strong> eg\u00e9sz nap frissess\u00e9get biztos\u00edt.<\/p>\n<p>A <strong>kollag\u00e9nszint\u00e9zist serkent\u0151<\/strong> \u00f6sszetev\u0151k seg\u00edtenek meg\u0151rizni a b\u0151r rugalmass\u00e1g\u00e1t \u00e9s feszess\u00e9g\u00e9t, m\u00edg a <strong>mikrokering\u00e9s jav\u00edt\u00e1sa<\/strong> \u00e1ltal t\u00e1mogatj\u00e1k a b\u0151r term\u00e9szetes regener\u00e1l\u00f3d\u00e1s\u00e1t. Ide\u00e1lis v\u00e1laszt\u00e1s azoknak, akik a mindennapi <strong>stressz<\/strong> \u00e9s <strong>f\u00e1radts\u00e1g<\/strong> jeleit szeretn\u00e9k elt\u00fcntetni.<\/p>\n<p>A k\u00f6nny\u0171 text\u00far\u00e1j\u00fa kr\u00e9m gyorsan <strong>felsz\u00edv\u00f3dik<\/strong>, nem hagy zs\u00edros \u00e9rzetet, \u00edgy ide\u00e1lis ak\u00e1r reggeli, ak\u00e1r esti haszn\u00e1latra. <strong>Parab\u00e9n-, alkohol- \u00e9s sz\u00ednez\u00e9kmentes<\/strong>, valamint <strong>nem komedog\u00e9n<\/strong> \u00f6sszet\u00e9tele biztos\u00edtja, hogy minden b\u0151rt\u00edpus sz\u00e1m\u00e1ra megfelel\u0151 legyen, bele\u00e9rtve a probl\u00e9m\u00e1s vagy \u00e9rz\u00e9keny b\u0151rt is. A <strong>gazdas\u00e1gos kiszerel\u00e9s<\/strong> miatt hossz\u00fa t\u00e1von is kiv\u00e1l\u00f3 befektet\u00e9s.<\/p>\n<p>A <strong>skandin\u00e1v tisztas\u00e1g \u00e9s term\u00e9szetess\u00e9g<\/strong> \u00e1ltal ihletett megjelen\u00e9s nemcsak a b\u0151rnek, hanem az \u00e9rz\u00e9keknek is \u00e9lm\u00e9ny. A b\u0151r \u00e1polt, puha \u00e9s eg\u00e9szs\u00e9ges megjelen\u00e9s\u0171v\u00e9 v\u00e1lik, mik\u00f6zben a kr\u00e9m <strong>er\u0151t \u00e9s frissess\u00e9get<\/strong> sug\u00e1roz.<\/p>\n<h3><strong>El\u0151ny\u00f6k, ami\u00e9rt \u00e9rdemes v\u00e1lasztani<\/strong><\/h3>\n<ul>\n<li><strong>Hidrat\u00e1l\u00e1s \u00e9s v\u00e9delem<\/strong>: Azonnali \u00e9s hosszan tart\u00f3 hidrat\u00e1l\u00f3 hat\u00e1s.<\/li>\n<li><strong>Gyullad\u00e1scs\u00f6kkent\u00e9s<\/strong>: Seg\u00edt megnyugtatni az irrit\u00e1lt b\u0151rt.<\/li>\n<li><strong>Kollag\u00e9nszint\u00e9zis serkent\u00e9se<\/strong>: T\u00e1mogatja a b\u0151r rugalmass\u00e1g\u00e1t \u00e9s feszess\u00e9g\u00e9t.<\/li>\n<li><strong>Stressz \u00e9s f\u00e1radts\u00e1g jeleinek elt\u00fcntet\u00e9se<\/strong>: \u00dcd\u00e9bb, energikusabb arcb\u0151r.<\/li>\n<li><strong>Gyors felsz\u00edv\u00f3d\u00e1s<\/strong>: Nem hagy zs\u00edros \u00e9rzetet, azonnal kifejti hat\u00e1s\u00e1t.<\/li>\n<li><strong>K\u00f6rnyezetbar\u00e1t formula<\/strong>: <strong>Parab\u00e9n-, alkohol- \u00e9s sz\u00ednez\u00e9kmentes<\/strong>, nem komedog\u00e9n.<\/li>\n<\/ul>\n<h3><strong>Haszn\u00e1lati utas\u00edt\u00e1s<\/strong><\/h3>\n<ol>\n<li><strong>Reggel \u00e9s\/vagy este<\/strong> tiszt\u00edtsd meg alaposan az arcb\u0151r\u00f6d.<\/li>\n<li>Egy kis mennyis\u00e9get vigy\u00e9l fel a b\u0151rre.<\/li>\n<li><strong>K\u00f6rk\u00f6r\u00f6s mozdulatokkal<\/strong> gyeng\u00e9den massz\u00edrozd be, am\u00edg teljesen felsz\u00edv\u00f3dik.<\/li>\n<\/ol>\n<p><strong>Tapasztald meg a term\u00e9szetes b\u0151r\u00e1pol\u00e1s erej\u00e9t, \u00e9s adj es\u00e9lyt b\u0151r\u00f6d fiatalos ragyog\u00e1s\u00e1nak!<\/strong><\/p>\n<\/div>\n<\/div>\n<\/div>\n<\/div>\n<\/div>\n<\/div>\n<p>&nbsp;<\/p>\n<p>&nbsp;<\/p>","protected":false},"excerpt":{"rendered":"<h3><strong>Term\u00e9szetes b\u0151r\u00e1pol\u00e1s f\u00e9rfiaknak<\/strong><\/h3>\n<p>A <strong>vikingek \u00e9lete<\/strong> kih\u00edv\u00e1sokkal teli \u00e9s kifejezetten k\u00fczdelmesnek sz\u00e1m\u00edtott. Azonban t\u00f6bb r\u00e9g\u00e9szeti bizony\u00edt\u00e9k is utal arra, hogy kifejezetten odafigyeltek a szem\u00e9lyes higi\u00e9ni\u00e1jukra \u00e9s a megjelen\u00e9s\u00fckre. T\u00f6bb f\u00e9s\u0171t, borotv\u00e1t \u00e9s f\u00fcltiszt\u00edt\u00f3t is tal\u00e1ltak m\u00e1r a megboldogult viking harcosok mell\u00e9 temetve, akik sokszor m\u00e9g a hajukat is sz\u0151k\u00edtett\u00e9k. Ebb\u0151l ad\u00f3d\u00f3an nagy es\u00e9llyel a b\u0151r\u00fcket is k\u00fcl\u00f6nf\u00e9le m\u00f3don \u00e1polhatt\u00e1k. A kem\u00e9ny, jeges id\u0151j\u00e1r\u00e1s kikezdi az arcb\u0151rt, a skandin\u00e1v n\u00e9pek pedig m\u00e1ig pontosan tudj\u00e1k, melyek a <strong>tudatos b\u0151r\u00e1pol\u00e1s l\u00e9p\u00e9sei<\/strong>. Ebben a f\u00e9rfi arckr\u00e9mben minden benne van, ami a <strong>min\u0151s\u00e9gi b\u0151r\u00e1pol\u00e1s<\/strong> alapjaihoz elengedhetetlen. A min\u0151s\u00e9gi \u00f6sszetev\u0151k, letisztult, m\u00e9gis f\u00e9rfias illattal p\u00e1rosulnak, pont ahogyan elv\u00e1rn\u00e1nk egy a skandin\u00e1v b\u0151r\u00e1pol\u00e1s ihlette kr\u00e9mt\u0151l.<\/p>\n<p>A <strong>n\u00f6v\u00e9nyi \u00f6sszetev\u0151kb\u0151l<\/strong> \u00e1ll\u00f3 kr\u00e9m egyszerre <strong>hidrat\u00e1l\u00f3<\/strong>, <strong>gyullad\u00e1scs\u00f6kkent\u0151<\/strong> \u00e9s <strong>k\u00e9nyeztet\u0151 hat\u00e1s\u00fa<\/strong>. <strong>Friss, divatos illata<\/strong> azonnal elvar\u00e1zsol, mik\u00f6zben <strong>k\u00f6nny\u0171 text\u00far\u00e1ja<\/strong> gyorsan <strong>felsz\u00edv\u00f3dik<\/strong>, nem hagy <strong>zs\u00edros \u00e9rzetet<\/strong>, \u00e9s <strong>gazdas\u00e1gos kiszerel\u00e9s\u0171<\/strong>.<\/p>\n<p><strong>Parab\u00e9n-, alkohol- \u00e9s sz\u00ednez\u00e9kmentes<\/strong>, valamint <strong>nem komedog\u00e9n<\/strong> formula, amely t\u00e1mogatja a <strong>kollag\u00e9n szint\u00e9zist<\/strong>, jav\u00edtja a <strong>mikrokering\u00e9st<\/strong>, \u00e9s seg\u00edt cs\u00f6kkenteni a <strong>stressz \u00e9s f\u00e1radts\u00e1g<\/strong> l\u00e1that\u00f3 jeleit. A <strong>skandin\u00e1v tisztas\u00e1g \u00e9s term\u00e9szetess\u00e9g<\/strong> ihlette, ami <strong>er\u0151t<\/strong> \u00e9s <strong>frissess\u00e9get<\/strong> sugall.<\/p>\n<p><strong>Haszn\u00e1lata<\/strong>: Vidd fel a <strong>megtiszt\u00edtott arcb\u0151rre<\/strong>, \u00e9s massz\u00edrozd be <strong>k\u00f6rk\u00f6r\u00f6s mozdulatokkal<\/strong>.<\/p>","protected":false},"featured_media":10432,"template":"","meta":{"site-sidebar-layout":"default","site-content-layout":"","ast-site-content-layout":"default","site-content-style":"default","site-sidebar-style":"default","ast-global-header-display":"","ast-banner-title-visibility":"","ast-main-header-display":"","ast-hfb-above-header-display":"","ast-hfb-below-header-display":"","ast-hfb-mobile-header-display":"","site-post-title":"","ast-breadcrumbs-content":"","ast-featured-img":"","footer-sml-layout":"","theme-transparent-header-meta":"default","adv-header-id-meta":"","stick-header-meta":"","header-above-stick-meta":"","header-main-stick-meta":"","header-below-stick-meta":"","astra-migrate-meta-layouts":"set","ast-page-background-enabled":"default","ast-page-background-meta":{"desktop":{"background-color":"","background-image":"","background-repeat":"repeat","background-position":"center center","background-size":"auto","background-attachment":"scroll","background-type":"","background-media":"","overlay-type":"","overlay-color":"","overlay-opacity":"","overlay-gradient":""},"tablet":{"background-color":"","background-image":"","background-repeat":"repeat","background-position":"center center","background-size":"auto","background-attachment":"scroll","background-type":"","background-media":"","overlay-type":"","overlay-color":"","overlay-opacity":"","overlay-gradient":""},"mobile":{"background-color":"","background-image":"","background-repeat":"repeat","background-position":"center center","background-size":"auto","background-attachment":"scroll","background-type":"","background-media":"","overlay-type":"","overlay-color":"","overlay-opacity":"","overlay-gradient":""}},"ast-content-background-meta":{"desktop":{"background-color":"var(--ast-global-color-5)","background-image":"","background-repeat":"repeat","background-position":"center center","background-size":"auto","background-attachment":"scroll","background-type":"","background-media":"","overlay-type":"","overlay-color":"","overlay-opacity":"","overlay-gradient":""},"tablet":{"background-color":"var(--ast-global-color-5)","background-image":"","background-repeat":"repeat","background-position":"center center","background-size":"auto","background-attachment":"scroll","background-type":"","background-media":"","overlay-type":"","overlay-color":"","overlay-opacity":"","overlay-gradient":""},"mobile":{"background-color":"var(--ast-global-color-5)","background-image":"","background-repeat":"repeat","background-position":"center center","background-size":"auto","background-attachment":"scroll","background-type":"","background-media":"","overlay-type":"","overlay-color":"","overlay-opacity":"","overlay-gradient":""}}},"product_brand":[],"product_cat":[202,100],"product_tag":[120,139],"class_list":{"0":"post-10473","1":"product","2":"type-product","3":"status-publish","4":"has-post-thumbnail","6":"product_cat-arcapolas","7":"product_cat-naturkozmetikum","8":"product_tag-fenntarthato","9":"product_tag-naturkozmetikum","10":"desktop-align-left","11":"tablet-align-left","12":"mobile-align-left","14":"first","15":"instock","16":"shipping-taxable","17":"purchasable","18":"product-type-simple"},"supplier_id":null,"supplier_sku":"","barcode":null,"atum_controlled":true,"out_stock_date":null,"out_stock_threshold":null,"inheritable":false,"inbound_stock":0,"stock_on_hold":0,"sold_today":0,"sales_last_days":0,"reserved_stock":0,"customer_returns":0,"warehouse_damage":0,"lost_in_post":0,"other_logs":0,"out_stock_days":0,"lost_sales":0,"has_location":true,"update_date":"2026-05-13T21:19:53","atum_locations":[{"id":181,"name":"1185 Budapest G\u00f6mbak\u00e1c utca 39.","slug":"1185-budapest-gombakac-utca-39"}],"atum_stock_status":"instock","restock_status":false,"low_stock_amount":3,"sales_update_date":"2026-05-13T21:19:53","calc_backorders":null,"_links":{"self":[{"href":"https:\/\/hartaum.hu\/en\/wp-json\/wp\/v2\/product\/10473","targetHints":{"allow":["GET"]}}],"collection":[{"href":"https:\/\/hartaum.hu\/en\/wp-json\/wp\/v2\/product"}],"about":[{"href":"https:\/\/hartaum.hu\/en\/wp-json\/wp\/v2\/types\/product"}],"wp:featuredmedia":[{"embeddable":true,"href":"https:\/\/hartaum.hu\/en\/wp-json\/wp\/v2\/media\/10432"}],"wp:attachment":[{"href":"https:\/\/hartaum.hu\/en\/wp-json\/wp\/v2\/media?parent=10473"}],"wp:term":[{"taxonomy":"product_brand","embeddable":true,"href":"https:\/\/hartaum.hu\/en\/wp-json\/wp\/v2\/product_brand?post=10473"},{"taxonomy":"product_cat","embeddable":true,"href":"https:\/\/hartaum.hu\/en\/wp-json\/wp\/v2\/product_cat?post=10473"},{"taxonomy":"product_tag","embeddable":true,"href":"https:\/\/hartaum.hu\/en\/wp-json\/wp\/v2\/product_tag?post=10473"}],"curies":[{"name":"wp","href":"https:\/\/api.w.org\/{rel}","templated":true}]}}