{"id":10474,"date":"2024-12-08T16:15:08","date_gmt":"2024-12-08T15:15:08","guid":{"rendered":"https:\/\/hartaum.hu\/?post_type=product&#038;p=10474"},"modified":"2025-02-10T15:40:46","modified_gmt":"2025-02-10T14:40:46","slug":"kollagenes-arckrem-100-ml","status":"publish","type":"product","link":"https:\/\/hartaum.hu\/en\/webshop\/naturkozmetikum\/arcapolas\/kollagenes-arckrem-100-ml\/","title":{"rendered":"Kollag\u00e9nes arckr\u00e9m nagy kiszerel\u00e9s"},"content":{"rendered":"<p><strong>Term\u00e9szetes megold\u00e1s a fiatalos b\u0151r meg\u0151rz\u00e9s\u00e9hez<\/strong><\/p>\n<p>Szeretn\u00e9d, ha b\u0151r\u00f6d tov\u00e1bbra is <strong>\u00fcde \u00e9s fiatalos<\/strong> maradna? Gyeng\u00e9d \u00e9s <strong>hat\u00e9kony t\u00e1mogat\u00e1st<\/strong> keresel az <strong>\u00f6reged\u00e9s l\u00e1that\u00f3 jelei<\/strong> ellen? <strong>Ez az arckr\u00e9m a t\u00f6k\u00e9letes v\u00e1laszt\u00e1s!<\/strong><\/p>\n<p>A <strong>kollag\u00e9n<\/strong> seg\u00edt meg\u0151rizni a b\u0151r <strong>rugalmass\u00e1g\u00e1t<\/strong>, mik\u00f6zben v\u00e9d a k\u00fcls\u0151 k\u00e1ros hat\u00e1sokt\u00f3l. A <strong>jojoba olaj<\/strong> kisim\u00edtja a b\u0151rfelsz\u00ednt, \u00e9s fokozza a hat\u00f3anyagok felsz\u00edv\u00f3d\u00e1s\u00e1t. Az <strong>\u00e9des s\u00e1rgabarackmag olaj<\/strong>, amely <strong>A- \u00e9s E-vitaminban<\/strong> gazdag, regener\u00e1lja \u00e9s <strong>intenz\u00edven hidrat\u00e1lja<\/strong> a b\u0151rt. Haszn\u00e1lat\u00e1val b\u0151r\u00f6d <strong>feszesebb<\/strong>, <strong>ragyog\u00f3bb<\/strong> \u00e9s <strong>l\u00e1that\u00f3an sim\u00e1bb<\/strong> lesz.<\/p>\n<p><strong>Haszn\u00e1lata<\/strong>: Vidd fel a <strong>megtiszt\u00edtott arcb\u0151rre<\/strong>, majd massz\u00edrozd be <strong>k\u00f6rk\u00f6r\u00f6s mozdulatokkal<\/strong>. <strong>Nappal \u00e9s \u00e9jjel<\/strong> egyar\u00e1nt haszn\u00e1lhat\u00f3, \u00e9s hat\u00e1sa a <strong>hialuron sz\u00e9rummal<\/strong> egy\u00fctt m\u00e9g intenz\u00edvebb\u00e9 v\u00e1lik.<\/p>","protected":false},"excerpt":{"rendered":"<p>Friss \u00e9s <strong>fiatalos tekintetre<\/strong> v\u00e1gysz, de az apr\u00f3 <strong>szemk\u00f6rny\u00e9ki r\u00e1ncok<\/strong> miatt nem \u00e9rzed magabiztosnak magad? A <strong>hialuronsav<\/strong> bizony\u00edtottan seg\u00edti a b\u0151r <strong>m\u00e9lyrehat\u00f3 hidrat\u00e1l\u00e1s\u00e1t<\/strong> \u00e9s a <strong>sejtregener\u00e1l\u00f3d\u00e1st<\/strong>. A k\u00fcl\u00f6nlegesen <strong>selymes text\u00fara<\/strong> hat\u00e9konyan \u00e1polja az \u00e9rz\u00e9keny, v\u00e9kony b\u0151rt. A benne l\u00e9v\u0151 <strong>csipkebogy\u00f3 olaj<\/strong> serkenti a <strong>kollag\u00e9n<\/strong> \u00e9s <strong>elasztin termel\u00e9s\u00e9t<\/strong>, feszes\u00edti a b\u0151rt \u00e9s seg\u00edt kisim\u00edtani a <strong>r\u00e1ncokat<\/strong>. K\u00f6nnyed \u00e1llag\u00e1nak k\u00f6sz\u00f6nhet\u0151en szinte <strong>azonnal felsz\u00edv\u00f3dik<\/strong>.<\/p>\n<p><strong>Haszn\u00e1lata<\/strong>: A <strong>szem k\u00f6rny\u00e9k\u00e9n<\/strong> finoman massz\u00edrozd be <strong>k\u00f6rk\u00f6r\u00f6s mozdulatokkal<\/strong> a teljes felsz\u00edv\u00f3d\u00e1sig. <strong>Minden este lefekv\u00e9s el\u0151tt<\/strong> aj\u00e1nlott haszn\u00e1lni.<\/p>","protected":false},"featured_media":10424,"template":"","meta":{"site-sidebar-layout":"default","site-content-layout":"","ast-site-content-layout":"default","site-content-style":"default","site-sidebar-style":"default","ast-global-header-display":"","ast-banner-title-visibility":"","ast-main-header-display":"","ast-hfb-above-header-display":"","ast-hfb-below-header-display":"","ast-hfb-mobile-header-display":"","site-post-title":"","ast-breadcrumbs-content":"","ast-featured-img":"","footer-sml-layout":"","theme-transparent-header-meta":"default","adv-header-id-meta":"","stick-header-meta":"","header-above-stick-meta":"","header-main-stick-meta":"","header-below-stick-meta":"","astra-migrate-meta-layouts":"set","ast-page-background-enabled":"default","ast-page-background-meta":{"desktop":{"background-color":"","background-image":"","background-repeat":"repeat","background-position":"center center","background-size":"auto","background-attachment":"scroll","background-type":"","background-media":"","overlay-type":"","overlay-color":"","overlay-opacity":"","overlay-gradient":""},"tablet":{"background-color":"","background-image":"","background-repeat":"repeat","background-position":"center center","background-size":"auto","background-attachment":"scroll","background-type":"","background-media":"","overlay-type":"","overlay-color":"","overlay-opacity":"","overlay-gradient":""},"mobile":{"background-color":"","background-image":"","background-repeat":"repeat","background-position":"center center","background-size":"auto","background-attachment":"scroll","background-type":"","background-media":"","overlay-type":"","overlay-color":"","overlay-opacity":"","overlay-gradient":""}},"ast-content-background-meta":{"desktop":{"background-color":"var(--ast-global-color-5)","background-image":"","background-repeat":"repeat","background-position":"center center","background-size":"auto","background-attachment":"scroll","background-type":"","background-media":"","overlay-type":"","overlay-color":"","overlay-opacity":"","overlay-gradient":""},"tablet":{"background-color":"var(--ast-global-color-5)","background-image":"","background-repeat":"repeat","background-position":"center center","background-size":"auto","background-attachment":"scroll","background-type":"","background-media":"","overlay-type":"","overlay-color":"","overlay-opacity":"","overlay-gradient":""},"mobile":{"background-color":"var(--ast-global-color-5)","background-image":"","background-repeat":"repeat","background-position":"center center","background-size":"auto","background-attachment":"scroll","background-type":"","background-media":"","overlay-type":"","overlay-color":"","overlay-opacity":"","overlay-gradient":""}}},"product_brand":[],"product_cat":[202,100],"product_tag":[120,139],"class_list":{"0":"post-10474","1":"product","2":"type-product","3":"status-publish","4":"has-post-thumbnail","6":"product_cat-arcapolas","7":"product_cat-naturkozmetikum","8":"product_tag-fenntarthato","9":"product_tag-naturkozmetikum","10":"desktop-align-left","11":"tablet-align-left","12":"mobile-align-left","14":"first","15":"instock","16":"shipping-taxable","17":"purchasable","18":"product-type-simple"},"supplier_id":null,"supplier_sku":"","barcode":null,"atum_controlled":true,"out_stock_date":null,"out_stock_threshold":null,"inheritable":false,"inbound_stock":0,"stock_on_hold":0,"sold_today":0,"sales_last_days":0,"reserved_stock":0,"customer_returns":0,"warehouse_damage":0,"lost_in_post":0,"other_logs":0,"out_stock_days":0,"lost_sales":0,"has_location":true,"update_date":"2026-05-13T21:19:54","atum_locations":[{"id":181,"name":"1185 Budapest G\u00f6mbak\u00e1c utca 39.","slug":"1185-budapest-gombakac-utca-39"}],"atum_stock_status":"instock","restock_status":false,"low_stock_amount":3,"sales_update_date":"2026-05-13T21:19:54","calc_backorders":null,"_links":{"self":[{"href":"https:\/\/hartaum.hu\/en\/wp-json\/wp\/v2\/product\/10474","targetHints":{"allow":["GET"]}}],"collection":[{"href":"https:\/\/hartaum.hu\/en\/wp-json\/wp\/v2\/product"}],"about":[{"href":"https:\/\/hartaum.hu\/en\/wp-json\/wp\/v2\/types\/product"}],"wp:featuredmedia":[{"embeddable":true,"href":"https:\/\/hartaum.hu\/en\/wp-json\/wp\/v2\/media\/10424"}],"wp:attachment":[{"href":"https:\/\/hartaum.hu\/en\/wp-json\/wp\/v2\/media?parent=10474"}],"wp:term":[{"taxonomy":"product_brand","embeddable":true,"href":"https:\/\/hartaum.hu\/en\/wp-json\/wp\/v2\/product_brand?post=10474"},{"taxonomy":"product_cat","embeddable":true,"href":"https:\/\/hartaum.hu\/en\/wp-json\/wp\/v2\/product_cat?post=10474"},{"taxonomy":"product_tag","embeddable":true,"href":"https:\/\/hartaum.hu\/en\/wp-json\/wp\/v2\/product_tag?post=10474"}],"curies":[{"name":"wp","href":"https:\/\/api.w.org\/{rel}","templated":true}]}}