{"id":10475,"date":"2024-12-08T16:19:32","date_gmt":"2024-12-08T15:19:32","guid":{"rendered":"https:\/\/hartaum.hu\/?post_type=product&#038;p=10475"},"modified":"2025-11-05T16:14:25","modified_gmt":"2025-11-05T15:14:25","slug":"sminklemoso-tej","status":"publish","type":"product","link":"https:\/\/hartaum.hu\/en\/webshop\/naturkozmetikum\/arcapolas\/sminklemoso-tej\/","title":{"rendered":"Sminklemos\u00f3 tej"},"content":{"rendered":"<p><strong>K\u00f6rnyezetbar\u00e1t sminklemos\u00f3 kend\u0151 \u00e9s tiszt\u00edt\u00f3 tej<\/strong><\/p>\n<p>Ez a <strong>sminklemos\u00f3 kend\u0151<\/strong> \u00e9s <strong>tiszt\u00edt\u00f3 tej<\/strong> t\u00f6k\u00e9letes kombin\u00e1ci\u00f3t ny\u00fajt az arctiszt\u00edt\u00e1s sor\u00e1n, mik\u00f6zben a <strong>k\u00f6rnyezetbar\u00e1t<\/strong> sz\u00e9ps\u00e9g\u00e1pol\u00e1s szellem\u00e9ben k\u00e9sz\u00fclt. A <strong>kend\u0151<\/strong> teljes eg\u00e9sz\u00e9ben <strong>term\u00e9szetes anyagokb\u00f3l<\/strong> k\u00e9sz\u00fclt szorgos Magyar kezek \u00e1ltal, k\u00e9t oldala k\u00fcl\u00f6nb\u00f6z\u0151 text\u00far\u00e1j\u00fa: a <strong>pamut frott\u00edr<\/strong> bolyhos oldala seg\u00edt <strong>gyeng\u00e9den elt\u00e1vol\u00edtani<\/strong> a sminket \u00e9s szennyez\u0151d\u00e9seket. A <strong>tiszt\u00edt\u00f3 tej<\/strong> k\u00edm\u00e9letesen, de alaposan tiszt\u00edtja meg az arcot, mik\u00f6zben <strong>hidrat\u00e1lja<\/strong> \u00e9s <strong>regener\u00e1lja<\/strong> a b\u0151rt.<\/p>\n<p>V\u00e1laszthat\u00f3 <strong>3 db<\/strong> vagy <strong>7 db kend\u0151<\/strong>, hogy ig\u00e9nyeidnek megfelel\u0151en t\u00e1mogasd a fenntarthat\u00f3 sz\u00e9ps\u00e9g\u00e1pol\u00e1st.<\/p>\n<p>A <strong>sminklemos\u00f3 tej<\/strong> c\u00e9lzott hat\u00f3anyagai nemcsak a napi szennyez\u0151d\u00e9seket, de a <strong>v\u00edz\u00e1ll\u00f3 sminket<\/strong> is k\u00f6nnyed\u00e9n elt\u00e1vol\u00edtj\u00e1k, mik\u00f6zben a <strong>sz\u00e1raz r\u00e9szeket t\u00e1pl\u00e1lj\u00e1k<\/strong>, a zs\u00edros ter\u00fcleteken pedig <strong>szab\u00e1lyozz\u00e1k a faggy\u00fatermel\u00e9st<\/strong>. \u00cdgy az arcb\u0151r <strong>egys\u00e9ges t\u00f3nus\u00fa<\/strong> \u00e9s term\u00e9szetesen ragyog\u00f3 lesz.<\/p>\n<h3>Mi\u00e9rt v\u00e1laszd ezt a kombin\u00e1ci\u00f3t?<\/h3>\n<ul>\n<li><strong>K\u00f6rnyezetbar\u00e1t megold\u00e1s<\/strong>: A kend\u0151 t\u00f6bbsz\u00f6r haszn\u00e1lhat\u00f3,\u00a0 moshat\u00f3, cs\u00f6kkentve a hullad\u00e9kot.<\/li>\n<li><strong>Gyeng\u00e9d tiszt\u00edt\u00e1s<\/strong>: A frott\u00edr text\u00fara \u00e9s a tiszt\u00edt\u00f3 tej k\u00edm\u00e9letes, m\u00e9gis hat\u00e9kony \u00e1pol\u00e1st ny\u00fajt.<\/li>\n<\/ul>\n<p><strong>Haszn\u00e1lati utas\u00edt\u00e1s<\/strong>:<\/p>\n<ol>\n<li><strong>Kend\u0151vel<\/strong>: Enyh\u00e9n nedves\u00edtsd meg a kend\u0151t, majd vigy\u00e9l fel r\u00e1 egy kis mennyis\u00e9g\u0171 <strong>tiszt\u00edt\u00f3 tejet<\/strong>. Gyeng\u00e9den tiszt\u00edtsd meg vele az arcodat.<\/li>\n<li>A kend\u0151t haszn\u00e1lat ut\u00e1n k\u00e9zzel \u00f6bl\u00edtsd \u00e1t, majd tedd a <strong>mos\u00f3g\u00e9pbe<\/strong> maximum 40\u00b0C-on mosni. Sz\u00e1rad\u00e1s ut\u00e1n \u00fajra haszn\u00e1lhat\u00f3.<\/li>\n<\/ol>\n<p>V\u00e1laszd ezt a <strong>k\u00f6rnyezetbar\u00e1t<\/strong>, m\u00e9gis <strong>hat\u00e9kony arctiszt\u00edt\u00f3 megold\u00e1st<\/strong>, hogy b\u0151r\u00f6d \u00e1polt, tiszta \u00e9s friss legyen!<\/p>","protected":false},"excerpt":{"rendered":"<div class=\"flex max-w-full flex-col flex-grow\">\n<div class=\"min-h-8 text-message flex w-full flex-col items-end gap-2 whitespace-normal break-words text-start [.text-message+&amp;]:mt-5\" dir=\"auto\" data-message-author-role=\"assistant\" data-message-id=\"03f87cdc-c892-475e-964a-fe1e3bdde6fd\" data-message-model-slug=\"gpt-4o\">\n<div class=\"flex w-full flex-col gap-1 empty:hidden first:pt-[3px]\">\n<div class=\"markdown prose w-full break-words dark:prose-invert light\">\n<p>Neh\u00e9z olyan <strong>veg\u00e1n sminklemos\u00f3<\/strong> term\u00e9ket tal\u00e1lni a piacon, amely min\u0151s\u00e9gben \u00e9s \u00e1rban is azt hozza, amit elv\u00e1runk t\u0151le. Mi azonban megalkottuk, \u00e9s egy olyan sminklemos\u00f3t k\u00edn\u00e1lunk neked, ami hat\u00e9konyan k\u00e9pes elt\u00e1vol\u00edtani m\u00e9g a legtart\u00f3sabb sminket is. Mindezt persze k\u00edm\u00e9letesen, ami miatt az \u00e9rz\u00e9keny b\u0151r\u0171eknek kifejezetten is aj\u00e1nlott. A <strong>smink lemos\u00e1sa<\/strong> sosem volt m\u00e9g ennyire k\u00f6nnyed, m\u00e9gis hat\u00e9kony egyszerre \u2013 mindezt \u00fagy, hogy k\u00f6rnyezet\u00fcnket is \u00f3vjuk k\u00f6zben. Az \u00e1ltalunk k\u00edn\u00e1lt pamut lemos\u00f3korong \u00e9s sminklemos\u00f3 <strong>term\u00e9kek sz\u00e1raz b\u0151rre<\/strong>, valamint \u00e9rz\u00e9keny b\u0151rt\u00edpusokra is kifejezetten aj\u00e1nlott. Ezek ugyanis semmilyen olyan anyagot nem tartalmaznak, amely irrit\u00e1ln\u00e1 a b\u0151rt.<\/p>\n<p>Ez a <strong>sminklemos\u00f3 kend\u0151<\/strong> \u00e9s <strong>tiszt\u00edt\u00f3 tej<\/strong> ide\u00e1lis p\u00e1ros az arctiszt\u00edt\u00e1shoz, a <strong>k\u00f6rnyezetbar\u00e1t sz\u00e9ps\u00e9g\u00e1pol\u00e1s<\/strong> jegy\u00e9ben. A <strong>term\u00e9szetes anyagokb\u00f3l k\u00e9sz\u00fclt kend\u0151<\/strong>, mely k\u00e9toldalas (pamut frott\u00edr bolyhos oldallal), gyeng\u00e9den tiszt\u00edtja a sminket \u00e9s szennyez\u0151d\u00e9seket.<\/p>\n<p><strong>V\u00e1laszthat\u00f3 3 db vagy 7 db kend\u0151<\/strong>, hogy fenntarthat\u00f3bb\u00e1 tedd a sz\u00e9ps\u00e9grutinodat.<\/p>\n<p>V\u00e1laszd ezt a <strong>k\u00f6rnyezetbar\u00e1t megold\u00e1st<\/strong>, \u00e9s \u00e9lvezd a tiszta, friss b\u0151r \u00e9rz\u00e9s\u00e9t!<\/p>\n<\/div>\n<\/div>\n<\/div>\n<\/div>","protected":false},"featured_media":10438,"template":"","meta":{"site-sidebar-layout":"default","site-content-layout":"","ast-site-content-layout":"default","site-content-style":"default","site-sidebar-style":"default","ast-global-header-display":"","ast-banner-title-visibility":"","ast-main-header-display":"","ast-hfb-above-header-display":"","ast-hfb-below-header-display":"","ast-hfb-mobile-header-display":"","site-post-title":"","ast-breadcrumbs-content":"","ast-featured-img":"","footer-sml-layout":"","theme-transparent-header-meta":"default","adv-header-id-meta":"","stick-header-meta":"","header-above-stick-meta":"","header-main-stick-meta":"","header-below-stick-meta":"","astra-migrate-meta-layouts":"set","ast-page-background-enabled":"default","ast-page-background-meta":{"desktop":{"background-color":"","background-image":"","background-repeat":"repeat","background-position":"center center","background-size":"auto","background-attachment":"scroll","background-type":"","background-media":"","overlay-type":"","overlay-color":"","overlay-opacity":"","overlay-gradient":""},"tablet":{"background-color":"","background-image":"","background-repeat":"repeat","background-position":"center center","background-size":"auto","background-attachment":"scroll","background-type":"","background-media":"","overlay-type":"","overlay-color":"","overlay-opacity":"","overlay-gradient":""},"mobile":{"background-color":"","background-image":"","background-repeat":"repeat","background-position":"center center","background-size":"auto","background-attachment":"scroll","background-type":"","background-media":"","overlay-type":"","overlay-color":"","overlay-opacity":"","overlay-gradient":""}},"ast-content-background-meta":{"desktop":{"background-color":"var(--ast-global-color-5)","background-image":"","background-repeat":"repeat","background-position":"center center","background-size":"auto","background-attachment":"scroll","background-type":"","background-media":"","overlay-type":"","overlay-color":"","overlay-opacity":"","overlay-gradient":""},"tablet":{"background-color":"var(--ast-global-color-5)","background-image":"","background-repeat":"repeat","background-position":"center center","background-size":"auto","background-attachment":"scroll","background-type":"","background-media":"","overlay-type":"","overlay-color":"","overlay-opacity":"","overlay-gradient":""},"mobile":{"background-color":"var(--ast-global-color-5)","background-image":"","background-repeat":"repeat","background-position":"center center","background-size":"auto","background-attachment":"scroll","background-type":"","background-media":"","overlay-type":"","overlay-color":"","overlay-opacity":"","overlay-gradient":""}}},"product_brand":[],"product_cat":[202,100],"product_tag":[],"class_list":{"0":"post-10475","1":"product","2":"type-product","3":"status-publish","4":"has-post-thumbnail","6":"product_cat-arcapolas","7":"product_cat-naturkozmetikum","8":"desktop-align-left","9":"tablet-align-left","10":"mobile-align-left","12":"first","13":"instock","14":"shipping-taxable","15":"purchasable","16":"product-type-simple"},"supplier_id":null,"supplier_sku":"","barcode":null,"atum_controlled":true,"out_stock_date":null,"out_stock_threshold":null,"inheritable":false,"inbound_stock":0,"stock_on_hold":0,"sold_today":0,"sales_last_days":0,"reserved_stock":0,"customer_returns":0,"warehouse_damage":0,"lost_in_post":0,"other_logs":0,"out_stock_days":0,"lost_sales":0,"has_location":true,"update_date":"2026-05-13T21:19:52","atum_locations":[{"id":181,"name":"1185 Budapest G\u00f6mbak\u00e1c utca 39.","slug":"1185-budapest-gombakac-utca-39"}],"atum_stock_status":"instock","restock_status":false,"low_stock_amount":3,"sales_update_date":"2026-05-13T21:19:52","calc_backorders":null,"_links":{"self":[{"href":"https:\/\/hartaum.hu\/en\/wp-json\/wp\/v2\/product\/10475","targetHints":{"allow":["GET"]}}],"collection":[{"href":"https:\/\/hartaum.hu\/en\/wp-json\/wp\/v2\/product"}],"about":[{"href":"https:\/\/hartaum.hu\/en\/wp-json\/wp\/v2\/types\/product"}],"wp:featuredmedia":[{"embeddable":true,"href":"https:\/\/hartaum.hu\/en\/wp-json\/wp\/v2\/media\/10438"}],"wp:attachment":[{"href":"https:\/\/hartaum.hu\/en\/wp-json\/wp\/v2\/media?parent=10475"}],"wp:term":[{"taxonomy":"product_brand","embeddable":true,"href":"https:\/\/hartaum.hu\/en\/wp-json\/wp\/v2\/product_brand?post=10475"},{"taxonomy":"product_cat","embeddable":true,"href":"https:\/\/hartaum.hu\/en\/wp-json\/wp\/v2\/product_cat?post=10475"},{"taxonomy":"product_tag","embeddable":true,"href":"https:\/\/hartaum.hu\/en\/wp-json\/wp\/v2\/product_tag?post=10475"}],"curies":[{"name":"wp","href":"https:\/\/api.w.org\/{rel}","templated":true}]}}