{"id":10477,"date":"2024-12-08T16:23:13","date_gmt":"2024-12-08T15:23:13","guid":{"rendered":"https:\/\/hartaum.hu\/?post_type=product&#038;p=10477"},"modified":"2025-11-05T16:14:25","modified_gmt":"2025-11-05T15:14:25","slug":"keratinos-taplalo-hajpakolas","status":"publish","type":"product","link":"https:\/\/hartaum.hu\/en\/webshop\/naturkozmetikum\/hajapolas\/keratinos-taplalo-hajpakolas\/","title":{"rendered":"Keratinos T\u00e1pl\u00e1l\u00f3 Hajpakol\u00e1s"},"content":{"rendered":"<p>A csod\u00e1k csod\u00e1ja &#8211; avagy a keratinos hajpakol\u00e1s.<\/p>\n<p>Kifejezetten aj\u00e1nlott s\u00e9r\u00fclt, ig\u00e9nybevett haj meger\u0151s\u00edt\u00e9s\u00e9re.<br \/>\nM\u00e9lyen t\u00e1pl\u00e1l \u00e9s hidrat\u00e1l, hogy a legsz\u00e1razabb, rakonc\u00e1tlan tincsek is selymess\u00e9 \u00e9s k\u00f6nnyen kezelhet\u0151v\u00e9 v\u00e1ljanak. A mindennapos hajsz\u00e1r\u00edt\u00e1s, hajvasal\u00e1s, fest\u00e9s vagy sz\u0151k\u00edt\u00e9s k\u00f6nnyen megviselheti a hajat, erre a pakol\u00e1s rendk\u00edv\u00fcl hat\u00e1sos megold\u00e1st ny\u00fajt, s a k\u00fcl\u00f6nbs\u00e9get m\u00e1r az els\u0151 haszn\u00e1lat ut\u00e1n \u00e9rezni lehet!<\/p>\n<p>H\u00e1rom f\u0151 \u00f6sszetev\u0151je \u2013 b\u00faza keratin, aloe vera g\u00e9l \u00e9s shea vaj \u2013 gondoskodik az \u00e1pol\u00e1sr\u00f3l \u00e9s m\u00e9ly regener\u00e1l\u00e1sr\u00f3l. A b\u00faza keratin a hajk\u00e9regbe hatolva er\u0151s\u00edti a szerkezetet, m\u00edg az aloe vera \u00e9s a shea vaj gazdagon t\u00e1pl\u00e1lj\u00e1k, hidrat\u00e1lj\u00e1k a hajsz\u00e1lakat. Az \u00e9des narancs \u00e9s van\u00edlia finom illata pedig hosszan megmarad, frissess\u00e9get \u00e9s puhas\u00e1got k\u00f6lcs\u00f6n\u00f6zve hajkoron\u00e1dnak.<\/p>\n<p>Haszn\u00e1lata: A megmosott, m\u00e9g nedves hajadon oszlass el a pakol\u00e1sb\u00f3l, hagyd a hajadon 5-10 percig, majd f\u00e9s\u00fcld ki \u00e9s \u00f6bl\u00edtsd le alaposan.<\/p>","protected":false},"excerpt":{"rendered":"<p>A csod\u00e1k csod\u00e1ja &#8211; avagy a keratinos hajpakol\u00e1s.<\/p>\n<p>Kifejezetten aj\u00e1nlott s\u00e9r\u00fclt, ig\u00e9nybevett haj meger\u0151s\u00edt\u00e9s\u00e9re.<br \/>\nM\u00e9lyen t\u00e1pl\u00e1l \u00e9s hidrat\u00e1l, hogy a legsz\u00e1razabb, rakonc\u00e1tlan tincsek is selymess\u00e9 \u00e9s k\u00f6nnyen kezelhet\u0151v\u00e9 v\u00e1ljanak. A mindennapos hajsz\u00e1r\u00edt\u00e1s, hajvasal\u00e1s, fest\u00e9s vagy sz\u0151k\u00edt\u00e9s k\u00f6nnyen megviselheti a hajat, erre a pakol\u00e1s rendk\u00edv\u00fcl hat\u00e1sos megold\u00e1st ny\u00fajt, s a k\u00fcl\u00f6nbs\u00e9get m\u00e1r az els\u0151 haszn\u00e1lat ut\u00e1n \u00e9rezni lehet!<\/p>\n<p>H\u00e1rom f\u0151 \u00f6sszetev\u0151je \u2013 b\u00faza keratin, aloe vera g\u00e9l \u00e9s shea vaj \u2013 gondoskodik az \u00e1pol\u00e1sr\u00f3l \u00e9s m\u00e9ly regener\u00e1l\u00e1sr\u00f3l. A b\u00faza keratin a hajk\u00e9regbe hatolva er\u0151s\u00edti a szerkezetet, m\u00edg az aloe vera \u00e9s a shea vaj gazdagon t\u00e1pl\u00e1lj\u00e1k, hidrat\u00e1lj\u00e1k a hajsz\u00e1lakat. Az \u00e9des narancs \u00e9s van\u00edlia finom illata pedig hosszan megmarad, frissess\u00e9get \u00e9s puhas\u00e1got k\u00f6lcs\u00f6n\u00f6zve hajkoron\u00e1dnak.<\/p>\n<p>Haszn\u00e1lata: A megmosott, m\u00e9g nedves hajadon oszlass el a pakol\u00e1sb\u00f3l, hagyd a hajadon 5-10 percig, majd f\u00e9s\u00fcld ki \u00e9s \u00f6bl\u00edtsd le alaposan.<\/p>","protected":false},"featured_media":10418,"template":"","meta":{"site-sidebar-layout":"default","site-content-layout":"","ast-site-content-layout":"default","site-content-style":"default","site-sidebar-style":"default","ast-global-header-display":"","ast-banner-title-visibility":"","ast-main-header-display":"","ast-hfb-above-header-display":"","ast-hfb-below-header-display":"","ast-hfb-mobile-header-display":"","site-post-title":"","ast-breadcrumbs-content":"","ast-featured-img":"","footer-sml-layout":"","theme-transparent-header-meta":"default","adv-header-id-meta":"","stick-header-meta":"","header-above-stick-meta":"","header-main-stick-meta":"","header-below-stick-meta":"","astra-migrate-meta-layouts":"set","ast-page-background-enabled":"default","ast-page-background-meta":{"desktop":{"background-color":"","background-image":"","background-repeat":"repeat","background-position":"center center","background-size":"auto","background-attachment":"scroll","background-type":"","background-media":"","overlay-type":"","overlay-color":"","overlay-opacity":"","overlay-gradient":""},"tablet":{"background-color":"","background-image":"","background-repeat":"repeat","background-position":"center center","background-size":"auto","background-attachment":"scroll","background-type":"","background-media":"","overlay-type":"","overlay-color":"","overlay-opacity":"","overlay-gradient":""},"mobile":{"background-color":"","background-image":"","background-repeat":"repeat","background-position":"center center","background-size":"auto","background-attachment":"scroll","background-type":"","background-media":"","overlay-type":"","overlay-color":"","overlay-opacity":"","overlay-gradient":""}},"ast-content-background-meta":{"desktop":{"background-color":"var(--ast-global-color-5)","background-image":"","background-repeat":"repeat","background-position":"center center","background-size":"auto","background-attachment":"scroll","background-type":"","background-media":"","overlay-type":"","overlay-color":"","overlay-opacity":"","overlay-gradient":""},"tablet":{"background-color":"var(--ast-global-color-5)","background-image":"","background-repeat":"repeat","background-position":"center center","background-size":"auto","background-attachment":"scroll","background-type":"","background-media":"","overlay-type":"","overlay-color":"","overlay-opacity":"","overlay-gradient":""},"mobile":{"background-color":"var(--ast-global-color-5)","background-image":"","background-repeat":"repeat","background-position":"center center","background-size":"auto","background-attachment":"scroll","background-type":"","background-media":"","overlay-type":"","overlay-color":"","overlay-opacity":"","overlay-gradient":""}}},"product_brand":[],"product_cat":[205,100],"product_tag":[120,139],"class_list":{"0":"post-10477","1":"product","2":"type-product","3":"status-publish","4":"has-post-thumbnail","6":"product_cat-hajapolas","7":"product_cat-naturkozmetikum","8":"product_tag-fenntarthato","9":"product_tag-naturkozmetikum","10":"desktop-align-left","11":"tablet-align-left","12":"mobile-align-left","14":"first","15":"instock","16":"shipping-taxable","17":"purchasable","18":"product-type-simple"},"supplier_id":null,"supplier_sku":"","barcode":null,"atum_controlled":true,"out_stock_date":null,"out_stock_threshold":null,"inheritable":false,"inbound_stock":0,"stock_on_hold":0,"sold_today":0,"sales_last_days":0,"reserved_stock":0,"customer_returns":0,"warehouse_damage":0,"lost_in_post":0,"other_logs":0,"out_stock_days":0,"lost_sales":0,"has_location":true,"update_date":"2026-05-13T21:19:52","atum_locations":[{"id":181,"name":"1185 Budapest G\u00f6mbak\u00e1c utca 39.","slug":"1185-budapest-gombakac-utca-39"}],"atum_stock_status":"instock","restock_status":false,"low_stock_amount":3,"sales_update_date":"2026-05-13T21:19:52","calc_backorders":null,"_links":{"self":[{"href":"https:\/\/hartaum.hu\/en\/wp-json\/wp\/v2\/product\/10477","targetHints":{"allow":["GET"]}}],"collection":[{"href":"https:\/\/hartaum.hu\/en\/wp-json\/wp\/v2\/product"}],"about":[{"href":"https:\/\/hartaum.hu\/en\/wp-json\/wp\/v2\/types\/product"}],"wp:featuredmedia":[{"embeddable":true,"href":"https:\/\/hartaum.hu\/en\/wp-json\/wp\/v2\/media\/10418"}],"wp:attachment":[{"href":"https:\/\/hartaum.hu\/en\/wp-json\/wp\/v2\/media?parent=10477"}],"wp:term":[{"taxonomy":"product_brand","embeddable":true,"href":"https:\/\/hartaum.hu\/en\/wp-json\/wp\/v2\/product_brand?post=10477"},{"taxonomy":"product_cat","embeddable":true,"href":"https:\/\/hartaum.hu\/en\/wp-json\/wp\/v2\/product_cat?post=10477"},{"taxonomy":"product_tag","embeddable":true,"href":"https:\/\/hartaum.hu\/en\/wp-json\/wp\/v2\/product_tag?post=10477"}],"curies":[{"name":"wp","href":"https:\/\/api.w.org\/{rel}","templated":true}]}}