{"id":10478,"date":"2024-12-08T16:36:48","date_gmt":"2024-12-08T15:36:48","guid":{"rendered":"https:\/\/hartaum.hu\/?post_type=product&#038;p=10478"},"modified":"2025-01-19T16:05:40","modified_gmt":"2025-01-19T15:05:40","slug":"hibiszkusz-afonya-hajhab","status":"publish","type":"product","link":"https:\/\/hartaum.hu\/en\/webshop\/naturkozmetikum\/hajapolas\/hibiszkusz-afonya-hajhab\/","title":{"rendered":"Hibiszkusz &#038; \u00c1fonya hajhab"},"content":{"rendered":"<p>D\u00fas\u00edt \u00e9s form\u00e1z.<\/p>\n<p>Ez a hajhab term\u00e9szetes tart\u00e1st biztos\u00edt, mik\u00f6zben telts\u00e9get, ragyog\u00e1st \u00e9s rugalmass\u00e1got ad a hajnak.<\/p>\n<p>Fix\u00e1l, de nem teszi ragacsoss\u00e1 vagy neh\u00e9zz\u00e9 a f\u00fcrt\u00f6ket, \u00edgy a frizura k\u00f6nnyed \u00e9s friss marad. Rendk\u00edv\u00fcl gazdas\u00e1gos, hiszen egy flakon ak\u00e1r 6-12 h\u00f3napig is kitart a hajhosszt\u00f3l f\u00fcgg\u0151en, tov\u00e1bb\u00e1 alkohol-, parab\u00e9n- \u00e9s sz\u00ednez\u00e9kmentes, \u00edgy k\u00edm\u00e9letesen \u00e1polja a hajad.<\/p>\n<p>Ami\u00e9rt mindenk\u00e9pp \u00e9rdemes kipr\u00f3b\u00e1lnod: haszn\u00e1lata megk\u00f6nny\u00edti a form\u00e1z\u00e1st, nem sz\u00e1r\u00edtja ki a hajat, \u00e9s nem okoz viszket\u00e9st vagy dehidrat\u00e1lts\u00e1got. Tov\u00e1bb\u00e1, a hajnak csillog\u00e1st \u00e9s rugalmas tincseket biztos\u00edt, amelyeket a hibiszkusz \u00e9s az \u00e1fonya finom gy\u00fcm\u00f6lcs\u00f6s illata tesz k\u00fcl\u00f6nlegess\u00e9.<\/p>\n<p>Haszn\u00e1lata: Vizes hajra vidd fel, egyenletesen oszlasd el, majd form\u00e1zd kedved szerint.<\/p>\n<p>Alkohol-, parab\u00e9n- \u00e9s sz\u00ednez\u00e9kmentes,<br \/>\n\u00edgy k\u00edm\u00e9letesen \u00e1polja a hajad.<br \/>\nHaszn\u00e1lata: Vizes hajra vidd fel,<br \/>\negyenletesen oszlasd el, majd<br \/>\nform\u00e1zd kedved szerint.<\/p>","protected":false},"excerpt":{"rendered":"<p>D\u00fas\u00edt \u00e9s form\u00e1z.<\/p>\n<p>Ez a hajhab term\u00e9szetes tart\u00e1st biztos\u00edt, mik\u00f6zben telts\u00e9get, ragyog\u00e1st \u00e9s rugalmass\u00e1got ad a hajnak.<\/p>\n<p>Fix\u00e1l, de nem teszi ragacsoss\u00e1 vagy neh\u00e9zz\u00e9 a f\u00fcrt\u00f6ket, \u00edgy a frizura k\u00f6nnyed \u00e9s friss marad. Rendk\u00edv\u00fcl gazdas\u00e1gos, hiszen egy flakon ak\u00e1r 6-12 h\u00f3napig is kitart a hajhosszt\u00f3l f\u00fcgg\u0151en, tov\u00e1bb\u00e1 alkohol-, parab\u00e9n- \u00e9s sz\u00ednez\u00e9kmentes, \u00edgy k\u00edm\u00e9letesen \u00e1polja a hajad.<\/p>\n<p>Ami\u00e9rt mindenk\u00e9pp \u00e9rdemes kipr\u00f3b\u00e1lnod: haszn\u00e1lata megk\u00f6nny\u00edti a form\u00e1z\u00e1st, nem sz\u00e1r\u00edtja ki a hajat, \u00e9s nem okoz viszket\u00e9st vagy dehidrat\u00e1lts\u00e1got. Tov\u00e1bb\u00e1, a hajnak csillog\u00e1st \u00e9s rugalmas tincseket biztos\u00edt, amelyeket a hibiszkusz \u00e9s az \u00e1fonya finom gy\u00fcm\u00f6lcs\u00f6s illata tesz k\u00fcl\u00f6nlegess\u00e9.<\/p>\n<p>Haszn\u00e1lata: Vizes hajra vidd fel, egyenletesen oszlasd el, majd form\u00e1zd kedved szerint.<\/p>","protected":false},"featured_media":10400,"template":"","meta":{"site-sidebar-layout":"default","site-content-layout":"","ast-site-content-layout":"default","site-content-style":"default","site-sidebar-style":"default","ast-global-header-display":"","ast-banner-title-visibility":"","ast-main-header-display":"","ast-hfb-above-header-display":"","ast-hfb-below-header-display":"","ast-hfb-mobile-header-display":"","site-post-title":"","ast-breadcrumbs-content":"","ast-featured-img":"","footer-sml-layout":"","theme-transparent-header-meta":"default","adv-header-id-meta":"","stick-header-meta":"","header-above-stick-meta":"","header-main-stick-meta":"","header-below-stick-meta":"","astra-migrate-meta-layouts":"set","ast-page-background-enabled":"default","ast-page-background-meta":{"desktop":{"background-color":"","background-image":"","background-repeat":"repeat","background-position":"center center","background-size":"auto","background-attachment":"scroll","background-type":"","background-media":"","overlay-type":"","overlay-color":"","overlay-opacity":"","overlay-gradient":""},"tablet":{"background-color":"","background-image":"","background-repeat":"repeat","background-position":"center center","background-size":"auto","background-attachment":"scroll","background-type":"","background-media":"","overlay-type":"","overlay-color":"","overlay-opacity":"","overlay-gradient":""},"mobile":{"background-color":"","background-image":"","background-repeat":"repeat","background-position":"center center","background-size":"auto","background-attachment":"scroll","background-type":"","background-media":"","overlay-type":"","overlay-color":"","overlay-opacity":"","overlay-gradient":""}},"ast-content-background-meta":{"desktop":{"background-color":"var(--ast-global-color-5)","background-image":"","background-repeat":"repeat","background-position":"center center","background-size":"auto","background-attachment":"scroll","background-type":"","background-media":"","overlay-type":"","overlay-color":"","overlay-opacity":"","overlay-gradient":""},"tablet":{"background-color":"var(--ast-global-color-5)","background-image":"","background-repeat":"repeat","background-position":"center center","background-size":"auto","background-attachment":"scroll","background-type":"","background-media":"","overlay-type":"","overlay-color":"","overlay-opacity":"","overlay-gradient":""},"mobile":{"background-color":"var(--ast-global-color-5)","background-image":"","background-repeat":"repeat","background-position":"center center","background-size":"auto","background-attachment":"scroll","background-type":"","background-media":"","overlay-type":"","overlay-color":"","overlay-opacity":"","overlay-gradient":""}}},"product_brand":[],"product_cat":[205,100],"product_tag":[120,139],"class_list":{"0":"post-10478","1":"product","2":"type-product","3":"status-publish","4":"has-post-thumbnail","6":"product_cat-hajapolas","7":"product_cat-naturkozmetikum","8":"product_tag-fenntarthato","9":"product_tag-naturkozmetikum","10":"desktop-align-left","11":"tablet-align-left","12":"mobile-align-left","14":"first","15":"instock","16":"shipping-taxable","17":"purchasable","18":"product-type-simple"},"supplier_id":null,"supplier_sku":"","barcode":null,"atum_controlled":true,"out_stock_date":null,"out_stock_threshold":null,"inheritable":false,"inbound_stock":0,"stock_on_hold":0,"sold_today":0,"sales_last_days":0,"reserved_stock":0,"customer_returns":0,"warehouse_damage":0,"lost_in_post":0,"other_logs":0,"out_stock_days":0,"lost_sales":0,"has_location":true,"update_date":"2026-05-13T21:19:52","atum_locations":[{"id":181,"name":"1185 Budapest G\u00f6mbak\u00e1c utca 39.","slug":"1185-budapest-gombakac-utca-39"}],"atum_stock_status":"instock","restock_status":false,"low_stock_amount":"","sales_update_date":"2026-05-13T21:19:52","calc_backorders":null,"_links":{"self":[{"href":"https:\/\/hartaum.hu\/en\/wp-json\/wp\/v2\/product\/10478","targetHints":{"allow":["GET"]}}],"collection":[{"href":"https:\/\/hartaum.hu\/en\/wp-json\/wp\/v2\/product"}],"about":[{"href":"https:\/\/hartaum.hu\/en\/wp-json\/wp\/v2\/types\/product"}],"wp:featuredmedia":[{"embeddable":true,"href":"https:\/\/hartaum.hu\/en\/wp-json\/wp\/v2\/media\/10400"}],"wp:attachment":[{"href":"https:\/\/hartaum.hu\/en\/wp-json\/wp\/v2\/media?parent=10478"}],"wp:term":[{"taxonomy":"product_brand","embeddable":true,"href":"https:\/\/hartaum.hu\/en\/wp-json\/wp\/v2\/product_brand?post=10478"},{"taxonomy":"product_cat","embeddable":true,"href":"https:\/\/hartaum.hu\/en\/wp-json\/wp\/v2\/product_cat?post=10478"},{"taxonomy":"product_tag","embeddable":true,"href":"https:\/\/hartaum.hu\/en\/wp-json\/wp\/v2\/product_tag?post=10478"}],"curies":[{"name":"wp","href":"https:\/\/api.w.org\/{rel}","templated":true}]}}