{"id":10479,"date":"2024-12-08T16:43:23","date_gmt":"2024-12-08T15:43:23","guid":{"rendered":"https:\/\/hartaum.hu\/?post_type=product&#038;p=10479"},"modified":"2025-01-19T15:58:04","modified_gmt":"2025-01-19T14:58:04","slug":"hajformazo-gel","status":"publish","type":"product","link":"https:\/\/hartaum.hu\/en\/webshop\/naturkozmetikum\/hajapolas\/hajformazo-gel\/","title":{"rendered":"Hajform\u00e1z\u00f3 g\u00e9l"},"content":{"rendered":"<p>A g\u00f6nd\u00f6r tincsek kord\u00e1ban tart\u00f3ja.<\/p>\n<p>\u00c9des, gy\u00fcm\u00f6lcs\u00f6s arom\u00e1j\u00e1t a hibiszkusz \u00e9s az \u00e1fonya teszi ellen\u00e1llhatatlann\u00e1.<\/p>\n<p>Ez a k\u00fcl\u00f6nleges hajhab gondoskodik mindenr\u0151l, amire a hajadnak sz\u00fcks\u00e9ge lehet! 4 f\u0151 \u00f6sszetev\u0151je: m\u00e9z \u00e9s f\u0171zfak\u00e9reg kivonat, n\u00f6v\u00e9nyi keratin \u00e9s n\u00f6v\u00e9nyi kollag\u00e9n.<\/p>\n<p>Haszn\u00e1lata: Nedves hajra vidd fel, majd egyenletesen oszlasd el. Miut\u00e1n megsz\u00e1radt rajta, \u00f3vatosan nyomkodd ki a marad\u00e9k nedvess\u00e9get.<\/p>","protected":false},"excerpt":{"rendered":"<p>A g\u00f6nd\u00f6r tincsek kord\u00e1ban tart\u00f3ja.<\/p>\n<p>\u00c9des, gy\u00fcm\u00f6lcs\u00f6s arom\u00e1j\u00e1t a hibiszkusz \u00e9s az \u00e1fonya teszi ellen\u00e1llhatatlann\u00e1.<\/p>\n<p>Ez a k\u00fcl\u00f6nleges hajhab gondoskodik mindenr\u0151l, amire a hajadnak sz\u00fcks\u00e9ge lehet! 4 f\u0151 \u00f6sszetev\u0151je: m\u00e9z \u00e9s f\u0171zfak\u00e9reg kivonat, n\u00f6v\u00e9nyi keratin \u00e9s n\u00f6v\u00e9nyi kollag\u00e9n.<\/p>\n<p>Haszn\u00e1lata: Nedves hajra vidd fel, majd egyenletesen oszlasd el. Miut\u00e1n megsz\u00e1radt rajta, \u00f3vatosan nyomkodd ki a marad\u00e9k nedvess\u00e9get.<\/p>","protected":false},"featured_media":10406,"template":"","meta":{"site-sidebar-layout":"default","site-content-layout":"","ast-site-content-layout":"default","site-content-style":"default","site-sidebar-style":"default","ast-global-header-display":"","ast-banner-title-visibility":"","ast-main-header-display":"","ast-hfb-above-header-display":"","ast-hfb-below-header-display":"","ast-hfb-mobile-header-display":"","site-post-title":"","ast-breadcrumbs-content":"","ast-featured-img":"","footer-sml-layout":"","theme-transparent-header-meta":"default","adv-header-id-meta":"","stick-header-meta":"","header-above-stick-meta":"","header-main-stick-meta":"","header-below-stick-meta":"","astra-migrate-meta-layouts":"set","ast-page-background-enabled":"default","ast-page-background-meta":{"desktop":{"background-color":"","background-image":"","background-repeat":"repeat","background-position":"center center","background-size":"auto","background-attachment":"scroll","background-type":"","background-media":"","overlay-type":"","overlay-color":"","overlay-opacity":"","overlay-gradient":""},"tablet":{"background-color":"","background-image":"","background-repeat":"repeat","background-position":"center center","background-size":"auto","background-attachment":"scroll","background-type":"","background-media":"","overlay-type":"","overlay-color":"","overlay-opacity":"","overlay-gradient":""},"mobile":{"background-color":"","background-image":"","background-repeat":"repeat","background-position":"center center","background-size":"auto","background-attachment":"scroll","background-type":"","background-media":"","overlay-type":"","overlay-color":"","overlay-opacity":"","overlay-gradient":""}},"ast-content-background-meta":{"desktop":{"background-color":"var(--ast-global-color-5)","background-image":"","background-repeat":"repeat","background-position":"center center","background-size":"auto","background-attachment":"scroll","background-type":"","background-media":"","overlay-type":"","overlay-color":"","overlay-opacity":"","overlay-gradient":""},"tablet":{"background-color":"var(--ast-global-color-5)","background-image":"","background-repeat":"repeat","background-position":"center center","background-size":"auto","background-attachment":"scroll","background-type":"","background-media":"","overlay-type":"","overlay-color":"","overlay-opacity":"","overlay-gradient":""},"mobile":{"background-color":"var(--ast-global-color-5)","background-image":"","background-repeat":"repeat","background-position":"center center","background-size":"auto","background-attachment":"scroll","background-type":"","background-media":"","overlay-type":"","overlay-color":"","overlay-opacity":"","overlay-gradient":""}}},"product_brand":[],"product_cat":[205,100],"product_tag":[120,139],"class_list":{"0":"post-10479","1":"product","2":"type-product","3":"status-publish","4":"has-post-thumbnail","6":"product_cat-hajapolas","7":"product_cat-naturkozmetikum","8":"product_tag-fenntarthato","9":"product_tag-naturkozmetikum","10":"desktop-align-left","11":"tablet-align-left","12":"mobile-align-left","14":"first","15":"instock","16":"shipping-taxable","17":"purchasable","18":"product-type-simple"},"supplier_id":null,"supplier_sku":"","barcode":null,"atum_controlled":true,"out_stock_date":null,"out_stock_threshold":null,"inheritable":false,"inbound_stock":0,"stock_on_hold":0,"sold_today":0,"sales_last_days":0,"reserved_stock":0,"customer_returns":0,"warehouse_damage":0,"lost_in_post":0,"other_logs":0,"out_stock_days":0,"lost_sales":0,"has_location":true,"update_date":"2026-05-13T21:19:53","atum_locations":[{"id":181,"name":"1185 Budapest G\u00f6mbak\u00e1c utca 39.","slug":"1185-budapest-gombakac-utca-39"}],"atum_stock_status":"instock","restock_status":false,"low_stock_amount":1,"sales_update_date":"2026-05-13T21:19:53","calc_backorders":null,"_links":{"self":[{"href":"https:\/\/hartaum.hu\/en\/wp-json\/wp\/v2\/product\/10479","targetHints":{"allow":["GET"]}}],"collection":[{"href":"https:\/\/hartaum.hu\/en\/wp-json\/wp\/v2\/product"}],"about":[{"href":"https:\/\/hartaum.hu\/en\/wp-json\/wp\/v2\/types\/product"}],"wp:featuredmedia":[{"embeddable":true,"href":"https:\/\/hartaum.hu\/en\/wp-json\/wp\/v2\/media\/10406"}],"wp:attachment":[{"href":"https:\/\/hartaum.hu\/en\/wp-json\/wp\/v2\/media?parent=10479"}],"wp:term":[{"taxonomy":"product_brand","embeddable":true,"href":"https:\/\/hartaum.hu\/en\/wp-json\/wp\/v2\/product_brand?post=10479"},{"taxonomy":"product_cat","embeddable":true,"href":"https:\/\/hartaum.hu\/en\/wp-json\/wp\/v2\/product_cat?post=10479"},{"taxonomy":"product_tag","embeddable":true,"href":"https:\/\/hartaum.hu\/en\/wp-json\/wp\/v2\/product_tag?post=10479"}],"curies":[{"name":"wp","href":"https:\/\/api.w.org\/{rel}","templated":true}]}}