{"id":10481,"date":"2024-12-08T16:52:20","date_gmt":"2024-12-08T15:52:20","guid":{"rendered":"https:\/\/hartaum.hu\/?post_type=product&#038;p=10481"},"modified":"2025-01-19T16:28:48","modified_gmt":"2025-01-19T15:28:48","slug":"hidratalo-hajbalzsam","status":"publish","type":"product","link":"https:\/\/hartaum.hu\/en\/webshop\/naturkozmetikum\/hajapolas\/hidratalo-hajbalzsam\/","title":{"rendered":"Hidrat\u00e1l\u00f3 Hajbalzsam"},"content":{"rendered":"<p>A hajad leg\u00fajabb kedvence.<\/p>\n<p>Ez a k\u00f6nnyed, selymes hajbalzsam az els\u0151 haszn\u00e1lat ut\u00e1n regener\u00e1lja \u00e9s \u00e1polja a s\u00e9r\u00fclt hajsz\u00e1lakat. K\u00fcl\u00f6n\u00f6sen ide\u00e1lis a nehezen f\u00e9s\u00fclhet\u0151 vagy ig\u00e9nybe vett hajra, amelyet a mindennapi k\u00f6rnyezeti hat\u00e1sok vagy a gyakori hajform\u00e1z\u00e1s (sz\u00e1r\u00edt\u00e1s, vasal\u00e1s, fest\u00e9s, sz\u0151k\u00edt\u00e9s) megvisel. G\u00f6nd\u00f6r hajra k\u00fcl\u00f6n\u00f6sen aj\u00e1nlott, mivel seg\u00edt a kif\u00e9s\u00fcl\u00e9sben \u00e9s puh\u00e1v\u00e1, hidrat\u00e1ltt\u00e1 var\u00e1zsolja a tincseket.<\/p>\n<p>Az aloe vera maxim\u00e1lis hidrat\u00e1l\u00e1st ny\u00fajt, m\u00edg a panthenol, koffein, B5 provitamin \u00e9s E-vitamin tartalma revitaliz\u00e1l a hajgy\u00f6kerekt\u0151l a hajv\u00e9gekig. A ricinusolaj \u00e9s vitaminok egy\u00fcttesen t\u00e1pl\u00e1lj\u00e1k a hajsz\u00e1lakat \u00e9s a fejb\u0151rt is, hogy tincseid l\u00e1gyak \u00e9s eg\u00e9szs\u00e9gesek maradjanak.<\/p>\n<p>Gyerekek sz\u00e1m\u00e1ra is t\u00f6k\u00e9letes v\u00e1laszt\u00e1s, hiszen pillanatok alatt megszel\u00edd\u00edti a gubancos f\u00fcrt\u00f6ket. Haszn\u00e1lhat\u00f3 sz\u00e1razon \u00e9s nedvesen is \u2013 t\u00f6k\u00e9letes megold\u00e1s strandol\u00e1s, edz\u00e9s vagy ak\u00e1r mindennapi hajmos\u00e1s ut\u00e1n.<\/p>\n<p>Haszn\u00e1lata: Nedves vagy sz\u00e1raz hajon egy kis mennyis\u00e9get oszlass sz\u00e9t, hagyd rajta 1-2 percig, majd f\u00e9s\u00fcld ki \u00e9s \u00f6bl\u00edtsd le.<\/p>","protected":false},"excerpt":{"rendered":"<p>A hajad leg\u00fajabb kedvence.<\/p>\n<p>Ez a k\u00f6nnyed, selymes hajbalzsam az els\u0151 haszn\u00e1lat ut\u00e1n regener\u00e1lja \u00e9s \u00e1polja a s\u00e9r\u00fclt hajsz\u00e1lakat. K\u00fcl\u00f6n\u00f6sen ide\u00e1lis a nehezen f\u00e9s\u00fclhet\u0151 vagy ig\u00e9nybe vett hajra, amelyet a mindennapi k\u00f6rnyezeti hat\u00e1sok vagy a gyakori hajform\u00e1z\u00e1s (sz\u00e1r\u00edt\u00e1s, vasal\u00e1s, fest\u00e9s, sz\u0151k\u00edt\u00e9s) megvisel. G\u00f6nd\u00f6r hajra k\u00fcl\u00f6n\u00f6sen aj\u00e1nlott, mivel seg\u00edt a kif\u00e9s\u00fcl\u00e9sben \u00e9s puh\u00e1v\u00e1, hidrat\u00e1ltt\u00e1 var\u00e1zsolja a tincseket.<\/p>\n<p>Az aloe vera maxim\u00e1lis hidrat\u00e1l\u00e1st ny\u00fajt, m\u00edg a panthenol, koffein, B5 provitamin \u00e9s E-vitamin tartalma revitaliz\u00e1l a hajgy\u00f6kerekt\u0151l a hajv\u00e9gekig. A ricinusolaj \u00e9s vitaminok egy\u00fcttesen t\u00e1pl\u00e1lj\u00e1k a hajsz\u00e1lakat \u00e9s a fejb\u0151rt is, hogy tincseid l\u00e1gyak \u00e9s eg\u00e9szs\u00e9gesek maradjanak.<\/p>\n<p>Gyerekek sz\u00e1m\u00e1ra is t\u00f6k\u00e9letes v\u00e1laszt\u00e1s, hiszen pillanatok alatt megszel\u00edd\u00edti a gubancos f\u00fcrt\u00f6ket. Haszn\u00e1lhat\u00f3 sz\u00e1razon \u00e9s nedvesen is \u2013 t\u00f6k\u00e9letes megold\u00e1s strandol\u00e1s, edz\u00e9s vagy ak\u00e1r mindennapi hajmos\u00e1s ut\u00e1n.<\/p>\n<p>Haszn\u00e1lata: Nedves vagy sz\u00e1raz hajon egy kis mennyis\u00e9get oszlass sz\u00e9t, hagyd rajta 1-2 percig, majd f\u00e9s\u00fcld ki \u00e9s \u00f6bl\u00edtsd le.<\/p>","protected":false},"featured_media":10416,"template":"","meta":{"site-sidebar-layout":"default","site-content-layout":"","ast-site-content-layout":"default","site-content-style":"default","site-sidebar-style":"default","ast-global-header-display":"","ast-banner-title-visibility":"","ast-main-header-display":"","ast-hfb-above-header-display":"","ast-hfb-below-header-display":"","ast-hfb-mobile-header-display":"","site-post-title":"","ast-breadcrumbs-content":"","ast-featured-img":"","footer-sml-layout":"","theme-transparent-header-meta":"default","adv-header-id-meta":"","stick-header-meta":"","header-above-stick-meta":"","header-main-stick-meta":"","header-below-stick-meta":"","astra-migrate-meta-layouts":"set","ast-page-background-enabled":"default","ast-page-background-meta":{"desktop":{"background-color":"","background-image":"","background-repeat":"repeat","background-position":"center center","background-size":"auto","background-attachment":"scroll","background-type":"","background-media":"","overlay-type":"","overlay-color":"","overlay-opacity":"","overlay-gradient":""},"tablet":{"background-color":"","background-image":"","background-repeat":"repeat","background-position":"center center","background-size":"auto","background-attachment":"scroll","background-type":"","background-media":"","overlay-type":"","overlay-color":"","overlay-opacity":"","overlay-gradient":""},"mobile":{"background-color":"","background-image":"","background-repeat":"repeat","background-position":"center center","background-size":"auto","background-attachment":"scroll","background-type":"","background-media":"","overlay-type":"","overlay-color":"","overlay-opacity":"","overlay-gradient":""}},"ast-content-background-meta":{"desktop":{"background-color":"var(--ast-global-color-5)","background-image":"","background-repeat":"repeat","background-position":"center center","background-size":"auto","background-attachment":"scroll","background-type":"","background-media":"","overlay-type":"","overlay-color":"","overlay-opacity":"","overlay-gradient":""},"tablet":{"background-color":"var(--ast-global-color-5)","background-image":"","background-repeat":"repeat","background-position":"center center","background-size":"auto","background-attachment":"scroll","background-type":"","background-media":"","overlay-type":"","overlay-color":"","overlay-opacity":"","overlay-gradient":""},"mobile":{"background-color":"var(--ast-global-color-5)","background-image":"","background-repeat":"repeat","background-position":"center center","background-size":"auto","background-attachment":"scroll","background-type":"","background-media":"","overlay-type":"","overlay-color":"","overlay-opacity":"","overlay-gradient":""}}},"product_brand":[],"product_cat":[205,100],"product_tag":[120,139],"class_list":{"0":"post-10481","1":"product","2":"type-product","3":"status-publish","4":"has-post-thumbnail","6":"product_cat-hajapolas","7":"product_cat-naturkozmetikum","8":"product_tag-fenntarthato","9":"product_tag-naturkozmetikum","10":"desktop-align-left","11":"tablet-align-left","12":"mobile-align-left","14":"first","15":"instock","16":"shipping-taxable","17":"purchasable","18":"product-type-simple"},"supplier_id":null,"supplier_sku":"","barcode":null,"atum_controlled":true,"out_stock_date":null,"out_stock_threshold":null,"inheritable":false,"inbound_stock":0,"stock_on_hold":0,"sold_today":0,"sales_last_days":0,"reserved_stock":0,"customer_returns":0,"warehouse_damage":0,"lost_in_post":0,"other_logs":0,"out_stock_days":0,"lost_sales":0,"has_location":true,"update_date":"2026-05-13T21:19:55","atum_locations":[{"id":181,"name":"1185 Budapest G\u00f6mbak\u00e1c utca 39.","slug":"1185-budapest-gombakac-utca-39"}],"atum_stock_status":"instock","restock_status":false,"low_stock_amount":3,"sales_update_date":"2026-05-13T21:19:55","calc_backorders":null,"_links":{"self":[{"href":"https:\/\/hartaum.hu\/en\/wp-json\/wp\/v2\/product\/10481","targetHints":{"allow":["GET"]}}],"collection":[{"href":"https:\/\/hartaum.hu\/en\/wp-json\/wp\/v2\/product"}],"about":[{"href":"https:\/\/hartaum.hu\/en\/wp-json\/wp\/v2\/types\/product"}],"wp:featuredmedia":[{"embeddable":true,"href":"https:\/\/hartaum.hu\/en\/wp-json\/wp\/v2\/media\/10416"}],"wp:attachment":[{"href":"https:\/\/hartaum.hu\/en\/wp-json\/wp\/v2\/media?parent=10481"}],"wp:term":[{"taxonomy":"product_brand","embeddable":true,"href":"https:\/\/hartaum.hu\/en\/wp-json\/wp\/v2\/product_brand?post=10481"},{"taxonomy":"product_cat","embeddable":true,"href":"https:\/\/hartaum.hu\/en\/wp-json\/wp\/v2\/product_cat?post=10481"},{"taxonomy":"product_tag","embeddable":true,"href":"https:\/\/hartaum.hu\/en\/wp-json\/wp\/v2\/product_tag?post=10481"}],"curies":[{"name":"wp","href":"https:\/\/api.w.org\/{rel}","templated":true}]}}