{"id":10482,"date":"2024-12-08T19:17:50","date_gmt":"2024-12-08T18:17:50","guid":{"rendered":"https:\/\/hartaum.hu\/?post_type=product&#038;p=10482"},"modified":"2026-02-04T13:52:08","modified_gmt":"2026-02-04T12:52:08","slug":"natur-sampon","status":"publish","type":"product","link":"https:\/\/hartaum.hu\/en\/webshop\/naturkozmetikum\/hajapolas\/natur-sampon\/","title":{"rendered":"Nat\u00far sampon"},"content":{"rendered":"<h3><strong>Univerz\u00e1lis megold\u00e1s minden hajt\u00edpusra<\/strong><\/h3>\n<p>Fedezd fel a haj\u00e1pol\u00e1s \u00faj dimenzi\u00f3j\u00e1t ezzel az <strong>univerz\u00e1lis samponnal<\/strong>, amelyet kifejezetten <strong>norm\u00e1l, zs\u00edros \u00e9s sz\u00e1raz haj<\/strong> ig\u00e9nyeire fejlesztett\u00fcnk ki! Ide\u00e1lis v\u00e1laszt\u00e1s, ha <strong>fejb\u0151rprobl\u00e9m\u00e1kkal<\/strong> vagy <strong>gyenge, t\u00f6redezett hajsz\u00e1lakkal<\/strong> k\u00fczdesz, de akkor is t\u00f6k\u00e9letes, ha egyszer\u0171en csak szeretn\u00e9d meg\u0151rizni hajad eg\u00e9szs\u00e9g\u00e9t \u00e9s f\u00e9ny\u00e9t.<\/p>\n<p>Ez a sampon nem csup\u00e1n <strong>hat\u00e9konyan tiszt\u00edtja<\/strong> meg a fejb\u0151rt \u00e9s a hajsz\u00e1lakat, hanem egy l\u00e9p\u00e9ssel tov\u00e1bb megy: <strong>t\u00e1mogatja a fejb\u0151r eg\u00e9szs\u00e9g\u00e9t<\/strong> \u00e9s <strong>er\u0151s\u00edti a haj szerkezet\u00e9t<\/strong>. A benne tal\u00e1lhat\u00f3 <strong>organikus olajok \u00e9s vajak<\/strong> m\u00e9lyen t\u00e1pl\u00e1lj\u00e1k a hajsz\u00e1lakat, hogy azok visszanyerj\u00e9k term\u00e9szetes rugalmass\u00e1gukat. Az <strong>aloe vera<\/strong> nemcsak hidrat\u00e1lja a hajat, hanem seg\u00edt helyre\u00e1ll\u00edtani a s\u00e9r\u00fclt sz\u00e1lakat, m\u00edg a <strong>k\u00edm\u00e9l\u0151 tenzid<\/strong> alaposan elt\u00e1vol\u00edtja a szennyez\u0151d\u00e9seket an\u00e9lk\u00fcl, hogy kisz\u00e1r\u00edtan\u00e1 a fejb\u0151rt.<\/p>\n<p>Az <strong>innovat\u00edv koffein formula<\/strong> serkenti a fejb\u0151rt, el\u0151seg\u00edtve a <strong>d\u00fasabb \u00e9s er\u0151sebb hajn\u00f6veked\u00e9st<\/strong>. Ez a sampon k\u00fcl\u00f6n\u00f6sen aj\u00e1nlott azok sz\u00e1m\u00e1ra, akik szeretn\u00e9k megel\u0151zni a hajhull\u00e1st vagy serkenteni az \u00faj haj n\u00f6veked\u00e9s\u00e9t.<\/p>\n<p><strong>Alkohol- \u00e9s parab\u00e9nmentes<\/strong> \u00f6sszet\u00e9tel\u00e9nek k\u00f6sz\u00f6nhet\u0151en gyeng\u00e9d a hajhoz, m\u00edg az <strong>ill\u00f3olajok term\u00e9szetes kever\u00e9ke<\/strong> kellemes, friss illatot biztos\u00edt, amely eg\u00e9sz nap elk\u00eds\u00e9r. A gazdag habz\u00e1sa miatt nemcsak hat\u00e9kony, hanem a haszn\u00e1lata is \u00e9lm\u00e9ny \u2013 gyerekek \u00e9s feln\u0151ttek egyar\u00e1nt im\u00e1dni fogj\u00e1k!<\/p>\n<h3><strong>Mi\u00e9rt v\u00e1laszd ezt a sampont?<\/strong><\/h3>\n<ul>\n<li><strong>Univerz\u00e1lis megold\u00e1s minden hajt\u00edpusra<\/strong>: Nem sz\u00e1m\u00edt, milyen probl\u00e9m\u00e1val k\u00fczdesz, ez a sampon a megold\u00e1s!<\/li>\n<li><strong>Kiemelked\u0151 t\u00e1pl\u00e1l\u00f3 hat\u00e1s<\/strong>: Organikus \u00f6sszetev\u0151kkel, amelyek m\u00e9lyen regener\u00e1lnak.<\/li>\n<li><strong>D\u00fasabb hajkorona<\/strong>: Koffeinnel, amely serkenti a hajn\u00f6veked\u00e9st.<\/li>\n<li><strong>Term\u00e9szetes formula<\/strong>: Alkohol-, parab\u00e9n- \u00e9s szilikonmentes, k\u00f6rnyezetbar\u00e1t v\u00e1laszt\u00e1s.<\/li>\n<li><strong>K\u00e9nyeztet\u0151 \u00e9lm\u00e9ny<\/strong>: Kellemes illat, gazdag habz\u00e1s \u00e9s k\u00f6nny\u0171 haszn\u00e1lat.<\/li>\n<\/ul>\n<h3><strong>Haszn\u00e1lati utas\u00edt\u00e1s<\/strong><\/h3>\n<ol>\n<li><strong>Nedves hajra<\/strong> vigy\u00e9l fel egy kis mennyis\u00e9g\u0171 sampont.<\/li>\n<li>Massz\u00edrozd be alaposan a <strong>fejb\u0151rbe<\/strong>, hogy a hat\u00f3anyagok kifejthess\u00e9k hat\u00e1sukat.<\/li>\n<li>\u00d6bl\u00edtsd le, majd ism\u00e9teld meg a folyamatot m\u00e9g k\u00e9tszer, hogy a hajad a lehet\u0151 legtiszt\u00e1bb \u00e9s legfrissebb legyen.<\/li>\n<\/ol>\n<p><strong>Ne v\u00e1rj tov\u00e1bb!<\/strong> Tapasztald meg, hogyan v\u00e1lhat a haj\u00e1pol\u00e1s egyszerre <strong>egyszer\u0171v\u00e9, term\u00e9szetess\u00e9 \u00e9s hat\u00e9konny\u00e1<\/strong> ezzel a samponnal! Hajad meg fogja h\u00e1l\u00e1lni.<\/p>\n<p>&nbsp;<\/p>","protected":false},"excerpt":{"rendered":"<p><strong>Univerz\u00e1lis megold\u00e1s minden hajt\u00edpusra<\/strong><\/p>\n<p><strong>Gyeng\u00e9d tiszt\u00edt\u00e1s<\/strong> \u00e9s <strong>\u00e1pol\u00e1s<\/strong> norm\u00e1l, zs\u00edros \u00e9s sz\u00e1raz hajra egyar\u00e1nt \u2013 ide\u00e1lis v\u00e1laszt\u00e1s a <strong>fejb\u0151r- \u00e9s hajprobl\u00e9m\u00e1k kezel\u00e9s\u00e9re<\/strong>. <strong>Hat\u00e9konyan tiszt\u00edt<\/strong>, mik\u00f6zben t\u00e1mogatja a <strong>fejb\u0151r eg\u00e9szs\u00e9g\u00e9t<\/strong> \u00e9s <strong>er\u0151s\u00edti a haj szerkezet\u00e9t<\/strong>.<\/p>\n<p>Az <strong>organikus olajok<\/strong> \u00e9s <strong>vajak<\/strong> \u00e1polj\u00e1k a <strong>s\u00e9r\u00fclt hajsz\u00e1lakat<\/strong>, m\u00edg az <strong>aloe vera<\/strong> el\u0151seg\u00edti a haj <strong>\u00fajj\u00e1\u00e9p\u00edt\u00e9s\u00e9t<\/strong>. A <strong>k\u00edm\u00e9l\u0151 tenzid<\/strong> gyeng\u00e9den, de alaposan tiszt\u00edt, \u00e9s a <strong>koffein<\/strong> stimul\u00e1lja a <strong>fejb\u0151rt<\/strong>, serkentve a <strong>d\u00fasabb, er\u0151sebb hajn\u00f6veked\u00e9st<\/strong>.<\/p>\n<p><strong>Kellemes illat\u00fa<\/strong> \u00e9s <strong>j\u00f3l habzik<\/strong>, \u00edgy a gyerekek is sz\u00edvesen haszn\u00e1lj\u00e1k.<br \/>\n<strong>Alkohol- \u00e9s parab\u00e9nmentes<\/strong>, a benne l\u00e9v\u0151 <strong>ill\u00f3olajok term\u00e9szetes kever\u00e9ke<\/strong> teszi igaz\u00e1n k\u00fcl\u00f6nlegess\u00e9.<\/p>\n<p><strong>Haszn\u00e1lata<\/strong>: Nedves hajon oszlasd el, d\u00f6rzs\u00f6ld be alaposan a <strong>fejb\u0151r\u00f6dbe<\/strong>, majd \u00f6bl\u00edtsd le. Ism\u00e9teld meg a folyamatot m\u00e9g k\u00e9tszer a maxim\u00e1lis hat\u00e1s \u00e9rdek\u00e9ben.<\/p>","protected":false},"featured_media":10427,"template":"","meta":{"site-sidebar-layout":"default","site-content-layout":"","ast-site-content-layout":"default","site-content-style":"default","site-sidebar-style":"default","ast-global-header-display":"","ast-banner-title-visibility":"","ast-main-header-display":"","ast-hfb-above-header-display":"","ast-hfb-below-header-display":"","ast-hfb-mobile-header-display":"","site-post-title":"","ast-breadcrumbs-content":"","ast-featured-img":"","footer-sml-layout":"","theme-transparent-header-meta":"default","adv-header-id-meta":"","stick-header-meta":"","header-above-stick-meta":"","header-main-stick-meta":"","header-below-stick-meta":"","astra-migrate-meta-layouts":"set","ast-page-background-enabled":"default","ast-page-background-meta":{"desktop":{"background-color":"","background-image":"","background-repeat":"repeat","background-position":"center center","background-size":"auto","background-attachment":"scroll","background-type":"","background-media":"","overlay-type":"","overlay-color":"","overlay-opacity":"","overlay-gradient":""},"tablet":{"background-color":"","background-image":"","background-repeat":"repeat","background-position":"center center","background-size":"auto","background-attachment":"scroll","background-type":"","background-media":"","overlay-type":"","overlay-color":"","overlay-opacity":"","overlay-gradient":""},"mobile":{"background-color":"","background-image":"","background-repeat":"repeat","background-position":"center center","background-size":"auto","background-attachment":"scroll","background-type":"","background-media":"","overlay-type":"","overlay-color":"","overlay-opacity":"","overlay-gradient":""}},"ast-content-background-meta":{"desktop":{"background-color":"var(--ast-global-color-5)","background-image":"","background-repeat":"repeat","background-position":"center center","background-size":"auto","background-attachment":"scroll","background-type":"","background-media":"","overlay-type":"","overlay-color":"","overlay-opacity":"","overlay-gradient":""},"tablet":{"background-color":"var(--ast-global-color-5)","background-image":"","background-repeat":"repeat","background-position":"center center","background-size":"auto","background-attachment":"scroll","background-type":"","background-media":"","overlay-type":"","overlay-color":"","overlay-opacity":"","overlay-gradient":""},"mobile":{"background-color":"var(--ast-global-color-5)","background-image":"","background-repeat":"repeat","background-position":"center center","background-size":"auto","background-attachment":"scroll","background-type":"","background-media":"","overlay-type":"","overlay-color":"","overlay-opacity":"","overlay-gradient":""}}},"product_brand":[],"product_cat":[205,100],"product_tag":[120,139],"class_list":{"0":"post-10482","1":"product","2":"type-product","3":"status-publish","4":"has-post-thumbnail","6":"product_cat-hajapolas","7":"product_cat-naturkozmetikum","8":"product_tag-fenntarthato","9":"product_tag-naturkozmetikum","10":"desktop-align-left","11":"tablet-align-left","12":"mobile-align-left","14":"first","15":"outofstock","16":"shipping-taxable","17":"purchasable","18":"product-type-simple"},"supplier_id":null,"supplier_sku":"","barcode":null,"atum_controlled":true,"out_stock_date":"2026-02-04 13:52:08","out_stock_threshold":null,"inheritable":false,"inbound_stock":0,"stock_on_hold":2,"sold_today":0,"sales_last_days":0,"reserved_stock":0,"customer_returns":0,"warehouse_damage":0,"lost_in_post":0,"other_logs":0,"out_stock_days":98,"lost_sales":156800,"has_location":true,"update_date":"2026-05-13T21:19:53","atum_locations":[{"id":181,"name":"1185 Budapest G\u00f6mbak\u00e1c utca 39.","slug":"1185-budapest-gombakac-utca-39"}],"atum_stock_status":"outofstock","restock_status":false,"low_stock_amount":3,"sales_update_date":"2026-05-13T21:19:53","calc_backorders":null,"_links":{"self":[{"href":"https:\/\/hartaum.hu\/en\/wp-json\/wp\/v2\/product\/10482","targetHints":{"allow":["GET"]}}],"collection":[{"href":"https:\/\/hartaum.hu\/en\/wp-json\/wp\/v2\/product"}],"about":[{"href":"https:\/\/hartaum.hu\/en\/wp-json\/wp\/v2\/types\/product"}],"wp:featuredmedia":[{"embeddable":true,"href":"https:\/\/hartaum.hu\/en\/wp-json\/wp\/v2\/media\/10427"}],"wp:attachment":[{"href":"https:\/\/hartaum.hu\/en\/wp-json\/wp\/v2\/media?parent=10482"}],"wp:term":[{"taxonomy":"product_brand","embeddable":true,"href":"https:\/\/hartaum.hu\/en\/wp-json\/wp\/v2\/product_brand?post=10482"},{"taxonomy":"product_cat","embeddable":true,"href":"https:\/\/hartaum.hu\/en\/wp-json\/wp\/v2\/product_cat?post=10482"},{"taxonomy":"product_tag","embeddable":true,"href":"https:\/\/hartaum.hu\/en\/wp-json\/wp\/v2\/product_tag?post=10482"}],"curies":[{"name":"wp","href":"https:\/\/api.w.org\/{rel}","templated":true}]}}