{"id":10483,"date":"2024-12-08T19:20:00","date_gmt":"2024-12-08T18:20:00","guid":{"rendered":"https:\/\/hartaum.hu\/?post_type=product&#038;p=10483"},"modified":"2025-11-05T16:14:26","modified_gmt":"2025-11-05T15:14:26","slug":"ajakapolo","status":"publish","type":"product","link":"https:\/\/hartaum.hu\/en\/webshop\/naturkozmetikum\/arcapolas\/ajakapolo\/","title":{"rendered":"Ajak\u00e1pol\u00f3"},"content":{"rendered":"<p><span style=\"font-size: 12pt;\"><span style=\"font-family: Poppins,sans-serif;\"><span style=\"color: #000000;\"><em>Mindegyik ajak\u00e1pol\u00f3nk azonban egy kicsit m\u00e1sra specializ\u00e1l\u00f3dott, hogy c\u00e9lzottan seg\u00edtsen egy adott probl\u00e9ma megold\u00e1s\u00e1ban, vagy jobban passzoljon a szem\u00e9lyis\u00e9gedhez.<\/em><\/span><\/span><\/span><\/p>\n<hr \/>\n<p><strong><span style=\"font-size: 12pt;\"><span style=\"font-family: Poppins,sans-serif;\"><span style=\"color: #000000;\"><em><u>Nat\u00far hidrat\u00e1l\u00f3 balzsam<\/u><\/em><\/span><\/span><\/span><span style=\"font-size: 12pt;\"><span style=\"font-family: Poppins,sans-serif;\"><span style=\"color: #000000;\"><em>:<\/em><\/span><\/span><\/span><\/strong><\/p>\n<p><span style=\"font-size: 12pt;\"><span style=\"font-family: Poppins,sans-serif;\"><span style=\"color: #000000;\"><em>F\u00e9rfiak \u00e9s gyerekek kedvence, ugyanis illat \u00e9s sz\u00ednanyagokt\u00f3l mentes. Teljesen term\u00e9szetes \u00e9rz\u00e9s.\u00a0<\/em><\/span><\/span><\/span><\/p>\n<hr \/>\n<p>&nbsp;<\/p>\n<p><strong><span style=\"font-size: 12pt;\"><span style=\"font-family: Poppins,sans-serif;\"><span style=\"color: #000000;\"><em><u>Ajak\u00e1pol\u00f3 balzsam herpesz megel\u0151z\u00e9s\u00e9re is:<\/u><\/em><\/span><\/span><\/span><\/strong><\/p>\n<p><span style=\"font-size: 12pt;\"><span style=\"font-family: Poppins,sans-serif;\"><span style=\"color: #000000;\"><em>Ezt term\u00e9ket az\u00e9rt alkottuk, hogy seg\u00edtsen a herpesz elleni v\u00e9dekez\u00e9sben, \u00e9s seg\u00edtsen a mihamarabbi regener\u00e1l\u00f3d\u00e1sban. A titkos \u00f6sszetev\u0151: melissa, teafa, zs\u00e1lya, eukaliptusz ill\u00f3olajokb\u00f3l \u00e1ll\u00f3 kever\u00e9k. Ezeket a herpeszv\u00edrus igencsak ut\u00e1lja. A j\u00f3l \u00e1polt, hidrat\u00e1lt b\u0151rt (ajkat) eleve nehezebben t\u00e1mad meg b\u00e1rmilyen fert\u0151z\u00e9s, \u00e9s \u00e1ltal\u00e1ban hamarabb le is k\u00fczdi. A Hartaum Natural cosmetics ajak\u00e1pol\u00f3i finom puh\u00e1v\u00e1 teszik ajkaidat. Sz\u00ednanagyt\u00f3l mentes, \u00edgy f\u00e9rfiak, \u00e9s gyermekek is nyugodtan haszn\u00e1lhatj\u00e1k.\u00a0<\/em><\/span><\/span><\/span><\/p>\n<p>&nbsp;<\/p>\n<hr \/>\n<p>&nbsp;<\/p>","protected":false},"excerpt":{"rendered":"<p><em><span style=\"font-weight: 400;\">K\u00fcl\u00f6n\u00f6sen akkor fontos az <\/span><b>ajkak hidrat\u00e1lts\u00e1ga,<\/b><span style=\"font-weight: 400;\"> ha hideg van, f\u00faj a sz\u00e9l, er\u0151sen s\u00fct a nap, vagy p\u00e1rkapcsolatban vagyunk. Ugye te is szeretn\u00e9d, hogy <\/span><b>selymesen puh\u00e1k<\/b><span style=\"font-weight: 400;\"> legyenek az ajkaid a<\/span><b> viszontags\u00e1gos id\u0151j\u00e1r\u00e1si k\u00f6r\u00fclm\u00e9nyek k\u00f6zt<\/b><span style=\"font-weight: 400;\">? A term\u00e9szetes \u00f6sszetev\u0151k finoman csillog\u00f3 v\u00e9d\u0151burokkal vonj\u00e1k k\u00f6rbe az ajkaidat.\u00a0<\/span><\/em><\/p>\n<p>&nbsp;<\/p>\n<p><em><span style=\"font-weight: 400;\">Az itt tal\u00e1lhat\u00f3 \u00e1pol\u00f3k alapja <\/span><b>jojobaolaj<\/b><span style=\"font-weight: 400;\">, <\/span><b>sheavaj <\/b><span style=\"font-weight: 400;\">\u00e9s <\/span><b>kandelillaviasz <\/b><span style=\"font-weight: 400;\">\u00e9s a <\/span><b>kaka\u00f3vaj<\/b><span style=\"font-weight: 400;\">. Term\u00e9szetes csill\u00e1mokat \u00e9s \u00e1sv\u00e1nyi pigmentet adunk hozz\u00e1, hogy <\/span><b>semmi k\u00e1ros anyag <\/b><span style=\"font-weight: 400;\">ne ker\u00fclj\u00f6n az ajkaidra. Ezekkel a stiftekkel puh\u00e1v\u00e1 \u00e9s finoman csillog\u00f3v\u00e1 var\u00e1zsolhatod ajkaidat.<\/span><\/em><\/p>\n<p>&nbsp;<\/p>\n<p><em><span style=\"font-weight: 400;\">\u00a0A<\/span><b> Hartaum Natural cosmetics VEG\u00c1N<\/b><span style=\"font-weight: 400;\">, \u00e1llati eredet\u0171 anyagokt\u00f3l mentes. Sem a kr\u00e9meket, sem az \u00f6sszetev\u0151it nem tesztelt\u00e9k \u00e1llatokon. Haz\u00e1nkban k\u00e9zzel \u00e9s rengeteg figyel\u0151 gondoskod\u00e1ssal k\u00e9sz\u00fclt. Gyermekek is nyugodtan haszn\u00e1lhatj\u00e1k, hiszen k\u00e1ros anyagt\u00f3l mentes, \u00e9s halv\u00e1nyan csillog\u00f3 f\u00e9ny\u0171.<\/span><\/em><\/p>\n<p>&nbsp;<\/p>\n<p><em><span style=\"font-weight: 400;\">Mindegyik ajak\u00e1pol\u00f3nk azonban egy kicsit m\u00e1sra specializ\u00e1l\u00f3dott, hogy c\u00e9lzottan seg\u00edtsen egy adott probl\u00e9ma megold\u00e1s\u00e1ban, vagy<\/span><b> jobban passzoljon a szem\u00e9lyis\u00e9gedhez.<\/b><\/em><\/p>","protected":false},"featured_media":7286,"template":"","meta":{"site-sidebar-layout":"default","site-content-layout":"default","ast-site-content-layout":"default","site-content-style":"default","site-sidebar-style":"default","ast-global-header-display":"","ast-banner-title-visibility":"","ast-main-header-display":"","ast-hfb-above-header-display":"","ast-hfb-below-header-display":"","ast-hfb-mobile-header-display":"","site-post-title":"","ast-breadcrumbs-content":"","ast-featured-img":"","footer-sml-layout":"","theme-transparent-header-meta":"default","adv-header-id-meta":"","stick-header-meta":"","header-above-stick-meta":"","header-main-stick-meta":"","header-below-stick-meta":"","astra-migrate-meta-layouts":"set","ast-page-background-enabled":"default","ast-page-background-meta":{"desktop":{"background-color":"","background-image":"","background-repeat":"repeat","background-position":"center center","background-size":"auto","background-attachment":"scroll","background-type":"","background-media":"","overlay-type":"","overlay-color":"","overlay-opacity":"","overlay-gradient":""},"tablet":{"background-color":"","background-image":"","background-repeat":"repeat","background-position":"center center","background-size":"auto","background-attachment":"scroll","background-type":"","background-media":"","overlay-type":"","overlay-color":"","overlay-opacity":"","overlay-gradient":""},"mobile":{"background-color":"","background-image":"","background-repeat":"repeat","background-position":"center center","background-size":"auto","background-attachment":"scroll","background-type":"","background-media":"","overlay-type":"","overlay-color":"","overlay-opacity":"","overlay-gradient":""}},"ast-content-background-meta":{"desktop":{"background-color":"var(--ast-global-color-5)","background-image":"","background-repeat":"repeat","background-position":"center center","background-size":"auto","background-attachment":"scroll","background-type":"","background-media":"","overlay-type":"","overlay-color":"","overlay-opacity":"","overlay-gradient":""},"tablet":{"background-color":"var(--ast-global-color-5)","background-image":"","background-repeat":"repeat","background-position":"center center","background-size":"auto","background-attachment":"scroll","background-type":"","background-media":"","overlay-type":"","overlay-color":"","overlay-opacity":"","overlay-gradient":""},"mobile":{"background-color":"var(--ast-global-color-5)","background-image":"","background-repeat":"repeat","background-position":"center center","background-size":"auto","background-attachment":"scroll","background-type":"","background-media":"","overlay-type":"","overlay-color":"","overlay-opacity":"","overlay-gradient":""}}},"product_brand":[],"product_cat":[202,100],"product_tag":[120,139],"class_list":{"0":"post-10483","1":"product","2":"type-product","3":"status-publish","4":"has-post-thumbnail","6":"product_cat-arcapolas","7":"product_cat-naturkozmetikum","8":"product_tag-fenntarthato","9":"product_tag-naturkozmetikum","10":"desktop-align-left","11":"tablet-align-left","12":"mobile-align-left","14":"first","15":"onbackorder","16":"shipping-taxable","17":"purchasable","18":"product-type-variable","19":"has-default-attributes"},"supplier_id":null,"supplier_sku":"","barcode":null,"atum_controlled":true,"out_stock_date":"2025-01-06 23:06:52","out_stock_threshold":null,"inheritable":true,"inbound_stock":0,"stock_on_hold":0,"sold_today":0,"sales_last_days":0,"reserved_stock":0,"customer_returns":0,"warehouse_damage":0,"lost_in_post":0,"other_logs":0,"out_stock_days":491,"lost_sales":0,"has_location":true,"update_date":"2026-05-13T21:19:53","atum_locations":[{"id":181,"name":"1185 Budapest G\u00f6mbak\u00e1c utca 39.","slug":"1185-budapest-gombakac-utca-39"},{"id":180,"name":"Sz\u00e9kesfeh\u00e9rv\u00e1r Mazsola M\u0171hely","slug":"szekesfehervar-mazsola-muhely"}],"atum_stock_status":"onbackorder","restock_status":false,"low_stock_amount":"","sales_update_date":"2026-05-13T21:19:53","calc_backorders":0,"_links":{"self":[{"href":"https:\/\/hartaum.hu\/en\/wp-json\/wp\/v2\/product\/10483","targetHints":{"allow":["GET"]}}],"collection":[{"href":"https:\/\/hartaum.hu\/en\/wp-json\/wp\/v2\/product"}],"about":[{"href":"https:\/\/hartaum.hu\/en\/wp-json\/wp\/v2\/types\/product"}],"wp:featuredmedia":[{"embeddable":true,"href":"https:\/\/hartaum.hu\/en\/wp-json\/wp\/v2\/media\/7286"}],"wp:attachment":[{"href":"https:\/\/hartaum.hu\/en\/wp-json\/wp\/v2\/media?parent=10483"}],"wp:term":[{"taxonomy":"product_brand","embeddable":true,"href":"https:\/\/hartaum.hu\/en\/wp-json\/wp\/v2\/product_brand?post=10483"},{"taxonomy":"product_cat","embeddable":true,"href":"https:\/\/hartaum.hu\/en\/wp-json\/wp\/v2\/product_cat?post=10483"},{"taxonomy":"product_tag","embeddable":true,"href":"https:\/\/hartaum.hu\/en\/wp-json\/wp\/v2\/product_tag?post=10483"}],"curies":[{"name":"wp","href":"https:\/\/api.w.org\/{rel}","templated":true}]}}