{"id":10494,"date":"2024-12-08T21:07:45","date_gmt":"2024-12-08T20:07:45","guid":{"rendered":"https:\/\/hartaum.hu\/?post_type=product&#038;p=10494"},"modified":"2025-11-05T16:14:26","modified_gmt":"2025-11-05T15:14:26","slug":"mezeskalacs-mezszappan","status":"publish","type":"product","link":"https:\/\/hartaum.hu\/en\/webshop\/naturkozmetikum\/mezszappan\/mezeskalacs-mezszappan\/","title":{"rendered":"M\u00e9zeskal\u00e1cs m\u00e9zszappan"},"content":{"rendered":"<p>Ez a k\u00fcl\u00f6nleges <strong>m\u00e9zszappan<\/strong> csak a <strong>kar\u00e1csonyi k\u00edn\u00e1latunk<\/strong> r\u00e9szek\u00e9nt \u00e9rhet\u0151 el.<\/p>\n<p>A <strong>m\u00e9zeskal\u00e1cs<\/strong> a kar\u00e1csony ikonikus szimb\u00f3luma, <strong>m\u00e9zes-f\u0171szeres illata<\/strong> melegs\u00e9get \u00e9s <strong>\u00fcnnepi hangulatot<\/strong> hoz otthonunkba. A m\u00e9zeskal\u00e1cs hagyom\u00e1nya r\u00e9gm\u00falt id\u0151kre ny\u00falik vissza, amikor az aj\u00e1nd\u00e9koz\u00f3k sz\u00edv\u00fck \u00e9rz\u00e9seit fejezt\u00e9k ki vele.<\/p>\n<p>Mondd el a <strong>M\u00e9zeskal\u00e1cs szappanunkkal<\/strong> szeretteidnek, hogy k\u00fcl\u00f6nleges helyet foglalnak el a sz\u00edvedben!<\/p>\n<h3>Mi\u00e9rt t\u00f6k\u00e9letes aj\u00e1nd\u00e9k a fa al\u00e1?<\/h3>\n<ul>\n<li>A feh\u00e9r r\u00e9teg <strong>sheavajat<\/strong> tartalmaz, amely fokozza a <strong>m\u00e9z hidrat\u00e1l\u00f3 hat\u00e1s\u00e1t<\/strong>.<\/li>\n<li>Csod\u00e1latos <strong>gy\u00f6mb\u00e9r<\/strong>, <strong>narancs<\/strong> \u00e9s <strong>m\u00e9z illat\u00e1val<\/strong> var\u00e1zsolja \u00fcnnepiv\u00e9 a pillanatokat.<\/li>\n<li><strong>K\u00fcl\u00f6nleges megjelen\u00e9se<\/strong> garant\u00e1ltan leny\u0171g\u00f6zi a megaj\u00e1nd\u00e9kozottakat.<\/li>\n<\/ul>\n<p>&nbsp;<\/p>","protected":false},"excerpt":{"rendered":"<p>Ez a k\u00fcl\u00f6nleges <strong>m\u00e9zszappan<\/strong> csak a <strong>kar\u00e1csonyi k\u00edn\u00e1latunk<\/strong> r\u00e9szek\u00e9nt \u00e9rhet\u0151 el.<\/p>\n<p>A <strong>m\u00e9zeskal\u00e1cs<\/strong> a kar\u00e1csony ikonikus szimb\u00f3luma, <strong>m\u00e9zes-f\u0171szeres illata<\/strong> melegs\u00e9get \u00e9s <strong>\u00fcnnepi hangulatot<\/strong> hoz otthonunkba. A m\u00e9zeskal\u00e1cs hagyom\u00e1nya r\u00e9gm\u00falt id\u0151kre ny\u00falik vissza, amikor az aj\u00e1nd\u00e9koz\u00f3k sz\u00edv\u00fck \u00e9rz\u00e9seit fejezt\u00e9k ki vele.<\/p>\n<p>Mondd el a <strong>M\u00e9zeskal\u00e1cs szappanunkkal<\/strong> szeretteidnek, hogy k\u00fcl\u00f6nleges helyet foglalnak el a sz\u00edvedben!<\/p>\n<h3>Mi\u00e9rt t\u00f6k\u00e9letes aj\u00e1nd\u00e9k a fa al\u00e1?<\/h3>\n<ul>\n<li>A feh\u00e9r r\u00e9teg <strong>sheavajat<\/strong> tartalmaz, amely fokozza a <strong>m\u00e9z hidrat\u00e1l\u00f3 hat\u00e1s\u00e1t<\/strong>.<\/li>\n<li>Csod\u00e1latos <strong>gy\u00f6mb\u00e9r<\/strong>, <strong>narancs<\/strong> \u00e9s <strong>m\u00e9z illat\u00e1val<\/strong> var\u00e1zsolja \u00fcnnepiv\u00e9 a pillanatokat.<\/li>\n<li><strong>K\u00fcl\u00f6nleges megjelen\u00e9se<\/strong> garant\u00e1ltan leny\u0171g\u00f6zi a megaj\u00e1nd\u00e9kozottakat.<\/li>\n<\/ul>","protected":false},"featured_media":10364,"template":"","meta":{"site-sidebar-layout":"default","site-content-layout":"","ast-site-content-layout":"default","site-content-style":"default","site-sidebar-style":"default","ast-global-header-display":"","ast-banner-title-visibility":"","ast-main-header-display":"","ast-hfb-above-header-display":"","ast-hfb-below-header-display":"","ast-hfb-mobile-header-display":"","site-post-title":"","ast-breadcrumbs-content":"","ast-featured-img":"","footer-sml-layout":"","theme-transparent-header-meta":"default","adv-header-id-meta":"","stick-header-meta":"","header-above-stick-meta":"","header-main-stick-meta":"","header-below-stick-meta":"","astra-migrate-meta-layouts":"set","ast-page-background-enabled":"default","ast-page-background-meta":{"desktop":{"background-color":"","background-image":"","background-repeat":"repeat","background-position":"center center","background-size":"auto","background-attachment":"scroll","background-type":"","background-media":"","overlay-type":"","overlay-color":"","overlay-opacity":"","overlay-gradient":""},"tablet":{"background-color":"","background-image":"","background-repeat":"repeat","background-position":"center center","background-size":"auto","background-attachment":"scroll","background-type":"","background-media":"","overlay-type":"","overlay-color":"","overlay-opacity":"","overlay-gradient":""},"mobile":{"background-color":"","background-image":"","background-repeat":"repeat","background-position":"center center","background-size":"auto","background-attachment":"scroll","background-type":"","background-media":"","overlay-type":"","overlay-color":"","overlay-opacity":"","overlay-gradient":""}},"ast-content-background-meta":{"desktop":{"background-color":"var(--ast-global-color-5)","background-image":"","background-repeat":"repeat","background-position":"center center","background-size":"auto","background-attachment":"scroll","background-type":"","background-media":"","overlay-type":"","overlay-color":"","overlay-opacity":"","overlay-gradient":""},"tablet":{"background-color":"var(--ast-global-color-5)","background-image":"","background-repeat":"repeat","background-position":"center center","background-size":"auto","background-attachment":"scroll","background-type":"","background-media":"","overlay-type":"","overlay-color":"","overlay-opacity":"","overlay-gradient":""},"mobile":{"background-color":"var(--ast-global-color-5)","background-image":"","background-repeat":"repeat","background-position":"center center","background-size":"auto","background-attachment":"scroll","background-type":"","background-media":"","overlay-type":"","overlay-color":"","overlay-opacity":"","overlay-gradient":""}}},"product_brand":[],"product_cat":[208,100],"product_tag":[120,139,190],"class_list":{"0":"post-10494","1":"product","2":"type-product","3":"status-publish","4":"has-post-thumbnail","6":"product_cat-mezszappan","7":"product_cat-naturkozmetikum","8":"product_tag-fenntarthato","9":"product_tag-naturkozmetikum","10":"product_tag-szappan","11":"desktop-align-left","12":"tablet-align-left","13":"mobile-align-left","15":"first","16":"instock","17":"shipping-taxable","18":"purchasable","19":"product-type-simple"},"supplier_id":null,"supplier_sku":"","barcode":null,"atum_controlled":true,"out_stock_date":null,"out_stock_threshold":null,"inheritable":false,"inbound_stock":0,"stock_on_hold":0,"sold_today":0,"sales_last_days":0,"reserved_stock":0,"customer_returns":0,"warehouse_damage":0,"lost_in_post":0,"other_logs":0,"out_stock_days":0,"lost_sales":0,"has_location":true,"update_date":"2026-05-13T21:19:55","atum_locations":[{"id":181,"name":"1185 Budapest G\u00f6mbak\u00e1c utca 39.","slug":"1185-budapest-gombakac-utca-39"}],"atum_stock_status":"instock","restock_status":false,"low_stock_amount":2,"sales_update_date":"2026-05-13T21:19:55","calc_backorders":null,"_links":{"self":[{"href":"https:\/\/hartaum.hu\/en\/wp-json\/wp\/v2\/product\/10494","targetHints":{"allow":["GET"]}}],"collection":[{"href":"https:\/\/hartaum.hu\/en\/wp-json\/wp\/v2\/product"}],"about":[{"href":"https:\/\/hartaum.hu\/en\/wp-json\/wp\/v2\/types\/product"}],"wp:featuredmedia":[{"embeddable":true,"href":"https:\/\/hartaum.hu\/en\/wp-json\/wp\/v2\/media\/10364"}],"wp:attachment":[{"href":"https:\/\/hartaum.hu\/en\/wp-json\/wp\/v2\/media?parent=10494"}],"wp:term":[{"taxonomy":"product_brand","embeddable":true,"href":"https:\/\/hartaum.hu\/en\/wp-json\/wp\/v2\/product_brand?post=10494"},{"taxonomy":"product_cat","embeddable":true,"href":"https:\/\/hartaum.hu\/en\/wp-json\/wp\/v2\/product_cat?post=10494"},{"taxonomy":"product_tag","embeddable":true,"href":"https:\/\/hartaum.hu\/en\/wp-json\/wp\/v2\/product_tag?post=10494"}],"curies":[{"name":"wp","href":"https:\/\/api.w.org\/{rel}","templated":true}]}}