{"id":10495,"date":"2024-12-08T21:18:19","date_gmt":"2024-12-08T20:18:19","guid":{"rendered":"https:\/\/hartaum.hu\/?post_type=product&#038;p=10495"},"modified":"2025-01-22T20:24:53","modified_gmt":"2025-01-22T19:24:53","slug":"narancsos-angyal-mezszappan","status":"publish","type":"product","link":"https:\/\/hartaum.hu\/en\/webshop\/naturkozmetikum\/mezszappan\/narancsos-angyal-mezszappan\/","title":{"rendered":"Narancsos Angyal m\u00e9zszappan"},"content":{"rendered":"<p>Ez a k\u00fcl\u00f6nleges <strong>m\u00e9zszappan<\/strong> csak a <strong>kar\u00e1csonyi k\u00edn\u00e1latunk<\/strong> r\u00e9sze.<\/p>\n<p>Az <strong>\u00e9desnarancs ill\u00f3olaj<\/strong> meleg \u00f6lel\u00e9se visszarep\u00edt <strong>gyermekkorod kar\u00e1csonyaihoz<\/strong>, mik\u00f6zben melegs\u00e9ggel \u00e9s szeretettel t\u00f6lti meg a <strong>f\u00fcrd\u0151szob\u00e1dat<\/strong>. A <strong>m\u00e9z hidrat\u00e1l\u00f3 ereje<\/strong> gondoskodik arr\u00f3l, hogy b\u0151r\u00f6d ne csak <strong>illatos<\/strong>, hanem t\u00f6k\u00e9letesen <strong>\u00e1polt<\/strong> is legyen.<\/p>\n<p>Az <strong>angyalka<\/strong> vigy\u00e1z majd r\u00e1d \u00e9s szeretteidre, mint az \u00fcnnepek \u0151rz\u0151angyala. Minden f\u00fcrd\u00e9s pillanata meg\u00e9rinti a sz\u00edvet, \u00e9s eml\u00e9keztet a <strong>szeretet fontoss\u00e1g\u00e1ra<\/strong> \u00e9s az <strong>\u00fcnnep var\u00e1zs\u00e1ra<\/strong>.<\/p>\n<p><strong>Minden b\u0151rt\u00edpusra<\/strong><\/p>\n<ul>\n<li><strong>Elszappanos\u00edtott tiszta n\u00f6v\u00e9nyi glicerinb\u0151l<\/strong>, <strong>sz\u00edntiszta \u00e9desnarancs ill\u00f3olajjal<\/strong> \u00e9s <strong>termel\u0151i magyar m\u00e9zzel<\/strong> k\u00e9sz\u00fclt.<\/li>\n<li><strong>SLES- \u00e9s SLS-mentes<\/strong>, \u00edgy gyeng\u00e9d a b\u0151rh\u00f6z.<\/li>\n<li>INGREDIENTS: Aqua, Glycerin, Sorbitol, Sodium<br \/>\nLaurate, Propylene Glycol, Sodium Oleate, Sodium<br \/>\nMyristate, Sodium Chloride, Cocos Nucifera<br \/>\n(Coconut) Oil, Glyceryl Laurate, Cocamidopropyl<br \/>\nBetaine, Sodium Thiosulfate, sodium Citrate,<br \/>\nCitric Acid, Trisodium Sulfosuccinate, Pentasodium<br \/>\nPentetate, Tetrasodium Etidronate, Butyrospermum<br \/>\nParkii (Shea Butter), Polysorbate 20, Titanium Dioxide,<br \/>\nEtidronic Acid, Honey, citrus aurantium dulcis peel oil,<br \/>\nCI11680, CI12490, limon\u00e9n*, linalool*, citr\u00e1l*<br \/>\n* az ill\u00f3olaj term\u00e9szetes \u00f6sszetev\u0151i<\/li>\n<\/ul>","protected":false},"excerpt":{"rendered":"<p>Ez a k\u00fcl\u00f6nleges <strong>m\u00e9zszappan<\/strong> csak a <strong>kar\u00e1csonyi k\u00edn\u00e1latunk<\/strong> r\u00e9sze.<\/p>\n<p>Az <strong>\u00e9desnarancs ill\u00f3olaj<\/strong> meleg \u00f6lel\u00e9se visszarep\u00edt <strong>gyermekkorod kar\u00e1csonyaihoz<\/strong>, mik\u00f6zben melegs\u00e9ggel \u00e9s szeretettel t\u00f6lti meg a <strong>f\u00fcrd\u0151szob\u00e1dat<\/strong>. A <strong>m\u00e9z hidrat\u00e1l\u00f3 ereje<\/strong> gondoskodik arr\u00f3l, hogy b\u0151r\u00f6d ne csak <strong>illatos<\/strong>, hanem t\u00f6k\u00e9letesen <strong>\u00e1polt<\/strong> is legyen.<\/p>\n<p>Az <strong>angyalka<\/strong> vigy\u00e1z majd r\u00e1d \u00e9s szeretteidre, mint az \u00fcnnepek \u0151rz\u0151angyala. Minden f\u00fcrd\u00e9s pillanata meg\u00e9rinti a sz\u00edvet, \u00e9s eml\u00e9keztet a <strong>szeretet fontoss\u00e1g\u00e1ra<\/strong> \u00e9s az <strong>\u00fcnnep var\u00e1zs\u00e1ra<\/strong>.<\/p>\n<p><strong>Minden b\u0151rt\u00edpusra<\/strong><\/p>\n<ul>\n<li><strong>Elszappanos\u00edtott tiszta n\u00f6v\u00e9nyi glicerinb\u0151l<\/strong>, <strong>sz\u00edntiszta \u00e9desnarancs ill\u00f3olajjal<\/strong> \u00e9s <strong>termel\u0151i magyar m\u00e9zzel<\/strong> k\u00e9sz\u00fclt.<\/li>\n<li><strong>SLES- \u00e9s SLS-mentes<\/strong>, \u00edgy gyeng\u00e9d a b\u0151rh\u00f6z.<\/li>\n<\/ul>","protected":false},"featured_media":10791,"template":"","meta":{"site-sidebar-layout":"default","site-content-layout":"","ast-site-content-layout":"default","site-content-style":"default","site-sidebar-style":"default","ast-global-header-display":"","ast-banner-title-visibility":"","ast-main-header-display":"","ast-hfb-above-header-display":"","ast-hfb-below-header-display":"","ast-hfb-mobile-header-display":"","site-post-title":"","ast-breadcrumbs-content":"","ast-featured-img":"","footer-sml-layout":"","theme-transparent-header-meta":"default","adv-header-id-meta":"","stick-header-meta":"","header-above-stick-meta":"","header-main-stick-meta":"","header-below-stick-meta":"","astra-migrate-meta-layouts":"set","ast-page-background-enabled":"default","ast-page-background-meta":{"desktop":{"background-color":"","background-image":"","background-repeat":"repeat","background-position":"center center","background-size":"auto","background-attachment":"scroll","background-type":"","background-media":"","overlay-type":"","overlay-color":"","overlay-opacity":"","overlay-gradient":""},"tablet":{"background-color":"","background-image":"","background-repeat":"repeat","background-position":"center center","background-size":"auto","background-attachment":"scroll","background-type":"","background-media":"","overlay-type":"","overlay-color":"","overlay-opacity":"","overlay-gradient":""},"mobile":{"background-color":"","background-image":"","background-repeat":"repeat","background-position":"center center","background-size":"auto","background-attachment":"scroll","background-type":"","background-media":"","overlay-type":"","overlay-color":"","overlay-opacity":"","overlay-gradient":""}},"ast-content-background-meta":{"desktop":{"background-color":"var(--ast-global-color-5)","background-image":"","background-repeat":"repeat","background-position":"center center","background-size":"auto","background-attachment":"scroll","background-type":"","background-media":"","overlay-type":"","overlay-color":"","overlay-opacity":"","overlay-gradient":""},"tablet":{"background-color":"var(--ast-global-color-5)","background-image":"","background-repeat":"repeat","background-position":"center center","background-size":"auto","background-attachment":"scroll","background-type":"","background-media":"","overlay-type":"","overlay-color":"","overlay-opacity":"","overlay-gradient":""},"mobile":{"background-color":"var(--ast-global-color-5)","background-image":"","background-repeat":"repeat","background-position":"center center","background-size":"auto","background-attachment":"scroll","background-type":"","background-media":"","overlay-type":"","overlay-color":"","overlay-opacity":"","overlay-gradient":""}}},"product_brand":[],"product_cat":[208,100],"product_tag":[120,139,190],"class_list":{"0":"post-10495","1":"product","2":"type-product","3":"status-publish","4":"has-post-thumbnail","6":"product_cat-mezszappan","7":"product_cat-naturkozmetikum","8":"product_tag-fenntarthato","9":"product_tag-naturkozmetikum","10":"product_tag-szappan","11":"desktop-align-left","12":"tablet-align-left","13":"mobile-align-left","15":"first","16":"instock","17":"shipping-taxable","18":"purchasable","19":"product-type-simple"},"supplier_id":null,"supplier_sku":"","barcode":null,"atum_controlled":true,"out_stock_date":null,"out_stock_threshold":null,"inheritable":false,"inbound_stock":0,"stock_on_hold":0,"sold_today":0,"sales_last_days":0,"reserved_stock":0,"customer_returns":0,"warehouse_damage":0,"lost_in_post":0,"other_logs":0,"out_stock_days":0,"lost_sales":0,"has_location":true,"update_date":"2026-05-13T21:19:54","atum_locations":[{"id":181,"name":"1185 Budapest G\u00f6mbak\u00e1c utca 39.","slug":"1185-budapest-gombakac-utca-39"}],"atum_stock_status":"instock","restock_status":false,"low_stock_amount":2,"sales_update_date":"2026-05-13T21:19:54","calc_backorders":null,"_links":{"self":[{"href":"https:\/\/hartaum.hu\/en\/wp-json\/wp\/v2\/product\/10495","targetHints":{"allow":["GET"]}}],"collection":[{"href":"https:\/\/hartaum.hu\/en\/wp-json\/wp\/v2\/product"}],"about":[{"href":"https:\/\/hartaum.hu\/en\/wp-json\/wp\/v2\/types\/product"}],"wp:featuredmedia":[{"embeddable":true,"href":"https:\/\/hartaum.hu\/en\/wp-json\/wp\/v2\/media\/10791"}],"wp:attachment":[{"href":"https:\/\/hartaum.hu\/en\/wp-json\/wp\/v2\/media?parent=10495"}],"wp:term":[{"taxonomy":"product_brand","embeddable":true,"href":"https:\/\/hartaum.hu\/en\/wp-json\/wp\/v2\/product_brand?post=10495"},{"taxonomy":"product_cat","embeddable":true,"href":"https:\/\/hartaum.hu\/en\/wp-json\/wp\/v2\/product_cat?post=10495"},{"taxonomy":"product_tag","embeddable":true,"href":"https:\/\/hartaum.hu\/en\/wp-json\/wp\/v2\/product_tag?post=10495"}],"curies":[{"name":"wp","href":"https:\/\/api.w.org\/{rel}","templated":true}]}}