{"id":10503,"date":"2024-12-17T17:08:14","date_gmt":"2024-12-17T16:08:14","guid":{"rendered":"https:\/\/hartaum.hu\/?post_type=product&#038;p=10503"},"modified":"2025-01-06T23:29:02","modified_gmt":"2025-01-06T22:29:02","slug":"levendulas-mezestekercs-szappan","status":"publish","type":"product","link":"https:\/\/hartaum.hu\/en\/webshop\/naturkozmetikum\/mezszappan\/levendulas-mezestekercs-szappan\/","title":{"rendered":"Levendul\u00e1s M\u00e9zestekercs szappan"},"content":{"rendered":"<div class=\"flex-shrink-0 flex flex-col relative items-end\">\n<div>\n<div class=\"pt-0\">\n<div class=\"gizmo-bot-avatar flex h-8 w-8 items-center justify-center overflow-hidden rounded-full\">\n<div class=\"relative p-1 rounded-sm flex items-center justify-center bg-token-main-surface-primary text-token-text-primary h-8 w-8\"><\/div>\n<\/div>\n<\/div>\n<\/div>\n<div data-speechify-shadow-container=\"true\"><\/div>\n<\/div>\n<div class=\"group\/conversation-turn relative flex w-full min-w-0 flex-col agent-turn\">\n<div class=\"flex-col gap-1 md:gap-3\">\n<div class=\"flex max-w-full flex-col flex-grow\">\n<div class=\"min-h-8 text-message flex w-full flex-col items-end gap-2 whitespace-normal break-words text-start [.text-message+&amp;]:mt-5\" dir=\"auto\" data-message-author-role=\"assistant\" data-message-id=\"cd514355-06e8-4791-bb4f-93ee80d432c9\" data-message-model-slug=\"gpt-4o\">\n<div class=\"flex w-full flex-col gap-1 empty:hidden first:pt-[3px]\">\n<div class=\"markdown prose w-full break-words dark:prose-invert light\">\n<p><strong>Levendul\u00e1s M\u00e9zestekercs szappan<\/strong><\/p>\n<p>A <strong>m\u00e9z<\/strong> t\u00e1pl\u00e1l\u00f3 ereje, a <strong>sheavaj gazdag hidrat\u00e1l\u00e1sa<\/strong> \u00e9s a <strong>levendula nyugtat\u00f3 hat\u00e1sa<\/strong> t\u00f6k\u00e9letes harm\u00f3ni\u00e1t teremt a b\u0151r sz\u00e1m\u00e1ra. Engedd, hogy a <strong>levendula illatfelh\u0151je<\/strong> mag\u00e1val ragadjon, mintha egy v\u00e9gtelen <strong>levendulamez\u0151n s\u00e9t\u00e1ln\u00e1l<\/strong>, ahol a <strong>stressz elsz\u00e1ll<\/strong>, \u00e9s a <strong>nyugalom<\/strong> \u00e1tj\u00e1r minden porcik\u00e1dat. A f\u00fcrd\u0151szob\u00e1d igazi k\u00fcl\u00f6nlegess\u00e9ge lesz ez a pr\u00e9mium \u00f6sszetev\u0151kkel k\u00e9sz\u00fclt <strong>m\u00e9zes tekercs szappan<\/strong>!<\/p>\n<h3>Mi\u00e9rt \u00e9rdemes a m\u00e9zet v\u00e1lasztanod?<\/h3>\n<ul>\n<li><strong>Intenz\u00edven t\u00e1pl\u00e1lja \u00e9s puh\u00edtja a b\u0151rt<\/strong>: Seg\u00edt meg\u0151rizni a b\u0151r rugalmass\u00e1g\u00e1t.<\/li>\n<li><strong>Antioxid\u00e1ns v\u00e9delem<\/strong>: V\u00e9delmet ny\u00fajt a k\u00e1ros szabad gy\u00f6k\u00f6k ellen.<\/li>\n<li><strong>Gyullad\u00e1scs\u00f6kkent\u0151<\/strong>: T\u00e1mogatja a b\u0151r regener\u00e1l\u00f3d\u00e1s\u00e1t.<\/li>\n<li><strong>Hidrat\u00e1l\u00f3 tulajdons\u00e1g<\/strong>: M\u00e9lyen hidrat\u00e1l, mik\u00f6zben puh\u00e1v\u00e1 \u00e9s sim\u00e1v\u00e1 var\u00e1zsolja a b\u0151rt.<\/li>\n<\/ul>\n<p>Minden <strong>Hartaum m\u00e9zszappan<\/strong> kiz\u00e1r\u00f3lag <strong>termel\u0151i magyar m\u00e9zb\u0151l<\/strong> k\u00e9sz\u00fcl, a term\u00e9szetes b\u0151r\u00e1pol\u00e1s szolg\u00e1lat\u00e1ban.<\/p>\n<\/div>\n<p>&nbsp;<\/p>\n<\/div>\n<\/div>\n<\/div>\n<\/div>\n<\/div>","protected":false},"excerpt":{"rendered":"<p><strong>Levendul\u00e1s M\u00e9zestekercs szappan<\/strong><\/p>\n<p>A <strong>m\u00e9z<\/strong> t\u00e1pl\u00e1l\u00f3 ereje, a <strong>sheavaj gazdag hidrat\u00e1l\u00e1sa<\/strong> \u00e9s a <strong>levendula nyugtat\u00f3 hat\u00e1sa<\/strong> t\u00f6k\u00e9letes harm\u00f3ni\u00e1t teremt a b\u0151r sz\u00e1m\u00e1ra. Engedd, hogy a <strong>levendula illatfelh\u0151je<\/strong> mag\u00e1val ragadjon, mintha egy v\u00e9gtelen <strong>levendulamez\u0151n s\u00e9t\u00e1ln\u00e1l<\/strong>, ahol a <strong>stressz elsz\u00e1ll<\/strong>, \u00e9s a <strong>nyugalom<\/strong> \u00e1tj\u00e1r minden porcik\u00e1dat. A f\u00fcrd\u0151szob\u00e1d igazi k\u00fcl\u00f6nlegess\u00e9ge lesz ez a pr\u00e9mium \u00f6sszetev\u0151kkel k\u00e9sz\u00fclt <strong>m\u00e9zes tekercs szappan<\/strong>!<\/p>\n<h3>Mi\u00e9rt \u00e9rdemes a m\u00e9zet v\u00e1lasztanod?<\/h3>\n<ul>\n<li><strong>Intenz\u00edven t\u00e1pl\u00e1lja \u00e9s puh\u00edtja a b\u0151rt<\/strong>: Seg\u00edt meg\u0151rizni a b\u0151r rugalmass\u00e1g\u00e1t.<\/li>\n<li><strong>Antioxid\u00e1ns v\u00e9delem<\/strong>: V\u00e9delmet ny\u00fajt a k\u00e1ros szabad gy\u00f6k\u00f6k ellen.<\/li>\n<li><strong>Gyullad\u00e1scs\u00f6kkent\u0151<\/strong>: T\u00e1mogatja a b\u0151r regener\u00e1l\u00f3d\u00e1s\u00e1t.<\/li>\n<li><strong>Hidrat\u00e1l\u00f3 tulajdons\u00e1g<\/strong>: M\u00e9lyen hidrat\u00e1l, mik\u00f6zben puh\u00e1v\u00e1 \u00e9s sim\u00e1v\u00e1 var\u00e1zsolja a b\u0151rt.<\/li>\n<\/ul>\n<p>Minden <strong>Hartaum m\u00e9zszappan<\/strong> kiz\u00e1r\u00f3lag <strong>termel\u0151i magyar m\u00e9zb\u0151l<\/strong> k\u00e9sz\u00fcl, a term\u00e9szetes b\u0151r\u00e1pol\u00e1s szolg\u00e1lat\u00e1ban.<\/p>\n<p><strong>Hogyan haszn\u00e1ld?<\/strong><br \/>\nAlkalmazhat\u00f3 <strong>arcra, testre \u00e9s k\u00e9zre<\/strong>, hogy b\u0151r\u00f6d minden nap k\u00fcl\u00f6nleges t\u00f6r\u0151d\u00e9st kapjon.<\/p>\n<p><strong>Figyelem!<\/strong> Terhess\u00e9g alatt vagy <strong>magas v\u00e9rnyom\u00e1s<\/strong> eset\u00e9n a <strong>levendula ill\u00f3olaj<\/strong> haszn\u00e1lata nem aj\u00e1nlott!<\/p>","protected":false},"featured_media":10504,"template":"","meta":{"site-sidebar-layout":"default","site-content-layout":"","ast-site-content-layout":"default","site-content-style":"default","site-sidebar-style":"default","ast-global-header-display":"","ast-banner-title-visibility":"","ast-main-header-display":"","ast-hfb-above-header-display":"","ast-hfb-below-header-display":"","ast-hfb-mobile-header-display":"","site-post-title":"","ast-breadcrumbs-content":"","ast-featured-img":"","footer-sml-layout":"","theme-transparent-header-meta":"default","adv-header-id-meta":"","stick-header-meta":"","header-above-stick-meta":"","header-main-stick-meta":"","header-below-stick-meta":"","astra-migrate-meta-layouts":"set","ast-page-background-enabled":"default","ast-page-background-meta":{"desktop":{"background-color":"","background-image":"","background-repeat":"repeat","background-position":"center center","background-size":"auto","background-attachment":"scroll","background-type":"","background-media":"","overlay-type":"","overlay-color":"","overlay-opacity":"","overlay-gradient":""},"tablet":{"background-color":"","background-image":"","background-repeat":"repeat","background-position":"center center","background-size":"auto","background-attachment":"scroll","background-type":"","background-media":"","overlay-type":"","overlay-color":"","overlay-opacity":"","overlay-gradient":""},"mobile":{"background-color":"","background-image":"","background-repeat":"repeat","background-position":"center center","background-size":"auto","background-attachment":"scroll","background-type":"","background-media":"","overlay-type":"","overlay-color":"","overlay-opacity":"","overlay-gradient":""}},"ast-content-background-meta":{"desktop":{"background-color":"var(--ast-global-color-5)","background-image":"","background-repeat":"repeat","background-position":"center center","background-size":"auto","background-attachment":"scroll","background-type":"","background-media":"","overlay-type":"","overlay-color":"","overlay-opacity":"","overlay-gradient":""},"tablet":{"background-color":"var(--ast-global-color-5)","background-image":"","background-repeat":"repeat","background-position":"center center","background-size":"auto","background-attachment":"scroll","background-type":"","background-media":"","overlay-type":"","overlay-color":"","overlay-opacity":"","overlay-gradient":""},"mobile":{"background-color":"var(--ast-global-color-5)","background-image":"","background-repeat":"repeat","background-position":"center center","background-size":"auto","background-attachment":"scroll","background-type":"","background-media":"","overlay-type":"","overlay-color":"","overlay-opacity":"","overlay-gradient":""}}},"product_brand":[],"product_cat":[208,100,15],"product_tag":[120,139,190],"class_list":{"0":"post-10503","1":"product","2":"type-product","3":"status-publish","4":"has-post-thumbnail","6":"product_cat-mezszappan","7":"product_cat-naturkozmetikum","8":"product_cat-egyeb","9":"product_tag-fenntarthato","10":"product_tag-naturkozmetikum","11":"product_tag-szappan","12":"desktop-align-left","13":"tablet-align-left","14":"mobile-align-left","16":"first","17":"instock","18":"shipping-taxable","19":"purchasable","20":"product-type-simple"},"supplier_id":null,"supplier_sku":"","barcode":null,"atum_controlled":true,"out_stock_date":null,"out_stock_threshold":null,"inheritable":false,"inbound_stock":0,"stock_on_hold":0,"sold_today":0,"sales_last_days":0,"reserved_stock":0,"customer_returns":0,"warehouse_damage":0,"lost_in_post":0,"other_logs":0,"out_stock_days":0,"lost_sales":0,"has_location":true,"update_date":"2026-05-13T21:19:53","atum_locations":[{"id":181,"name":"1185 Budapest G\u00f6mbak\u00e1c utca 39.","slug":"1185-budapest-gombakac-utca-39"}],"atum_stock_status":"instock","restock_status":false,"low_stock_amount":2,"sales_update_date":"2026-05-13T21:19:53","calc_backorders":null,"_links":{"self":[{"href":"https:\/\/hartaum.hu\/en\/wp-json\/wp\/v2\/product\/10503","targetHints":{"allow":["GET"]}}],"collection":[{"href":"https:\/\/hartaum.hu\/en\/wp-json\/wp\/v2\/product"}],"about":[{"href":"https:\/\/hartaum.hu\/en\/wp-json\/wp\/v2\/types\/product"}],"wp:featuredmedia":[{"embeddable":true,"href":"https:\/\/hartaum.hu\/en\/wp-json\/wp\/v2\/media\/10504"}],"wp:attachment":[{"href":"https:\/\/hartaum.hu\/en\/wp-json\/wp\/v2\/media?parent=10503"}],"wp:term":[{"taxonomy":"product_brand","embeddable":true,"href":"https:\/\/hartaum.hu\/en\/wp-json\/wp\/v2\/product_brand?post=10503"},{"taxonomy":"product_cat","embeddable":true,"href":"https:\/\/hartaum.hu\/en\/wp-json\/wp\/v2\/product_cat?post=10503"},{"taxonomy":"product_tag","embeddable":true,"href":"https:\/\/hartaum.hu\/en\/wp-json\/wp\/v2\/product_tag?post=10503"}],"curies":[{"name":"wp","href":"https:\/\/api.w.org\/{rel}","templated":true}]}}