{"id":10506,"date":"2024-12-17T17:19:01","date_gmt":"2024-12-17T16:19:01","guid":{"rendered":"https:\/\/hartaum.hu\/?post_type=product&#038;p=10506"},"modified":"2025-01-06T23:35:54","modified_gmt":"2025-01-06T22:35:54","slug":"sheavajas-mezszappan","status":"publish","type":"product","link":"https:\/\/hartaum.hu\/en\/webshop\/naturkozmetikum\/mezszappan\/sheavajas-mezszappan\/","title":{"rendered":"Sheavajas m\u00e9zszappan"},"content":{"rendered":"<p>Ez a k\u00e9t \u00e9rt\u00e9kes \u00f6sszetev\u0151 \u2013 a <strong>b\u0151rt\u00e1pl\u00e1l\u00f3 sheavaj<\/strong> \u00e9s a <strong>hidrat\u00e1l\u00f3, t\u00e1panyagokban gazdag m\u00e9z<\/strong> \u2013 igazi luxust k\u00edn\u00e1l b\u0151r\u00f6d sz\u00e1m\u00e1ra. Gyeng\u00e9den tiszt\u00edt, mik\u00f6zben kellemes, <strong>enyh\u00e9n \u00e9des illata<\/strong> minden f\u00fcrd\u00e9st k\u00fcl\u00f6nleges \u00e9lm\u00e9nny\u00e9 var\u00e1zsol. A <strong>sz\u00e1raz b\u0151r<\/strong> \u00fajra <strong>hidrat\u00e1lt<\/strong> \u00e9s <strong>selymes tapint\u00e1s\u00fa<\/strong> lesz.<\/p>\n<h3>Mi\u00e9rt v\u00e1laszd a m\u00e9zet?<\/h3>\n<ul>\n<li><strong>T\u00e1pl\u00e1l\u00f3 \u00e9s gy\u00f3gy\u00edt\u00f3<\/strong> hat\u00e1s\u00fa, puh\u00e1v\u00e1 var\u00e1zsolja a b\u0151rt.<\/li>\n<li><strong>Hidrat\u00e1l\u00f3 ereje<\/strong> megk\u00f6ti a nedvess\u00e9get, seg\u00edtve a b\u0151r rugalmass\u00e1g\u00e1t.<\/li>\n<li><strong>Antioxid\u00e1nsokban gazdag<\/strong>: V\u00e9delmet ny\u00fajt a k\u00e1ros szabad gy\u00f6k\u00f6kkel szemben.<\/li>\n<li><strong>Gyullad\u00e1scs\u00f6kkent\u0151<\/strong> \u00e9s <strong>antibakteri\u00e1lis<\/strong> tulajdons\u00e1gai t\u00e1mogatj\u00e1k a b\u0151r eg\u00e9szs\u00e9g\u00e9t.<\/li>\n<\/ul>\n<p>Minden <strong>Hartaum m\u00e9zszappan<\/strong> kiz\u00e1r\u00f3lag <strong>termel\u0151i magyar m\u00e9zzel<\/strong> k\u00e9sz\u00fcl.<\/p>\n<p><strong>Hogyan haszn\u00e1ld?<\/strong><br \/>\nHaszn\u00e1ld <strong>arcra, testre \u00e9s k\u00e9zre<\/strong> a mindennapi k\u00e9nyeztet\u0151 \u00e1pol\u00e1s\u00e9rt.<\/p>\n<p>&nbsp;<\/p>\n<p>&nbsp;<\/p>\n<p>&nbsp;<\/p>","protected":false},"excerpt":{"rendered":"<p>Ez a k\u00e9t \u00e9rt\u00e9kes \u00f6sszetev\u0151 \u2013 a <strong>b\u0151rt\u00e1pl\u00e1l\u00f3 sheavaj<\/strong> \u00e9s a <strong>hidrat\u00e1l\u00f3, t\u00e1panyagokban gazdag m\u00e9z<\/strong> \u2013 igazi luxust k\u00edn\u00e1l b\u0151r\u00f6d sz\u00e1m\u00e1ra. Gyeng\u00e9den tiszt\u00edt, mik\u00f6zben kellemes, <strong>enyh\u00e9n \u00e9des illata<\/strong> minden f\u00fcrd\u00e9st k\u00fcl\u00f6nleges \u00e9lm\u00e9nny\u00e9 var\u00e1zsol. A <strong>sz\u00e1raz b\u0151r<\/strong> \u00fajra <strong>hidrat\u00e1lt<\/strong> \u00e9s <strong>selymes tapint\u00e1s\u00fa<\/strong> lesz.<\/p>\n<h3>Mi\u00e9rt v\u00e1laszd a m\u00e9zet?<\/h3>\n<ul>\n<li><strong>T\u00e1pl\u00e1l\u00f3 \u00e9s gy\u00f3gy\u00edt\u00f3<\/strong> hat\u00e1s\u00fa, puh\u00e1v\u00e1 var\u00e1zsolja a b\u0151rt.<\/li>\n<li><strong>Hidrat\u00e1l\u00f3 ereje<\/strong> megk\u00f6ti a nedvess\u00e9get, seg\u00edtve a b\u0151r rugalmass\u00e1g\u00e1t.<\/li>\n<li><strong>Antioxid\u00e1nsokban gazdag<\/strong>: V\u00e9delmet ny\u00fajt a k\u00e1ros szabad gy\u00f6k\u00f6kkel szemben.<\/li>\n<li><strong>Gyullad\u00e1scs\u00f6kkent\u0151<\/strong> \u00e9s <strong>antibakteri\u00e1lis<\/strong> tulajdons\u00e1gai t\u00e1mogatj\u00e1k a b\u0151r eg\u00e9szs\u00e9g\u00e9t.<\/li>\n<\/ul>\n<p>Minden <strong>Hartaum m\u00e9zszappan<\/strong> kiz\u00e1r\u00f3lag <strong>termel\u0151i magyar m\u00e9zzel<\/strong> k\u00e9sz\u00fcl.<\/p>\n<p><strong>Hogyan haszn\u00e1ld?<\/strong><br \/>\nHaszn\u00e1ld <strong>arcra, testre \u00e9s k\u00e9zre<\/strong> a mindennapi k\u00e9nyeztet\u0151 \u00e1pol\u00e1s\u00e9rt.<\/p>","protected":false},"featured_media":10375,"template":"","meta":{"site-sidebar-layout":"default","site-content-layout":"","ast-site-content-layout":"default","site-content-style":"default","site-sidebar-style":"default","ast-global-header-display":"","ast-banner-title-visibility":"","ast-main-header-display":"","ast-hfb-above-header-display":"","ast-hfb-below-header-display":"","ast-hfb-mobile-header-display":"","site-post-title":"","ast-breadcrumbs-content":"","ast-featured-img":"","footer-sml-layout":"","theme-transparent-header-meta":"default","adv-header-id-meta":"","stick-header-meta":"","header-above-stick-meta":"","header-main-stick-meta":"","header-below-stick-meta":"","astra-migrate-meta-layouts":"set","ast-page-background-enabled":"default","ast-page-background-meta":{"desktop":{"background-color":"","background-image":"","background-repeat":"repeat","background-position":"center center","background-size":"auto","background-attachment":"scroll","background-type":"","background-media":"","overlay-type":"","overlay-color":"","overlay-opacity":"","overlay-gradient":""},"tablet":{"background-color":"","background-image":"","background-repeat":"repeat","background-position":"center center","background-size":"auto","background-attachment":"scroll","background-type":"","background-media":"","overlay-type":"","overlay-color":"","overlay-opacity":"","overlay-gradient":""},"mobile":{"background-color":"","background-image":"","background-repeat":"repeat","background-position":"center center","background-size":"auto","background-attachment":"scroll","background-type":"","background-media":"","overlay-type":"","overlay-color":"","overlay-opacity":"","overlay-gradient":""}},"ast-content-background-meta":{"desktop":{"background-color":"var(--ast-global-color-5)","background-image":"","background-repeat":"repeat","background-position":"center center","background-size":"auto","background-attachment":"scroll","background-type":"","background-media":"","overlay-type":"","overlay-color":"","overlay-opacity":"","overlay-gradient":""},"tablet":{"background-color":"var(--ast-global-color-5)","background-image":"","background-repeat":"repeat","background-position":"center center","background-size":"auto","background-attachment":"scroll","background-type":"","background-media":"","overlay-type":"","overlay-color":"","overlay-opacity":"","overlay-gradient":""},"mobile":{"background-color":"var(--ast-global-color-5)","background-image":"","background-repeat":"repeat","background-position":"center center","background-size":"auto","background-attachment":"scroll","background-type":"","background-media":"","overlay-type":"","overlay-color":"","overlay-opacity":"","overlay-gradient":""}}},"product_brand":[],"product_cat":[208,100],"product_tag":[120,139,190],"class_list":{"0":"post-10506","1":"product","2":"type-product","3":"status-publish","4":"has-post-thumbnail","6":"product_cat-mezszappan","7":"product_cat-naturkozmetikum","8":"product_tag-fenntarthato","9":"product_tag-naturkozmetikum","10":"product_tag-szappan","11":"desktop-align-left","12":"tablet-align-left","13":"mobile-align-left","15":"first","16":"instock","17":"shipping-taxable","18":"purchasable","19":"product-type-simple"},"supplier_id":null,"supplier_sku":"","barcode":null,"atum_controlled":true,"out_stock_date":null,"out_stock_threshold":null,"inheritable":false,"inbound_stock":0,"stock_on_hold":0,"sold_today":0,"sales_last_days":0,"reserved_stock":0,"customer_returns":0,"warehouse_damage":0,"lost_in_post":0,"other_logs":0,"out_stock_days":0,"lost_sales":0,"has_location":true,"update_date":"2026-05-13T21:19:53","atum_locations":[{"id":181,"name":"1185 Budapest G\u00f6mbak\u00e1c utca 39.","slug":"1185-budapest-gombakac-utca-39"}],"atum_stock_status":"instock","restock_status":false,"low_stock_amount":2,"sales_update_date":"2026-05-13T21:19:53","calc_backorders":null,"_links":{"self":[{"href":"https:\/\/hartaum.hu\/en\/wp-json\/wp\/v2\/product\/10506","targetHints":{"allow":["GET"]}}],"collection":[{"href":"https:\/\/hartaum.hu\/en\/wp-json\/wp\/v2\/product"}],"about":[{"href":"https:\/\/hartaum.hu\/en\/wp-json\/wp\/v2\/types\/product"}],"wp:featuredmedia":[{"embeddable":true,"href":"https:\/\/hartaum.hu\/en\/wp-json\/wp\/v2\/media\/10375"}],"wp:attachment":[{"href":"https:\/\/hartaum.hu\/en\/wp-json\/wp\/v2\/media?parent=10506"}],"wp:term":[{"taxonomy":"product_brand","embeddable":true,"href":"https:\/\/hartaum.hu\/en\/wp-json\/wp\/v2\/product_brand?post=10506"},{"taxonomy":"product_cat","embeddable":true,"href":"https:\/\/hartaum.hu\/en\/wp-json\/wp\/v2\/product_cat?post=10506"},{"taxonomy":"product_tag","embeddable":true,"href":"https:\/\/hartaum.hu\/en\/wp-json\/wp\/v2\/product_tag?post=10506"}],"curies":[{"name":"wp","href":"https:\/\/api.w.org\/{rel}","templated":true}]}}