{"id":10509,"date":"2024-12-17T17:28:06","date_gmt":"2024-12-17T16:28:06","guid":{"rendered":"https:\/\/hartaum.hu\/?post_type=product&#038;p=10509"},"modified":"2025-01-06T23:29:02","modified_gmt":"2025-01-06T22:29:02","slug":"lepes-mezes-szappan","status":"publish","type":"product","link":"https:\/\/hartaum.hu\/en\/webshop\/naturkozmetikum\/mezszappan\/lepes-mezes-szappan\/","title":{"rendered":"L\u00e9pes-m\u00e9zes szappan"},"content":{"rendered":"<p>Ez a szappan nemcsak <strong>p\u00e1ratlan megjelen\u00e9s\u00e9vel<\/strong> h\u00f3d\u00edt, hanem a <strong>m\u00e9z<\/strong>, a <strong>k\u00f6r\u00f6mvir\u00e1gszirmok<\/strong> \u00e9s a <strong>jojobaolaj<\/strong> egyed\u00fcl\u00e1ll\u00f3 kombin\u00e1ci\u00f3j\u00e1val is, amelyek gondoskodnak b\u0151r\u00f6d \u00e1pol\u00e1s\u00e1r\u00f3l. A csomagol\u00e1sban egy kis meglepet\u00e9s is rejlik: sodorj bel\u0151le egy <strong>m\u00e9hviasz gyerty\u00e1t<\/strong>, \u00e9s teremts igazi <strong>wellness-hangulatot<\/strong> a f\u00fcrd\u0151szob\u00e1dban!<\/p>\n<p>Illata maga a <strong>frissess\u00e9g<\/strong>: az <strong>eukaliptusz<\/strong> tisztas\u00e1ga \u00e9s a <strong>citrom<\/strong> \u00fcdes\u00e9ge garant\u00e1ltan elvar\u00e1zsol.<\/p>\n<h3>Mi\u00e9rt v\u00e1laszd a m\u00e9zet?<\/h3>\n<ul>\n<li><strong>Intenz\u00edv hidrat\u00e1l\u00e1s<\/strong>: Nedvess\u00e9ggel t\u00f6lti fel \u00e9s puh\u00edtja a b\u0151rt.<\/li>\n<li><strong>Antioxid\u00e1ns hat\u00e1s<\/strong>: Seg\u00edt a k\u00e1ros szabad gy\u00f6k\u00f6k elleni v\u00e9dekez\u00e9sben.<\/li>\n<li><strong>Gyullad\u00e1scs\u00f6kkent\u0151 tulajdons\u00e1g<\/strong>: Nyugtatja \u00e9s \u00e1polja a b\u0151rt.<\/li>\n<li><strong>T\u00e1panyagokban gazdag<\/strong>: Lass\u00edtja az \u00f6reged\u00e9si folyamatokat, mik\u00f6zben eg\u00e9szs\u00e9ges ragyog\u00e1st k\u00f6lcs\u00f6n\u00f6z.<\/li>\n<\/ul>\n<p>Minden <strong>Hartaum szappan<\/strong> kiz\u00e1r\u00f3lag <strong>termel\u0151i magyar m\u00e9zzel<\/strong> k\u00e9sz\u00fcl, hogy b\u0151r\u00f6d a legjobb term\u00e9szetes gondoskod\u00e1st kapja.<\/p>\n<p><strong>Hogyan haszn\u00e1ld?<\/strong><br \/>\nT\u00f6k\u00e9letes v\u00e1laszt\u00e1s <strong>arcra, testre \u00e9s k\u00e9zre<\/strong> \u2013 minden napra egy kis k\u00e9nyeztet\u00e9s.<\/p>\n<p>&nbsp;<\/p>\n<p>Ingredients: Aqua, Glycerin, Sorbitol, Sodium stearat,<br \/>\nSodium Laurate, Propylene Glycol, Sodium Oleate,<br \/>\nSodium Myristate, Sodium Chloride, Cocos Nucifera<br \/>\n(Coconut) Oil, Glyceryl Laurate, Cocamidopropyl<br \/>\nBetaine, Sodium Thiosulfate, Sodium Citrate, Citric<br \/>\nAcid, Trisodium Sulfosuccinate, Pentasodium<br \/>\nPentetate, Tetrasodium Etidronate, honey, Calendula<br \/>\nFlower Extract, simmondsia Chinensis Seed Oil,<br \/>\nEucalyptus Globulus Oil, Parfum, CI11680, CI12490<br \/>\ngeraniol*, Limonene*, Linalool*<br \/>\n* Az ill\u00f3olaj term\u00e9szetes \u00f6sszetev\u0151i<\/p>","protected":false},"excerpt":{"rendered":"<p>Ez a szappan nemcsak <strong>p\u00e1ratlan megjelen\u00e9s\u00e9vel<\/strong> h\u00f3d\u00edt, hanem a <strong>m\u00e9z<\/strong>, a <strong>k\u00f6r\u00f6mvir\u00e1gszirmok<\/strong> \u00e9s a <strong>jojobaolaj<\/strong> egyed\u00fcl\u00e1ll\u00f3 kombin\u00e1ci\u00f3j\u00e1val is, amelyek gondoskodnak b\u0151r\u00f6d \u00e1pol\u00e1s\u00e1r\u00f3l. A csomagol\u00e1sban egy kis meglepet\u00e9s is rejlik: sodorj bel\u0151le egy <strong>m\u00e9hviasz gyerty\u00e1t<\/strong>, \u00e9s teremts igazi <strong>wellness-hangulatot<\/strong> a f\u00fcrd\u0151szob\u00e1dban!<\/p>\n<p>Illata maga a <strong>frissess\u00e9g<\/strong>: az <strong>eukaliptusz<\/strong> tisztas\u00e1ga \u00e9s a <strong>citrom<\/strong> \u00fcdes\u00e9ge garant\u00e1ltan elvar\u00e1zsol.<\/p>\n<h3>Mi\u00e9rt v\u00e1laszd a m\u00e9zet?<\/h3>\n<ul>\n<li><strong>Intenz\u00edv hidrat\u00e1l\u00e1s<\/strong>: Nedvess\u00e9ggel t\u00f6lti fel \u00e9s puh\u00edtja a b\u0151rt.<\/li>\n<li><strong>Antioxid\u00e1ns hat\u00e1s<\/strong>: Seg\u00edt a k\u00e1ros szabad gy\u00f6k\u00f6k elleni v\u00e9dekez\u00e9sben.<\/li>\n<li><strong>Gyullad\u00e1scs\u00f6kkent\u0151 tulajdons\u00e1g<\/strong>: Nyugtatja \u00e9s \u00e1polja a b\u0151rt.<\/li>\n<li><strong>T\u00e1panyagokban gazdag<\/strong>: Lass\u00edtja az \u00f6reged\u00e9si folyamatokat, mik\u00f6zben eg\u00e9szs\u00e9ges ragyog\u00e1st k\u00f6lcs\u00f6n\u00f6z.<\/li>\n<\/ul>\n<p>Minden <strong>Hartaum szappan<\/strong> kiz\u00e1r\u00f3lag <strong>termel\u0151i magyar m\u00e9zzel<\/strong> k\u00e9sz\u00fcl, hogy b\u0151r\u00f6d a legjobb term\u00e9szetes gondoskod\u00e1st kapja.<\/p>\n<p><strong>Hogyan haszn\u00e1ld?<\/strong><br \/>\nT\u00f6k\u00e9letes v\u00e1laszt\u00e1s <strong>arcra, testre \u00e9s k\u00e9zre<\/strong> \u2013 minden napra egy kis k\u00e9nyeztet\u00e9s.<\/p>","protected":false},"featured_media":10350,"template":"","meta":{"site-sidebar-layout":"default","site-content-layout":"","ast-site-content-layout":"default","site-content-style":"default","site-sidebar-style":"default","ast-global-header-display":"","ast-banner-title-visibility":"","ast-main-header-display":"","ast-hfb-above-header-display":"","ast-hfb-below-header-display":"","ast-hfb-mobile-header-display":"","site-post-title":"","ast-breadcrumbs-content":"","ast-featured-img":"","footer-sml-layout":"","theme-transparent-header-meta":"default","adv-header-id-meta":"","stick-header-meta":"","header-above-stick-meta":"","header-main-stick-meta":"","header-below-stick-meta":"","astra-migrate-meta-layouts":"set","ast-page-background-enabled":"default","ast-page-background-meta":{"desktop":{"background-color":"","background-image":"","background-repeat":"repeat","background-position":"center center","background-size":"auto","background-attachment":"scroll","background-type":"","background-media":"","overlay-type":"","overlay-color":"","overlay-opacity":"","overlay-gradient":""},"tablet":{"background-color":"","background-image":"","background-repeat":"repeat","background-position":"center center","background-size":"auto","background-attachment":"scroll","background-type":"","background-media":"","overlay-type":"","overlay-color":"","overlay-opacity":"","overlay-gradient":""},"mobile":{"background-color":"","background-image":"","background-repeat":"repeat","background-position":"center center","background-size":"auto","background-attachment":"scroll","background-type":"","background-media":"","overlay-type":"","overlay-color":"","overlay-opacity":"","overlay-gradient":""}},"ast-content-background-meta":{"desktop":{"background-color":"var(--ast-global-color-5)","background-image":"","background-repeat":"repeat","background-position":"center center","background-size":"auto","background-attachment":"scroll","background-type":"","background-media":"","overlay-type":"","overlay-color":"","overlay-opacity":"","overlay-gradient":""},"tablet":{"background-color":"var(--ast-global-color-5)","background-image":"","background-repeat":"repeat","background-position":"center center","background-size":"auto","background-attachment":"scroll","background-type":"","background-media":"","overlay-type":"","overlay-color":"","overlay-opacity":"","overlay-gradient":""},"mobile":{"background-color":"var(--ast-global-color-5)","background-image":"","background-repeat":"repeat","background-position":"center center","background-size":"auto","background-attachment":"scroll","background-type":"","background-media":"","overlay-type":"","overlay-color":"","overlay-opacity":"","overlay-gradient":""}}},"product_brand":[],"product_cat":[208,100],"product_tag":[120,139,190],"class_list":{"0":"post-10509","1":"product","2":"type-product","3":"status-publish","4":"has-post-thumbnail","6":"product_cat-mezszappan","7":"product_cat-naturkozmetikum","8":"product_tag-fenntarthato","9":"product_tag-naturkozmetikum","10":"product_tag-szappan","11":"desktop-align-left","12":"tablet-align-left","13":"mobile-align-left","15":"first","16":"instock","17":"shipping-taxable","18":"purchasable","19":"product-type-simple"},"supplier_id":null,"supplier_sku":"","barcode":null,"atum_controlled":true,"out_stock_date":null,"out_stock_threshold":null,"inheritable":false,"inbound_stock":0,"stock_on_hold":0,"sold_today":0,"sales_last_days":0,"reserved_stock":0,"customer_returns":0,"warehouse_damage":0,"lost_in_post":0,"other_logs":0,"out_stock_days":0,"lost_sales":0,"has_location":true,"update_date":"2026-05-13T21:19:53","atum_locations":[{"id":181,"name":"1185 Budapest G\u00f6mbak\u00e1c utca 39.","slug":"1185-budapest-gombakac-utca-39"}],"atum_stock_status":"instock","restock_status":false,"low_stock_amount":2,"sales_update_date":"2026-05-13T21:19:53","calc_backorders":null,"_links":{"self":[{"href":"https:\/\/hartaum.hu\/en\/wp-json\/wp\/v2\/product\/10509","targetHints":{"allow":["GET"]}}],"collection":[{"href":"https:\/\/hartaum.hu\/en\/wp-json\/wp\/v2\/product"}],"about":[{"href":"https:\/\/hartaum.hu\/en\/wp-json\/wp\/v2\/types\/product"}],"wp:featuredmedia":[{"embeddable":true,"href":"https:\/\/hartaum.hu\/en\/wp-json\/wp\/v2\/media\/10350"}],"wp:attachment":[{"href":"https:\/\/hartaum.hu\/en\/wp-json\/wp\/v2\/media?parent=10509"}],"wp:term":[{"taxonomy":"product_brand","embeddable":true,"href":"https:\/\/hartaum.hu\/en\/wp-json\/wp\/v2\/product_brand?post=10509"},{"taxonomy":"product_cat","embeddable":true,"href":"https:\/\/hartaum.hu\/en\/wp-json\/wp\/v2\/product_cat?post=10509"},{"taxonomy":"product_tag","embeddable":true,"href":"https:\/\/hartaum.hu\/en\/wp-json\/wp\/v2\/product_tag?post=10509"}],"curies":[{"name":"wp","href":"https:\/\/api.w.org\/{rel}","templated":true}]}}