{"id":10511,"date":"2024-12-17T17:36:58","date_gmt":"2024-12-17T16:36:58","guid":{"rendered":"https:\/\/hartaum.hu\/?post_type=product&#038;p=10511"},"modified":"2025-01-06T23:35:54","modified_gmt":"2025-01-06T22:35:54","slug":"mezes-zab-mezszappan-zabolajjal","status":"publish","type":"product","link":"https:\/\/hartaum.hu\/en\/webshop\/naturkozmetikum\/mezszappan\/mezes-zab-mezszappan-zabolajjal\/","title":{"rendered":"M\u00e9zes zab m\u00e9zszappan \u2013 zabolajjal"},"content":{"rendered":"<p>K\u00e9nyeztesd b\u0151r\u00f6det ezzel a <strong>luxus min\u0151s\u00e9g\u0171 szappannal<\/strong>, amelynek f\u0151 \u00f6sszetev\u0151je a <strong>zabolaj<\/strong>. Ez az \u00e9rt\u00e9kes olaj seg\u00edt <strong>megnyugtatni<\/strong> \u00e9s <strong>regener\u00e1lni<\/strong> a b\u0151rt, mik\u00f6zben <strong>antioxid\u00e1ns<\/strong>, <strong>gyullad\u00e1scs\u00f6kkent\u0151<\/strong>, <strong>gombaellenes<\/strong> \u00e9s <strong>viszket\u00e9scsillap\u00edt\u00f3<\/strong> hat\u00e1s\u00e1val hozz\u00e1j\u00e1rul a b\u0151r eg\u00e9szs\u00e9g\u00e9nek helyre\u00e1ll\u00edt\u00e1s\u00e1hoz. Ide\u00e1lis v\u00e1laszt\u00e1s sz\u00e1raz, \u00e9rz\u00e9keny vagy irrit\u00e1lt b\u0151rre.<\/p>\n<h3>A m\u00e9z k\u00fcl\u00f6nleges el\u0151nyei a b\u0151r sz\u00e1m\u00e1ra:<\/h3>\n<ul>\n<li><strong>Intenz\u00edven hidrat\u00e1l<\/strong>: M\u00e9lyen t\u00e1pl\u00e1l, \u00e9s meg\u0151rzi a b\u0151r rugalmass\u00e1g\u00e1t.<\/li>\n<li><strong>V\u00e9di a b\u0151rt<\/strong>: Semleges\u00edti a k\u00e1ros szabad gy\u00f6k\u00f6ket.<\/li>\n<li><strong>Nyugtat\u00f3 hat\u00e1s\u00fa<\/strong>: Cs\u00f6kkenti a gyullad\u00e1st \u00e9s irrit\u00e1ci\u00f3t.<\/li>\n<li><strong>B\u0151rmeg\u00faj\u00edt\u00f3<\/strong>: Lass\u00edtja az \u00f6reged\u00e9si folyamatokat, mik\u00f6zben term\u00e9szetes ragyog\u00e1st k\u00f6lcs\u00f6n\u00f6z.<\/li>\n<\/ul>\n<p>A <strong>Hartaum m\u00e9zszappanok<\/strong> mindegyike <strong>termel\u0151i magyar m\u00e9zzel<\/strong> k\u00e9sz\u00fcl, hogy b\u0151r\u00f6d a lehet\u0151 legterm\u00e9szetesebb gondoskod\u00e1st kapja.<\/p>\n<p><strong>Haszn\u00e1lat<\/strong>: Haszn\u00e1ld <strong>arcra, testre \u00e9s k\u00e9zre<\/strong> a gyeng\u00e9d tiszt\u00edt\u00e1s\u00e9rt \u00e9s puha b\u0151r\u00e9rt.<\/p>","protected":false},"excerpt":{"rendered":"<p>K\u00e9nyeztesd b\u0151r\u00f6det ezzel a <strong>luxus min\u0151s\u00e9g\u0171 szappannal<\/strong>, amelynek f\u0151 \u00f6sszetev\u0151je a <strong>zabolaj<\/strong>. Ez az \u00e9rt\u00e9kes olaj seg\u00edt <strong>megnyugtatni<\/strong> \u00e9s <strong>regener\u00e1lni<\/strong> a b\u0151rt, mik\u00f6zben <strong>antioxid\u00e1ns<\/strong>, <strong>gyullad\u00e1scs\u00f6kkent\u0151<\/strong>, <strong>gombaellenes<\/strong> \u00e9s <strong>viszket\u00e9scsillap\u00edt\u00f3<\/strong> hat\u00e1s\u00e1val hozz\u00e1j\u00e1rul a b\u0151r eg\u00e9szs\u00e9g\u00e9nek helyre\u00e1ll\u00edt\u00e1s\u00e1hoz. Ide\u00e1lis v\u00e1laszt\u00e1s sz\u00e1raz, \u00e9rz\u00e9keny vagy irrit\u00e1lt b\u0151rre.<\/p>\n<h3>A m\u00e9z k\u00fcl\u00f6nleges el\u0151nyei a b\u0151r sz\u00e1m\u00e1ra:<\/h3>\n<ul>\n<li><strong>Intenz\u00edven hidrat\u00e1l<\/strong>: M\u00e9lyen t\u00e1pl\u00e1l, \u00e9s meg\u0151rzi a b\u0151r rugalmass\u00e1g\u00e1t.<\/li>\n<li><strong>V\u00e9di a b\u0151rt<\/strong>: Semleges\u00edti a k\u00e1ros szabad gy\u00f6k\u00f6ket.<\/li>\n<li><strong>Nyugtat\u00f3 hat\u00e1s\u00fa<\/strong>: Cs\u00f6kkenti a gyullad\u00e1st \u00e9s irrit\u00e1ci\u00f3t.<\/li>\n<li><strong>B\u0151rmeg\u00faj\u00edt\u00f3<\/strong>: Lass\u00edtja az \u00f6reged\u00e9si folyamatokat, mik\u00f6zben term\u00e9szetes ragyog\u00e1st k\u00f6lcs\u00f6n\u00f6z.<\/li>\n<\/ul>\n<p>A <strong>Hartaum m\u00e9zszappanok<\/strong> mindegyike <strong>termel\u0151i magyar m\u00e9zzel<\/strong> k\u00e9sz\u00fcl, hogy b\u0151r\u00f6d a lehet\u0151 legterm\u00e9szetesebb gondoskod\u00e1st kapja.<\/p>\n<p><strong>Haszn\u00e1lat<\/strong>: Haszn\u00e1ld <strong>arcra, testre \u00e9s k\u00e9zre<\/strong> a gyeng\u00e9d tiszt\u00edt\u00e1s\u00e9rt \u00e9s puha b\u0151r\u00e9rt.<\/p>","protected":false},"featured_media":10362,"template":"","meta":{"site-sidebar-layout":"default","site-content-layout":"","ast-site-content-layout":"default","site-content-style":"default","site-sidebar-style":"default","ast-global-header-display":"","ast-banner-title-visibility":"","ast-main-header-display":"","ast-hfb-above-header-display":"","ast-hfb-below-header-display":"","ast-hfb-mobile-header-display":"","site-post-title":"","ast-breadcrumbs-content":"","ast-featured-img":"","footer-sml-layout":"","theme-transparent-header-meta":"default","adv-header-id-meta":"","stick-header-meta":"","header-above-stick-meta":"","header-main-stick-meta":"","header-below-stick-meta":"","astra-migrate-meta-layouts":"set","ast-page-background-enabled":"default","ast-page-background-meta":{"desktop":{"background-color":"","background-image":"","background-repeat":"repeat","background-position":"center center","background-size":"auto","background-attachment":"scroll","background-type":"","background-media":"","overlay-type":"","overlay-color":"","overlay-opacity":"","overlay-gradient":""},"tablet":{"background-color":"","background-image":"","background-repeat":"repeat","background-position":"center center","background-size":"auto","background-attachment":"scroll","background-type":"","background-media":"","overlay-type":"","overlay-color":"","overlay-opacity":"","overlay-gradient":""},"mobile":{"background-color":"","background-image":"","background-repeat":"repeat","background-position":"center center","background-size":"auto","background-attachment":"scroll","background-type":"","background-media":"","overlay-type":"","overlay-color":"","overlay-opacity":"","overlay-gradient":""}},"ast-content-background-meta":{"desktop":{"background-color":"var(--ast-global-color-5)","background-image":"","background-repeat":"repeat","background-position":"center center","background-size":"auto","background-attachment":"scroll","background-type":"","background-media":"","overlay-type":"","overlay-color":"","overlay-opacity":"","overlay-gradient":""},"tablet":{"background-color":"var(--ast-global-color-5)","background-image":"","background-repeat":"repeat","background-position":"center center","background-size":"auto","background-attachment":"scroll","background-type":"","background-media":"","overlay-type":"","overlay-color":"","overlay-opacity":"","overlay-gradient":""},"mobile":{"background-color":"var(--ast-global-color-5)","background-image":"","background-repeat":"repeat","background-position":"center center","background-size":"auto","background-attachment":"scroll","background-type":"","background-media":"","overlay-type":"","overlay-color":"","overlay-opacity":"","overlay-gradient":""}}},"product_brand":[],"product_cat":[208,100],"product_tag":[120,139,190],"class_list":{"0":"post-10511","1":"product","2":"type-product","3":"status-publish","4":"has-post-thumbnail","6":"product_cat-mezszappan","7":"product_cat-naturkozmetikum","8":"product_tag-fenntarthato","9":"product_tag-naturkozmetikum","10":"product_tag-szappan","11":"desktop-align-left","12":"tablet-align-left","13":"mobile-align-left","15":"first","16":"instock","17":"shipping-taxable","18":"purchasable","19":"product-type-simple"},"supplier_id":null,"supplier_sku":"","barcode":null,"atum_controlled":true,"out_stock_date":null,"out_stock_threshold":null,"inheritable":false,"inbound_stock":0,"stock_on_hold":0,"sold_today":0,"sales_last_days":0,"reserved_stock":0,"customer_returns":0,"warehouse_damage":0,"lost_in_post":0,"other_logs":0,"out_stock_days":0,"lost_sales":0,"has_location":true,"update_date":"2026-05-13T21:19:53","atum_locations":[{"id":181,"name":"1185 Budapest G\u00f6mbak\u00e1c utca 39.","slug":"1185-budapest-gombakac-utca-39"}],"atum_stock_status":"instock","restock_status":false,"low_stock_amount":2,"sales_update_date":"2026-05-13T21:19:53","calc_backorders":null,"_links":{"self":[{"href":"https:\/\/hartaum.hu\/en\/wp-json\/wp\/v2\/product\/10511","targetHints":{"allow":["GET"]}}],"collection":[{"href":"https:\/\/hartaum.hu\/en\/wp-json\/wp\/v2\/product"}],"about":[{"href":"https:\/\/hartaum.hu\/en\/wp-json\/wp\/v2\/types\/product"}],"wp:featuredmedia":[{"embeddable":true,"href":"https:\/\/hartaum.hu\/en\/wp-json\/wp\/v2\/media\/10362"}],"wp:attachment":[{"href":"https:\/\/hartaum.hu\/en\/wp-json\/wp\/v2\/media?parent=10511"}],"wp:term":[{"taxonomy":"product_brand","embeddable":true,"href":"https:\/\/hartaum.hu\/en\/wp-json\/wp\/v2\/product_brand?post=10511"},{"taxonomy":"product_cat","embeddable":true,"href":"https:\/\/hartaum.hu\/en\/wp-json\/wp\/v2\/product_cat?post=10511"},{"taxonomy":"product_tag","embeddable":true,"href":"https:\/\/hartaum.hu\/en\/wp-json\/wp\/v2\/product_tag?post=10511"}],"curies":[{"name":"wp","href":"https:\/\/api.w.org\/{rel}","templated":true}]}}