{"id":10513,"date":"2024-12-17T17:51:56","date_gmt":"2024-12-17T16:51:56","guid":{"rendered":"https:\/\/hartaum.hu\/?post_type=product&#038;p=10513"},"modified":"2025-11-05T16:14:26","modified_gmt":"2025-11-05T15:14:26","slug":"sheavajas-kamillas-mezszappan","status":"publish","type":"product","link":"https:\/\/hartaum.hu\/en\/webshop\/naturkozmetikum\/mezszappan\/sheavajas-kamillas-mezszappan\/","title":{"rendered":"Sheavajas-Kamill\u00e1s m\u00e9zszappan"},"content":{"rendered":"<p>\u00c9lvezd a term\u00e9szetes gondoskod\u00e1st, amit ez a <strong>sheavajjal t\u00e1pl\u00e1lt<\/strong>, <strong>m\u00e9zzel hidrat\u00e1l\u00f3<\/strong> \u00e9s <strong>kamill\u00e1val nyugtat\u00f3<\/strong> szappan ny\u00fajt! A <strong>finom tisztas\u00e1gillat<\/strong> \u00e9s a d\u00fas, kr\u00e9mes habz\u00e1s garant\u00e1ltan elvar\u00e1zsol, mik\u00f6zben b\u0151r\u00f6d megkapja a sz\u00fcks\u00e9ges <strong>t\u00e1pl\u00e1l\u00e1st<\/strong> \u00e9s <strong>\u00e1pol\u00e1st<\/strong>.<\/p>\n<h3>Mi\u00e9rt \u00e9rdemes a m\u00e9zet v\u00e1lasztani?<\/h3>\n<ul>\n<li><strong>M\u00e9lyen hidrat\u00e1l<\/strong>: Rugalmass\u00e1 \u00e9s puh\u00e1v\u00e1 teszi a b\u0151rt.<\/li>\n<li><strong>Gyullad\u00e1scs\u00f6kkent\u0151<\/strong>: Nyugtatja az \u00e9rz\u00e9keny \u00e9s irrit\u00e1lt b\u0151rt.<\/li>\n<li><strong>Antioxid\u00e1ns hat\u00e1s\u00fa<\/strong>: V\u00e9delmet ny\u00fajt a k\u00e1ros szabad gy\u00f6k\u00f6kkel szemben.<\/li>\n<li><strong>Regener\u00e1l\u00f3 tulajdons\u00e1g<\/strong>: Seg\u00edt helyre\u00e1ll\u00edtani a b\u0151r term\u00e9szetes egyens\u00faly\u00e1t.<\/li>\n<\/ul>\n<p>A <strong>Hartaum m\u00e9zszappanok<\/strong> kiz\u00e1r\u00f3lag <strong>termel\u0151i magyar m\u00e9zb\u0151l<\/strong> k\u00e9sz\u00fclnek, kieg\u00e9sz\u00edtve term\u00e9szetes \u00f6sszetev\u0151kkel, mint a <strong>kamilla<\/strong> \u00e9s a <strong>sheavaj<\/strong>.<\/p>\n<p><strong>Hogyan haszn\u00e1ld?<\/strong><br \/>\nHaszn\u00e1ld <strong>arcra, testre \u00e9s k\u00e9zre<\/strong>, hogy b\u0151r\u00f6d minden nap megkapja a term\u00e9szetes t\u00f6r\u0151d\u00e9st!<\/p>\n<p>&nbsp;<\/p>","protected":false},"excerpt":{"rendered":"<p>\u00c9lvezd a term\u00e9szetes gondoskod\u00e1st, amit ez a <strong>sheavajjal t\u00e1pl\u00e1lt<\/strong>, <strong>m\u00e9zzel hidrat\u00e1l\u00f3<\/strong> \u00e9s <strong>kamill\u00e1val nyugtat\u00f3<\/strong> szappan ny\u00fajt! A <strong>finom tisztas\u00e1gillat<\/strong> \u00e9s a d\u00fas, kr\u00e9mes habz\u00e1s garant\u00e1ltan elvar\u00e1zsol, mik\u00f6zben b\u0151r\u00f6d megkapja a sz\u00fcks\u00e9ges <strong>t\u00e1pl\u00e1l\u00e1st<\/strong> \u00e9s <strong>\u00e1pol\u00e1st<\/strong>.<\/p>\n<h3>Mi\u00e9rt \u00e9rdemes a m\u00e9zet v\u00e1lasztani?<\/h3>\n<ul>\n<li><strong>M\u00e9lyen hidrat\u00e1l<\/strong>: Rugalmass\u00e1 \u00e9s puh\u00e1v\u00e1 teszi a b\u0151rt.<\/li>\n<li><strong>Gyullad\u00e1scs\u00f6kkent\u0151<\/strong>: Nyugtatja az \u00e9rz\u00e9keny \u00e9s irrit\u00e1lt b\u0151rt.<\/li>\n<li><strong>Antioxid\u00e1ns hat\u00e1s\u00fa<\/strong>: V\u00e9delmet ny\u00fajt a k\u00e1ros szabad gy\u00f6k\u00f6kkel szemben.<\/li>\n<li><strong>Regener\u00e1l\u00f3 tulajdons\u00e1g<\/strong>: Seg\u00edt helyre\u00e1ll\u00edtani a b\u0151r term\u00e9szetes egyens\u00faly\u00e1t.<\/li>\n<\/ul>\n<p>A <strong>Hartaum m\u00e9zszappanok<\/strong> kiz\u00e1r\u00f3lag <strong>termel\u0151i magyar m\u00e9zb\u0151l<\/strong> k\u00e9sz\u00fclnek, kieg\u00e9sz\u00edtve term\u00e9szetes \u00f6sszetev\u0151kkel, mint a <strong>kamilla<\/strong> \u00e9s a <strong>sheavaj<\/strong>.<\/p>\n<p><strong>Hogyan haszn\u00e1ld?<\/strong><br \/>\nHaszn\u00e1ld <strong>arcra, testre \u00e9s k\u00e9zre<\/strong>, hogy b\u0151r\u00f6d minden nap megkapja a term\u00e9szetes t\u00f6r\u0151d\u00e9st!<\/p>","protected":false},"featured_media":10379,"template":"","meta":{"site-sidebar-layout":"default","site-content-layout":"","ast-site-content-layout":"default","site-content-style":"default","site-sidebar-style":"default","ast-global-header-display":"","ast-banner-title-visibility":"","ast-main-header-display":"","ast-hfb-above-header-display":"","ast-hfb-below-header-display":"","ast-hfb-mobile-header-display":"","site-post-title":"","ast-breadcrumbs-content":"","ast-featured-img":"","footer-sml-layout":"","theme-transparent-header-meta":"default","adv-header-id-meta":"","stick-header-meta":"","header-above-stick-meta":"","header-main-stick-meta":"","header-below-stick-meta":"","astra-migrate-meta-layouts":"set","ast-page-background-enabled":"default","ast-page-background-meta":{"desktop":{"background-color":"","background-image":"","background-repeat":"repeat","background-position":"center center","background-size":"auto","background-attachment":"scroll","background-type":"","background-media":"","overlay-type":"","overlay-color":"","overlay-opacity":"","overlay-gradient":""},"tablet":{"background-color":"","background-image":"","background-repeat":"repeat","background-position":"center center","background-size":"auto","background-attachment":"scroll","background-type":"","background-media":"","overlay-type":"","overlay-color":"","overlay-opacity":"","overlay-gradient":""},"mobile":{"background-color":"","background-image":"","background-repeat":"repeat","background-position":"center center","background-size":"auto","background-attachment":"scroll","background-type":"","background-media":"","overlay-type":"","overlay-color":"","overlay-opacity":"","overlay-gradient":""}},"ast-content-background-meta":{"desktop":{"background-color":"var(--ast-global-color-5)","background-image":"","background-repeat":"repeat","background-position":"center center","background-size":"auto","background-attachment":"scroll","background-type":"","background-media":"","overlay-type":"","overlay-color":"","overlay-opacity":"","overlay-gradient":""},"tablet":{"background-color":"var(--ast-global-color-5)","background-image":"","background-repeat":"repeat","background-position":"center center","background-size":"auto","background-attachment":"scroll","background-type":"","background-media":"","overlay-type":"","overlay-color":"","overlay-opacity":"","overlay-gradient":""},"mobile":{"background-color":"var(--ast-global-color-5)","background-image":"","background-repeat":"repeat","background-position":"center center","background-size":"auto","background-attachment":"scroll","background-type":"","background-media":"","overlay-type":"","overlay-color":"","overlay-opacity":"","overlay-gradient":""}}},"product_brand":[],"product_cat":[208,100],"product_tag":[120,139,190],"class_list":{"0":"post-10513","1":"product","2":"type-product","3":"status-publish","4":"has-post-thumbnail","6":"product_cat-mezszappan","7":"product_cat-naturkozmetikum","8":"product_tag-fenntarthato","9":"product_tag-naturkozmetikum","10":"product_tag-szappan","11":"desktop-align-left","12":"tablet-align-left","13":"mobile-align-left","15":"first","16":"instock","17":"shipping-taxable","18":"purchasable","19":"product-type-simple"},"supplier_id":null,"supplier_sku":"","barcode":null,"atum_controlled":true,"out_stock_date":null,"out_stock_threshold":null,"inheritable":false,"inbound_stock":0,"stock_on_hold":0,"sold_today":0,"sales_last_days":0,"reserved_stock":0,"customer_returns":0,"warehouse_damage":0,"lost_in_post":0,"other_logs":0,"out_stock_days":0,"lost_sales":0,"has_location":true,"update_date":"2026-05-13T21:19:52","atum_locations":[{"id":181,"name":"1185 Budapest G\u00f6mbak\u00e1c utca 39.","slug":"1185-budapest-gombakac-utca-39"}],"atum_stock_status":"instock","restock_status":false,"low_stock_amount":"","sales_update_date":"2026-05-13T21:19:52","calc_backorders":null,"_links":{"self":[{"href":"https:\/\/hartaum.hu\/en\/wp-json\/wp\/v2\/product\/10513","targetHints":{"allow":["GET"]}}],"collection":[{"href":"https:\/\/hartaum.hu\/en\/wp-json\/wp\/v2\/product"}],"about":[{"href":"https:\/\/hartaum.hu\/en\/wp-json\/wp\/v2\/types\/product"}],"wp:featuredmedia":[{"embeddable":true,"href":"https:\/\/hartaum.hu\/en\/wp-json\/wp\/v2\/media\/10379"}],"wp:attachment":[{"href":"https:\/\/hartaum.hu\/en\/wp-json\/wp\/v2\/media?parent=10513"}],"wp:term":[{"taxonomy":"product_brand","embeddable":true,"href":"https:\/\/hartaum.hu\/en\/wp-json\/wp\/v2\/product_brand?post=10513"},{"taxonomy":"product_cat","embeddable":true,"href":"https:\/\/hartaum.hu\/en\/wp-json\/wp\/v2\/product_cat?post=10513"},{"taxonomy":"product_tag","embeddable":true,"href":"https:\/\/hartaum.hu\/en\/wp-json\/wp\/v2\/product_tag?post=10513"}],"curies":[{"name":"wp","href":"https:\/\/api.w.org\/{rel}","templated":true}]}}