{"id":10515,"date":"2024-12-17T17:59:43","date_gmt":"2024-12-17T16:59:43","guid":{"rendered":"https:\/\/hartaum.hu\/?post_type=product&#038;p=10515"},"modified":"2025-01-06T23:35:55","modified_gmt":"2025-01-06T22:35:55","slug":"mehpempos-mezszappan","status":"publish","type":"product","link":"https:\/\/hartaum.hu\/en\/webshop\/naturkozmetikum\/mezszappan\/mehpempos-mezszappan\/","title":{"rendered":"M\u00e9hpemp\u0151s m\u00e9zszappan"},"content":{"rendered":"<p>A <strong>m\u00e9hpemp\u0151<\/strong>, a kapt\u00e1r k\u00fcl\u00f6nleges kincse, a <strong>m\u00e9hkir\u00e1lyn\u0151<\/strong> legf\u0151bb eledele, amely p\u00e1ratlanul <strong>gazdag t\u00e1panyagokkal<\/strong> rendelkezik. Ezt a nemes \u00f6sszetev\u0151t \u00f6tv\u00f6zt\u00fck a t\u00e1pl\u00e1l\u00f3 <strong>m\u00e9zzel<\/strong>, hogy b\u0151r\u00f6d is megtapasztalhassa a term\u00e9szet gy\u00f3gy\u00edt\u00f3 erej\u00e9t. A szappan <strong>b\u0151s\u00e9ges habz\u00e1sa<\/strong>, <strong>selymes \u00e9rint\u00e9se<\/strong> \u00e9s <strong>finom illata<\/strong> minden f\u00fcrd\u00e9st luxus\u00e9lm\u00e9nny\u00e9 var\u00e1zsol, mik\u00f6zben hosszan elk\u00eds\u00e9r a nap sor\u00e1n.<\/p>\n<p>A csomagol\u00e1sban egy apr\u00f3 meglepet\u00e9s v\u00e1r: a <strong>val\u00f3di m\u00e9hviaszb\u00f3l<\/strong> egy <strong>illatos mini gyertya<\/strong> k\u00e9sz\u00edthet\u0151, hogy a f\u00fcrd\u0151szob\u00e1d m\u00e9g meghittebb\u00e9 v\u00e1ljon.<\/p>\n<h3>Mi\u00e9rt t\u00f6k\u00e9letes a m\u00e9z a b\u0151r\u00f6dnek?<\/h3>\n<ul>\n<li><strong>M\u00e9lyen hidrat\u00e1l \u00e9s t\u00e1pl\u00e1l<\/strong>: Rugalmass\u00e1 \u00e9s puh\u00e1v\u00e1 var\u00e1zsolja a b\u0151rt.<\/li>\n<li><strong>Antioxid\u00e1ns v\u00e9delem<\/strong>: Meg\u00f3vja a b\u0151rt a szabad gy\u00f6k\u00f6k k\u00e1ros hat\u00e1sait\u00f3l.<\/li>\n<li><strong>Gyullad\u00e1scs\u00f6kkent\u0151<\/strong>: Nyugtatja az \u00e9rz\u00e9keny \u00e9s irrit\u00e1lt b\u0151rt.<\/li>\n<li><strong>\u00d6reged\u00e9sg\u00e1tl\u00f3 hat\u00e1s<\/strong>: Lass\u00edtja az \u00f6reged\u00e9si folyamatokat, mik\u00f6zben b\u0151r\u00f6d term\u00e9szetesen ragyog\u00f3 lesz.<\/li>\n<\/ul>\n<p>Minden <strong>Hartaum m\u00e9zszappan<\/strong> kiz\u00e1r\u00f3lag <strong>termel\u0151i magyar m\u00e9zzel<\/strong> k\u00e9sz\u00fcl a b\u0151r eg\u00e9szs\u00e9g\u00e9\u00e9rt \u00e9s term\u00e9szetes \u00e1pol\u00e1s\u00e1\u00e9rt.<\/p>\n<p><strong>Hogyan haszn\u00e1ld?<\/strong><br \/>\nHaszn\u00e1ld <strong>arcra, testre \u00e9s k\u00e9zre<\/strong>, hogy b\u0151r\u00f6d minden nap a legjobbat kapja!<\/p>","protected":false},"excerpt":{"rendered":"<p>A <strong>m\u00e9hpemp\u0151<\/strong>, a kapt\u00e1r k\u00fcl\u00f6nleges kincse, a <strong>m\u00e9hkir\u00e1lyn\u0151<\/strong> legf\u0151bb eledele, amely p\u00e1ratlanul <strong>gazdag t\u00e1panyagokkal<\/strong> rendelkezik. Ezt a nemes \u00f6sszetev\u0151t \u00f6tv\u00f6zt\u00fck a t\u00e1pl\u00e1l\u00f3 <strong>m\u00e9zzel<\/strong>, hogy b\u0151r\u00f6d is megtapasztalhassa a term\u00e9szet gy\u00f3gy\u00edt\u00f3 erej\u00e9t. A szappan <strong>b\u0151s\u00e9ges habz\u00e1sa<\/strong>, <strong>selymes \u00e9rint\u00e9se<\/strong> \u00e9s <strong>finom illata<\/strong> minden f\u00fcrd\u00e9st luxus\u00e9lm\u00e9nny\u00e9 var\u00e1zsol, mik\u00f6zben hosszan elk\u00eds\u00e9r a nap sor\u00e1n.<\/p>\n<p>A csomagol\u00e1sban egy apr\u00f3 meglepet\u00e9s v\u00e1r: a <strong>val\u00f3di m\u00e9hviaszb\u00f3l<\/strong> egy <strong>illatos mini gyertya<\/strong> k\u00e9sz\u00edthet\u0151, hogy a f\u00fcrd\u0151szob\u00e1d m\u00e9g meghittebb\u00e9 v\u00e1ljon.<\/p>\n<h3>Mi\u00e9rt t\u00f6k\u00e9letes a m\u00e9z a b\u0151r\u00f6dnek?<\/h3>\n<ul>\n<li><strong>M\u00e9lyen hidrat\u00e1l \u00e9s t\u00e1pl\u00e1l<\/strong>: Rugalmass\u00e1 \u00e9s puh\u00e1v\u00e1 var\u00e1zsolja a b\u0151rt.<\/li>\n<li><strong>Antioxid\u00e1ns v\u00e9delem<\/strong>: Meg\u00f3vja a b\u0151rt a szabad gy\u00f6k\u00f6k k\u00e1ros hat\u00e1sait\u00f3l.<\/li>\n<li><strong>Gyullad\u00e1scs\u00f6kkent\u0151<\/strong>: Nyugtatja az \u00e9rz\u00e9keny \u00e9s irrit\u00e1lt b\u0151rt.<\/li>\n<li><strong>\u00d6reged\u00e9sg\u00e1tl\u00f3 hat\u00e1s<\/strong>: Lass\u00edtja az \u00f6reged\u00e9si folyamatokat, mik\u00f6zben b\u0151r\u00f6d term\u00e9szetesen ragyog\u00f3 lesz.<\/li>\n<\/ul>\n<p>Minden <strong>Hartaum m\u00e9zszappan<\/strong> kiz\u00e1r\u00f3lag <strong>termel\u0151i magyar m\u00e9zzel<\/strong> k\u00e9sz\u00fcl a b\u0151r eg\u00e9szs\u00e9g\u00e9\u00e9rt \u00e9s term\u00e9szetes \u00e1pol\u00e1s\u00e1\u00e9rt.<\/p>\n<p><strong>Hogyan haszn\u00e1ld?<\/strong><br \/>\nHaszn\u00e1ld <strong>arcra, testre \u00e9s k\u00e9zre<\/strong>, hogy b\u0151r\u00f6d minden nap a legjobbat kapja!<\/p>","protected":false},"featured_media":10354,"template":"","meta":{"site-sidebar-layout":"default","site-content-layout":"","ast-site-content-layout":"default","site-content-style":"default","site-sidebar-style":"default","ast-global-header-display":"","ast-banner-title-visibility":"","ast-main-header-display":"","ast-hfb-above-header-display":"","ast-hfb-below-header-display":"","ast-hfb-mobile-header-display":"","site-post-title":"","ast-breadcrumbs-content":"","ast-featured-img":"","footer-sml-layout":"","theme-transparent-header-meta":"default","adv-header-id-meta":"","stick-header-meta":"","header-above-stick-meta":"","header-main-stick-meta":"","header-below-stick-meta":"","astra-migrate-meta-layouts":"set","ast-page-background-enabled":"default","ast-page-background-meta":{"desktop":{"background-color":"","background-image":"","background-repeat":"repeat","background-position":"center center","background-size":"auto","background-attachment":"scroll","background-type":"","background-media":"","overlay-type":"","overlay-color":"","overlay-opacity":"","overlay-gradient":""},"tablet":{"background-color":"","background-image":"","background-repeat":"repeat","background-position":"center center","background-size":"auto","background-attachment":"scroll","background-type":"","background-media":"","overlay-type":"","overlay-color":"","overlay-opacity":"","overlay-gradient":""},"mobile":{"background-color":"","background-image":"","background-repeat":"repeat","background-position":"center center","background-size":"auto","background-attachment":"scroll","background-type":"","background-media":"","overlay-type":"","overlay-color":"","overlay-opacity":"","overlay-gradient":""}},"ast-content-background-meta":{"desktop":{"background-color":"var(--ast-global-color-5)","background-image":"","background-repeat":"repeat","background-position":"center center","background-size":"auto","background-attachment":"scroll","background-type":"","background-media":"","overlay-type":"","overlay-color":"","overlay-opacity":"","overlay-gradient":""},"tablet":{"background-color":"var(--ast-global-color-5)","background-image":"","background-repeat":"repeat","background-position":"center center","background-size":"auto","background-attachment":"scroll","background-type":"","background-media":"","overlay-type":"","overlay-color":"","overlay-opacity":"","overlay-gradient":""},"mobile":{"background-color":"var(--ast-global-color-5)","background-image":"","background-repeat":"repeat","background-position":"center center","background-size":"auto","background-attachment":"scroll","background-type":"","background-media":"","overlay-type":"","overlay-color":"","overlay-opacity":"","overlay-gradient":""}}},"product_brand":[],"product_cat":[208,100],"product_tag":[120,139,190],"class_list":{"0":"post-10515","1":"product","2":"type-product","3":"status-publish","4":"has-post-thumbnail","6":"product_cat-mezszappan","7":"product_cat-naturkozmetikum","8":"product_tag-fenntarthato","9":"product_tag-naturkozmetikum","10":"product_tag-szappan","11":"desktop-align-left","12":"tablet-align-left","13":"mobile-align-left","15":"first","16":"instock","17":"shipping-taxable","18":"purchasable","19":"product-type-simple"},"supplier_id":null,"supplier_sku":"","barcode":null,"atum_controlled":true,"out_stock_date":null,"out_stock_threshold":null,"inheritable":false,"inbound_stock":0,"stock_on_hold":0,"sold_today":0,"sales_last_days":0,"reserved_stock":0,"customer_returns":0,"warehouse_damage":0,"lost_in_post":0,"other_logs":0,"out_stock_days":0,"lost_sales":0,"has_location":true,"update_date":"2026-05-13T21:19:52","atum_locations":[{"id":181,"name":"1185 Budapest G\u00f6mbak\u00e1c utca 39.","slug":"1185-budapest-gombakac-utca-39"}],"atum_stock_status":"instock","restock_status":false,"low_stock_amount":2,"sales_update_date":"2026-05-13T21:19:52","calc_backorders":null,"_links":{"self":[{"href":"https:\/\/hartaum.hu\/en\/wp-json\/wp\/v2\/product\/10515","targetHints":{"allow":["GET"]}}],"collection":[{"href":"https:\/\/hartaum.hu\/en\/wp-json\/wp\/v2\/product"}],"about":[{"href":"https:\/\/hartaum.hu\/en\/wp-json\/wp\/v2\/types\/product"}],"wp:featuredmedia":[{"embeddable":true,"href":"https:\/\/hartaum.hu\/en\/wp-json\/wp\/v2\/media\/10354"}],"wp:attachment":[{"href":"https:\/\/hartaum.hu\/en\/wp-json\/wp\/v2\/media?parent=10515"}],"wp:term":[{"taxonomy":"product_brand","embeddable":true,"href":"https:\/\/hartaum.hu\/en\/wp-json\/wp\/v2\/product_brand?post=10515"},{"taxonomy":"product_cat","embeddable":true,"href":"https:\/\/hartaum.hu\/en\/wp-json\/wp\/v2\/product_cat?post=10515"},{"taxonomy":"product_tag","embeddable":true,"href":"https:\/\/hartaum.hu\/en\/wp-json\/wp\/v2\/product_tag?post=10515"}],"curies":[{"name":"wp","href":"https:\/\/api.w.org\/{rel}","templated":true}]}}