{"id":10516,"date":"2024-12-17T18:33:29","date_gmt":"2024-12-17T17:33:29","guid":{"rendered":"https:\/\/hartaum.hu\/?post_type=product&#038;p=10516"},"modified":"2025-01-06T13:28:17","modified_gmt":"2025-01-06T12:28:17","slug":"citromfuves-koromviragos-mezszappan","status":"publish","type":"product","link":"https:\/\/hartaum.hu\/en\/webshop\/naturkozmetikum\/mezszappan\/citromfuves-koromviragos-mezszappan\/","title":{"rendered":"Citromf\u00fcves-K\u00f6r\u00f6mvir\u00e1gos m\u00e9zszappan"},"content":{"rendered":"<div class=\"flex max-w-full flex-col flex-grow\">\n<div class=\"min-h-8 text-message flex w-full flex-col items-end gap-2 whitespace-normal break-words text-start [.text-message+&amp;]:mt-5\" dir=\"auto\" data-message-author-role=\"assistant\" data-message-id=\"d697425c-4153-494c-84d7-3545c0bf334e\" data-message-model-slug=\"gpt-4o\">\n<div class=\"flex w-full flex-col gap-1 empty:hidden first:pt-[3px]\">\n<div class=\"markdown prose w-full break-words dark:prose-invert light\">\n<p>Ez a szappan nemcsak <strong>gyeng\u00e9d tiszt\u00edt\u00e1st<\/strong> ny\u00fajt, hanem val\u00f3di <strong>wellness \u00e9lm\u00e9nyt<\/strong> is minden egyes f\u00fcrd\u00e9s alkalm\u00e1val. A <strong>citromf\u0171 friss\u00edt\u0151 illata<\/strong> \u00e1tj\u00e1rja tested \u00e9s lelked, energi\u00e1val t\u00f6lt fel, m\u00edg a f\u00fcrd\u0151szob\u00e1dat egy igazi <strong>aromater\u00e1pi\u00e1s o\u00e1ziss\u00e1<\/strong> v\u00e1ltoztatja. A <strong>k\u00f6r\u00f6mvir\u00e1gszirmok<\/strong> finoman massz\u00edrozz\u00e1k a b\u0151rt, el\u0151seg\u00edtve annak <strong>meg\u00fajul\u00e1s\u00e1t<\/strong> \u00e9s <strong>puhas\u00e1g\u00e1t<\/strong>.<\/p>\n<h3>Mi\u00e9rt v\u00e1laszd a m\u00e9zes szappant?<\/h3>\n<ul>\n<li><strong>M\u00e9lyen hidrat\u00e1l \u00e9s t\u00e1pl\u00e1l<\/strong>: Rugalmass\u00e1 \u00e9s sim\u00e1v\u00e1 var\u00e1zsolja a b\u0151rt.<\/li>\n<li><strong>Antioxid\u00e1ns v\u00e9delem<\/strong>: V\u00e9d a k\u00e1ros szabad gy\u00f6k\u00f6k ellen.<\/li>\n<li><strong>Gyullad\u00e1scs\u00f6kkent\u0151 hat\u00e1s<\/strong>: Nyugtatja az \u00e9rz\u00e9keny \u00e9s irrit\u00e1lt b\u0151rt.<\/li>\n<li><strong>Friss\u00edt\u0151 \u00e9lm\u00e9ny<\/strong>: A <strong>citromf\u0171<\/strong> \u00e9s a <strong>k\u00f6r\u00f6mvir\u00e1g<\/strong> \u00e9l\u00e9nk\u00edt\u0151 hat\u00e1sa energi\u00e1val t\u00f6lt fel.<\/li>\n<\/ul>\n<p><strong>Egyedi aj\u00e1nd\u00e9k\u00f6tlet<\/strong>: A <strong>Hartaum Citromf\u00fcves-K\u00f6r\u00f6mvir\u00e1gos m\u00e9zszappan<\/strong> t\u00f6k\u00e9letes v\u00e1laszt\u00e1s szeretteid sz\u00e1m\u00e1ra, akik meg\u00e9rdemlik a <strong>luxus \u00e1pol\u00e1st<\/strong> \u00e9s a <strong>k\u00fcl\u00f6nleges t\u00f6r\u0151d\u00e9st<\/strong>.<\/p>\n<p><strong>Hogyan haszn\u00e1ld?<\/strong><br \/>\nAlkalmazd <strong>arcra, testre \u00e9s k\u00e9zre<\/strong> a friss, hidrat\u00e1lt \u00e9s eg\u00e9szs\u00e9ges b\u0151r\u00e9rt!<\/p>\n<p>&nbsp;<\/p>\n<\/div>\n<\/div>\n<\/div>\n<\/div>","protected":false},"excerpt":{"rendered":"<p>Ez a szappan nemcsak <strong>gyeng\u00e9d tiszt\u00edt\u00e1st<\/strong> ny\u00fajt, hanem val\u00f3di <strong>wellness \u00e9lm\u00e9nyt<\/strong> is minden egyes f\u00fcrd\u00e9s alkalm\u00e1val. A <strong>citromf\u0171 friss\u00edt\u0151 illata<\/strong> \u00e1tj\u00e1rja tested \u00e9s lelked, energi\u00e1val t\u00f6lt fel, m\u00edg a f\u00fcrd\u0151szob\u00e1dat egy igazi <strong>aromater\u00e1pi\u00e1s o\u00e1ziss\u00e1<\/strong> v\u00e1ltoztatja. A <strong>k\u00f6r\u00f6mvir\u00e1gszirmok<\/strong> finoman massz\u00edrozz\u00e1k a b\u0151rt, el\u0151seg\u00edtve annak <strong>meg\u00fajul\u00e1s\u00e1t<\/strong> \u00e9s <strong>puhas\u00e1g\u00e1t<\/strong>.<\/p>\n<h3>Mi\u00e9rt v\u00e1laszd a m\u00e9zes szappant?<\/h3>\n<ul>\n<li><strong>M\u00e9lyen hidrat\u00e1l \u00e9s t\u00e1pl\u00e1l<\/strong>: Rugalmass\u00e1 \u00e9s sim\u00e1v\u00e1 var\u00e1zsolja a b\u0151rt.<\/li>\n<li><strong>Antioxid\u00e1ns v\u00e9delem<\/strong>: V\u00e9d a k\u00e1ros szabad gy\u00f6k\u00f6k ellen.<\/li>\n<li><strong>Gyullad\u00e1scs\u00f6kkent\u0151 hat\u00e1s<\/strong>: Nyugtatja az \u00e9rz\u00e9keny \u00e9s irrit\u00e1lt b\u0151rt.<\/li>\n<li><strong>Friss\u00edt\u0151 \u00e9lm\u00e9ny<\/strong>: A <strong>citromf\u0171<\/strong> \u00e9s a <strong>k\u00f6r\u00f6mvir\u00e1g<\/strong> \u00e9l\u00e9nk\u00edt\u0151 hat\u00e1sa energi\u00e1val t\u00f6lt fel.<\/li>\n<\/ul>\n<p><strong>Egyedi aj\u00e1nd\u00e9k\u00f6tlet<\/strong>: A <strong>Hartaum Citromf\u00fcves-K\u00f6r\u00f6mvir\u00e1gos m\u00e9zszappan<\/strong> t\u00f6k\u00e9letes v\u00e1laszt\u00e1s szeretteid sz\u00e1m\u00e1ra, akik meg\u00e9rdemlik a <strong>luxus \u00e1pol\u00e1st<\/strong> \u00e9s a <strong>k\u00fcl\u00f6nleges t\u00f6r\u0151d\u00e9st<\/strong>.<\/p>\n<p><strong>Hogyan haszn\u00e1ld?<\/strong><br \/>\nAlkalmazd <strong>arcra, testre \u00e9s k\u00e9zre<\/strong> a friss, hidrat\u00e1lt \u00e9s eg\u00e9szs\u00e9ges b\u0151r\u00e9rt!<\/p>","protected":false},"featured_media":10344,"template":"","meta":{"site-sidebar-layout":"default","site-content-layout":"","ast-site-content-layout":"default","site-content-style":"default","site-sidebar-style":"default","ast-global-header-display":"","ast-banner-title-visibility":"","ast-main-header-display":"","ast-hfb-above-header-display":"","ast-hfb-below-header-display":"","ast-hfb-mobile-header-display":"","site-post-title":"","ast-breadcrumbs-content":"","ast-featured-img":"","footer-sml-layout":"","theme-transparent-header-meta":"default","adv-header-id-meta":"","stick-header-meta":"","header-above-stick-meta":"","header-main-stick-meta":"","header-below-stick-meta":"","astra-migrate-meta-layouts":"set","ast-page-background-enabled":"default","ast-page-background-meta":{"desktop":{"background-color":"","background-image":"","background-repeat":"repeat","background-position":"center center","background-size":"auto","background-attachment":"scroll","background-type":"","background-media":"","overlay-type":"","overlay-color":"","overlay-opacity":"","overlay-gradient":""},"tablet":{"background-color":"","background-image":"","background-repeat":"repeat","background-position":"center center","background-size":"auto","background-attachment":"scroll","background-type":"","background-media":"","overlay-type":"","overlay-color":"","overlay-opacity":"","overlay-gradient":""},"mobile":{"background-color":"","background-image":"","background-repeat":"repeat","background-position":"center center","background-size":"auto","background-attachment":"scroll","background-type":"","background-media":"","overlay-type":"","overlay-color":"","overlay-opacity":"","overlay-gradient":""}},"ast-content-background-meta":{"desktop":{"background-color":"var(--ast-global-color-5)","background-image":"","background-repeat":"repeat","background-position":"center center","background-size":"auto","background-attachment":"scroll","background-type":"","background-media":"","overlay-type":"","overlay-color":"","overlay-opacity":"","overlay-gradient":""},"tablet":{"background-color":"var(--ast-global-color-5)","background-image":"","background-repeat":"repeat","background-position":"center center","background-size":"auto","background-attachment":"scroll","background-type":"","background-media":"","overlay-type":"","overlay-color":"","overlay-opacity":"","overlay-gradient":""},"mobile":{"background-color":"var(--ast-global-color-5)","background-image":"","background-repeat":"repeat","background-position":"center center","background-size":"auto","background-attachment":"scroll","background-type":"","background-media":"","overlay-type":"","overlay-color":"","overlay-opacity":"","overlay-gradient":""}}},"product_brand":[],"product_cat":[208,100],"product_tag":[120,139,190],"class_list":{"0":"post-10516","1":"product","2":"type-product","3":"status-publish","4":"has-post-thumbnail","6":"product_cat-mezszappan","7":"product_cat-naturkozmetikum","8":"product_tag-fenntarthato","9":"product_tag-naturkozmetikum","10":"product_tag-szappan","11":"desktop-align-left","12":"tablet-align-left","13":"mobile-align-left","15":"first","16":"instock","17":"shipping-taxable","18":"purchasable","19":"product-type-simple"},"supplier_id":null,"supplier_sku":"","barcode":null,"atum_controlled":true,"out_stock_date":null,"out_stock_threshold":null,"inheritable":false,"inbound_stock":0,"stock_on_hold":0,"sold_today":0,"sales_last_days":0,"reserved_stock":0,"customer_returns":0,"warehouse_damage":0,"lost_in_post":0,"other_logs":0,"out_stock_days":0,"lost_sales":0,"has_location":true,"update_date":"2026-05-13T21:19:54","atum_locations":[{"id":181,"name":"1185 Budapest G\u00f6mbak\u00e1c utca 39.","slug":"1185-budapest-gombakac-utca-39"}],"atum_stock_status":"instock","restock_status":false,"low_stock_amount":2,"sales_update_date":"2026-05-13T21:19:54","calc_backorders":null,"_links":{"self":[{"href":"https:\/\/hartaum.hu\/en\/wp-json\/wp\/v2\/product\/10516","targetHints":{"allow":["GET"]}}],"collection":[{"href":"https:\/\/hartaum.hu\/en\/wp-json\/wp\/v2\/product"}],"about":[{"href":"https:\/\/hartaum.hu\/en\/wp-json\/wp\/v2\/types\/product"}],"wp:featuredmedia":[{"embeddable":true,"href":"https:\/\/hartaum.hu\/en\/wp-json\/wp\/v2\/media\/10344"}],"wp:attachment":[{"href":"https:\/\/hartaum.hu\/en\/wp-json\/wp\/v2\/media?parent=10516"}],"wp:term":[{"taxonomy":"product_brand","embeddable":true,"href":"https:\/\/hartaum.hu\/en\/wp-json\/wp\/v2\/product_brand?post=10516"},{"taxonomy":"product_cat","embeddable":true,"href":"https:\/\/hartaum.hu\/en\/wp-json\/wp\/v2\/product_cat?post=10516"},{"taxonomy":"product_tag","embeddable":true,"href":"https:\/\/hartaum.hu\/en\/wp-json\/wp\/v2\/product_tag?post=10516"}],"curies":[{"name":"wp","href":"https:\/\/api.w.org\/{rel}","templated":true}]}}