{"id":10517,"date":"2024-12-17T18:39:05","date_gmt":"2024-12-17T17:39:05","guid":{"rendered":"https:\/\/hartaum.hu\/?post_type=product&#038;p=10517"},"modified":"2025-01-06T23:29:02","modified_gmt":"2025-01-06T22:29:02","slug":"argan-olajos-mezszappan","status":"publish","type":"product","link":"https:\/\/hartaum.hu\/en\/webshop\/naturkozmetikum\/mezszappan\/argan-olajos-mezszappan\/","title":{"rendered":"Arg\u00e1n olajos m\u00e9zszappan"},"content":{"rendered":"<p>Ez a szappan a <strong>m\u00e9z hidrat\u00e1l\u00f3 erej\u00e9t<\/strong> \u00e9s az <strong>arg\u00e1nolaj<\/strong> t\u00e1pl\u00e1l\u00f3, regener\u00e1l\u00f3 tulajdons\u00e1gait egyes\u00edti, hogy b\u0151r\u00f6d visszanyerje term\u00e9szetes <strong>ragyog\u00e1s\u00e1t<\/strong> \u00e9s <strong>puhas\u00e1g\u00e1t<\/strong>. K\u00edm\u00e9letesen tiszt\u00edt, mik\u00f6zben a <strong>friss, kellemes illata<\/strong> minden haszn\u00e1latot igazi \u00e9lm\u00e9nny\u00e9 var\u00e1zsol.<\/p>\n<h3>Mi\u00e9rt v\u00e1laszd a m\u00e9zet \u00e9s az arg\u00e1nolajat?<\/h3>\n<ul>\n<li><strong>Hidrat\u00e1l \u00e9s t\u00e1pl\u00e1l<\/strong>: M\u00e9lyen \u00e1pol, puh\u00e1v\u00e1 \u00e9s rugalmass\u00e1 teszi a b\u0151rt.<\/li>\n<li><strong>Regener\u00e1lja a b\u0151rt<\/strong>: Az arg\u00e1nolaj seg\u00edt helyre\u00e1ll\u00edtani a b\u0151r eg\u00e9szs\u00e9ges strukt\u00far\u00e1j\u00e1t.<\/li>\n<li><strong>Antioxid\u00e1ns v\u00e9delem<\/strong>: A m\u00e9z meg\u00f3vja a b\u0151rt a szabad gy\u00f6k\u00f6k k\u00e1ros hat\u00e1sait\u00f3l.<\/li>\n<li><strong>Gyullad\u00e1scs\u00f6kkent\u0151 hat\u00e1s<\/strong>: Enyh\u00edti az irrit\u00e1ci\u00f3t \u00e9s t\u00e1mogatja a b\u0151r term\u00e9szetes meg\u00fajul\u00e1s\u00e1t.<\/li>\n<\/ul>\n<p>Minden <strong>Hartaum m\u00e9zszappan<\/strong> <strong>termel\u0151i magyar m\u00e9zzel<\/strong> \u00e9s \u00e9rt\u00e9kes term\u00e9szetes \u00f6sszetev\u0151kkel k\u00e9sz\u00fcl, hogy b\u0151r\u00f6d a legjobb gondoskod\u00e1st kapja.<\/p>\n<p><strong>Hogyan haszn\u00e1ld?<\/strong><br \/>\nHaszn\u00e1lhat\u00f3 <strong>arcra, testre \u00e9s k\u00e9zre<\/strong> \u2013 gyeng\u00e9d \u00e1pol\u00e1s minden b\u0151rt\u00edpusra.<\/p>\n<p>&nbsp;<\/p>\n<p>&nbsp;<\/p>","protected":false},"excerpt":{"rendered":"<p>Ez a szappan a <strong>m\u00e9z hidrat\u00e1l\u00f3 erej\u00e9t<\/strong> \u00e9s az <strong>arg\u00e1nolaj<\/strong> t\u00e1pl\u00e1l\u00f3, regener\u00e1l\u00f3 tulajdons\u00e1gait egyes\u00edti, hogy b\u0151r\u00f6d visszanyerje term\u00e9szetes <strong>ragyog\u00e1s\u00e1t<\/strong> \u00e9s <strong>puhas\u00e1g\u00e1t<\/strong>. K\u00edm\u00e9letesen tiszt\u00edt, mik\u00f6zben a <strong>friss, kellemes illata<\/strong> minden haszn\u00e1latot igazi \u00e9lm\u00e9nny\u00e9 var\u00e1zsol.<\/p>\n<h3>Mi\u00e9rt v\u00e1laszd a m\u00e9zet \u00e9s az arg\u00e1nolajat?<\/h3>\n<ul>\n<li><strong>Hidrat\u00e1l \u00e9s t\u00e1pl\u00e1l<\/strong>: M\u00e9lyen \u00e1pol, puh\u00e1v\u00e1 \u00e9s rugalmass\u00e1 teszi a b\u0151rt.<\/li>\n<li><strong>Regener\u00e1lja a b\u0151rt<\/strong>: Az arg\u00e1nolaj seg\u00edt helyre\u00e1ll\u00edtani a b\u0151r eg\u00e9szs\u00e9ges strukt\u00far\u00e1j\u00e1t.<\/li>\n<li><strong>Antioxid\u00e1ns v\u00e9delem<\/strong>: A m\u00e9z meg\u00f3vja a b\u0151rt a szabad gy\u00f6k\u00f6k k\u00e1ros hat\u00e1sait\u00f3l.<\/li>\n<li><strong>Gyullad\u00e1scs\u00f6kkent\u0151 hat\u00e1s<\/strong>: Enyh\u00edti az irrit\u00e1ci\u00f3t \u00e9s t\u00e1mogatja a b\u0151r term\u00e9szetes meg\u00fajul\u00e1s\u00e1t.<\/li>\n<\/ul>\n<p>Minden <strong>Hartaum m\u00e9zszappan<\/strong> <strong>termel\u0151i magyar m\u00e9zzel<\/strong> \u00e9s \u00e9rt\u00e9kes term\u00e9szetes \u00f6sszetev\u0151kkel k\u00e9sz\u00fcl, hogy b\u0151r\u00f6d a legjobb gondoskod\u00e1st kapja.<\/p>\n<p><strong>Hogyan haszn\u00e1ld?<\/strong><br \/>\nHaszn\u00e1lhat\u00f3 <strong>arcra, testre \u00e9s k\u00e9zre<\/strong> \u2013 gyeng\u00e9d \u00e1pol\u00e1s minden b\u0151rt\u00edpusra.<\/p>","protected":false},"featured_media":10339,"template":"","meta":{"site-sidebar-layout":"default","site-content-layout":"","ast-site-content-layout":"default","site-content-style":"default","site-sidebar-style":"default","ast-global-header-display":"","ast-banner-title-visibility":"","ast-main-header-display":"","ast-hfb-above-header-display":"","ast-hfb-below-header-display":"","ast-hfb-mobile-header-display":"","site-post-title":"","ast-breadcrumbs-content":"","ast-featured-img":"","footer-sml-layout":"","theme-transparent-header-meta":"default","adv-header-id-meta":"","stick-header-meta":"","header-above-stick-meta":"","header-main-stick-meta":"","header-below-stick-meta":"","astra-migrate-meta-layouts":"set","ast-page-background-enabled":"default","ast-page-background-meta":{"desktop":{"background-color":"","background-image":"","background-repeat":"repeat","background-position":"center center","background-size":"auto","background-attachment":"scroll","background-type":"","background-media":"","overlay-type":"","overlay-color":"","overlay-opacity":"","overlay-gradient":""},"tablet":{"background-color":"","background-image":"","background-repeat":"repeat","background-position":"center center","background-size":"auto","background-attachment":"scroll","background-type":"","background-media":"","overlay-type":"","overlay-color":"","overlay-opacity":"","overlay-gradient":""},"mobile":{"background-color":"","background-image":"","background-repeat":"repeat","background-position":"center center","background-size":"auto","background-attachment":"scroll","background-type":"","background-media":"","overlay-type":"","overlay-color":"","overlay-opacity":"","overlay-gradient":""}},"ast-content-background-meta":{"desktop":{"background-color":"var(--ast-global-color-5)","background-image":"","background-repeat":"repeat","background-position":"center center","background-size":"auto","background-attachment":"scroll","background-type":"","background-media":"","overlay-type":"","overlay-color":"","overlay-opacity":"","overlay-gradient":""},"tablet":{"background-color":"var(--ast-global-color-5)","background-image":"","background-repeat":"repeat","background-position":"center center","background-size":"auto","background-attachment":"scroll","background-type":"","background-media":"","overlay-type":"","overlay-color":"","overlay-opacity":"","overlay-gradient":""},"mobile":{"background-color":"var(--ast-global-color-5)","background-image":"","background-repeat":"repeat","background-position":"center center","background-size":"auto","background-attachment":"scroll","background-type":"","background-media":"","overlay-type":"","overlay-color":"","overlay-opacity":"","overlay-gradient":""}}},"product_brand":[],"product_cat":[208,100],"product_tag":[120,139,190],"class_list":{"0":"post-10517","1":"product","2":"type-product","3":"status-publish","4":"has-post-thumbnail","6":"product_cat-mezszappan","7":"product_cat-naturkozmetikum","8":"product_tag-fenntarthato","9":"product_tag-naturkozmetikum","10":"product_tag-szappan","11":"desktop-align-left","12":"tablet-align-left","13":"mobile-align-left","15":"first","16":"instock","17":"shipping-taxable","18":"purchasable","19":"product-type-simple"},"supplier_id":null,"supplier_sku":"","barcode":null,"atum_controlled":true,"out_stock_date":null,"out_stock_threshold":null,"inheritable":false,"inbound_stock":0,"stock_on_hold":0,"sold_today":0,"sales_last_days":0,"reserved_stock":0,"customer_returns":0,"warehouse_damage":0,"lost_in_post":0,"other_logs":0,"out_stock_days":0,"lost_sales":0,"has_location":true,"update_date":"2026-05-13T21:19:52","atum_locations":[{"id":181,"name":"1185 Budapest G\u00f6mbak\u00e1c utca 39.","slug":"1185-budapest-gombakac-utca-39"}],"atum_stock_status":"instock","restock_status":false,"low_stock_amount":2,"sales_update_date":"2026-05-13T21:19:52","calc_backorders":null,"_links":{"self":[{"href":"https:\/\/hartaum.hu\/en\/wp-json\/wp\/v2\/product\/10517","targetHints":{"allow":["GET"]}}],"collection":[{"href":"https:\/\/hartaum.hu\/en\/wp-json\/wp\/v2\/product"}],"about":[{"href":"https:\/\/hartaum.hu\/en\/wp-json\/wp\/v2\/types\/product"}],"wp:featuredmedia":[{"embeddable":true,"href":"https:\/\/hartaum.hu\/en\/wp-json\/wp\/v2\/media\/10339"}],"wp:attachment":[{"href":"https:\/\/hartaum.hu\/en\/wp-json\/wp\/v2\/media?parent=10517"}],"wp:term":[{"taxonomy":"product_brand","embeddable":true,"href":"https:\/\/hartaum.hu\/en\/wp-json\/wp\/v2\/product_brand?post=10517"},{"taxonomy":"product_cat","embeddable":true,"href":"https:\/\/hartaum.hu\/en\/wp-json\/wp\/v2\/product_cat?post=10517"},{"taxonomy":"product_tag","embeddable":true,"href":"https:\/\/hartaum.hu\/en\/wp-json\/wp\/v2\/product_tag?post=10517"}],"curies":[{"name":"wp","href":"https:\/\/api.w.org\/{rel}","templated":true}]}}