{"id":10518,"date":"2024-12-17T18:56:54","date_gmt":"2024-12-17T17:56:54","guid":{"rendered":"https:\/\/hartaum.hu\/?post_type=product&#038;p=10518"},"modified":"2025-01-06T23:35:55","modified_gmt":"2025-01-06T22:35:55","slug":"macko-mezszappan","status":"publish","type":"product","link":"https:\/\/hartaum.hu\/en\/webshop\/naturkozmetikum\/mezszappan\/macko-mezszappan\/","title":{"rendered":"Mack\u00f3 m\u00e9zszappan"},"content":{"rendered":"<div class=\"flex max-w-full flex-col flex-grow\">\n<div class=\"min-h-8 text-message flex w-full flex-col items-end gap-2 whitespace-normal break-words text-start [.text-message+&amp;]:mt-5\" dir=\"auto\" data-message-author-role=\"assistant\" data-message-id=\"91c18f1e-5d61-4256-abdd-ae3a95a4a03d\" data-message-model-slug=\"gpt-4o\">\n<div class=\"flex w-full flex-col gap-1 empty:hidden first:pt-[3px]\">\n<div class=\"markdown prose w-full break-words dark:prose-invert light\">\n<p>Ez a <strong>vid\u00e1m szappan<\/strong> kifejezetten <strong>gyermekek sz\u00e1m\u00e1ra<\/strong> k\u00e9sz\u00fclt (3 \u00e9ves kort\u00f3l), hogy a f\u00fcrd\u00e9s minden alkalommal <strong>\u00f6r\u00f6mteli \u00e9lm\u00e9ny<\/strong> legyen. A szappan k\u00fcl\u00f6nlegess\u00e9g\u00e9t a <strong>k\u00f6r\u00f6mvir\u00e1gszirmok<\/strong> adj\u00e1k, amelyek gyeng\u00e9den \u00e1polj\u00e1k a b\u0151rt. Ez az <strong>igazi b\u0151rbar\u00e1t<\/strong> szappan t\u00f6k\u00e9letes v\u00e1laszt\u00e1s a gyermekek <strong>tiszta \u00e9s eg\u00e9szs\u00e9ges b\u0151r\u00e1pol\u00e1s\u00e1hoz<\/strong>.<\/p>\n<h3>Mi\u00e9rt k\u00fcl\u00f6nleges a m\u00e9z?<\/h3>\n<ul>\n<li><strong>Hidrat\u00e1l\u00f3 \u00e9s t\u00e1pl\u00e1l\u00f3<\/strong>: Puh\u00e1v\u00e1 \u00e9s rugalmass\u00e1 var\u00e1zsolja a b\u0151rt.<\/li>\n<li><strong>B\u0151rnyugtat\u00f3 hat\u00e1s\u00fa<\/strong>: Seg\u00edt enyh\u00edteni a sz\u00e1raz, irrit\u00e1lt b\u0151r kellemetlen \u00e9rz\u00e9s\u00e9t.<\/li>\n<li><strong>Antioxid\u00e1ns v\u00e9delem<\/strong>: T\u00e1mogatja a b\u0151r eg\u00e9szs\u00e9g\u00e9t, \u00e9s \u00f3vja a k\u00e1ros szabad gy\u00f6k\u00f6kt\u0151l.<\/li>\n<li><strong>Term\u00e9szetes tiszt\u00edt\u00e1s<\/strong>: K\u00edm\u00e9letes, m\u00e9gis alapos b\u0151r\u00e1pol\u00e1st biztos\u00edt.<\/li>\n<\/ul>\n<p>A <strong>Hartaum m\u00e9zszappanok<\/strong> kiz\u00e1r\u00f3lag <strong>termel\u0151i magyar m\u00e9zzel<\/strong> k\u00e9sz\u00fclnek, a gyermekek \u00e9rz\u00e9keny b\u0151r\u00e9hez igazodva.<\/p>\n<p><strong>Hogyan haszn\u00e1ld?<\/strong><br \/>\nHaszn\u00e1ld <strong>k\u00e9zre \u00e9s testre<\/strong> \u2013 \u00fcgyelj arra, hogy szembe ne ker\u00fclj\u00f6n!<\/p>\n<\/div>\n<\/div>\n<\/div>\n<\/div>","protected":false},"excerpt":{"rendered":"<p>Ez a <strong>vid\u00e1m szappan<\/strong> kifejezetten <strong>gyermekek sz\u00e1m\u00e1ra<\/strong> k\u00e9sz\u00fclt (3 \u00e9ves kort\u00f3l), hogy a f\u00fcrd\u00e9s minden alkalommal <strong>\u00f6r\u00f6mteli \u00e9lm\u00e9ny<\/strong> legyen. A szappan k\u00fcl\u00f6nlegess\u00e9g\u00e9t a <strong>k\u00f6r\u00f6mvir\u00e1gszirmok<\/strong> adj\u00e1k, amelyek gyeng\u00e9den \u00e1polj\u00e1k a b\u0151rt. Ez az <strong>igazi b\u0151rbar\u00e1t<\/strong> szappan t\u00f6k\u00e9letes v\u00e1laszt\u00e1s a gyermekek <strong>tiszta \u00e9s eg\u00e9szs\u00e9ges b\u0151r\u00e1pol\u00e1s\u00e1hoz<\/strong>.<\/p>\n<h3>Mi\u00e9rt k\u00fcl\u00f6nleges a m\u00e9z?<\/h3>\n<ul>\n<li><strong>Hidrat\u00e1l\u00f3 \u00e9s t\u00e1pl\u00e1l\u00f3<\/strong>: Puh\u00e1v\u00e1 \u00e9s rugalmass\u00e1 var\u00e1zsolja a b\u0151rt.<\/li>\n<li><strong>B\u0151rnyugtat\u00f3 hat\u00e1s\u00fa<\/strong>: Seg\u00edt enyh\u00edteni a sz\u00e1raz, irrit\u00e1lt b\u0151r kellemetlen \u00e9rz\u00e9s\u00e9t.<\/li>\n<li><strong>Antioxid\u00e1ns v\u00e9delem<\/strong>: T\u00e1mogatja a b\u0151r eg\u00e9szs\u00e9g\u00e9t, \u00e9s \u00f3vja a k\u00e1ros szabad gy\u00f6k\u00f6kt\u0151l.<\/li>\n<li><strong>Term\u00e9szetes tiszt\u00edt\u00e1s<\/strong>: K\u00edm\u00e9letes, m\u00e9gis alapos b\u0151r\u00e1pol\u00e1st biztos\u00edt.<\/li>\n<\/ul>\n<p>A <strong>Hartaum m\u00e9zszappanok<\/strong> kiz\u00e1r\u00f3lag <strong>termel\u0151i magyar m\u00e9zzel<\/strong> k\u00e9sz\u00fclnek, a gyermekek \u00e9rz\u00e9keny b\u0151r\u00e9hez igazodva.<\/p>\n<p><strong>Hogyan haszn\u00e1ld?<\/strong><br \/>\nHaszn\u00e1ld <strong>k\u00e9zre \u00e9s testre<\/strong> \u2013 \u00fcgyelj arra, hogy szembe ne ker\u00fclj\u00f6n!<\/p>","protected":false},"featured_media":10352,"template":"","meta":{"site-sidebar-layout":"default","site-content-layout":"","ast-site-content-layout":"default","site-content-style":"default","site-sidebar-style":"default","ast-global-header-display":"","ast-banner-title-visibility":"","ast-main-header-display":"","ast-hfb-above-header-display":"","ast-hfb-below-header-display":"","ast-hfb-mobile-header-display":"","site-post-title":"","ast-breadcrumbs-content":"","ast-featured-img":"","footer-sml-layout":"","theme-transparent-header-meta":"default","adv-header-id-meta":"","stick-header-meta":"","header-above-stick-meta":"","header-main-stick-meta":"","header-below-stick-meta":"","astra-migrate-meta-layouts":"set","ast-page-background-enabled":"default","ast-page-background-meta":{"desktop":{"background-color":"","background-image":"","background-repeat":"repeat","background-position":"center center","background-size":"auto","background-attachment":"scroll","background-type":"","background-media":"","overlay-type":"","overlay-color":"","overlay-opacity":"","overlay-gradient":""},"tablet":{"background-color":"","background-image":"","background-repeat":"repeat","background-position":"center center","background-size":"auto","background-attachment":"scroll","background-type":"","background-media":"","overlay-type":"","overlay-color":"","overlay-opacity":"","overlay-gradient":""},"mobile":{"background-color":"","background-image":"","background-repeat":"repeat","background-position":"center center","background-size":"auto","background-attachment":"scroll","background-type":"","background-media":"","overlay-type":"","overlay-color":"","overlay-opacity":"","overlay-gradient":""}},"ast-content-background-meta":{"desktop":{"background-color":"var(--ast-global-color-5)","background-image":"","background-repeat":"repeat","background-position":"center center","background-size":"auto","background-attachment":"scroll","background-type":"","background-media":"","overlay-type":"","overlay-color":"","overlay-opacity":"","overlay-gradient":""},"tablet":{"background-color":"var(--ast-global-color-5)","background-image":"","background-repeat":"repeat","background-position":"center center","background-size":"auto","background-attachment":"scroll","background-type":"","background-media":"","overlay-type":"","overlay-color":"","overlay-opacity":"","overlay-gradient":""},"mobile":{"background-color":"var(--ast-global-color-5)","background-image":"","background-repeat":"repeat","background-position":"center center","background-size":"auto","background-attachment":"scroll","background-type":"","background-media":"","overlay-type":"","overlay-color":"","overlay-opacity":"","overlay-gradient":""}}},"product_brand":[],"product_cat":[208,100],"product_tag":[120,139,190],"class_list":{"0":"post-10518","1":"product","2":"type-product","3":"status-publish","4":"has-post-thumbnail","6":"product_cat-mezszappan","7":"product_cat-naturkozmetikum","8":"product_tag-fenntarthato","9":"product_tag-naturkozmetikum","10":"product_tag-szappan","11":"desktop-align-left","12":"tablet-align-left","13":"mobile-align-left","15":"first","16":"instock","17":"shipping-taxable","18":"purchasable","19":"product-type-simple"},"supplier_id":null,"supplier_sku":"","barcode":null,"atum_controlled":true,"out_stock_date":null,"out_stock_threshold":null,"inheritable":false,"inbound_stock":0,"stock_on_hold":0,"sold_today":0,"sales_last_days":0,"reserved_stock":0,"customer_returns":0,"warehouse_damage":0,"lost_in_post":0,"other_logs":0,"out_stock_days":0,"lost_sales":0,"has_location":true,"update_date":"2026-05-13T21:19:52","atum_locations":[{"id":181,"name":"1185 Budapest G\u00f6mbak\u00e1c utca 39.","slug":"1185-budapest-gombakac-utca-39"}],"atum_stock_status":"instock","restock_status":false,"low_stock_amount":2,"sales_update_date":"2026-05-13T21:19:51","calc_backorders":null,"_links":{"self":[{"href":"https:\/\/hartaum.hu\/en\/wp-json\/wp\/v2\/product\/10518","targetHints":{"allow":["GET"]}}],"collection":[{"href":"https:\/\/hartaum.hu\/en\/wp-json\/wp\/v2\/product"}],"about":[{"href":"https:\/\/hartaum.hu\/en\/wp-json\/wp\/v2\/types\/product"}],"wp:featuredmedia":[{"embeddable":true,"href":"https:\/\/hartaum.hu\/en\/wp-json\/wp\/v2\/media\/10352"}],"wp:attachment":[{"href":"https:\/\/hartaum.hu\/en\/wp-json\/wp\/v2\/media?parent=10518"}],"wp:term":[{"taxonomy":"product_brand","embeddable":true,"href":"https:\/\/hartaum.hu\/en\/wp-json\/wp\/v2\/product_brand?post=10518"},{"taxonomy":"product_cat","embeddable":true,"href":"https:\/\/hartaum.hu\/en\/wp-json\/wp\/v2\/product_cat?post=10518"},{"taxonomy":"product_tag","embeddable":true,"href":"https:\/\/hartaum.hu\/en\/wp-json\/wp\/v2\/product_tag?post=10518"}],"curies":[{"name":"wp","href":"https:\/\/api.w.org\/{rel}","templated":true}]}}