{"id":10519,"date":"2024-12-17T19:14:33","date_gmt":"2024-12-17T18:14:33","guid":{"rendered":"https:\/\/hartaum.hu\/?post_type=product&#038;p=10519"},"modified":"2025-01-06T23:36:50","modified_gmt":"2025-01-06T22:36:50","slug":"viragszirmos-mezszappan-szolomagolajjal","status":"publish","type":"product","link":"https:\/\/hartaum.hu\/en\/webshop\/naturkozmetikum\/mezszappan\/viragszirmos-mezszappan-szolomagolajjal\/","title":{"rendered":"Vir\u00e1gszirmos m\u00e9zszappan sz\u0151l\u0151magolajjal"},"content":{"rendered":"<p>Ez a <strong>var\u00e1zslatos szappan<\/strong> igazi k\u00e9nyeztet\u00e9st ny\u00fajt b\u0151r\u00f6dnek. A <strong>gazdag m\u00e9ztartalom<\/strong>, a <strong>t\u00e1pl\u00e1l\u00f3 sz\u0151l\u0151magolaj<\/strong> \u00e9s az elb\u0171v\u00f6l\u0151 <strong>k\u00f6r\u00f6mvir\u00e1g- \u00e9s r\u00f3zsaszirmok<\/strong> kombin\u00e1ci\u00f3ja b\u00e1rmilyen b\u0151rt\u00edpust t\u00f6k\u00e9letesen \u00e1pol. A <strong>sz\u0151l\u0151magolaj<\/strong> hidrat\u00e1lja \u00e9s t\u00e1pl\u00e1lja a <strong>sz\u00e1raz<\/strong>, <strong>zs\u00edros<\/strong> \u00e9s <strong>norm\u00e1l b\u0151rt<\/strong> egyar\u00e1nt. Haszn\u00e1lat k\u00f6zben a szappan <strong>b\u0151s\u00e9ges habot k\u00e9pez<\/strong>, mik\u00f6zben <strong>leny\u0171g\u00f6z\u0151 illata<\/strong> k\u00f6r\u00fcl\u00f6lel \u00e9s ellaz\u00edt.<\/p>\n<h3>Mi\u00e9rt v\u00e1laszd a m\u00e9zet?<\/h3>\n<ul>\n<li><strong>M\u00e9lyen hidrat\u00e1l<\/strong>: Rugalmass\u00e1 \u00e9s puh\u00e1v\u00e1 teszi a b\u0151rt.<\/li>\n<li><strong>Antioxid\u00e1ns hat\u00e1s<\/strong>: V\u00e9delmet ny\u00fajt a b\u0151r \u00f6reged\u00e9se ellen.<\/li>\n<li><strong>Gyullad\u00e1scs\u00f6kkent\u0151<\/strong>: Nyugtatja az irrit\u00e1lt b\u0151rt.<\/li>\n<li><strong>T\u00e1pl\u00e1l\u00f3 ereje<\/strong>: Eg\u00e9szs\u00e9ges ragyog\u00e1st \u00e9s simas\u00e1got biztos\u00edt.<\/li>\n<\/ul>\n<p>A <strong>Hartaum m\u00e9zszappanok<\/strong> kiz\u00e1r\u00f3lag <strong>termel\u0151i magyar m\u00e9zb\u0151l<\/strong> k\u00e9sz\u00fclnek, term\u00e9szetes \u00f6sszetev\u0151kkel, a b\u0151r maxim\u00e1lis \u00e1pol\u00e1s\u00e1\u00e9rt.<\/p>\n<p><strong>Hogyan haszn\u00e1ld?<\/strong><br \/>\nHaszn\u00e1lhat\u00f3 <strong>arcra, testre \u00e9s k\u00e9zre<\/strong> \u2013 \u00e9lvezd minden nap a term\u00e9szetes gondoskod\u00e1st!<\/p>\n<p>&nbsp;<\/p>","protected":false},"excerpt":{"rendered":"<p>Ez a <strong>var\u00e1zslatos szappan<\/strong> igazi k\u00e9nyeztet\u00e9st ny\u00fajt b\u0151r\u00f6dnek. A <strong>gazdag m\u00e9ztartalom<\/strong>, a <strong>t\u00e1pl\u00e1l\u00f3 sz\u0151l\u0151magolaj<\/strong> \u00e9s az elb\u0171v\u00f6l\u0151 <strong>k\u00f6r\u00f6mvir\u00e1g- \u00e9s r\u00f3zsaszirmok<\/strong> kombin\u00e1ci\u00f3ja b\u00e1rmilyen b\u0151rt\u00edpust t\u00f6k\u00e9letesen \u00e1pol. A <strong>sz\u0151l\u0151magolaj<\/strong> hidrat\u00e1lja \u00e9s t\u00e1pl\u00e1lja a <strong>sz\u00e1raz<\/strong>, <strong>zs\u00edros<\/strong> \u00e9s <strong>norm\u00e1l b\u0151rt<\/strong> egyar\u00e1nt. Haszn\u00e1lat k\u00f6zben a szappan <strong>b\u0151s\u00e9ges habot k\u00e9pez<\/strong>, mik\u00f6zben <strong>leny\u0171g\u00f6z\u0151 illata<\/strong> k\u00f6r\u00fcl\u00f6lel \u00e9s ellaz\u00edt.<\/p>\n<h3>Mi\u00e9rt v\u00e1laszd a m\u00e9zet?<\/h3>\n<ul>\n<li><strong>M\u00e9lyen hidrat\u00e1l<\/strong>: Rugalmass\u00e1 \u00e9s puh\u00e1v\u00e1 teszi a b\u0151rt.<\/li>\n<li><strong>Antioxid\u00e1ns hat\u00e1s<\/strong>: V\u00e9delmet ny\u00fajt a b\u0151r \u00f6reged\u00e9se ellen.<\/li>\n<li><strong>Gyullad\u00e1scs\u00f6kkent\u0151<\/strong>: Nyugtatja az irrit\u00e1lt b\u0151rt.<\/li>\n<li><strong>T\u00e1pl\u00e1l\u00f3 ereje<\/strong>: Eg\u00e9szs\u00e9ges ragyog\u00e1st \u00e9s simas\u00e1got biztos\u00edt.<\/li>\n<\/ul>\n<p>A <strong>Hartaum m\u00e9zszappanok<\/strong> kiz\u00e1r\u00f3lag <strong>termel\u0151i magyar m\u00e9zb\u0151l<\/strong> k\u00e9sz\u00fclnek, term\u00e9szetes \u00f6sszetev\u0151kkel, a b\u0151r maxim\u00e1lis \u00e1pol\u00e1s\u00e1\u00e9rt.<\/p>\n<p><strong>Hogyan haszn\u00e1ld?<\/strong><br \/>\nHaszn\u00e1lhat\u00f3 <strong>arcra, testre \u00e9s k\u00e9zre<\/strong> \u2013 \u00e9lvezd minden nap a term\u00e9szetes gondoskod\u00e1st!<\/p>","protected":false},"featured_media":10382,"template":"","meta":{"site-sidebar-layout":"default","site-content-layout":"","ast-site-content-layout":"default","site-content-style":"default","site-sidebar-style":"default","ast-global-header-display":"","ast-banner-title-visibility":"","ast-main-header-display":"","ast-hfb-above-header-display":"","ast-hfb-below-header-display":"","ast-hfb-mobile-header-display":"","site-post-title":"","ast-breadcrumbs-content":"","ast-featured-img":"","footer-sml-layout":"","theme-transparent-header-meta":"default","adv-header-id-meta":"","stick-header-meta":"","header-above-stick-meta":"","header-main-stick-meta":"","header-below-stick-meta":"","astra-migrate-meta-layouts":"set","ast-page-background-enabled":"default","ast-page-background-meta":{"desktop":{"background-color":"","background-image":"","background-repeat":"repeat","background-position":"center center","background-size":"auto","background-attachment":"scroll","background-type":"","background-media":"","overlay-type":"","overlay-color":"","overlay-opacity":"","overlay-gradient":""},"tablet":{"background-color":"","background-image":"","background-repeat":"repeat","background-position":"center center","background-size":"auto","background-attachment":"scroll","background-type":"","background-media":"","overlay-type":"","overlay-color":"","overlay-opacity":"","overlay-gradient":""},"mobile":{"background-color":"","background-image":"","background-repeat":"repeat","background-position":"center center","background-size":"auto","background-attachment":"scroll","background-type":"","background-media":"","overlay-type":"","overlay-color":"","overlay-opacity":"","overlay-gradient":""}},"ast-content-background-meta":{"desktop":{"background-color":"var(--ast-global-color-5)","background-image":"","background-repeat":"repeat","background-position":"center center","background-size":"auto","background-attachment":"scroll","background-type":"","background-media":"","overlay-type":"","overlay-color":"","overlay-opacity":"","overlay-gradient":""},"tablet":{"background-color":"var(--ast-global-color-5)","background-image":"","background-repeat":"repeat","background-position":"center center","background-size":"auto","background-attachment":"scroll","background-type":"","background-media":"","overlay-type":"","overlay-color":"","overlay-opacity":"","overlay-gradient":""},"mobile":{"background-color":"var(--ast-global-color-5)","background-image":"","background-repeat":"repeat","background-position":"center center","background-size":"auto","background-attachment":"scroll","background-type":"","background-media":"","overlay-type":"","overlay-color":"","overlay-opacity":"","overlay-gradient":""}}},"product_brand":[],"product_cat":[208,100],"product_tag":[120,139,190],"class_list":{"0":"post-10519","1":"product","2":"type-product","3":"status-publish","4":"has-post-thumbnail","6":"product_cat-mezszappan","7":"product_cat-naturkozmetikum","8":"product_tag-fenntarthato","9":"product_tag-naturkozmetikum","10":"product_tag-szappan","11":"desktop-align-left","12":"tablet-align-left","13":"mobile-align-left","15":"first","16":"instock","17":"shipping-taxable","18":"purchasable","19":"product-type-simple"},"supplier_id":null,"supplier_sku":"","barcode":null,"atum_controlled":true,"out_stock_date":null,"out_stock_threshold":null,"inheritable":false,"inbound_stock":0,"stock_on_hold":0,"sold_today":0,"sales_last_days":0,"reserved_stock":0,"customer_returns":0,"warehouse_damage":0,"lost_in_post":0,"other_logs":0,"out_stock_days":0,"lost_sales":0,"has_location":true,"update_date":"2026-05-13T21:19:52","atum_locations":[{"id":181,"name":"1185 Budapest G\u00f6mbak\u00e1c utca 39.","slug":"1185-budapest-gombakac-utca-39"}],"atum_stock_status":"instock","restock_status":false,"low_stock_amount":"","sales_update_date":"2026-05-13T21:19:52","calc_backorders":0,"_links":{"self":[{"href":"https:\/\/hartaum.hu\/en\/wp-json\/wp\/v2\/product\/10519","targetHints":{"allow":["GET"]}}],"collection":[{"href":"https:\/\/hartaum.hu\/en\/wp-json\/wp\/v2\/product"}],"about":[{"href":"https:\/\/hartaum.hu\/en\/wp-json\/wp\/v2\/types\/product"}],"wp:featuredmedia":[{"embeddable":true,"href":"https:\/\/hartaum.hu\/en\/wp-json\/wp\/v2\/media\/10382"}],"wp:attachment":[{"href":"https:\/\/hartaum.hu\/en\/wp-json\/wp\/v2\/media?parent=10519"}],"wp:term":[{"taxonomy":"product_brand","embeddable":true,"href":"https:\/\/hartaum.hu\/en\/wp-json\/wp\/v2\/product_brand?post=10519"},{"taxonomy":"product_cat","embeddable":true,"href":"https:\/\/hartaum.hu\/en\/wp-json\/wp\/v2\/product_cat?post=10519"},{"taxonomy":"product_tag","embeddable":true,"href":"https:\/\/hartaum.hu\/en\/wp-json\/wp\/v2\/product_tag?post=10519"}],"curies":[{"name":"wp","href":"https:\/\/api.w.org\/{rel}","templated":true}]}}