{"id":10520,"date":"2024-12-17T19:21:29","date_gmt":"2024-12-17T18:21:29","guid":{"rendered":"https:\/\/hartaum.hu\/?post_type=product&#038;p=10520"},"modified":"2025-11-05T16:14:26","modified_gmt":"2025-11-05T15:14:26","slug":"whiskey-mezszappan-parfumszappan-ferfiaknak","status":"publish","type":"product","link":"https:\/\/hartaum.hu\/en\/webshop\/naturkozmetikum\/mezszappan\/whiskey-mezszappan-parfumszappan-ferfiaknak\/","title":{"rendered":"Whiskey m\u00e9zszappan \u2013 parf\u00fcmszappan f\u00e9rfiaknak"},"content":{"rendered":"<p><strong>Whiskey m\u00e9zszappan \u2013 parf\u00fcmszappan f\u00e9rfiaknak<\/strong><\/p>\n<p>Ez a <strong>kifinomult m\u00e9zszappan<\/strong> kifejezetten azoknak a f\u00e9rfiaknak k\u00e9sz\u00fclt, akik kedvelik a <strong>karakteres, f\u00e9rfias illatokat<\/strong>. B\u00e1r egy csepp alkoholt sem tartalmaz, <strong>\u00e9rz\u00e9ki whiskey illata<\/strong> az \u00e9let s\u0171r\u0171j\u00e9be rep\u00edt, eml\u00e9keztetve a <strong>t\u00e1rsas\u00e1g \u00f6r\u00f6m\u00e9re<\/strong> \u00e9s a meghitt pillanatokra.<\/p>\n<p>A szappanban a <strong>m\u00e9z t\u00e1pl\u00e1l\u00f3 ereje<\/strong> \u00e9s a <strong>makad\u00e1miaolaj<\/strong> m\u00e9lyre hat\u00f3 regener\u00e1l\u00f3 hat\u00e1sa egyes\u00fcl, hogy b\u0151r\u00f6d <strong>hidrat\u00e1lt<\/strong>, <strong>puha<\/strong> \u00e9s eg\u00e9szs\u00e9ges legyen.<\/p>\n<h3>Mi\u00e9rt v\u00e1laszd ezt a szappant?<\/h3>\n<ul>\n<li><strong>Hidrat\u00e1l \u00e9s t\u00e1pl\u00e1l<\/strong>: A m\u00e9z rugalmass\u00e1 \u00e9s sim\u00e1v\u00e1 var\u00e1zsolja a b\u0151rt.<\/li>\n<li><strong>B\u0151rer\u0151s\u00edt\u0151 makad\u00e1miaolaj<\/strong>: T\u00e1mogatja a b\u0151r m\u00e9ly hidrat\u00e1l\u00e1s\u00e1t \u00e9s regener\u00e1ci\u00f3j\u00e1t.<\/li>\n<li><strong>Kifinomult, f\u00e9rfias illat<\/strong>: A whiskey illata magabiztoss\u00e1got \u00e9s eleganci\u00e1t sug\u00e1roz.<\/li>\n<li><strong>K\u00edm\u00e9letes tiszt\u00edt\u00e1s<\/strong>: Alaposan tiszt\u00edt, mik\u00f6zben nem sz\u00e1r\u00edtja a b\u0151rt.<\/li>\n<\/ul>\n<p>A <strong>Hartaum m\u00e9zszappanok<\/strong> kiz\u00e1r\u00f3lag <strong>termel\u0151i magyar m\u00e9zb\u0151l<\/strong> k\u00e9sz\u00fclnek, hogy term\u00e9szetes \u00e1pol\u00e1st ny\u00fajtsanak a mindennapokban.<\/p>\n<p><strong>Hogyan haszn\u00e1ld?<\/strong><br \/>\nHaszn\u00e1lhat\u00f3 <strong>arcra, testre \u00e9s k\u00e9zre<\/strong> \u2013 a f\u00e9rfiak term\u00e9szetes gondoskod\u00e1s\u00e1\u00e9rt.<\/p>\n<p>&nbsp;<\/p>","protected":false},"excerpt":{"rendered":"<p>Ha valaha is eszedbe jutott, hogy a <strong>whisky mib\u0151l k\u00e9sz\u00fcl<\/strong>, \u00e9s mi a k\u00fcl\u00f6nbs\u00e9g a whisky \u00e9s a whiskey k\u00f6z\u00f6tt, akkor m\u00e1r bizony\u00e1ra azt is tudod, hogy micsoda csod\u00e1latos arom\u00e1k tal\u00e1lkoznak ebben a nemes italban. R\u00e1ad\u00e1sul a vil\u00e1g egyik legn\u00e9pszer\u0171bb itala k\u00f6z\u00fcl legal\u00e1bb egy m\u00e1rk\u00e1t szinte mindenkit ismer. Lehet a <strong>whisky Western Gold<\/strong> vagy egy selymes sk\u00f3t Glenfarclas, azon a t\u00e9nyen nem v\u00e1ltoztat, hogy mindegyik kifejezetten hat\u00e1rozott, balzsamos illattal rendelkezik. Ezt az arom\u00e1t alkottuk meg sz\u00e1modra term\u00e9szetes anyagokb\u00f3l egy igaz\u00e1n f\u00e9rfias szappanban, m\u00e9zzel elegy\u00edtve. Azon k\u00edv\u00fcl, hogy a <strong>f\u00e9rfias illatok<\/strong> legmin\u0151s\u00e9gibb esszenci\u00e1j\u00e1t tartalmazza, hat\u00e9konyan \u00e1polja a b\u0151r\u00f6d, \u00e9s kifejezetten j\u00f3l mutat a f\u00fcrd\u0151szob\u00e1ban.<\/p>","protected":false},"featured_media":10385,"template":"","meta":{"site-sidebar-layout":"default","site-content-layout":"","ast-site-content-layout":"default","site-content-style":"default","site-sidebar-style":"default","ast-global-header-display":"","ast-banner-title-visibility":"","ast-main-header-display":"","ast-hfb-above-header-display":"","ast-hfb-below-header-display":"","ast-hfb-mobile-header-display":"","site-post-title":"","ast-breadcrumbs-content":"","ast-featured-img":"","footer-sml-layout":"","theme-transparent-header-meta":"default","adv-header-id-meta":"","stick-header-meta":"","header-above-stick-meta":"","header-main-stick-meta":"","header-below-stick-meta":"","astra-migrate-meta-layouts":"set","ast-page-background-enabled":"default","ast-page-background-meta":{"desktop":{"background-color":"","background-image":"","background-repeat":"repeat","background-position":"center center","background-size":"auto","background-attachment":"scroll","background-type":"","background-media":"","overlay-type":"","overlay-color":"","overlay-opacity":"","overlay-gradient":""},"tablet":{"background-color":"","background-image":"","background-repeat":"repeat","background-position":"center center","background-size":"auto","background-attachment":"scroll","background-type":"","background-media":"","overlay-type":"","overlay-color":"","overlay-opacity":"","overlay-gradient":""},"mobile":{"background-color":"","background-image":"","background-repeat":"repeat","background-position":"center center","background-size":"auto","background-attachment":"scroll","background-type":"","background-media":"","overlay-type":"","overlay-color":"","overlay-opacity":"","overlay-gradient":""}},"ast-content-background-meta":{"desktop":{"background-color":"var(--ast-global-color-5)","background-image":"","background-repeat":"repeat","background-position":"center center","background-size":"auto","background-attachment":"scroll","background-type":"","background-media":"","overlay-type":"","overlay-color":"","overlay-opacity":"","overlay-gradient":""},"tablet":{"background-color":"var(--ast-global-color-5)","background-image":"","background-repeat":"repeat","background-position":"center center","background-size":"auto","background-attachment":"scroll","background-type":"","background-media":"","overlay-type":"","overlay-color":"","overlay-opacity":"","overlay-gradient":""},"mobile":{"background-color":"var(--ast-global-color-5)","background-image":"","background-repeat":"repeat","background-position":"center center","background-size":"auto","background-attachment":"scroll","background-type":"","background-media":"","overlay-type":"","overlay-color":"","overlay-opacity":"","overlay-gradient":""}}},"product_brand":[],"product_cat":[208,100],"product_tag":[120,198,139,190],"class_list":{"0":"post-10520","1":"product","2":"type-product","3":"status-publish","4":"has-post-thumbnail","6":"product_cat-mezszappan","7":"product_cat-naturkozmetikum","8":"product_tag-fenntarthato","9":"product_tag-ferfi","10":"product_tag-naturkozmetikum","11":"product_tag-szappan","12":"desktop-align-left","13":"tablet-align-left","14":"mobile-align-left","16":"first","17":"instock","18":"shipping-taxable","19":"purchasable","20":"product-type-simple"},"supplier_id":null,"supplier_sku":"","barcode":null,"atum_controlled":true,"out_stock_date":null,"out_stock_threshold":null,"inheritable":false,"inbound_stock":0,"stock_on_hold":0,"sold_today":0,"sales_last_days":0,"reserved_stock":0,"customer_returns":0,"warehouse_damage":0,"lost_in_post":0,"other_logs":0,"out_stock_days":0,"lost_sales":0,"has_location":true,"update_date":"2026-05-13T21:19:52","atum_locations":[{"id":181,"name":"1185 Budapest G\u00f6mbak\u00e1c utca 39.","slug":"1185-budapest-gombakac-utca-39"}],"atum_stock_status":"instock","restock_status":false,"low_stock_amount":"","sales_update_date":"2026-05-13T21:19:52","calc_backorders":null,"_links":{"self":[{"href":"https:\/\/hartaum.hu\/en\/wp-json\/wp\/v2\/product\/10520","targetHints":{"allow":["GET"]}}],"collection":[{"href":"https:\/\/hartaum.hu\/en\/wp-json\/wp\/v2\/product"}],"about":[{"href":"https:\/\/hartaum.hu\/en\/wp-json\/wp\/v2\/types\/product"}],"wp:featuredmedia":[{"embeddable":true,"href":"https:\/\/hartaum.hu\/en\/wp-json\/wp\/v2\/media\/10385"}],"wp:attachment":[{"href":"https:\/\/hartaum.hu\/en\/wp-json\/wp\/v2\/media?parent=10520"}],"wp:term":[{"taxonomy":"product_brand","embeddable":true,"href":"https:\/\/hartaum.hu\/en\/wp-json\/wp\/v2\/product_brand?post=10520"},{"taxonomy":"product_cat","embeddable":true,"href":"https:\/\/hartaum.hu\/en\/wp-json\/wp\/v2\/product_cat?post=10520"},{"taxonomy":"product_tag","embeddable":true,"href":"https:\/\/hartaum.hu\/en\/wp-json\/wp\/v2\/product_tag?post=10520"}],"curies":[{"name":"wp","href":"https:\/\/api.w.org\/{rel}","templated":true}]}}