{"id":10521,"date":"2024-12-17T19:30:51","date_gmt":"2024-12-17T18:30:51","guid":{"rendered":"https:\/\/hartaum.hu\/?post_type=product&#038;p=10521"},"modified":"2025-01-19T22:23:45","modified_gmt":"2025-01-19T21:23:45","slug":"propoliszos-mezszappan-2","status":"publish","type":"product","link":"https:\/\/hartaum.hu\/en\/webshop\/naturkozmetikum\/mezszappan\/propoliszos-mezszappan-2\/","title":{"rendered":"Propoliszos m\u00e9zszappan"},"content":{"rendered":"<p><strong>Propoliszos m\u00e9zszappan<\/strong><\/p>\n<p>A <strong>propolisz<\/strong> term\u00e9szetes fert\u0151tlen\u00edt\u0151 erej\u00e9vel t\u00e1mogatja a <strong>zs\u00edros, pattan\u00e1sos b\u0151r<\/strong> \u00e1pol\u00e1s\u00e1t, mik\u00f6zben tele van <strong>antioxid\u00e1ns<\/strong> \u00e9s <strong>antibakteri\u00e1lis hat\u00e1s\u00fa<\/strong> \u00f6sszetev\u0151kkel. A szappanban n\u00e9gyf\u00e9le <strong>tiszta ill\u00f3olaj<\/strong> tal\u00e1lhat\u00f3, amelyek egym\u00e1s hat\u00e1s\u00e1t er\u0151s\u00edtve seg\u00edtik a b\u0151r v\u00e9delm\u00e9t \u00e9s meg\u00fajul\u00e1s\u00e1t. <strong>Gy\u00f3gyn\u00f6v\u00e9nyes illata<\/strong> nyugtat\u00f3 \u00e9s friss\u00edt\u0151 \u00e9lm\u00e9nyt ny\u00fajt minden haszn\u00e1lat sor\u00e1n.<\/p>\n<h3>Mi\u00e9rt v\u00e1laszd a m\u00e9zet \u00e9s propoliszt?<\/h3>\n<ul>\n<li><strong>Term\u00e9szetes fert\u0151tlen\u00edt\u00e9s<\/strong>: Seg\u00edt megszabadulni a bakt\u00e9riumokt\u00f3l.<\/li>\n<li><strong>Antioxid\u00e1ns v\u00e9delem<\/strong>: Meg\u00f3vja a b\u0151rt a k\u00e1ros hat\u00e1sokt\u00f3l.<\/li>\n<li><strong>Pattan\u00e1s elleni v\u00e9delem<\/strong>: Tiszt\u00edt \u00e9s nyugtat, cs\u00f6kkentve a gyullad\u00e1st.<\/li>\n<li><strong>Gy\u00f3gyn\u00f6v\u00e9nyes illat<\/strong>: Friss\u00edt\u0151, term\u00e9szetes ill\u00f3olaj-kever\u00e9kkel k\u00e9sz\u00fclt.<\/li>\n<\/ul>\n<p>A <strong>Hartaum m\u00e9zszappanok<\/strong> kiz\u00e1r\u00f3lag <strong>termel\u0151i magyar m\u00e9zb\u0151l<\/strong> k\u00e9sz\u00fclnek, hogy b\u0151r\u00f6d mindig a legjobb term\u00e9szetes \u00e1pol\u00e1st kapja.<\/p>\n<p><strong>Hogyan haszn\u00e1ld?<\/strong><br \/>\nHaszn\u00e1ld <strong>arcra, testre \u00e9s k\u00e9zre<\/strong>, k\u00fcl\u00f6n\u00f6sen probl\u00e9m\u00e1s, pattan\u00e1sos b\u0151r eset\u00e9n!<\/p>","protected":false},"excerpt":{"rendered":"<p><strong>Propoliszos m\u00e9zszappan<\/strong><\/p>\n<p>A <strong>propolisz<\/strong> term\u00e9szetes fert\u0151tlen\u00edt\u0151 erej\u00e9vel t\u00e1mogatja a <strong>zs\u00edros, pattan\u00e1sos b\u0151r<\/strong> \u00e1pol\u00e1s\u00e1t, mik\u00f6zben tele van <strong>antioxid\u00e1ns<\/strong> \u00e9s <strong>antibakteri\u00e1lis hat\u00e1s\u00fa<\/strong> \u00f6sszetev\u0151kkel. A szappanban n\u00e9gyf\u00e9le <strong>tiszta ill\u00f3olaj<\/strong> tal\u00e1lhat\u00f3, amelyek egym\u00e1s hat\u00e1s\u00e1t er\u0151s\u00edtve seg\u00edtik a b\u0151r v\u00e9delm\u00e9t \u00e9s meg\u00fajul\u00e1s\u00e1t. <strong>Gy\u00f3gyn\u00f6v\u00e9nyes illata<\/strong> nyugtat\u00f3 \u00e9s friss\u00edt\u0151 \u00e9lm\u00e9nyt ny\u00fajt minden haszn\u00e1lat sor\u00e1n.<\/p>\n<h3>Mi\u00e9rt v\u00e1laszd a m\u00e9zet \u00e9s propoliszt?<\/h3>\n<ul>\n<li><strong>Term\u00e9szetes fert\u0151tlen\u00edt\u00e9s<\/strong>: Seg\u00edt megszabadulni a bakt\u00e9riumokt\u00f3l.<\/li>\n<li><strong>Antioxid\u00e1ns v\u00e9delem<\/strong>: Meg\u00f3vja a b\u0151rt a k\u00e1ros hat\u00e1sokt\u00f3l.<\/li>\n<li><strong>Pattan\u00e1s elleni v\u00e9delem<\/strong>: Tiszt\u00edt \u00e9s nyugtat, cs\u00f6kkentve a gyullad\u00e1st.<\/li>\n<li><strong>Gy\u00f3gyn\u00f6v\u00e9nyes illat<\/strong>: Friss\u00edt\u0151, term\u00e9szetes ill\u00f3olaj-kever\u00e9kkel k\u00e9sz\u00fclt.<\/li>\n<\/ul>\n<p>A <strong>Hartaum m\u00e9zszappanok<\/strong> kiz\u00e1r\u00f3lag <strong>termel\u0151i magyar m\u00e9zb\u0151l<\/strong> k\u00e9sz\u00fclnek, hogy b\u0151r\u00f6d mindig a legjobb term\u00e9szetes \u00e1pol\u00e1st kapja.<\/p>\n<p><strong>Hogyan haszn\u00e1ld?<\/strong><br \/>\nHaszn\u00e1ld <strong>arcra, testre \u00e9s k\u00e9zre<\/strong>, k\u00fcl\u00f6n\u00f6sen probl\u00e9m\u00e1s, pattan\u00e1sos b\u0151r eset\u00e9n!<\/p>","protected":false},"featured_media":10370,"template":"","meta":{"site-sidebar-layout":"default","site-content-layout":"","ast-site-content-layout":"default","site-content-style":"default","site-sidebar-style":"default","ast-global-header-display":"","ast-banner-title-visibility":"","ast-main-header-display":"","ast-hfb-above-header-display":"","ast-hfb-below-header-display":"","ast-hfb-mobile-header-display":"","site-post-title":"","ast-breadcrumbs-content":"","ast-featured-img":"","footer-sml-layout":"","theme-transparent-header-meta":"default","adv-header-id-meta":"","stick-header-meta":"","header-above-stick-meta":"","header-main-stick-meta":"","header-below-stick-meta":"","astra-migrate-meta-layouts":"set","ast-page-background-enabled":"default","ast-page-background-meta":{"desktop":{"background-color":"","background-image":"","background-repeat":"repeat","background-position":"center center","background-size":"auto","background-attachment":"scroll","background-type":"","background-media":"","overlay-type":"","overlay-color":"","overlay-opacity":"","overlay-gradient":""},"tablet":{"background-color":"","background-image":"","background-repeat":"repeat","background-position":"center center","background-size":"auto","background-attachment":"scroll","background-type":"","background-media":"","overlay-type":"","overlay-color":"","overlay-opacity":"","overlay-gradient":""},"mobile":{"background-color":"","background-image":"","background-repeat":"repeat","background-position":"center center","background-size":"auto","background-attachment":"scroll","background-type":"","background-media":"","overlay-type":"","overlay-color":"","overlay-opacity":"","overlay-gradient":""}},"ast-content-background-meta":{"desktop":{"background-color":"var(--ast-global-color-5)","background-image":"","background-repeat":"repeat","background-position":"center center","background-size":"auto","background-attachment":"scroll","background-type":"","background-media":"","overlay-type":"","overlay-color":"","overlay-opacity":"","overlay-gradient":""},"tablet":{"background-color":"var(--ast-global-color-5)","background-image":"","background-repeat":"repeat","background-position":"center center","background-size":"auto","background-attachment":"scroll","background-type":"","background-media":"","overlay-type":"","overlay-color":"","overlay-opacity":"","overlay-gradient":""},"mobile":{"background-color":"var(--ast-global-color-5)","background-image":"","background-repeat":"repeat","background-position":"center center","background-size":"auto","background-attachment":"scroll","background-type":"","background-media":"","overlay-type":"","overlay-color":"","overlay-opacity":"","overlay-gradient":""}}},"product_brand":[],"product_cat":[208,100],"product_tag":[120,139,190],"class_list":{"0":"post-10521","1":"product","2":"type-product","3":"status-publish","4":"has-post-thumbnail","6":"product_cat-mezszappan","7":"product_cat-naturkozmetikum","8":"product_tag-fenntarthato","9":"product_tag-naturkozmetikum","10":"product_tag-szappan","11":"desktop-align-left","12":"tablet-align-left","13":"mobile-align-left","15":"first","16":"instock","17":"shipping-taxable","18":"purchasable","19":"product-type-simple"},"supplier_id":null,"supplier_sku":"","barcode":null,"atum_controlled":true,"out_stock_date":null,"out_stock_threshold":null,"inheritable":false,"inbound_stock":0,"stock_on_hold":0,"sold_today":0,"sales_last_days":0,"reserved_stock":0,"customer_returns":0,"warehouse_damage":0,"lost_in_post":0,"other_logs":0,"out_stock_days":0,"lost_sales":0,"has_location":true,"update_date":"2026-05-13T21:19:52","atum_locations":[{"id":181,"name":"1185 Budapest G\u00f6mbak\u00e1c utca 39.","slug":"1185-budapest-gombakac-utca-39"}],"atum_stock_status":"instock","restock_status":false,"low_stock_amount":1,"sales_update_date":"2026-05-13T21:19:52","calc_backorders":null,"_links":{"self":[{"href":"https:\/\/hartaum.hu\/en\/wp-json\/wp\/v2\/product\/10521","targetHints":{"allow":["GET"]}}],"collection":[{"href":"https:\/\/hartaum.hu\/en\/wp-json\/wp\/v2\/product"}],"about":[{"href":"https:\/\/hartaum.hu\/en\/wp-json\/wp\/v2\/types\/product"}],"wp:featuredmedia":[{"embeddable":true,"href":"https:\/\/hartaum.hu\/en\/wp-json\/wp\/v2\/media\/10370"}],"wp:attachment":[{"href":"https:\/\/hartaum.hu\/en\/wp-json\/wp\/v2\/media?parent=10521"}],"wp:term":[{"taxonomy":"product_brand","embeddable":true,"href":"https:\/\/hartaum.hu\/en\/wp-json\/wp\/v2\/product_brand?post=10521"},{"taxonomy":"product_cat","embeddable":true,"href":"https:\/\/hartaum.hu\/en\/wp-json\/wp\/v2\/product_cat?post=10521"},{"taxonomy":"product_tag","embeddable":true,"href":"https:\/\/hartaum.hu\/en\/wp-json\/wp\/v2\/product_tag?post=10521"}],"curies":[{"name":"wp","href":"https:\/\/api.w.org\/{rel}","templated":true}]}}