{"id":10774,"date":"2025-01-19T16:29:09","date_gmt":"2025-01-19T15:29:09","guid":{"rendered":"https:\/\/hartaum.hu\/?post_type=product&#038;p=10774"},"modified":"2025-01-19T19:09:03","modified_gmt":"2025-01-19T18:09:03","slug":"hajtaplalo-csomag","status":"publish","type":"product","link":"https:\/\/hartaum.hu\/en\/webshop\/naturkozmetikum\/hajapolas\/hajtaplalo-csomag\/","title":{"rendered":"Hajt\u00e1pl\u00e1l\u00f3 csomag"},"content":{"rendered":"<p>L\u00e1sd, az egyedi term\u00e9kek honlapj\u00e1n.<\/p>","protected":false},"excerpt":{"rendered":"<p><!DOCTYPE html><br \/>\n<html lang=\"hu\"><br \/>\n<head><br \/>\n    <meta charset=\"UTF-8\"><br \/>\n    <meta name=\"viewport\" content=\"width=device-width, initial-scale=1.0\"><br \/>\n    <title>Term\u00e9klista<\/title><\/p>\n<style>\n        h3 {\n            color: #adcab2; \/* Sz\u00f6veg sz\u00edne kiemel\u00e9shez *\/\n            margin-top: 30px; \/* T\u00e9rk\u00f6z a term\u00e9kn\u00e9v el\u0151tt *\/\n            margin-bottom: 20px; \/* T\u00e9rk\u00f6z a term\u00e9kn\u00e9v ut\u00e1n *\/\n            font-weight: bold;\n        }\n        p {\n            line-height: 1.5; \/* Szell\u0151sebb sz\u00f6veg olvashat\u00f3s\u00e1g\u00e9rt *\/\n        }\n    <\/style>\n<p><\/head><br \/>\n<body><\/p>\n<h3><strong>Hidrat\u00e1l\u00f3 hajbalzsam<\/strong><\/h3>\n<p>S\u00e9r\u00fclt, ig\u00e9nybevett vagy g\u00f6nd\u00f6r hajad most <strong>\u00fajj\u00e1sz\u00fclethet<\/strong>! Ez a k\u00f6nnyed <strong>hajbalzsam<\/strong> azonnal <strong>regener\u00e1lja a hajsz\u00e1lakat<\/strong>, mik\u00f6zben puh\u00e1v\u00e1 \u00e9s f\u00e9nyess\u00e9 var\u00e1zsolja tincseidet. Az <strong>aloe vera<\/strong>, <strong>panthenol<\/strong> \u00e9s <strong>ricinusolaj<\/strong> ereje nemcsak hidrat\u00e1l, hanem megk\u00f6nny\u00edti a kif\u00e9s\u00fcl\u00e9st is, ide\u00e1lis gyerekek gubancos haj\u00e1ra. <strong>Ne v\u00e1rj tov\u00e1bb, pr\u00f3b\u00e1ld ki most, \u00e9s \u00e9lvezd az eg\u00e9szs\u00e9ges haj \u00e9rz\u00e9s\u00e9t!<\/strong><\/p>\n<p><strong>Haszn\u00e1lat<\/strong>: Oszlass el egy kis mennyis\u00e9get nedves vagy sz\u00e1raz hajadon, hagyd rajta 1-2 percig, majd f\u00e9s\u00fcld ki \u00e9s \u00f6bl\u00edtsd le.<\/p>\n<h3><strong>Nat\u00far sampon<\/strong><\/h3>\n<p>Tedd egyszer\u0171v\u00e9 a haj\u00e1pol\u00e1st ezzel a <strong>minden hajt\u00edpusra t\u00f6k\u00e9letes samponnal<\/strong>! A <strong>koffein<\/strong> serkenti a hajn\u00f6veked\u00e9st, az <strong>aloe vera<\/strong> \u00e9s organikus olajok pedig t\u00e1pl\u00e1lj\u00e1k \u00e9s helyre\u00e1ll\u00edtj\u00e1k a haj szerkezet\u00e9t. Gyeng\u00e9d, de hat\u00e9kony tiszt\u00edt\u00e1s, amely <strong>parab\u00e9n- \u00e9s alkoholmentes<\/strong>. <strong>V\u00e1laszd most<\/strong>, \u00e9s l\u00e9gy r\u00e9szese a term\u00e9szetes haj\u00e1pol\u00e1snak!<\/p>\n<p><strong>Haszn\u00e1lat<\/strong>: Nedves hajon oszlasd el, massz\u00edrozd a fejb\u0151rbe, \u00f6bl\u00edtsd le, \u00e9s ism\u00e9teld meg k\u00e9tszer.<\/p>\n<h3><strong>Aranyhaj olaj<\/strong><\/h3>\n<p>Hajad igazi luxus\u00e1pol\u00e1sa! Ez a <strong>pr\u00e9mium haj\u00e1pol\u00f3 olaj<\/strong> tiszta <strong>arg\u00e1n- \u00e9s k\u00f3kuszolajjal<\/strong> t\u00e1pl\u00e1lja \u00e9s v\u00e9di a hajad. Mind\u00f6ssze 2-3 csepp elegend\u0151 a teljes hajra, \u00edgy rendk\u00edv\u00fcl <strong>gazdas\u00e1gos<\/strong>. <strong>Szilikon-, parab\u00e9n- \u00e9s alkoholmentes<\/strong>, ide\u00e1lis v\u00e1laszt\u00e1s a term\u00e9szetes sz\u00e9ps\u00e9g\u00e1pol\u00e1s kedvel\u0151inek. <strong>V\u00e1laszd, \u00e9s tapasztald meg a hajad puhas\u00e1g\u00e1t \u00e9s f\u00e9nyess\u00e9g\u00e9t m\u00e1r ma!<\/strong><\/p>\n<p><strong>Haszn\u00e1lat<\/strong>: Alkalmazd sz\u00e1raz vagy nedves hajon.<\/p>\n<h3><strong>Keratinos hajpakol\u00e1s<\/strong><\/h3>\n<p>S\u00e9r\u00fclt, sz\u00e1raz hajra azonnali megold\u00e1st keresel? A <strong>keratinos hajpakol\u00e1s<\/strong> visszaadja a hajad <strong>erej\u00e9t \u00e9s rugalmass\u00e1g\u00e1t<\/strong>. A <strong>b\u00faza keratin<\/strong>, <strong>aloe vera<\/strong> \u00e9s <strong>shea vaj<\/strong> kombin\u00e1ci\u00f3ja m\u00e9lyen t\u00e1pl\u00e1lja \u00e9s regener\u00e1lja a legmegviseltebb tincseket is. <strong>Ne hagyd ki ezt az intenz\u00edv \u00e1pol\u00e1st, \u00e9s \u00e9rezd a k\u00fcl\u00f6nbs\u00e9get m\u00e1r az els\u0151 haszn\u00e1lat ut\u00e1n!<\/strong><\/p>\n<p><strong>Haszn\u00e1lat<\/strong>: Nedves hajra vidd fel, hagyd rajta 5-10 percig, majd alaposan \u00f6bl\u00edtsd le.<\/p>\n<h3><strong>Hibiszkusz &amp; \u00c1fonya hajhab<\/strong><\/h3>\n<p>Form\u00e1zd a hajad, mik\u00f6zben meg\u0151rz\u00f6d term\u00e9szetes rugalmass\u00e1g\u00e1t \u00e9s f\u00e9ny\u00e9t! Ez a hajhab <strong>k\u00edm\u00e9letes tart\u00e1st<\/strong> ad, an\u00e9lk\u00fcl, hogy ragacsos \u00e9rz\u00e9st keltene. <strong>Hibiszkusz \u00e9s \u00e1fonya kivonatokkal<\/strong>, valamint gy\u00fcm\u00f6lcs\u00f6s illattal teszi k\u00fcl\u00f6nlegess\u00e9 a haj\u00e1pol\u00e1si rutinodat. <strong>Pr\u00f3b\u00e1ld ki most, \u00e9s tedd a hajad k\u00f6nnyen form\u00e1zhat\u00f3v\u00e1, friss\u00e9 \u00e9s csillog\u00f3v\u00e1!<\/strong><\/p>\n<p><strong>Haszn\u00e1lat<\/strong>: Vizes hajra oszlasd el, majd form\u00e1zd kedved szerint.<\/p>\n<h3><strong>Hajform\u00e1z\u00f3 g\u00e9l<\/strong><\/h3>\n<p>A t\u00f6k\u00e9letes megold\u00e1s a <strong>g\u00f6nd\u00f6r haj<\/strong> kezel\u00e9s\u00e9re! <strong>M\u00e9z, f\u0171zfak\u00e9reg kivonat, n\u00f6v\u00e9nyi keratin \u00e9s kollag\u00e9n<\/strong> biztos\u00edtja a tincsek rugalmass\u00e1g\u00e1t, mik\u00f6zben term\u00e9szetes tart\u00e1st ad. Az <strong>\u00e9des, gy\u00fcm\u00f6lcs\u00f6s illat<\/strong> friss\u00e9 \u00e9s mag\u00e1val ragad\u00f3v\u00e1 teszi a frizur\u00e1dat. <strong>Ne hagyd, hogy a g\u00f6nd\u00f6r tincsek kezelhetetlenek legyenek \u2013 v\u00e1laszd ezt a g\u00e9lt, \u00e9s var\u00e1zsold a hajad t\u00f6k\u00e9letess\u00e9!<\/strong><\/p>\n<p><strong>Haszn\u00e1lat<\/strong>: Nedves hajra vidd fel, egyenletesen oszlasd el, \u00e9s hagyd megsz\u00e1radni.<\/p>\n<p><\/body><br \/>\n<\/html><\/p>","protected":false},"featured_media":10439,"template":"","meta":{"site-sidebar-layout":"default","site-content-layout":"","ast-site-content-layout":"default","site-content-style":"default","site-sidebar-style":"default","ast-global-header-display":"","ast-banner-title-visibility":"","ast-main-header-display":"","ast-hfb-above-header-display":"","ast-hfb-below-header-display":"","ast-hfb-mobile-header-display":"","site-post-title":"","ast-breadcrumbs-content":"","ast-featured-img":"","footer-sml-layout":"","theme-transparent-header-meta":"default","adv-header-id-meta":"","stick-header-meta":"","header-above-stick-meta":"","header-main-stick-meta":"","header-below-stick-meta":"","astra-migrate-meta-layouts":"set","ast-page-background-enabled":"default","ast-page-background-meta":{"desktop":{"background-color":"","background-image":"","background-repeat":"repeat","background-position":"center center","background-size":"auto","background-attachment":"scroll","background-type":"","background-media":"","overlay-type":"","overlay-color":"","overlay-opacity":"","overlay-gradient":""},"tablet":{"background-color":"","background-image":"","background-repeat":"repeat","background-position":"center center","background-size":"auto","background-attachment":"scroll","background-type":"","background-media":"","overlay-type":"","overlay-color":"","overlay-opacity":"","overlay-gradient":""},"mobile":{"background-color":"","background-image":"","background-repeat":"repeat","background-position":"center center","background-size":"auto","background-attachment":"scroll","background-type":"","background-media":"","overlay-type":"","overlay-color":"","overlay-opacity":"","overlay-gradient":""}},"ast-content-background-meta":{"desktop":{"background-color":"var(--ast-global-color-5)","background-image":"","background-repeat":"repeat","background-position":"center center","background-size":"auto","background-attachment":"scroll","background-type":"","background-media":"","overlay-type":"","overlay-color":"","overlay-opacity":"","overlay-gradient":""},"tablet":{"background-color":"var(--ast-global-color-5)","background-image":"","background-repeat":"repeat","background-position":"center center","background-size":"auto","background-attachment":"scroll","background-type":"","background-media":"","overlay-type":"","overlay-color":"","overlay-opacity":"","overlay-gradient":""},"mobile":{"background-color":"var(--ast-global-color-5)","background-image":"","background-repeat":"repeat","background-position":"center center","background-size":"auto","background-attachment":"scroll","background-type":"","background-media":"","overlay-type":"","overlay-color":"","overlay-opacity":"","overlay-gradient":""}}},"product_brand":[],"product_cat":[214,205,100],"product_tag":[120,139],"class_list":{"0":"post-10774","1":"product","2":"type-product","3":"status-publish","4":"has-post-thumbnail","6":"product_cat-csomagok","7":"product_cat-hajapolas","8":"product_cat-naturkozmetikum","9":"product_tag-fenntarthato","10":"product_tag-naturkozmetikum","11":"desktop-align-left","12":"tablet-align-left","13":"mobile-align-left","15":"first","16":"instock","17":"shipping-taxable","18":"product-type-grouped"},"supplier_id":null,"supplier_sku":"","barcode":null,"atum_controlled":true,"out_stock_date":null,"out_stock_threshold":null,"inheritable":true,"inbound_stock":null,"stock_on_hold":0,"sold_today":0,"sales_last_days":0,"reserved_stock":null,"customer_returns":null,"warehouse_damage":null,"lost_in_post":null,"other_logs":null,"out_stock_days":0,"lost_sales":0,"has_location":true,"update_date":"2026-05-13T21:19:52","atum_locations":[{"id":181,"name":"1185 Budapest G\u00f6mbak\u00e1c utca 39.","slug":"1185-budapest-gombakac-utca-39"}],"atum_stock_status":"instock","restock_status":false,"low_stock_amount":"","sales_update_date":"2026-05-13T21:19:52","calc_backorders":null,"_links":{"self":[{"href":"https:\/\/hartaum.hu\/en\/wp-json\/wp\/v2\/product\/10774","targetHints":{"allow":["GET"]}}],"collection":[{"href":"https:\/\/hartaum.hu\/en\/wp-json\/wp\/v2\/product"}],"about":[{"href":"https:\/\/hartaum.hu\/en\/wp-json\/wp\/v2\/types\/product"}],"wp:featuredmedia":[{"embeddable":true,"href":"https:\/\/hartaum.hu\/en\/wp-json\/wp\/v2\/media\/10439"}],"wp:attachment":[{"href":"https:\/\/hartaum.hu\/en\/wp-json\/wp\/v2\/media?parent=10774"}],"wp:term":[{"taxonomy":"product_brand","embeddable":true,"href":"https:\/\/hartaum.hu\/en\/wp-json\/wp\/v2\/product_brand?post=10774"},{"taxonomy":"product_cat","embeddable":true,"href":"https:\/\/hartaum.hu\/en\/wp-json\/wp\/v2\/product_cat?post=10774"},{"taxonomy":"product_tag","embeddable":true,"href":"https:\/\/hartaum.hu\/en\/wp-json\/wp\/v2\/product_tag?post=10774"}],"curies":[{"name":"wp","href":"https:\/\/api.w.org\/{rel}","templated":true}]}}