{"id":10778,"date":"2025-01-19T18:21:18","date_gmt":"2025-01-19T17:21:18","guid":{"rendered":"https:\/\/hartaum.hu\/?post_type=product&#038;p=10778"},"modified":"2025-02-10T15:08:36","modified_gmt":"2025-02-10T14:08:36","slug":"esti-rutin","status":"publish","type":"product","link":"https:\/\/hartaum.hu\/en\/webshop\/naturkozmetikum\/arcapolas\/esti-rutin\/","title":{"rendered":"Esti rutin"},"content":{"rendered":"<p>&nbsp;<\/p>\n<h3><strong>Sminklemos\u00f3 kend\u0151 \u00e9s tiszt\u00edt\u00f3 tej<\/strong><\/h3>\n<p>T\u00f6k\u00e9letes kombin\u00e1ci\u00f3 az <strong>arctiszt\u00edt\u00e1shoz<\/strong>, a <strong>k\u00f6rnyezetbar\u00e1t sz\u00e9ps\u00e9g\u00e1pol\u00e1s<\/strong> jegy\u00e9ben. A <strong>term\u00e9szetes anyagokb\u00f3l<\/strong> k\u00e9sz\u00fclt kend\u0151 k\u00e9toldalas: a <strong>pamut frott\u00edr<\/strong> gyeng\u00e9den elt\u00e1vol\u00edtja a sminket, a <strong>tiszt\u00edt\u00f3 tej<\/strong> pedig alaposan tiszt\u00edt, hidrat\u00e1l \u00e9s regener\u00e1l. <strong>V\u00e1laszthat\u00f3 3 vagy 7 db kend\u0151<\/strong> a fenntarthat\u00f3 sz\u00e9ps\u00e9g\u00e1pol\u00e1s\u00e9rt.<\/p>\n<p><strong>Haszn\u00e1lat<\/strong>: Nedves\u00edtsd meg a kend\u0151t, vigy\u00e9l r\u00e1 tiszt\u00edt\u00f3 tejet, tiszt\u00edtsd meg az arcod, majd mosd ki a kend\u0151t mos\u00f3g\u00e9pben 40\u00b0C-on.<\/p>\n<h3><strong>Kollag\u00e9nes arckr\u00e9m (nagy kiszerel\u00e9s)<\/strong><\/h3>\n<p>A <strong>hialuronsav<\/strong> m\u00e9lyen hidrat\u00e1l \u00e9s el\u0151seg\u00edti a <strong>sejtregener\u00e1l\u00f3d\u00e1st<\/strong>, m\u00edg a <strong>csipkebogy\u00f3 olaj<\/strong> serkenti a <strong>kollag\u00e9n<\/strong> \u00e9s <strong>elasztin termel\u00e9s\u00e9t<\/strong>. Az \u00e9rz\u00e9keny b\u0151rt feszesebb\u00e9 \u00e9s sim\u00e1bb\u00e1 teszi, k\u00f6nnyed text\u00far\u00e1ja gyorsan felsz\u00edv\u00f3dik.<\/p>\n<p><strong>Haszn\u00e1lat<\/strong>: Finoman massz\u00edrozd be a szemk\u00f6rny\u00e9kre k\u00f6rk\u00f6r\u00f6s mozdulatokkal, minden este lefekv\u00e9s el\u0151tt.<\/p>\n<h3><strong>Hialuronos szemk\u00f6rny\u00e9k\u00e1pol\u00f3<\/strong><\/h3>\n<p><strong>Hat\u00e9kony megold\u00e1s a r\u00e1ncok ellen<\/strong>. A <strong>hialuronsav<\/strong> \u00e9s a <strong>csipkebogy\u00f3 olaj<\/strong> feszesebb\u00e9 teszi a b\u0151rt, kisim\u00edtja a <strong>r\u00e1ncokat<\/strong>, \u00e9s meg\u0151rzi a b\u0151r fiatals\u00e1g\u00e1t. K\u00f6nnyed \u00e1llaga gyorsan felsz\u00edv\u00f3dik, nem hagy zs\u00edros \u00e9rzetet.<\/p>\n<p><strong>Haszn\u00e1lat<\/strong>: Este, lefekv\u00e9s el\u0151tt massz\u00edrozd a szemk\u00f6rny\u00e9kre teljes felsz\u00edv\u00f3d\u00e1sig.<\/p>\n<h3><strong>Shea vajas &amp; kaka\u00f3vajas k\u00e9zkr\u00e9m<\/strong><\/h3>\n<p><strong>Hartaum Natural Cosmetics<\/strong> VEG\u00c1N k\u00e9zkr\u00e9me term\u00e9szetes \u00f6sszetev\u0151kkel: <strong>sheavajjal<\/strong>, <strong>kaka\u00f3vajjal<\/strong> \u00e9s <strong>aloe ver\u00e1val<\/strong>. Intenz\u00edven t\u00e1pl\u00e1lja \u00e9s hidrat\u00e1lja a kezeket minden \u00e9vszakban. Gyorsan felsz\u00edv\u00f3dik, nem hagy ragacsos \u00e9rzetet \u2013 ide\u00e1lis f\u00e9rfiak \u00e9s gyerekek sz\u00e1m\u00e1ra is.<\/p>\n<p><strong>Haszn\u00e1lat<\/strong>: Kend be kezeidet b\u0151s\u00e9gesen, majd hagyd besz\u00edv\u00f3dni.<\/p>\n<p>&nbsp;<\/p>","protected":false},"excerpt":{"rendered":"<p>A <strong>min\u0151s\u00e9gi b\u0151r\u00e1pol\u00e1s<\/strong> a rendszeress\u00e9ggel kezd\u0151dik. A reggeli vagy <strong>esti rutin<\/strong> kialak\u00edt\u00e1sa garant\u00e1lja, hogy a b\u0151r\u00f6d mindig eg\u00e9szs\u00e9ges \u00e9s t\u00e1pl\u00e1lt legyen. Ehhez egy olyan t\u00e1pl\u00e1l\u00f3 \u00e9jszakai arckr\u00e9met k\u00edn\u00e1lunk, amely teljesk\u00f6r\u0171en seg\u00edti b\u0151r\u00f6d a regener\u00e1ci\u00f3ban \u00e9s a fiatalos megjelen\u00e9sben. Mindezt pedig rendk\u00edv\u00fcl min\u0151s\u00e9gi, 100% veg\u00e1n alapanyagokb\u00f3l \u00e1ll\u00edtottuk \u00f6ssze sz\u00e1modra, hogy egy k\u00f6nnyen felsz\u00edv\u00f3d\u00f3, praktikus kr\u00e9met kapj. A <strong>helyes b\u0151r\u00e1pol\u00e1s <\/strong>viszont nem csak id\u0151szakos, hanem eg\u00e9sz \u00e9vben tart. Ennek a kr\u00e9mnek k\u00f6sz\u00f6nhet\u0151en azonban a <strong>b\u0151r\u00e1pol\u00e1s ny\u00e1ron<\/strong>, tavasszal, \u0151sszel, de m\u00e9g t\u00e9len sem okoz probl\u00e9m\u00e1t. K\u00fcl\u00f6nleges text\u00far\u00e1j\u00e1nak k\u00f6sz\u00f6nhet\u0151en ugyanis b\u00e1rmely \u00e9vszakban k\u00e9nyelmesen haszn\u00e1lhat\u00f3.<\/p>","protected":false},"featured_media":10448,"template":"","meta":{"site-sidebar-layout":"default","site-content-layout":"","ast-site-content-layout":"default","site-content-style":"default","site-sidebar-style":"default","ast-global-header-display":"","ast-banner-title-visibility":"","ast-main-header-display":"","ast-hfb-above-header-display":"","ast-hfb-below-header-display":"","ast-hfb-mobile-header-display":"","site-post-title":"","ast-breadcrumbs-content":"","ast-featured-img":"","footer-sml-layout":"","theme-transparent-header-meta":"default","adv-header-id-meta":"","stick-header-meta":"","header-above-stick-meta":"","header-main-stick-meta":"","header-below-stick-meta":"","astra-migrate-meta-layouts":"set","ast-page-background-enabled":"default","ast-page-background-meta":{"desktop":{"background-color":"","background-image":"","background-repeat":"repeat","background-position":"center center","background-size":"auto","background-attachment":"scroll","background-type":"","background-media":"","overlay-type":"","overlay-color":"","overlay-opacity":"","overlay-gradient":""},"tablet":{"background-color":"","background-image":"","background-repeat":"repeat","background-position":"center center","background-size":"auto","background-attachment":"scroll","background-type":"","background-media":"","overlay-type":"","overlay-color":"","overlay-opacity":"","overlay-gradient":""},"mobile":{"background-color":"","background-image":"","background-repeat":"repeat","background-position":"center center","background-size":"auto","background-attachment":"scroll","background-type":"","background-media":"","overlay-type":"","overlay-color":"","overlay-opacity":"","overlay-gradient":""}},"ast-content-background-meta":{"desktop":{"background-color":"var(--ast-global-color-5)","background-image":"","background-repeat":"repeat","background-position":"center center","background-size":"auto","background-attachment":"scroll","background-type":"","background-media":"","overlay-type":"","overlay-color":"","overlay-opacity":"","overlay-gradient":""},"tablet":{"background-color":"var(--ast-global-color-5)","background-image":"","background-repeat":"repeat","background-position":"center center","background-size":"auto","background-attachment":"scroll","background-type":"","background-media":"","overlay-type":"","overlay-color":"","overlay-opacity":"","overlay-gradient":""},"mobile":{"background-color":"var(--ast-global-color-5)","background-image":"","background-repeat":"repeat","background-position":"center center","background-size":"auto","background-attachment":"scroll","background-type":"","background-media":"","overlay-type":"","overlay-color":"","overlay-opacity":"","overlay-gradient":""}}},"product_brand":[],"product_cat":[202,214,100,15],"product_tag":[120,139],"class_list":{"0":"post-10778","1":"product","2":"type-product","3":"status-publish","4":"has-post-thumbnail","6":"product_cat-arcapolas","7":"product_cat-csomagok","8":"product_cat-naturkozmetikum","9":"product_cat-egyeb","10":"product_tag-fenntarthato","11":"product_tag-naturkozmetikum","12":"desktop-align-left","13":"tablet-align-left","14":"mobile-align-left","16":"first","17":"instock","18":"shipping-taxable","19":"product-type-grouped"},"supplier_id":null,"supplier_sku":"","barcode":null,"atum_controlled":true,"out_stock_date":null,"out_stock_threshold":null,"inheritable":true,"inbound_stock":null,"stock_on_hold":0,"sold_today":0,"sales_last_days":0,"reserved_stock":null,"customer_returns":null,"warehouse_damage":null,"lost_in_post":null,"other_logs":null,"out_stock_days":0,"lost_sales":0,"has_location":true,"update_date":"2026-05-13T21:19:54","atum_locations":[{"id":181,"name":"1185 Budapest G\u00f6mbak\u00e1c utca 39.","slug":"1185-budapest-gombakac-utca-39"}],"atum_stock_status":"instock","restock_status":false,"low_stock_amount":"","sales_update_date":"2026-05-13T21:19:54","calc_backorders":null,"_links":{"self":[{"href":"https:\/\/hartaum.hu\/en\/wp-json\/wp\/v2\/product\/10778","targetHints":{"allow":["GET"]}}],"collection":[{"href":"https:\/\/hartaum.hu\/en\/wp-json\/wp\/v2\/product"}],"about":[{"href":"https:\/\/hartaum.hu\/en\/wp-json\/wp\/v2\/types\/product"}],"wp:featuredmedia":[{"embeddable":true,"href":"https:\/\/hartaum.hu\/en\/wp-json\/wp\/v2\/media\/10448"}],"wp:attachment":[{"href":"https:\/\/hartaum.hu\/en\/wp-json\/wp\/v2\/media?parent=10778"}],"wp:term":[{"taxonomy":"product_brand","embeddable":true,"href":"https:\/\/hartaum.hu\/en\/wp-json\/wp\/v2\/product_brand?post=10778"},{"taxonomy":"product_cat","embeddable":true,"href":"https:\/\/hartaum.hu\/en\/wp-json\/wp\/v2\/product_cat?post=10778"},{"taxonomy":"product_tag","embeddable":true,"href":"https:\/\/hartaum.hu\/en\/wp-json\/wp\/v2\/product_tag?post=10778"}],"curies":[{"name":"wp","href":"https:\/\/api.w.org\/{rel}","templated":true}]}}