{"id":5813,"date":"2022-09-29T18:03:50","date_gmt":"2022-09-29T16:03:50","guid":{"rendered":"https:\/\/hartaum.hu\/?post_type=product&#038;p=5813"},"modified":"2025-10-02T08:34:40","modified_gmt":"2025-10-02T07:34:40","slug":"gyapju-sapka","status":"publish","type":"product","link":"https:\/\/hartaum.hu\/en\/webshop\/fenntarthatodivat\/gyapju-sapka\/","title":{"rendered":"Gyapj\u00fa sapka"},"content":{"rendered":"<p><i><span style=\"font-weight: 400;\">Igazi klasszikus, kezeletlen gyapj\u00fab\u00f3l k\u00e9sz\u00fclt,<\/span><\/i><b><i> k\u00e9zzel horgolt sapka<\/i><\/b><i><span style=\"font-weight: 400;\">. A fonal megb\u00edzhat\u00f3, magas min\u0151s\u00e9g\u0171 eur\u00f3pai gy\u00e1rt\u00f3t\u00f3l sz\u00e1rmazik. A kezeletlen azt jelenti, hogy a barikr\u00f3l leny\u00edrt gyapj\u00fat nem vetik al\u00e1 k\u00e9mia kezel\u00e9snek, csak mos\u00e1snak. A fonal \u00f6sszet\u00e9tele:<\/span><\/i><b><i> 100% tiszta gyapj\u00fa<\/i><\/b><i><span style=\"font-weight: 400;\">. A folyamat\u00a0 kiemeli a gyapj\u00fa term\u00e9szetes tulajdons\u00e1gait, ami\u00e9rt mindannyian im\u00e1djuk. Az eredm\u00e9ny egy <\/span><\/i><b><i>sz\u00e9p text\u00fara<\/i><\/b><i><span style=\"font-weight: 400;\">, \u00e9s <\/span><\/i><b><i>tart\u00f3s forma<\/i><\/b><i><span style=\"font-weight: 400;\">. A gyapj\u00fa sapk\u00e1k \u00e9s f\u00fclv\u00e9d\u0151k <\/span><\/i><b><i>Oeko-Tex\u00ae <\/i><\/b><i><span style=\"font-weight: 400;\">tan\u00fas\u00edtv\u00e1nnyal rendelkeznek.<\/span><\/i><\/p>\n<hr \/>\n<p><b><i>Magyarorsz\u00e1gon k\u00e9zzel horgolt term\u00e9k,<\/i><\/b> <b><i>amely sok szeretettel k\u00e9sz\u00fcl, hogy felmeleg\u00edtse a hideg t\u00e9li h\u00f3napokat. <\/i><\/b><i><span style=\"font-weight: 400;\">Az oldalon felt\u00fcntetett bevezet\u0151 \u00e1ron megv\u00e1s\u00e1rolhat\u00f3.<\/span><\/i><\/p>\n<hr \/>\n<p><i><span style=\"font-weight: 400;\">H\u00e9tf\u00e9le sz\u00ednben k\u00e9sz\u00edt\u00fcnk jelenleg k\u00e9zzel horgolt sapk\u00e1kat \u00e9s f\u00fclv\u00e9d\u0151ket: <b>b\u00e9zs, s\u00f6t\u00e9t barna, vil\u00e1gos barna, p\u00fader r\u00f3zsasz\u00edn, t\u00f6rtfeh\u00e9r, vil\u00e1gos oliva, must\u00e1rs\u00e1rga<\/b>. <\/span><\/i><i><span style=\"font-weight: 400;\">\u00a0M\u00e9rete: \u00e1tlagos feln\u0151tt sz\u00e1m\u00e1ra t\u00f6k\u00e9letesen passzol, fej ker\u00fclete kb.: 57-59 cm.<\/span><\/i><\/p>\n<hr \/>\n<p><em>Hogy mi\u00e9rt is szeretj\u00fck a gyapj\u00fat?<\/em><\/p>\n<ul>\n<li style=\"list-style-type: disc;\"><em><strong>puha<\/strong><\/em><\/li>\n<li style=\"list-style-type: disc;\"><em>term\u00e9szetes \u00fcreges sz\u00e1lainak k\u00f6sz\u00f6nhet\u0151en j\u00f3l h\u0151szigetel<\/em><\/li>\n<li style=\"list-style-type: disc;\"><em>v\u00edztasz\u00edt\u00f3, az es\u0151cseppek leperegnek a fel\u00fcletr\u0151l a lanolinnak k\u00f6sz\u00f6nhet\u0151en<\/em><\/li>\n<li style=\"list-style-type: disc;\"><em><strong>a gyapj\u00fa nedvesen is meleg\u00edt<\/strong><\/em><\/li>\n<li style=\"list-style-type: disc;\"><em>k\u00e9pes saj\u00e1t s\u00falya 30%-\u00e1nak megfelel\u0151 nedvess\u00e9get elnyelni an\u00e9lk\u00fcl, hogy h\u0171tene<\/em><\/li>\n<li style=\"list-style-type: disc;\"><em>antibakteri\u00e1lis, \u00e9rz\u00e9keny b\u0151r\u0171 szem\u00e9lyek sz\u00e1m\u00e1ra is alkalmas<\/em><\/li>\n<li style=\"list-style-type: disc;\"><em><strong>nincs szagk\u00e9pz\u0151d\u00e9s hosszabb viselet ut\u00e1n sem<\/strong><\/em><\/li>\n<li style=\"list-style-type: disc;\"><em>sokkal rosszabbul \u00e9g, mint a szintetikus anyagok, v\u00e9d az \u00e9g\u00e9si s\u00e9r\u00fcl\u00e9sekt\u0151l<\/em><\/li>\n<li style=\"list-style-type: disc;\"><em>fenntarthat\u00f3, teljesen term\u00e9szetes hazai term\u00e9k<\/em><\/li>\n<\/ul>\n<p><em>Tiszt\u00edt\u00e1s K\u00e9zi mos\u00e1s, maximum 30\u00b0C-on, fektetve sz\u00e1r\u00edt\u00e1s, valamint gyapj\u00fa programmal.<\/em><\/p>","protected":false},"excerpt":{"rendered":"<p><em>Igazi klasszikus, kezeletlen gyapj\u00fab\u00f3l k\u00e9sz\u00fclt, <strong>k\u00e9zzel horgolt sapka<\/strong>.\u00a0 A fonal megb\u00edzhat\u00f3, magas min\u0151s\u00e9g\u0171 eur\u00f3pai gy\u00e1rt\u00f3t\u00f3l sz\u00e1rmazik.\u00a0 A fonal \u00f6sszet\u00e9tele: <strong>100% tiszta gyapj\u00fa<\/strong>. A gyapj\u00fa sapk\u00e1k \u00e9s f\u00fclv\u00e9d\u0151k <strong>Oeko-Tex\u00ae<\/strong> tan\u00fas\u00edtv\u00e1nnyal rendelkeznek. <strong>Puha<\/strong>, j\u00f3 h\u0151tart\u00f3 tulajdons\u00e1gokkal rendelkezik, \u00e9s m\u00e9g nedvesen is <strong>meleg\u00edt<\/strong>. \u00c9rz\u00e9keny b\u0151r\u0171ek sz\u00e1m\u00e1ra is aj\u00e1nlott. <strong>Fenntarthat\u00f3<\/strong>, teljesen term\u00e9szetes <strong>hazai term\u00e9k<\/strong><\/em><\/p>\n<p>&nbsp;<\/p>\n<p><em style=\"font-size: 16px;\">Magyarorsz\u00e1gon k\u00e9zzel horgolt term\u00e9k, amely sok <strong>szeretettel k\u00e9sz\u00fcl, hogy<\/strong> <strong>felmeleg\u00edtse a hideg t\u00e9li h\u00f3napokat<\/strong>. Az oldalon felt\u0171ntetett bevezet\u0151 \u00e1ron megvasalhat\u00f3. N\u00e9gyf\u00e9le sz\u00ednben k\u00e9sz\u00edt\u00fcnk jelenleg k\u00e9zzel horgolt sapk\u00e1kat \u00e9s f\u00fclv\u00e9d\u0151ket: b\u00e9zs, barna, vil\u00e1gos oliva, must\u00e1rs\u00e1rga.<\/em><\/p>","protected":false},"featured_media":7237,"template":"","meta":{"site-sidebar-layout":"default","site-content-layout":"default","ast-site-content-layout":"default","site-content-style":"default","site-sidebar-style":"default","ast-global-header-display":"","ast-banner-title-visibility":"","ast-main-header-display":"","ast-hfb-above-header-display":"","ast-hfb-below-header-display":"","ast-hfb-mobile-header-display":"","site-post-title":"","ast-breadcrumbs-content":"","ast-featured-img":"","footer-sml-layout":"","theme-transparent-header-meta":"default","adv-header-id-meta":"","stick-header-meta":"","header-above-stick-meta":"","header-main-stick-meta":"","header-below-stick-meta":"","astra-migrate-meta-layouts":"set","ast-page-background-enabled":"default","ast-page-background-meta":{"desktop":{"background-color":"","background-image":"","background-repeat":"repeat","background-position":"center center","background-size":"auto","background-attachment":"scroll","background-type":"","background-media":"","overlay-type":"","overlay-color":"","overlay-opacity":"","overlay-gradient":""},"tablet":{"background-color":"","background-image":"","background-repeat":"repeat","background-position":"center center","background-size":"auto","background-attachment":"scroll","background-type":"","background-media":"","overlay-type":"","overlay-color":"","overlay-opacity":"","overlay-gradient":""},"mobile":{"background-color":"","background-image":"","background-repeat":"repeat","background-position":"center center","background-size":"auto","background-attachment":"scroll","background-type":"","background-media":"","overlay-type":"","overlay-color":"","overlay-opacity":"","overlay-gradient":""}},"ast-content-background-meta":{"desktop":{"background-color":"var(--ast-global-color-5)","background-image":"","background-repeat":"repeat","background-position":"center center","background-size":"auto","background-attachment":"scroll","background-type":"","background-media":"","overlay-type":"","overlay-color":"","overlay-opacity":"","overlay-gradient":""},"tablet":{"background-color":"var(--ast-global-color-5)","background-image":"","background-repeat":"repeat","background-position":"center center","background-size":"auto","background-attachment":"scroll","background-type":"","background-media":"","overlay-type":"","overlay-color":"","overlay-opacity":"","overlay-gradient":""},"mobile":{"background-color":"var(--ast-global-color-5)","background-image":"","background-repeat":"repeat","background-position":"center center","background-size":"auto","background-attachment":"scroll","background-type":"","background-media":"","overlay-type":"","overlay-color":"","overlay-opacity":"","overlay-gradient":""}}},"product_brand":[],"product_cat":[101],"product_tag":[111,113],"class_list":{"0":"post-5813","1":"product","2":"type-product","3":"status-publish","4":"has-post-thumbnail","6":"product_cat-fenntarthatodivat","7":"product_tag-gyapju","8":"product_tag-gyapju_fulvedo","9":"desktop-align-left","10":"tablet-align-left","11":"mobile-align-left","13":"first","14":"onbackorder","15":"shipping-taxable","16":"purchasable","17":"product-type-variable","18":"has-default-attributes"},"supplier_id":null,"supplier_sku":"","barcode":null,"atum_controlled":true,"out_stock_date":"2025-01-06 23:01:03","out_stock_threshold":null,"inheritable":true,"inbound_stock":0,"stock_on_hold":0,"sold_today":0,"sales_last_days":0,"reserved_stock":0,"customer_returns":0,"warehouse_damage":0,"lost_in_post":0,"other_logs":0,"out_stock_days":491,"lost_sales":0,"has_location":true,"update_date":"2026-05-13T21:19:54","atum_locations":[{"id":181,"name":"1185 Budapest G\u00f6mbak\u00e1c utca 39.","slug":"1185-budapest-gombakac-utca-39"}],"atum_stock_status":"onbackorder","restock_status":false,"low_stock_amount":"","sales_update_date":"2026-05-13T21:19:54","calc_backorders":0,"_links":{"self":[{"href":"https:\/\/hartaum.hu\/en\/wp-json\/wp\/v2\/product\/5813","targetHints":{"allow":["GET"]}}],"collection":[{"href":"https:\/\/hartaum.hu\/en\/wp-json\/wp\/v2\/product"}],"about":[{"href":"https:\/\/hartaum.hu\/en\/wp-json\/wp\/v2\/types\/product"}],"wp:featuredmedia":[{"embeddable":true,"href":"https:\/\/hartaum.hu\/en\/wp-json\/wp\/v2\/media\/7237"}],"wp:attachment":[{"href":"https:\/\/hartaum.hu\/en\/wp-json\/wp\/v2\/media?parent=5813"}],"wp:term":[{"taxonomy":"product_brand","embeddable":true,"href":"https:\/\/hartaum.hu\/en\/wp-json\/wp\/v2\/product_brand?post=5813"},{"taxonomy":"product_cat","embeddable":true,"href":"https:\/\/hartaum.hu\/en\/wp-json\/wp\/v2\/product_cat?post=5813"},{"taxonomy":"product_tag","embeddable":true,"href":"https:\/\/hartaum.hu\/en\/wp-json\/wp\/v2\/product_tag?post=5813"}],"curies":[{"name":"wp","href":"https:\/\/api.w.org\/{rel}","templated":true}]}}