{"id":6876,"date":"2022-11-16T13:14:41","date_gmt":"2022-11-16T11:14:41","guid":{"rendered":"https:\/\/hartaum.hu\/?post_type=product&#038;p=6876"},"modified":"2025-01-06T23:21:32","modified_gmt":"2025-01-06T22:21:32","slug":"angyal-mintas-organikus-pamut-polo","status":"publish","type":"product","link":"https:\/\/hartaum.hu\/en\/webshop\/fenntarthatodivat\/angyal-mintas-organikus-pamut-polo\/","title":{"rendered":"Angyal mint\u00e1s organikus pamut p\u00f3l\u00f3"},"content":{"rendered":"<p><b><i>100% organikus pamut<\/i><\/b><i><span style=\"font-weight: 400;\">b\u00f3l k\u00e9sz\u00fclt p\u00f3l\u00f3, amely megb\u00edzhat\u00f3 eur\u00f3pai gy\u00e1rt\u00f3t\u00f3l sz\u00e1rmazik. A term\u00e9k a Ecocert Greenlife-t\u0151l\u00a0 <\/span><\/i><b><i>OCS100<\/i><\/b><i><span style=\"font-weight: 400;\">-as min\u0151s\u00edt\u00e9st kapott.<\/span><\/i><\/p>\n<hr \/>\n<p><i><span style=\"font-weight: 400;\"><br \/>\n<\/span><\/i><i><span style=\"font-weight: 400;\">A grafik\u00e1kat <\/span><\/i><b><i>hazai designerek<\/i><\/b><i><span style=\"font-weight: 400;\"> alkott\u00e1k <\/span><\/i><b><i>sz\u00edv\u00fckb\u0151l <\/i><\/b><i><span style=\"font-weight: 400;\">egy medit\u00e1ci\u00f3s \u00e1llapotban. Ezzel megteremtett\u00e9k azt, hogy te j\u00f3 \u00e9rz\u00e9ssel viselhesd ezt az alkot\u00e1st, hiszen \u00f6r\u00f6mb\u0151l sz\u00fcletett, \u00e9s \u00edgy \u00f6r\u00f6m\u00f6t okoz m\u00e1soknak.<\/span><\/i><\/p>\n<hr \/>\n<p><i><span style=\"font-weight: 400;\">Hazai m\u0171v\u00e9szeket \u00e9s v\u00e1llalkoz\u00f3kat t\u00e1mogat az oldal b\u00e1rmely term\u00e9k\u00e9nek megv\u00e1s\u00e1rl\u00e1sa. Az \u00f6sszes term\u00e9knek egyetlen c\u00e9lja van: boldogg\u00e1 tenni azt, aki haszn\u00e1lja, hiszen <\/span><\/i><b><i>magas min\u0151s\u00e9g\u0171, fenntarthat\u00f3 alapanyagok<\/i><\/b><i><span style=\"font-weight: 400;\">kal dolgozunk, amik \u00e1rtalmatlanok a k\u00f6rnyezet sz\u00e1m\u00e1ra. Az\u00e9rt, hogy kiteljes\u00edts\u00fck m\u00e1rkak\u00e9nt a k\u00fcldet\u00e9s\u00fcnket, <\/span><\/i><b><i>adom\u00e1nyokat gy\u0171jt\u00fcnk<\/i><\/b><i><span style=\"font-weight: 400;\">, hogy abb\u00f3l <\/span><\/i><b><i>f\u00e1kat <\/i><\/b><i><span style=\"font-weight: 400;\">tudjunk <\/span><\/i><b><i>\u00fcltetni <\/i><\/b><i><span style=\"font-weight: 400;\">k\u00f6rnyezet\u00fcnk megseg\u00edt\u00e9s\u00e9re. Miut\u00e1n a kos\u00e1rba tettet a v\u00e1lasztott term\u00e9ket lehet\u0151s\u00e9ged van adom\u00e1nyozni erre a c\u00e9lra. Akik r\u00e9szt vettek az adom\u00e1nyoz\u00e1sban, els\u0151 k\u00e9zb\u0151l \u00e9rtes\u00fclnek a projekt \u00e1llapot\u00e1r\u00f3l, szem\u00e9lyesen is megn\u00e9zhetik a folyamatot, valamint \u00e9vek m\u00falt\u00e1n szabadon lakm\u00e1rozhatnak a vad gy\u00fcm\u00f6lcsf\u00e1k term\u00e9s\u00e9b\u0151l.<\/span><\/i><\/p>\n<hr \/>\n<p><i><span style=\"font-weight: 400;\">A p\u00f3l\u00f3 anyagvastags\u00e1ga 145 g\/m\u00b2. Fenntarthat\u00f3 anyaga mellett, sz\u0171k\u00edtett, uniszex szab\u00e1s\u00fa, t\u00f6k\u00e9letes v\u00e1laszt\u00e1s mindk\u00e9t nemnek!<\/span><\/i><\/p>\n<hr \/>\n<p><b><i>K\u00f6rnyezettudatos, sz\u00edvvel l\u00e9lekkel k\u00e9sz\u00fclt alkot\u00e1s!<\/i><\/b><\/p>","protected":false},"excerpt":{"rendered":"<p><b><i>Hazai m\u0171v\u00e9szeket<\/i><\/b><i><span style=\"font-weight: 400;\"> \u00e9s v\u00e1llalkoz\u00f3k \u00e1ltal l\u00e9trej\u00f6tt koprodukci\u00f3 eredm\u00e9nye ez a<\/span><\/i><b><i> 100% organikus pamut<\/i><\/b><i><span style=\"font-weight: 400;\">b\u00f3l k\u00e9sz\u00fclt p\u00f3l\u00f3, mely <\/span><\/i><b><i>OCS100<\/i><\/b><i><span style=\"font-weight: 400;\">-min\u0151s\u00edt\u00e9st kapott. A mint\u00e1t az<strong> intu\u00edci\u00f3val val\u00f3 \u00f6sszekapcsol\u00f3d\u00e1s<\/strong> ihlette.\u00a0<\/span><\/i><\/p>\n<p><i><span style=\"font-weight: 400;\">A p\u00f3l\u00f3 anyagvastags\u00e1ga 145 g\/m\u00b2. Sz\u0171k\u00edtett, uniszex szab\u00e1s\u00fa. A nyomat fel\u00fclete k\u00e9zzel tapinthatatlan \u00e9s kiv\u00e1l\u00f3an tartja \u00e9l\u00e9nk sz\u00edn\u00e9t.<\/span><\/i><\/p>\n<p><b><i>K\u00f6rnyezettudatos, sz\u00edvvel l\u00e9lekkel k\u00e9sz\u00fclt alkot\u00e1s!<\/i><\/b><\/p>\n<p>&nbsp;<\/p>\n<p><i><span style=\"font-weight: 400;\">Mos\u00e1s: 40\u00b0C-on moshat\u00f3, mint\u00e1val befel\u00e9.<\/span><\/i><\/p>","protected":false},"featured_media":6890,"template":"","meta":{"site-sidebar-layout":"default","site-content-layout":"default","ast-site-content-layout":"default","site-content-style":"default","site-sidebar-style":"default","ast-global-header-display":"","ast-banner-title-visibility":"","ast-main-header-display":"","ast-hfb-above-header-display":"","ast-hfb-below-header-display":"","ast-hfb-mobile-header-display":"","site-post-title":"","ast-breadcrumbs-content":"","ast-featured-img":"","footer-sml-layout":"","theme-transparent-header-meta":"default","adv-header-id-meta":"","stick-header-meta":"","header-above-stick-meta":"","header-main-stick-meta":"","header-below-stick-meta":"","astra-migrate-meta-layouts":"set","ast-page-background-enabled":"default","ast-page-background-meta":{"desktop":{"background-color":"","background-image":"","background-repeat":"repeat","background-position":"center center","background-size":"auto","background-attachment":"scroll","background-type":"","background-media":"","overlay-type":"","overlay-color":"","overlay-opacity":"","overlay-gradient":""},"tablet":{"background-color":"","background-image":"","background-repeat":"repeat","background-position":"center center","background-size":"auto","background-attachment":"scroll","background-type":"","background-media":"","overlay-type":"","overlay-color":"","overlay-opacity":"","overlay-gradient":""},"mobile":{"background-color":"","background-image":"","background-repeat":"repeat","background-position":"center center","background-size":"auto","background-attachment":"scroll","background-type":"","background-media":"","overlay-type":"","overlay-color":"","overlay-opacity":"","overlay-gradient":""}},"ast-content-background-meta":{"desktop":{"background-color":"var(--ast-global-color-5)","background-image":"","background-repeat":"repeat","background-position":"center center","background-size":"auto","background-attachment":"scroll","background-type":"","background-media":"","overlay-type":"","overlay-color":"","overlay-opacity":"","overlay-gradient":""},"tablet":{"background-color":"var(--ast-global-color-5)","background-image":"","background-repeat":"repeat","background-position":"center center","background-size":"auto","background-attachment":"scroll","background-type":"","background-media":"","overlay-type":"","overlay-color":"","overlay-opacity":"","overlay-gradient":""},"mobile":{"background-color":"var(--ast-global-color-5)","background-image":"","background-repeat":"repeat","background-position":"center center","background-size":"auto","background-attachment":"scroll","background-type":"","background-media":"","overlay-type":"","overlay-color":"","overlay-opacity":"","overlay-gradient":""}}},"product_brand":[],"product_cat":[101],"product_tag":[120,103],"class_list":{"0":"post-6876","1":"product","2":"type-product","3":"status-publish","4":"has-post-thumbnail","6":"product_cat-fenntarthatodivat","7":"product_tag-fenntarthato","8":"product_tag-polo","9":"desktop-align-left","10":"tablet-align-left","11":"mobile-align-left","13":"first","14":"onbackorder","15":"shipping-taxable","16":"purchasable","17":"product-type-variable"},"supplier_id":null,"supplier_sku":"","barcode":null,"atum_controlled":true,"out_stock_date":"2025-01-06 23:21:32","out_stock_threshold":null,"inheritable":true,"inbound_stock":0,"stock_on_hold":0,"sold_today":0,"sales_last_days":0,"reserved_stock":0,"customer_returns":0,"warehouse_damage":0,"lost_in_post":0,"other_logs":0,"out_stock_days":491,"lost_sales":0,"has_location":true,"update_date":"2026-05-13T21:19:54","atum_locations":[{"id":181,"name":"1185 Budapest G\u00f6mbak\u00e1c utca 39.","slug":"1185-budapest-gombakac-utca-39"}],"atum_stock_status":"onbackorder","restock_status":false,"low_stock_amount":"","sales_update_date":"2026-05-13T21:19:54","calc_backorders":0,"_links":{"self":[{"href":"https:\/\/hartaum.hu\/en\/wp-json\/wp\/v2\/product\/6876","targetHints":{"allow":["GET"]}}],"collection":[{"href":"https:\/\/hartaum.hu\/en\/wp-json\/wp\/v2\/product"}],"about":[{"href":"https:\/\/hartaum.hu\/en\/wp-json\/wp\/v2\/types\/product"}],"wp:featuredmedia":[{"embeddable":true,"href":"https:\/\/hartaum.hu\/en\/wp-json\/wp\/v2\/media\/6890"}],"wp:attachment":[{"href":"https:\/\/hartaum.hu\/en\/wp-json\/wp\/v2\/media?parent=6876"}],"wp:term":[{"taxonomy":"product_brand","embeddable":true,"href":"https:\/\/hartaum.hu\/en\/wp-json\/wp\/v2\/product_brand?post=6876"},{"taxonomy":"product_cat","embeddable":true,"href":"https:\/\/hartaum.hu\/en\/wp-json\/wp\/v2\/product_cat?post=6876"},{"taxonomy":"product_tag","embeddable":true,"href":"https:\/\/hartaum.hu\/en\/wp-json\/wp\/v2\/product_tag?post=6876"}],"curies":[{"name":"wp","href":"https:\/\/api.w.org\/{rel}","templated":true}]}}