{"id":7294,"date":"2022-12-03T20:16:20","date_gmt":"2022-12-03T19:16:20","guid":{"rendered":"https:\/\/hartaum.hu\/?post_type=product&#038;p=7294"},"modified":"2025-10-29T14:20:23","modified_gmt":"2025-10-29T13:20:23","slug":"ultra-regeneralo-krem","status":"publish","type":"product","link":"https:\/\/hartaum.hu\/en\/webshop\/naturkozmetikum\/gyogyhatasu-krem\/ultra-regeneralo-krem\/","title":{"rendered":"Ultra regener\u00e1l\u00f3 kr\u00e9m"},"content":{"rendered":"<p><i><span style=\"font-weight: 400;\">Ez a kr\u00e9m az irrit\u00e1lt b\u0151r ellenszere, megnyugtatja a kisz\u00e1radt b\u0151rt.<\/span><\/i><\/p>\n<hr \/>\n<p><i> <\/i><b><i>Puha \u00e1pol\u00f3 v\u00e9d\u0151burok <\/i><\/b><i><span style=\"font-weight: 400;\">az \u00e9rz\u00e9keny \u00e9s sz\u00e1raz b\u0151rnek <\/span><\/i><b><i>sz\u00e9ls\u0151s\u00e9ges id\u0151j\u00e1r\u00e1sban <\/i><\/b><i><span style=\"font-weight: 400;\">is. Extra mennyis\u00e9g\u0171 bio, hidegen sajtolt olajat, \u00e9s shea vajat tartalmaz, \u00e9s m\u00e1s akt\u00edv hat\u00f3anyagokat is. A <\/span><\/i><b><i>szalmagyop\u00e1r <\/i><\/b><i><span style=\"font-weight: 400;\">hidrol\u00e1tum nyugtat\u00f3 \u00e9s gyullad\u00e1scs\u00f6kkent\u0151 hat\u00e1sa miatt ker\u00fclt bele. A flavonoidokban gazdag <\/span><\/i><b><i>homokt\u00f6vis olaj <\/i><\/b><i><span style=\"font-weight: 400;\">\u00e9s a fert\u0151tlen\u00edt\u0151 hat\u00e1s\u00fa b\u0151rszerkezet jav\u00edt\u00f3 <\/span><\/i><b><i>feketek\u00f6m\u00e9ny olaj <\/i><\/b><i><span style=\"font-weight: 400;\">magas hat\u00f3anyag tartalm\u00e1val gy\u00f3gy\u00edtj\u00e1k, \u00e9s v\u00e9dik a b\u0151r\u00f6det. A <\/span><\/i><b><i>makad\u00e1miadi\u00f3 <\/i><\/b><i><span style=\"font-weight: 400;\">\u00e9s az <\/span><\/i><b><i>\u00e9desmandula olaj <\/i><\/b><i><span style=\"font-weight: 400;\">vissza t\u00e1pl\u00e1lja a b\u0151r\u00f6d term\u00e9szetes zs\u00edross\u00e1g\u00e1t, \u00e9s seg\u00edt meg\u0151rizni a sz\u00f6vetek rugalmass\u00e1g\u00e1t.Az <\/span><\/i><b><i>avok\u00e1d\u00f3 olaj <\/i><\/b><i><span style=\"font-weight: 400;\">szint\u00e9n regener\u00e1lja, \u00e9s er\u0151s\u00edti a b\u0151rt. Ezek a kiv\u00e1l\u00f3 min\u0151s\u00e9g\u0171 olajok <\/span><\/i><b><i>magas antioxid\u00e1ns tartalommal <\/i><\/b><i><span style=\"font-weight: 400;\">m\u00e9lyen hidrat\u00e1lnak<\/span><\/i><b><i>. Mindenf\u00e9le b\u0151rs\u00e9r\u00fcl\u00e9st seg\u00edt rendbe hozni,<\/i><\/b><i><span style=\"font-weight: 400;\"> mivel sebgy\u00f3gy\u00edt\u00f3 \u00e9s nyugtat\u00f3 hat\u00e1s\u00fa <\/span><\/i><b><i>B5-provitaminnal<\/i><\/b><i><span style=\"font-weight: 400;\">, \u00e9s antioxid\u00e1ns <\/span><\/i><b><i>E vitaminnal <\/i><\/b><i><span style=\"font-weight: 400;\">sp\u00e9kelt\u00fck meg az am\u00fagy is remek kompoz\u00edci\u00f3t.<\/span><\/i><\/p>\n<hr \/>\n<p><i><span style=\"font-weight: 400;\">Azonban az i-re a pontot a <\/span><\/i><b><i>sheavaj <\/i><\/b><i><span style=\"font-weight: 400;\">\u00e9s a <\/span><\/i><b><i>bio ill\u00f3olajok <\/i><\/b><i><span style=\"font-weight: 400;\">rakt\u00e1k fel. Nem <\/span><\/i><b><i>sp\u00f3roltunk egyik hat\u00f3anyaggal sem<\/i><\/b><i><span style=\"font-weight: 400;\">, egy olyan kr\u00e9met szerett\u00fcnk volna teremteni, ami a legt\u00f6bb mindenre j\u00f3. <\/span><\/i><b><i>Ez a kr\u00e9m a F\u00f6ld aj\u00e1nd\u00e9ka sz\u00e1munkra.<\/i><\/b><\/p>\n<hr \/>\n<p><i><span style=\"font-weight: 400;\">Legink\u00e1bb aj\u00e1nlom ezt a kr\u00e9met:<\/span><\/i><\/p>\n<ul>\n<li><b><i>F\u00e9rfiaknak <\/i><\/b><i><span style=\"font-weight: 400;\">borotv\u00e1lkoz\u00e1s ut\u00e1n, a b\u0151r megnyugtat\u00e1s\u00e1ra<\/span><\/i><\/li>\n<li><b><i>Sz\u00e9ls\u0151s\u00e9ges id\u0151j\u00e1r\u00e1sban<\/i><\/b><i><span style=\"font-weight: 400;\">: t\u00e9li hidegben, ny\u00e1ri melegben, f\u00fav\u00f3 sz\u00e9lben<\/span><\/i><\/li>\n<li><i><span style=\"font-weight: 400;\">Kisebb <\/span><\/i><b><i>\u00e9g\u00e9si<\/i><\/b><i><span style=\"font-weight: 400;\">, <\/span><\/i><b><i>fagy\u00e1si s\u00e9r\u00fcl\u00e9sek kezel\u00e9s\u00e9re<\/i><\/b><\/li>\n<li><b><i>Kipirosodott, kisz\u00e1radt b\u0151rre<\/i><\/b><\/li>\n<\/ul>","protected":false},"excerpt":{"rendered":"<p><b><i>Puha \u00e1pol\u00f3<\/i><\/b> <b><i>v\u00e9d\u0151burok <\/i><\/b><i><span style=\"font-weight: 400;\">az \u00e9rz\u00e9keny \u00e9s sz\u00e1raz b\u0151rnek <\/span><\/i><b><i>sz\u00e9ls\u0151s\u00e9ges id\u0151j\u00e1r\u00e1sban <\/i><\/b><i><span style=\"font-weight: 400;\">is. Extra mennyis\u00e9g\u0171 <\/span><\/i><b><i>bio<\/i><\/b><i><span style=\"font-weight: 400;\">, <\/span><\/i><b><i>hidegen sajtolt olajat<\/i><\/b><i><span style=\"font-weight: 400;\">, \u00e9s <\/span><\/i><b><i>shea vajat <\/i><\/b><i><span style=\"font-weight: 400;\">tartalmaz.<\/span><\/i><\/p>\n<p><i><span style=\"font-weight: 400;\">A <\/span><\/i><b><i>flavonoidokban gazdag homokt\u00f6vis olaj <\/i><\/b><i><span style=\"font-weight: 400;\">\u00e9s a fert\u0151tlen\u00edt\u0151 hat\u00e1s\u00fa b\u0151rszerkezet jav\u00edt\u00f3 <\/span><\/i><b><i>feketek\u00f6m\u00e9ny olaj <\/i><\/b><i><span style=\"font-weight: 400;\">magas hat\u00f3anyag tartalm\u00e1val gy\u00f3gy\u00edtj\u00e1k, \u00e9s v\u00e9dik a b\u0151r\u00f6det. Seg\u00edtenek, hogy rugalmasak maradjanak a sz\u00f6vetek. A <\/span><\/i><b><i>szalmagyop\u00e1r hidrol\u00e1tum <\/i><\/b><i><span style=\"font-weight: 400;\">nyugtat\u00f3 \u00e9s gyullad\u00e1scs\u00f6kkent\u0151 hat\u00e1sa miatt ker\u00fclt bele. Kiv\u00e1l\u00f3an \u00e1polja a<\/span><\/i><b><i> hidegben kisz\u00e1radt b\u0151rt, fagy\u00e1si \u00e9s \u00e9g\u00e9si hegeket is gyorsan \u00e9s sz\u00e9pen helyrehoz<\/i><\/b><\/p>\n<p>&nbsp;<\/p>","protected":false},"featured_media":10455,"template":"","meta":{"site-sidebar-layout":"default","site-content-layout":"default","ast-site-content-layout":"default","site-content-style":"default","site-sidebar-style":"default","ast-global-header-display":"","ast-banner-title-visibility":"","ast-main-header-display":"","ast-hfb-above-header-display":"","ast-hfb-below-header-display":"","ast-hfb-mobile-header-display":"","site-post-title":"","ast-breadcrumbs-content":"","ast-featured-img":"","footer-sml-layout":"","theme-transparent-header-meta":"default","adv-header-id-meta":"","stick-header-meta":"","header-above-stick-meta":"","header-main-stick-meta":"","header-below-stick-meta":"","astra-migrate-meta-layouts":"set","ast-page-background-enabled":"default","ast-page-background-meta":{"desktop":{"background-color":"","background-image":"","background-repeat":"repeat","background-position":"center center","background-size":"auto","background-attachment":"scroll","background-type":"","background-media":"","overlay-type":"","overlay-color":"","overlay-opacity":"","overlay-gradient":""},"tablet":{"background-color":"","background-image":"","background-repeat":"repeat","background-position":"center center","background-size":"auto","background-attachment":"scroll","background-type":"","background-media":"","overlay-type":"","overlay-color":"","overlay-opacity":"","overlay-gradient":""},"mobile":{"background-color":"","background-image":"","background-repeat":"repeat","background-position":"center center","background-size":"auto","background-attachment":"scroll","background-type":"","background-media":"","overlay-type":"","overlay-color":"","overlay-opacity":"","overlay-gradient":""}},"ast-content-background-meta":{"desktop":{"background-color":"var(--ast-global-color-5)","background-image":"","background-repeat":"repeat","background-position":"center center","background-size":"auto","background-attachment":"scroll","background-type":"","background-media":"","overlay-type":"","overlay-color":"","overlay-opacity":"","overlay-gradient":""},"tablet":{"background-color":"var(--ast-global-color-5)","background-image":"","background-repeat":"repeat","background-position":"center center","background-size":"auto","background-attachment":"scroll","background-type":"","background-media":"","overlay-type":"","overlay-color":"","overlay-opacity":"","overlay-gradient":""},"mobile":{"background-color":"var(--ast-global-color-5)","background-image":"","background-repeat":"repeat","background-position":"center center","background-size":"auto","background-attachment":"scroll","background-type":"","background-media":"","overlay-type":"","overlay-color":"","overlay-opacity":"","overlay-gradient":""}}},"product_brand":[],"product_cat":[206,100],"product_tag":[120,139],"class_list":{"0":"post-7294","1":"product","2":"type-product","3":"status-publish","4":"has-post-thumbnail","6":"product_cat-gyogyhatasu-krem","7":"product_cat-naturkozmetikum","8":"product_tag-fenntarthato","9":"product_tag-naturkozmetikum","10":"desktop-align-left","11":"tablet-align-left","12":"mobile-align-left","14":"first","15":"instock","16":"shipping-taxable","17":"purchasable","18":"product-type-simple"},"supplier_id":null,"supplier_sku":"","barcode":null,"atum_controlled":true,"out_stock_date":null,"out_stock_threshold":null,"inheritable":false,"inbound_stock":0,"stock_on_hold":0,"sold_today":0,"sales_last_days":0,"reserved_stock":0,"customer_returns":0,"warehouse_damage":0,"lost_in_post":0,"other_logs":0,"out_stock_days":0,"lost_sales":0,"has_location":true,"update_date":"2026-05-13T21:19:54","atum_locations":[{"id":181,"name":"1185 Budapest G\u00f6mbak\u00e1c utca 39.","slug":"1185-budapest-gombakac-utca-39"}],"atum_stock_status":"instock","restock_status":false,"low_stock_amount":3,"sales_update_date":"2026-05-13T21:19:54","calc_backorders":null,"_links":{"self":[{"href":"https:\/\/hartaum.hu\/en\/wp-json\/wp\/v2\/product\/7294","targetHints":{"allow":["GET"]}}],"collection":[{"href":"https:\/\/hartaum.hu\/en\/wp-json\/wp\/v2\/product"}],"about":[{"href":"https:\/\/hartaum.hu\/en\/wp-json\/wp\/v2\/types\/product"}],"wp:featuredmedia":[{"embeddable":true,"href":"https:\/\/hartaum.hu\/en\/wp-json\/wp\/v2\/media\/10455"}],"wp:attachment":[{"href":"https:\/\/hartaum.hu\/en\/wp-json\/wp\/v2\/media?parent=7294"}],"wp:term":[{"taxonomy":"product_brand","embeddable":true,"href":"https:\/\/hartaum.hu\/en\/wp-json\/wp\/v2\/product_brand?post=7294"},{"taxonomy":"product_cat","embeddable":true,"href":"https:\/\/hartaum.hu\/en\/wp-json\/wp\/v2\/product_cat?post=7294"},{"taxonomy":"product_tag","embeddable":true,"href":"https:\/\/hartaum.hu\/en\/wp-json\/wp\/v2\/product_tag?post=7294"}],"curies":[{"name":"wp","href":"https:\/\/api.w.org\/{rel}","templated":true}]}}