{"id":7304,"date":"2022-12-03T21:12:59","date_gmt":"2022-12-03T20:12:59","guid":{"rendered":"https:\/\/hartaum.hu\/?post_type=product&#038;p=7304"},"modified":"2025-02-10T15:40:46","modified_gmt":"2025-02-10T14:40:46","slug":"sheavajas-kakaovajas-kezkrem","status":"publish","type":"product","link":"https:\/\/hartaum.hu\/en\/webshop\/naturkozmetikum\/kezapolas\/sheavajas-kakaovajas-kezkrem\/","title":{"rendered":"Shea vajas &#038; kaka\u00f3vajas k\u00e9zkr\u00e9m"},"content":{"rendered":"<p><b><i>Hartaum Natural cosmetics VEG\u00c1N, <\/i><\/b><i><span style=\"font-weight: 400;\">\u00e1llati eredet\u0171 anyagokt\u00f3l mentes. Sem a kr\u00e9meket, sem az \u00f6sszetev\u0151it nem tesztelt\u00e9k \u00e1llatokon.<\/span><\/i><b><i> Haz\u00e1nkban k\u00e9zzel<\/i><\/b><i><span style=\"font-weight: 400;\"> \u00e9s rengeteg<\/span><\/i><b><i> figyel\u0151 gondoskod\u00e1ssal k\u00e9sz\u00fclt.<\/i><\/b><\/p>\n<p><i><span style=\"font-weight: 400;\">\u00c1ltal\u00e1nos j\u00f3 bar\u00e1tja lehet ez a k\u00e9zkr\u00e9m a kezeidnek, ugyanis <\/span><\/i><b><i>intenz\u00edven t\u00e1pl\u00e1l<\/i><\/b><i><span style=\"font-weight: 400;\">ja \u0151ket <\/span><\/i><b><i>mind a 4 \u00e9vszakban<\/i><\/b><i><span style=\"font-weight: 400;\">, m\u00e9gis hamar felsz\u00edv\u00f3dik. Nem fog ragadni a kezed ut\u00e1na, ez\u00e9rt f<\/span><\/i><b><i>\u00e9rfiak \u00e9s gyerekek is \u00f6r\u00f6mmel haszn\u00e1lj\u00e1k<\/i><\/b><i><span style=\"font-weight: 400;\">. Olyan kincseket raktunk ebbe a kr\u00e9mbe, mint az <\/span><\/i><b><i>aloe vera<\/i><\/b><i><span style=\"font-weight: 400;\">, a <\/span><\/i><b><i>sheavaj <\/i><\/b><i><span style=\"font-weight: 400;\">\u00e9s a <\/span><\/i><b><i>kaka\u00f3vaj<\/i><\/b><i><span style=\"font-weight: 400;\">, <\/span><\/i><b><i>hidegen sajtolt olajok<\/i><\/b><i><span style=\"font-weight: 400;\">, \u00edgy garant\u00e1lt a <\/span><\/i><b><i>hosszan tart\u00f3 hidrat\u00e1l\u00f3 hat\u00e1s.<\/i><\/b><\/p>\n<p><i><span style=\"font-weight: 400;\">A belerakott olajak, \u00e9s vajak a b\u0151r saj\u00e1t szerkezet\u00e9vel hasonlatosak, \u00edgy <\/span><\/i><b><i>hosszan tart\u00f3 hidrat\u00e1l\u00f3, \u00e9s t\u00e1pl\u00e1l\u00f3 hat\u00e1st<\/i><\/b><i><span style=\"font-weight: 400;\"> fejt ki, v\u00e9d\u0151burkot k\u00e9pezve a kezeid k\u00f6r\u00e9. Az <\/span><\/i><b><i>aloe vera <\/i><\/b><i><span style=\"font-weight: 400;\">b\u0151rnyugtat\u00f3 \u00e9s regener\u00e1l\u00f3 hat\u00e1s\u00e1r\u00f3l nem is besz\u00e9lve\u2026<\/span><\/i><\/p>","protected":false},"excerpt":{"rendered":"<p>Nem v\u00e9letlen, hogy a kaka\u00f3vajas \u00e9s a sheavajas k\u00e9zkr\u00e9mek sz\u00e1m\u00edtanak a legjobbnak, amennyiben sz\u00e1raz a b\u0151r\u00fcnk, \u00e9s szeretn\u00e9nk azt megv\u00e9deni a k\u00f6rnyezet k\u00e1ros hat\u00e1sait\u00f3l. Az \u00e1ltalunk k\u00e9sz\u00edtett k\u00e9zkr\u00e9m a legmin\u0151s\u00e9gibb veg\u00e1n anyagokb\u00f3l megalkotva hidrat\u00e1lja a b\u0151r\u00f6d, amely rendk\u00edv\u00fcl fontos nem csak a t\u00e9li de a <strong>tavaszi b\u0151r\u00e1pol\u00e1s<\/strong> alatt is. Az <strong>\u00e9letm\u00f3dv\u00e1lt\u00e1s els\u0151 l\u00e9p\u00e9sei<\/strong> ott kezd\u0151dnek, hogy helyesen \u00e9tkezel, \u00e9s ott folytat\u00f3dnak, hogy eg\u00e9szs\u00e9ges, vegyszermentes, min\u0151s\u00e9gi term\u00e9kekkel t\u00e1pl\u00e1lod a b\u0151r\u00f6d! A megfelel\u0151 b\u0151rt\u00e1pl\u00e1l\u00e1s ugyan\u00fagy r\u00e9sze kell legyen az eg\u00e9szs\u00e9ges \u00e9letm\u00f3dunknak, mint a mozg\u00e1s vagy a tudatos \u00e9trend. A kaka\u00f3vaj \u00e9s <strong>a sheavaj hat\u00e1sa a b\u0151rre<\/strong> hosszan tart\u00f3, r\u00e1ad\u00e1sul rendk\u00edv\u00fcl finom illattal k\u00e9nyeztet. Ez a kr\u00e9m nem tapad, el\u00e9g kev\u00e9s is bel\u0151le, k\u00f6nnyen felsz\u00edv\u00f3dik, \u00e9s elf\u00e9r a kist\u00e1sk\u00e1dban, hogy napk\u00f6zben is b\u00e1rmikor \u00e1polhasd a kezeid.<\/p>","protected":false},"featured_media":10434,"template":"","meta":{"site-sidebar-layout":"default","site-content-layout":"default","ast-site-content-layout":"default","site-content-style":"default","site-sidebar-style":"default","ast-global-header-display":"","ast-banner-title-visibility":"","ast-main-header-display":"","ast-hfb-above-header-display":"","ast-hfb-below-header-display":"","ast-hfb-mobile-header-display":"","site-post-title":"","ast-breadcrumbs-content":"","ast-featured-img":"","footer-sml-layout":"","theme-transparent-header-meta":"default","adv-header-id-meta":"","stick-header-meta":"","header-above-stick-meta":"","header-main-stick-meta":"","header-below-stick-meta":"","astra-migrate-meta-layouts":"set","ast-page-background-enabled":"default","ast-page-background-meta":{"desktop":{"background-color":"","background-image":"","background-repeat":"repeat","background-position":"center center","background-size":"auto","background-attachment":"scroll","background-type":"","background-media":"","overlay-type":"","overlay-color":"","overlay-opacity":"","overlay-gradient":""},"tablet":{"background-color":"","background-image":"","background-repeat":"repeat","background-position":"center center","background-size":"auto","background-attachment":"scroll","background-type":"","background-media":"","overlay-type":"","overlay-color":"","overlay-opacity":"","overlay-gradient":""},"mobile":{"background-color":"","background-image":"","background-repeat":"repeat","background-position":"center center","background-size":"auto","background-attachment":"scroll","background-type":"","background-media":"","overlay-type":"","overlay-color":"","overlay-opacity":"","overlay-gradient":""}},"ast-content-background-meta":{"desktop":{"background-color":"var(--ast-global-color-5)","background-image":"","background-repeat":"repeat","background-position":"center center","background-size":"auto","background-attachment":"scroll","background-type":"","background-media":"","overlay-type":"","overlay-color":"","overlay-opacity":"","overlay-gradient":""},"tablet":{"background-color":"var(--ast-global-color-5)","background-image":"","background-repeat":"repeat","background-position":"center center","background-size":"auto","background-attachment":"scroll","background-type":"","background-media":"","overlay-type":"","overlay-color":"","overlay-opacity":"","overlay-gradient":""},"mobile":{"background-color":"var(--ast-global-color-5)","background-image":"","background-repeat":"repeat","background-position":"center center","background-size":"auto","background-attachment":"scroll","background-type":"","background-media":"","overlay-type":"","overlay-color":"","overlay-opacity":"","overlay-gradient":""}}},"product_brand":[],"product_cat":[199],"product_tag":[120,139],"class_list":{"0":"post-7304","1":"product","2":"type-product","3":"status-publish","4":"has-post-thumbnail","6":"product_cat-kezapolas","7":"product_tag-fenntarthato","8":"product_tag-naturkozmetikum","9":"desktop-align-left","10":"tablet-align-left","11":"mobile-align-left","13":"first","14":"instock","15":"shipping-taxable","16":"purchasable","17":"product-type-simple"},"supplier_id":null,"supplier_sku":"","barcode":null,"atum_controlled":true,"out_stock_date":null,"out_stock_threshold":null,"inheritable":false,"inbound_stock":0,"stock_on_hold":0,"sold_today":0,"sales_last_days":0,"reserved_stock":0,"customer_returns":0,"warehouse_damage":0,"lost_in_post":0,"other_logs":0,"out_stock_days":0,"lost_sales":0,"has_location":true,"update_date":"2026-05-13T21:19:54","atum_locations":[{"id":181,"name":"1185 Budapest G\u00f6mbak\u00e1c utca 39.","slug":"1185-budapest-gombakac-utca-39"}],"atum_stock_status":"instock","restock_status":false,"low_stock_amount":3,"sales_update_date":"2026-05-13T21:19:54","calc_backorders":null,"_links":{"self":[{"href":"https:\/\/hartaum.hu\/en\/wp-json\/wp\/v2\/product\/7304","targetHints":{"allow":["GET"]}}],"collection":[{"href":"https:\/\/hartaum.hu\/en\/wp-json\/wp\/v2\/product"}],"about":[{"href":"https:\/\/hartaum.hu\/en\/wp-json\/wp\/v2\/types\/product"}],"wp:featuredmedia":[{"embeddable":true,"href":"https:\/\/hartaum.hu\/en\/wp-json\/wp\/v2\/media\/10434"}],"wp:attachment":[{"href":"https:\/\/hartaum.hu\/en\/wp-json\/wp\/v2\/media?parent=7304"}],"wp:term":[{"taxonomy":"product_brand","embeddable":true,"href":"https:\/\/hartaum.hu\/en\/wp-json\/wp\/v2\/product_brand?post=7304"},{"taxonomy":"product_cat","embeddable":true,"href":"https:\/\/hartaum.hu\/en\/wp-json\/wp\/v2\/product_cat?post=7304"},{"taxonomy":"product_tag","embeddable":true,"href":"https:\/\/hartaum.hu\/en\/wp-json\/wp\/v2\/product_tag?post=7304"}],"curies":[{"name":"wp","href":"https:\/\/api.w.org\/{rel}","templated":true}]}}